{"id":31528,"date":"2023-10-10T15:34:38","date_gmt":"2023-10-10T13:34:38","guid":{"rendered":"https:\/\/voyagedelabaleine.fr\/product\/body-neonato-con-scollo-rotondo-testurizzato-e-bordo-blu-bianco\/"},"modified":"2026-01-14T23:25:12","modified_gmt":"2026-01-14T22:25:12","slug":"body-neonato-con-scollo-rotondo-testurizzato-e-bordo-blu-bianco","status":"publish","type":"product","link":"https:\/\/voyagedelabaleine.fr\/it\/prodotto\/body-neonato-con-scollo-rotondo-testurizzato-e-bordo-blu-bianco\/","title":{"rendered":"Body neonato con scollo rotondo testurizzato e bordo blu &#8211; Bianco"},"content":{"rendered":"<p>Aggiungi un tocco di eleganza al guardaroba del tuo piccolo con questo <strong>body neonato con scollo rotondo testurizzato<\/strong> e <strong>bordo azzurro<\/strong>. Questo <strong>body neonato unisex<\/strong> a maniche lunghe si distingue per il suo colore bianco brillante e il suo design raffinato, con uno scollo rotondo testurizzato sottilmente rifinito da un bordo azzurro, aggiungendo cos\u00ec una <strong>nota di sofisticazione<\/strong> a questo capo essenziale. Questo body, tanto pratico quanto stiloso, offre al tuo bambino un comfort ottimale pur mantenendo un look elegante e senza tempo.  <\/p>\n<p>Realizzato con cura in <strong>Spagna<\/strong>, questo grazioso body incarna il connubio perfetto tra <strong>raffinatezza e qualit\u00e0<\/strong>. La <strong>delicata texture<\/strong> del colletto, unita alla morbidezza del cotone, rende questo body un capo unico che si distingue dagli altri vestiti per neonati. Le maniche lunghe offrono un piacevole calore per le giornate pi\u00f9 fresche, pur consentendo una grande libert\u00e0 di movimento, essenziale per il comfort del tuo bambino. Questo body, ideale per <strong>neonati e neonate<\/strong>, si adatta a tutte le occasioni e pu\u00f2 essere facilmente abbinato ad altri capi del guardaroba.   <\/p>\n<p>Il design pulito e le finiture curate testimoniano il <strong>saper fare spagnolo<\/strong>, garantendo un&#8217; <strong>estetica impeccabile<\/strong> e una <strong>durata eccezionale<\/strong>. Questo body unisex non \u00e8 solo un capo indispensabile per gli outfit quotidiani del tuo bambino, ma anche un&#8217;ottima scelta per <strong>regali di nascita<\/strong> eleganti. La sua raffinata semplicit\u00e0 lo rende un&#8217;opzione versatile per diverse occasioni, che si tratti di un&#8217;uscita in famiglia o di una giornata all&#8217;asilo nido.  <\/p>\n<p>Regala al tuo piccolo tesoro un capo d&#8217;eccezione con questo body neonato con <strong>scollo rotondo testurizzato<\/strong> e <strong>bordo azzurro<\/strong>. Realizzato con amore in <strong>Spagna<\/strong>, questo body diventer\u00e0 rapidamente un pezzo forte del suo guardaroba, unendo comfort ed <strong>eleganza senza tempo<\/strong>. Aggiungi subito questo body irrinunciabile al tuo carrello e regala al tuo bambino il lusso del <strong>made in Spain<\/strong>.  <\/p>\n<p><em>Questo body \u00e8 disponibile con scollo rotondo testurizzato bordato da un <a href=\"https:\/\/voyagedelabaleine.fr\/it\/product\/body-neonato-a-collo-rotondo-testurizzato-bianco\/\">bordo bianco<\/a> o bordato da un <a href=\"https:\/\/voyagedelabaleine.fr\/product\/body-col-rond-lisere-gris\/\">bordo grigio.<\/a><\/em><\/p>\n<p>Prodotto in Spagna.<\/p>\n","protected":false},"excerpt":{"rendered":"<ul>\n<li>Maniche lunghe<\/li>\n<li>Scollo rotondo testurizzato bordato da un bordo blu<\/li>\n<li>Chiusura con bottoni a pressione sul retro<\/li>\n<li>Bottoni a pressione all&#8217;inguine<\/li>\n<li>100% cotone<\/li>\n<li>Fabbricato in Spagna<br \/>\n<em>Questo body veste normalmente. Scegli la tua taglia abituale.<\/em><\/li>\n<\/ul>\n","protected":false},"featured_media":16518,"comment_status":"open","ping_status":"closed","template":"","meta":{"ocean_post_layout":"","ocean_both_sidebars_style":"","ocean_both_sidebars_content_width":0,"ocean_both_sidebars_sidebars_width":0,"ocean_sidebar":"0","ocean_second_sidebar":"0","ocean_disable_margins":"enable","ocean_add_body_class":"","ocean_shortcode_before_top_bar":"","ocean_shortcode_after_top_bar":"","ocean_shortcode_before_header":"","ocean_shortcode_after_header":"","ocean_has_shortcode":"","ocean_shortcode_after_title":"","ocean_shortcode_before_footer_widgets":"","ocean_shortcode_after_footer_widgets":"","ocean_shortcode_before_footer_bottom":"","ocean_shortcode_after_footer_bottom":"","ocean_display_top_bar":"default","ocean_display_header":"default","ocean_header_style":"","ocean_center_header_left_menu":"0","ocean_custom_header_template":"0","ocean_custom_logo":0,"ocean_custom_retina_logo":0,"ocean_custom_logo_max_width":0,"ocean_custom_logo_tablet_max_width":0,"ocean_custom_logo_mobile_max_width":0,"ocean_custom_logo_max_height":0,"ocean_custom_logo_tablet_max_height":0,"ocean_custom_logo_mobile_max_height":0,"ocean_header_custom_menu":"0","ocean_menu_typo_font_family":"0","ocean_menu_typo_font_subset":"","ocean_menu_typo_font_size":0,"ocean_menu_typo_font_size_tablet":0,"ocean_menu_typo_font_size_mobile":0,"ocean_menu_typo_font_size_unit":"px","ocean_menu_typo_font_weight":"","ocean_menu_typo_font_weight_tablet":"","ocean_menu_typo_font_weight_mobile":"","ocean_menu_typo_transform":"","ocean_menu_typo_transform_tablet":"","ocean_menu_typo_transform_mobile":"","ocean_menu_typo_line_height":0,"ocean_menu_typo_line_height_tablet":0,"ocean_menu_typo_line_height_mobile":0,"ocean_menu_typo_line_height_unit":"","ocean_menu_typo_spacing":0,"ocean_menu_typo_spacing_tablet":0,"ocean_menu_typo_spacing_mobile":0,"ocean_menu_typo_spacing_unit":"","ocean_menu_link_color":"","ocean_menu_link_color_hover":"","ocean_menu_link_color_active":"","ocean_menu_link_background":"","ocean_menu_link_hover_background":"","ocean_menu_link_active_background":"","ocean_menu_social_links_bg":"","ocean_menu_social_hover_links_bg":"","ocean_menu_social_links_color":"","ocean_menu_social_hover_links_color":"","ocean_disable_title":"default","ocean_disable_heading":"default","ocean_post_title":"","ocean_post_subheading":"","ocean_post_title_style":"","ocean_post_title_background_color":"","ocean_post_title_background":0,"ocean_post_title_bg_image_position":"","ocean_post_title_bg_image_attachment":"","ocean_post_title_bg_image_repeat":"","ocean_post_title_bg_image_size":"","ocean_post_title_height":0,"ocean_post_title_bg_overlay":0.5,"ocean_post_title_bg_overlay_color":"","ocean_disable_breadcrumbs":"default","ocean_breadcrumbs_color":"","ocean_breadcrumbs_separator_color":"","ocean_breadcrumbs_links_color":"","ocean_breadcrumbs_links_hover_color":"","ocean_display_footer_widgets":"default","ocean_display_footer_bottom":"default","ocean_custom_footer_template":"0","osh_disable_topbar_sticky":"default","osh_disable_header_sticky":"default","osh_sticky_header_style":"default","osh_sticky_header_effect":"","osh_custom_sticky_logo":0,"osh_custom_retina_sticky_logo":0,"osh_custom_sticky_logo_height":0,"osh_background_color":"","osh_links_color":"","osh_links_hover_color":"","osh_links_active_color":"","osh_links_bg_color":"","osh_links_hover_bg_color":"","osh_links_active_bg_color":"","osh_menu_social_links_color":"","osh_menu_social_hover_links_color":""},"product_brand":[],"product_cat":[6806,6960,6976,6998,6812,6824,6850],"product_tag":[],"class_list":{"0":"post-31528","1":"product","2":"type-product","3":"status-publish","4":"has-post-thumbnail","6":"product_cat-body","7":"product_cat-body-nascita","8":"product_cat-body-nascita-ragazza","9":"product_cat-body-nascita-ragazzo","10":"product_cat-body-neonati","11":"product_cat-body-neonata","12":"product_cat-body-neonato","14":"entry","15":"has-media","17":"first","18":"instock","19":"taxable","20":"shipping-taxable","21":"purchasable","22":"product-type-variable","23":"has-default-attributes","24":"has-rating","25":"col","26":"span_1_of_3","27":"owp-content-center","28":"owp-thumbs-layout-vertical","29":"owp-btn-big","30":"owp-tabs-layout-vertical","31":"circle-sale"},"yoast_head":"<!-- This site is optimized with the Yoast SEO plugin v27.1.1 - https:\/\/yoast.com\/product\/yoast-seo-wordpress\/ -->\n<title>Body neonato con scollo rotondo testurizzato e bordo blu<\/title>\n<meta name=\"description\" content=\"Un body neonato unisex a maniche lunghe bianco e con scollo rotondo testurizzato con bordo azzurro per perfezionare il lato raffinato di questo body. Prodotto in Spagna.\" \/>\n<meta name=\"robots\" content=\"index, follow, max-snippet:-1, max-image-preview:large, max-video-preview:-1\" \/>\n<link rel=\"canonical\" href=\"https:\/\/voyagedelabaleine.fr\/it\/prodotto\/body-neonato-con-scollo-rotondo-testurizzato-e-bordo-blu-bianco\/\" \/>\n<meta property=\"og:locale\" content=\"it_IT\" \/>\n<meta property=\"og:type\" content=\"article\" \/>\n<meta property=\"og:title\" content=\"Body neonato con scollo rotondo testurizzato e bordo blu\" \/>\n<meta property=\"og:description\" content=\"Un body neonato unisex a maniche lunghe bianco e con scollo rotondo testurizzato con bordo azzurro per perfezionare il lato raffinato di questo body. Prodotto in Spagna.\" \/>\n<meta property=\"og:url\" content=\"https:\/\/voyagedelabaleine.fr\/it\/prodotto\/body-neonato-con-scollo-rotondo-testurizzato-e-bordo-blu-bianco\/\" \/>\n<meta property=\"og:site_name\" content=\"Voyage de la Baleine\" \/>\n<meta property=\"article:publisher\" content=\"https:\/\/www.facebook.com\/voyagedelabaleine\/\" \/>\n<meta property=\"article:modified_time\" content=\"2026-01-14T22:25:12+00:00\" \/>\n<meta property=\"og:image\" content=\"https:\/\/voyagedelabaleine.fr\/wp-content\/uploads\/2023\/10\/body-bebe-col-texture-bleu.jpg\" \/>\n\t<meta property=\"og:image:width\" content=\"855\" \/>\n\t<meta property=\"og:image:height\" content=\"1140\" \/>\n\t<meta property=\"og:image:type\" content=\"image\/jpeg\" \/>\n<meta name=\"twitter:card\" content=\"summary_large_image\" \/>\n<meta name=\"twitter:label1\" content=\"Tempo di lettura stimato\" \/>\n\t<meta name=\"twitter:data1\" content=\"2 minuto\" \/>\n<script type=\"application\/ld+json\" class=\"yoast-schema-graph\">{\"@context\":\"https:\/\/schema.org\",\"@graph\":[{\"@type\":\"WebPage\",\"@id\":\"https:\/\/voyagedelabaleine.fr\/it\/prodotto\/body-neonato-con-scollo-rotondo-testurizzato-e-bordo-blu-bianco\/\",\"url\":\"https:\/\/voyagedelabaleine.fr\/it\/prodotto\/body-neonato-con-scollo-rotondo-testurizzato-e-bordo-blu-bianco\/\",\"name\":\"Body neonato con scollo rotondo testurizzato e bordo blu\",\"isPartOf\":{\"@id\":\"https:\/\/voyagedelabaleine.fr\/it\/#website\"},\"primaryImageOfPage\":{\"@id\":\"https:\/\/voyagedelabaleine.fr\/it\/prodotto\/body-neonato-con-scollo-rotondo-testurizzato-e-bordo-blu-bianco\/#primaryimage\"},\"image\":{\"@id\":\"https:\/\/voyagedelabaleine.fr\/it\/prodotto\/body-neonato-con-scollo-rotondo-testurizzato-e-bordo-blu-bianco\/#primaryimage\"},\"thumbnailUrl\":\"https:\/\/voyagedelabaleine.fr\/wp-content\/uploads\/2023\/10\/body-bebe-col-texture-bleu.jpg\",\"datePublished\":\"2023-10-10T13:34:38+00:00\",\"dateModified\":\"2026-01-14T22:25:12+00:00\",\"description\":\"Un body neonato unisex a maniche lunghe bianco e con scollo rotondo testurizzato con bordo azzurro per perfezionare il lato raffinato di questo body. Prodotto in Spagna.\",\"breadcrumb\":{\"@id\":\"https:\/\/voyagedelabaleine.fr\/it\/prodotto\/body-neonato-con-scollo-rotondo-testurizzato-e-bordo-blu-bianco\/#breadcrumb\"},\"inLanguage\":\"it-IT\",\"potentialAction\":[{\"@type\":\"ReadAction\",\"target\":[\"https:\/\/voyagedelabaleine.fr\/it\/prodotto\/body-neonato-con-scollo-rotondo-testurizzato-e-bordo-blu-bianco\/\"]}]},{\"@type\":\"ImageObject\",\"inLanguage\":\"it-IT\",\"@id\":\"https:\/\/voyagedelabaleine.fr\/it\/prodotto\/body-neonato-con-scollo-rotondo-testurizzato-e-bordo-blu-bianco\/#primaryimage\",\"url\":\"https:\/\/voyagedelabaleine.fr\/wp-content\/uploads\/2023\/10\/body-bebe-col-texture-bleu.jpg\",\"contentUrl\":\"https:\/\/voyagedelabaleine.fr\/wp-content\/uploads\/2023\/10\/body-bebe-col-texture-bleu.jpg\",\"width\":855,\"height\":1140,\"caption\":\"Body b\u00e9b\u00e9 manches longues \u00e0 col rond textur\u00e9 et liser\u00e9 bleu ciel\"},{\"@type\":\"BreadcrumbList\",\"@id\":\"https:\/\/voyagedelabaleine.fr\/it\/prodotto\/body-neonato-con-scollo-rotondo-testurizzato-e-bordo-blu-bianco\/#breadcrumb\",\"itemListElement\":[{\"@type\":\"ListItem\",\"position\":1,\"name\":\"Accueil\",\"item\":\"https:\/\/voyagedelabaleine.fr\/it\/homepage\/\"},{\"@type\":\"ListItem\",\"position\":2,\"name\":\"Tutta la collezione\",\"item\":\"https:\/\/voyagedelabaleine.fr\/it\/tutta-la-collezione\/\"},{\"@type\":\"ListItem\",\"position\":3,\"name\":\"Body neonato con scollo rotondo testurizzato e bordo blu &#8211; Bianco\"}]},{\"@type\":\"WebSite\",\"@id\":\"https:\/\/voyagedelabaleine.fr\/it\/#website\",\"url\":\"https:\/\/voyagedelabaleine.fr\/it\/\",\"name\":\"Voyage de la Baleine\",\"description\":\"V\u00eatements intemporels et raffin\u00e9s pour b\u00e9b\u00e9s et enfants\",\"publisher\":{\"@id\":\"https:\/\/voyagedelabaleine.fr\/it\/#organization\"},\"potentialAction\":[{\"@type\":\"SearchAction\",\"target\":{\"@type\":\"EntryPoint\",\"urlTemplate\":\"https:\/\/voyagedelabaleine.fr\/it\/?s={search_term_string}\"},\"query-input\":{\"@type\":\"PropertyValueSpecification\",\"valueRequired\":true,\"valueName\":\"search_term_string\"}}],\"inLanguage\":\"it-IT\"},{\"@type\":\"Organization\",\"@id\":\"https:\/\/voyagedelabaleine.fr\/it\/#organization\",\"name\":\"Voyage de la Baleine\",\"url\":\"https:\/\/voyagedelabaleine.fr\/it\/\",\"logo\":{\"@type\":\"ImageObject\",\"inLanguage\":\"it-IT\",\"@id\":\"https:\/\/voyagedelabaleine.fr\/it\/#\/schema\/logo\/image\/\",\"url\":\"https:\/\/voyagedelabaleine.fr\/wp-content\/uploads\/2025\/06\/logo.webp\",\"contentUrl\":\"https:\/\/voyagedelabaleine.fr\/wp-content\/uploads\/2025\/06\/logo.webp\",\"width\":153,\"height\":64,\"caption\":\"Voyage de la Baleine\"},\"image\":{\"@id\":\"https:\/\/voyagedelabaleine.fr\/it\/#\/schema\/logo\/image\/\"},\"sameAs\":[\"https:\/\/www.facebook.com\/voyagedelabaleine\/\",\"https:\/\/www.instagram.com\/voyagedelabaleine\/\",\"https:\/\/www.pinterest.fr\/Voyagedelabaleine\/\"]}]}<\/script>\n<!-- \/ Yoast SEO plugin. -->","yoast_head_json":{"title":"Body neonato con scollo rotondo testurizzato e bordo blu","description":"Un body neonato unisex a maniche lunghe bianco e con scollo rotondo testurizzato con bordo azzurro per perfezionare il lato raffinato di questo body. Prodotto in Spagna.","robots":{"index":"index","follow":"follow","max-snippet":"max-snippet:-1","max-image-preview":"max-image-preview:large","max-video-preview":"max-video-preview:-1"},"canonical":"https:\/\/voyagedelabaleine.fr\/it\/prodotto\/body-neonato-con-scollo-rotondo-testurizzato-e-bordo-blu-bianco\/","og_locale":"it_IT","og_type":"article","og_title":"Body neonato con scollo rotondo testurizzato e bordo blu","og_description":"Un body neonato unisex a maniche lunghe bianco e con scollo rotondo testurizzato con bordo azzurro per perfezionare il lato raffinato di questo body. Prodotto in Spagna.","og_url":"https:\/\/voyagedelabaleine.fr\/it\/prodotto\/body-neonato-con-scollo-rotondo-testurizzato-e-bordo-blu-bianco\/","og_site_name":"Voyage de la Baleine","article_publisher":"https:\/\/www.facebook.com\/voyagedelabaleine\/","article_modified_time":"2026-01-14T22:25:12+00:00","og_image":[{"width":855,"height":1140,"url":"https:\/\/voyagedelabaleine.fr\/wp-content\/uploads\/2023\/10\/body-bebe-col-texture-bleu.jpg","type":"image\/jpeg"}],"twitter_card":"summary_large_image","twitter_misc":{"Tempo di lettura stimato":"2 minuto"},"schema":{"@context":"https:\/\/schema.org","@graph":[{"@type":"WebPage","@id":"https:\/\/voyagedelabaleine.fr\/it\/prodotto\/body-neonato-con-scollo-rotondo-testurizzato-e-bordo-blu-bianco\/","url":"https:\/\/voyagedelabaleine.fr\/it\/prodotto\/body-neonato-con-scollo-rotondo-testurizzato-e-bordo-blu-bianco\/","name":"Body neonato con scollo rotondo testurizzato e bordo blu","isPartOf":{"@id":"https:\/\/voyagedelabaleine.fr\/it\/#website"},"primaryImageOfPage":{"@id":"https:\/\/voyagedelabaleine.fr\/it\/prodotto\/body-neonato-con-scollo-rotondo-testurizzato-e-bordo-blu-bianco\/#primaryimage"},"image":{"@id":"https:\/\/voyagedelabaleine.fr\/it\/prodotto\/body-neonato-con-scollo-rotondo-testurizzato-e-bordo-blu-bianco\/#primaryimage"},"thumbnailUrl":"https:\/\/voyagedelabaleine.fr\/wp-content\/uploads\/2023\/10\/body-bebe-col-texture-bleu.jpg","datePublished":"2023-10-10T13:34:38+00:00","dateModified":"2026-01-14T22:25:12+00:00","description":"Un body neonato unisex a maniche lunghe bianco e con scollo rotondo testurizzato con bordo azzurro per perfezionare il lato raffinato di questo body. Prodotto in Spagna.","breadcrumb":{"@id":"https:\/\/voyagedelabaleine.fr\/it\/prodotto\/body-neonato-con-scollo-rotondo-testurizzato-e-bordo-blu-bianco\/#breadcrumb"},"inLanguage":"it-IT","potentialAction":[{"@type":"ReadAction","target":["https:\/\/voyagedelabaleine.fr\/it\/prodotto\/body-neonato-con-scollo-rotondo-testurizzato-e-bordo-blu-bianco\/"]}]},{"@type":"ImageObject","inLanguage":"it-IT","@id":"https:\/\/voyagedelabaleine.fr\/it\/prodotto\/body-neonato-con-scollo-rotondo-testurizzato-e-bordo-blu-bianco\/#primaryimage","url":"https:\/\/voyagedelabaleine.fr\/wp-content\/uploads\/2023\/10\/body-bebe-col-texture-bleu.jpg","contentUrl":"https:\/\/voyagedelabaleine.fr\/wp-content\/uploads\/2023\/10\/body-bebe-col-texture-bleu.jpg","width":855,"height":1140,"caption":"Body b\u00e9b\u00e9 manches longues \u00e0 col rond textur\u00e9 et liser\u00e9 bleu ciel"},{"@type":"BreadcrumbList","@id":"https:\/\/voyagedelabaleine.fr\/it\/prodotto\/body-neonato-con-scollo-rotondo-testurizzato-e-bordo-blu-bianco\/#breadcrumb","itemListElement":[{"@type":"ListItem","position":1,"name":"Accueil","item":"https:\/\/voyagedelabaleine.fr\/it\/homepage\/"},{"@type":"ListItem","position":2,"name":"Tutta la collezione","item":"https:\/\/voyagedelabaleine.fr\/it\/tutta-la-collezione\/"},{"@type":"ListItem","position":3,"name":"Body neonato con scollo rotondo testurizzato e bordo blu &#8211; Bianco"}]},{"@type":"WebSite","@id":"https:\/\/voyagedelabaleine.fr\/it\/#website","url":"https:\/\/voyagedelabaleine.fr\/it\/","name":"Voyage de la Baleine","description":"V\u00eatements intemporels et raffin\u00e9s pour b\u00e9b\u00e9s et enfants","publisher":{"@id":"https:\/\/voyagedelabaleine.fr\/it\/#organization"},"potentialAction":[{"@type":"SearchAction","target":{"@type":"EntryPoint","urlTemplate":"https:\/\/voyagedelabaleine.fr\/it\/?s={search_term_string}"},"query-input":{"@type":"PropertyValueSpecification","valueRequired":true,"valueName":"search_term_string"}}],"inLanguage":"it-IT"},{"@type":"Organization","@id":"https:\/\/voyagedelabaleine.fr\/it\/#organization","name":"Voyage de la Baleine","url":"https:\/\/voyagedelabaleine.fr\/it\/","logo":{"@type":"ImageObject","inLanguage":"it-IT","@id":"https:\/\/voyagedelabaleine.fr\/it\/#\/schema\/logo\/image\/","url":"https:\/\/voyagedelabaleine.fr\/wp-content\/uploads\/2025\/06\/logo.webp","contentUrl":"https:\/\/voyagedelabaleine.fr\/wp-content\/uploads\/2025\/06\/logo.webp","width":153,"height":64,"caption":"Voyage de la Baleine"},"image":{"@id":"https:\/\/voyagedelabaleine.fr\/it\/#\/schema\/logo\/image\/"},"sameAs":["https:\/\/www.facebook.com\/voyagedelabaleine\/","https:\/\/www.instagram.com\/voyagedelabaleine\/","https:\/\/www.pinterest.fr\/Voyagedelabaleine\/"]}]}},"_links":{"self":[{"href":"https:\/\/voyagedelabaleine.fr\/it\/wp-json\/wp\/v2\/product\/31528","targetHints":{"allow":["GET"]}}],"collection":[{"href":"https:\/\/voyagedelabaleine.fr\/it\/wp-json\/wp\/v2\/product"}],"about":[{"href":"https:\/\/voyagedelabaleine.fr\/it\/wp-json\/wp\/v2\/types\/product"}],"replies":[{"embeddable":true,"href":"https:\/\/voyagedelabaleine.fr\/it\/wp-json\/wp\/v2\/comments?post=31528"}],"wp:featuredmedia":[{"embeddable":true,"href":"https:\/\/voyagedelabaleine.fr\/it\/wp-json\/wp\/v2\/media\/16518"}],"wp:attachment":[{"href":"https:\/\/voyagedelabaleine.fr\/it\/wp-json\/wp\/v2\/media?parent=31528"}],"wp:term":[{"taxonomy":"product_brand","embeddable":true,"href":"https:\/\/voyagedelabaleine.fr\/it\/wp-json\/wp\/v2\/product_brand?post=31528"},{"taxonomy":"product_cat","embeddable":true,"href":"https:\/\/voyagedelabaleine.fr\/it\/wp-json\/wp\/v2\/product_cat?post=31528"},{"taxonomy":"product_tag","embeddable":true,"href":"https:\/\/voyagedelabaleine.fr\/it\/wp-json\/wp\/v2\/product_tag?post=31528"}],"curies":[{"name":"wp","href":"https:\/\/api.w.org\/{rel}","templated":true}]}}