{"id":31665,"date":"2024-09-05T11:37:54","date_gmt":"2024-09-05T09:37:54","guid":{"rendered":"https:\/\/voyagedelabaleine.fr\/product\/bloomer-per-bambina-in-velluto-a-coste-bordeaux\/"},"modified":"2026-01-14T23:33:54","modified_gmt":"2026-01-14T22:33:54","slug":"bloomer-per-bambina-in-velluto-a-coste-bordeaux","status":"publish","type":"product","link":"https:\/\/voyagedelabaleine.fr\/it\/prodotto\/bloomer-per-bambina-in-velluto-a-coste-bordeaux\/","title":{"rendered":"Bloomer per bambina in velluto a coste &#8211; Bordeaux"},"content":{"rendered":"<p>Il nostro <strong>bloomer per neonata bordeaux a coste <\/strong>\u00e8 un capo irrinunciabile per aggiungere un tocco di stile e comfort agli outfit della tua bambina. Realizzato in un bellissimo tessuto bordeaux, questo bloomer si distingue per la sua texture morbida e leggermente a coste, offrendo un look moderno e senza tempo. \u00c8 perfetto da abbinare alla nostra <a href=\"https:\/\/voyagedelabaleine.fr\/it\/product\/blusa-bambina-a-quadri-bordeaux\/\">blusa a quadri bordeaux<\/a> o da indossare da solo con un semplice <a href=\"https:\/\/voyagedelabaleine.fr\/it\/categorie-produit\/neonati\/body-neonati\/\">body<\/a>, creando cos\u00ec un outfit chic e casual.  <\/p>\n<p>Questo bloomer \u00e8 pensato per offrire il massimo comfort alla tua bambina grazie alla sua <strong>vita elasticizzata<\/strong> e alle sue morbide finiture sulle cosce, che assicurano una tenuta perfetta senza mai stringere. Il <strong>taglio ampio<\/strong> permette grande libert\u00e0 di movimento, ideale per i primi passi, i giochi o i sonnellini. Il suo colore bordeaux si abbina perfettamente a un&#8217;ampia palette di colori, aggiungendo un tocco caldo ed elegante a ogni outfit. Il <strong>tessuto a coste<\/strong> dona una texture unica e un aspetto visivo raffinato, perfetto per le occasioni speciali o per dare stile ai momenti quotidiani.   <\/p>\n<p>Questo bloomer, realizzato con cura, non \u00e8 solo elegante ma anche <strong>resistente<\/strong>, capace di seguire la tua bambina in tutte le sue avventure. Pu\u00f2 essere facilmente abbinato alla blusa a quadri per un completo coordinato, o mixato con altri top per variare gli stili. <\/p>\n<p><em>Scegliendo questo bloomer per neonata bordeaux a coste, offri alla tua bambina un capo pratico e di tendenza, che unisce comfort ed eleganza per tutte le occasioni.<\/em><\/p>\n<p>Prodotto in Spagna.<\/p>\n","protected":false},"excerpt":{"rendered":"<ul>\n<li>Vita elasticizzata<\/li>\n<li>Velluto leggermente a coste<\/li>\n<li>Ideale abbinato alla nostra <a href=\"https:\/\/voyagedelabaleine.fr\/it\/product\/blusa-bambina-a-quadri-bordeaux\/\">blusa a quadri bordeaux<\/a><\/li>\n<li>98% cotone, 2% elastan<\/li>\n<li>Prodotto in Spagna<br \/>\n<em>Questo bloomer veste leggermente piccolo. Se sei indecisa tra due taglie, scegli la taglia superiore.<\/em><\/li>\n<\/ul>\n","protected":false},"featured_media":16658,"comment_status":"open","ping_status":"closed","template":"","meta":{"ocean_post_layout":"","ocean_both_sidebars_style":"","ocean_both_sidebars_content_width":0,"ocean_both_sidebars_sidebars_width":0,"ocean_sidebar":"0","ocean_second_sidebar":"0","ocean_disable_margins":"enable","ocean_add_body_class":"","ocean_shortcode_before_top_bar":"","ocean_shortcode_after_top_bar":"","ocean_shortcode_before_header":"","ocean_shortcode_after_header":"","ocean_has_shortcode":"","ocean_shortcode_after_title":"","ocean_shortcode_before_footer_widgets":"","ocean_shortcode_after_footer_widgets":"","ocean_shortcode_before_footer_bottom":"","ocean_shortcode_after_footer_bottom":"","ocean_display_top_bar":"default","ocean_display_header":"default","ocean_header_style":"","ocean_center_header_left_menu":"0","ocean_custom_header_template":"0","ocean_custom_logo":0,"ocean_custom_retina_logo":0,"ocean_custom_logo_max_width":0,"ocean_custom_logo_tablet_max_width":0,"ocean_custom_logo_mobile_max_width":0,"ocean_custom_logo_max_height":0,"ocean_custom_logo_tablet_max_height":0,"ocean_custom_logo_mobile_max_height":0,"ocean_header_custom_menu":"0","ocean_menu_typo_font_family":"0","ocean_menu_typo_font_subset":"","ocean_menu_typo_font_size":0,"ocean_menu_typo_font_size_tablet":0,"ocean_menu_typo_font_size_mobile":0,"ocean_menu_typo_font_size_unit":"px","ocean_menu_typo_font_weight":"","ocean_menu_typo_font_weight_tablet":"","ocean_menu_typo_font_weight_mobile":"","ocean_menu_typo_transform":"","ocean_menu_typo_transform_tablet":"","ocean_menu_typo_transform_mobile":"","ocean_menu_typo_line_height":0,"ocean_menu_typo_line_height_tablet":0,"ocean_menu_typo_line_height_mobile":0,"ocean_menu_typo_line_height_unit":"","ocean_menu_typo_spacing":0,"ocean_menu_typo_spacing_tablet":0,"ocean_menu_typo_spacing_mobile":0,"ocean_menu_typo_spacing_unit":"","ocean_menu_link_color":"","ocean_menu_link_color_hover":"","ocean_menu_link_color_active":"","ocean_menu_link_background":"","ocean_menu_link_hover_background":"","ocean_menu_link_active_background":"","ocean_menu_social_links_bg":"","ocean_menu_social_hover_links_bg":"","ocean_menu_social_links_color":"","ocean_menu_social_hover_links_color":"","ocean_disable_title":"default","ocean_disable_heading":"default","ocean_post_title":"","ocean_post_subheading":"","ocean_post_title_style":"","ocean_post_title_background_color":"","ocean_post_title_background":0,"ocean_post_title_bg_image_position":"","ocean_post_title_bg_image_attachment":"","ocean_post_title_bg_image_repeat":"","ocean_post_title_bg_image_size":"","ocean_post_title_height":0,"ocean_post_title_bg_overlay":0.5,"ocean_post_title_bg_overlay_color":"","ocean_disable_breadcrumbs":"default","ocean_breadcrumbs_color":"","ocean_breadcrumbs_separator_color":"","ocean_breadcrumbs_links_color":"","ocean_breadcrumbs_links_hover_color":"","ocean_display_footer_widgets":"default","ocean_display_footer_bottom":"default","ocean_custom_footer_template":"0","osh_disable_topbar_sticky":"default","osh_disable_header_sticky":"default","osh_sticky_header_style":"default","osh_sticky_header_effect":"","osh_custom_sticky_logo":0,"osh_custom_retina_sticky_logo":0,"osh_custom_sticky_logo_height":0,"osh_background_color":"","osh_links_color":"","osh_links_hover_color":"","osh_links_active_color":"","osh_links_bg_color":"","osh_links_hover_bg_color":"","osh_links_active_bg_color":"","osh_menu_social_links_color":"","osh_menu_social_hover_links_color":""},"product_brand":[],"product_cat":[7030,7014,6972,6823,6874],"product_tag":[],"class_list":{"0":"post-31665","1":"product","2":"type-product","3":"status-publish","4":"has-post-thumbnail","6":"product_cat-abbigliamento","7":"product_cat-bloomer-short-pantaloni-nascita","8":"product_cat-bloomer-short-pantaloni-nascita-ragazza","9":"product_cat-bloomer-short-pantaloni-neonata","10":"product_cat-bloomer-short-pantaloni-neonati","12":"entry","13":"has-media","15":"first","16":"instock","17":"taxable","18":"shipping-taxable","19":"purchasable","20":"product-type-variable","21":"has-default-attributes","22":"has-rating","23":"col","24":"span_1_of_3","25":"owp-content-center","26":"owp-thumbs-layout-vertical","27":"owp-btn-big","28":"owp-tabs-layout-vertical","29":"circle-sale"},"yoast_head":"<!-- This site is optimized with the Yoast SEO plugin v27.1.1 - https:\/\/yoast.com\/product\/yoast-seo-wordpress\/ -->\n<title>Bloomer per neonata bordeaux a coste<\/title>\n<meta name=\"description\" content=\"Questo bloomer per neonata bordeaux a coste si distingue per la sua texture morbida e leggermente a coste, offrendo un look moderno e senza tempo.\" \/>\n<meta name=\"robots\" content=\"index, follow, max-snippet:-1, max-image-preview:large, max-video-preview:-1\" \/>\n<link rel=\"canonical\" href=\"https:\/\/voyagedelabaleine.fr\/it\/prodotto\/bloomer-per-bambina-in-velluto-a-coste-bordeaux\/\" \/>\n<meta property=\"og:locale\" content=\"it_IT\" \/>\n<meta property=\"og:type\" content=\"article\" \/>\n<meta property=\"og:title\" content=\"Bloomer per neonata bordeaux a coste\" \/>\n<meta property=\"og:description\" content=\"Questo bloomer per neonata bordeaux a coste si distingue per la sua texture morbida e leggermente a coste, offrendo un look moderno e senza tempo.\" \/>\n<meta property=\"og:url\" content=\"https:\/\/voyagedelabaleine.fr\/it\/prodotto\/bloomer-per-bambina-in-velluto-a-coste-bordeaux\/\" \/>\n<meta property=\"og:site_name\" content=\"Voyage de la Baleine\" \/>\n<meta property=\"article:publisher\" content=\"https:\/\/www.facebook.com\/voyagedelabaleine\/\" \/>\n<meta property=\"article:modified_time\" content=\"2026-01-14T22:33:54+00:00\" \/>\n<meta property=\"og:image\" content=\"https:\/\/voyagedelabaleine.fr\/wp-content\/uploads\/2024\/09\/bloomer-velours-bordeaux-1.jpg\" \/>\n\t<meta property=\"og:image:width\" content=\"1500\" \/>\n\t<meta property=\"og:image:height\" content=\"2000\" \/>\n\t<meta property=\"og:image:type\" content=\"image\/jpeg\" \/>\n<meta name=\"twitter:card\" content=\"summary_large_image\" \/>\n<meta name=\"twitter:label1\" content=\"Tempo di lettura stimato\" \/>\n\t<meta name=\"twitter:data1\" content=\"1 minuto\" \/>\n<script type=\"application\/ld+json\" class=\"yoast-schema-graph\">{\"@context\":\"https:\/\/schema.org\",\"@graph\":[{\"@type\":\"WebPage\",\"@id\":\"https:\/\/voyagedelabaleine.fr\/it\/prodotto\/bloomer-per-bambina-in-velluto-a-coste-bordeaux\/\",\"url\":\"https:\/\/voyagedelabaleine.fr\/it\/prodotto\/bloomer-per-bambina-in-velluto-a-coste-bordeaux\/\",\"name\":\"Bloomer per neonata bordeaux a coste\",\"isPartOf\":{\"@id\":\"https:\/\/voyagedelabaleine.fr\/it\/#website\"},\"primaryImageOfPage\":{\"@id\":\"https:\/\/voyagedelabaleine.fr\/it\/prodotto\/bloomer-per-bambina-in-velluto-a-coste-bordeaux\/#primaryimage\"},\"image\":{\"@id\":\"https:\/\/voyagedelabaleine.fr\/it\/prodotto\/bloomer-per-bambina-in-velluto-a-coste-bordeaux\/#primaryimage\"},\"thumbnailUrl\":\"https:\/\/voyagedelabaleine.fr\/wp-content\/uploads\/2024\/09\/bloomer-velours-bordeaux-1.jpg\",\"datePublished\":\"2024-09-05T09:37:54+00:00\",\"dateModified\":\"2026-01-14T22:33:54+00:00\",\"description\":\"Questo bloomer per neonata bordeaux a coste si distingue per la sua texture morbida e leggermente a coste, offrendo un look moderno e senza tempo.\",\"breadcrumb\":{\"@id\":\"https:\/\/voyagedelabaleine.fr\/it\/prodotto\/bloomer-per-bambina-in-velluto-a-coste-bordeaux\/#breadcrumb\"},\"inLanguage\":\"it-IT\",\"potentialAction\":[{\"@type\":\"ReadAction\",\"target\":[\"https:\/\/voyagedelabaleine.fr\/it\/prodotto\/bloomer-per-bambina-in-velluto-a-coste-bordeaux\/\"]}]},{\"@type\":\"ImageObject\",\"inLanguage\":\"it-IT\",\"@id\":\"https:\/\/voyagedelabaleine.fr\/it\/prodotto\/bloomer-per-bambina-in-velluto-a-coste-bordeaux\/#primaryimage\",\"url\":\"https:\/\/voyagedelabaleine.fr\/wp-content\/uploads\/2024\/09\/bloomer-velours-bordeaux-1.jpg\",\"contentUrl\":\"https:\/\/voyagedelabaleine.fr\/wp-content\/uploads\/2024\/09\/bloomer-velours-bordeaux-1.jpg\",\"width\":1500,\"height\":2000,\"caption\":\"Bloomer b\u00e9b\u00e9 bordeaux en velours c\u00f4tel\u00e9\"},{\"@type\":\"BreadcrumbList\",\"@id\":\"https:\/\/voyagedelabaleine.fr\/it\/prodotto\/bloomer-per-bambina-in-velluto-a-coste-bordeaux\/#breadcrumb\",\"itemListElement\":[{\"@type\":\"ListItem\",\"position\":1,\"name\":\"Accueil\",\"item\":\"https:\/\/voyagedelabaleine.fr\/it\/homepage\/\"},{\"@type\":\"ListItem\",\"position\":2,\"name\":\"Tutta la collezione\",\"item\":\"https:\/\/voyagedelabaleine.fr\/it\/tutta-la-collezione\/\"},{\"@type\":\"ListItem\",\"position\":3,\"name\":\"Bloomer per bambina in velluto a coste &#8211; Bordeaux\"}]},{\"@type\":\"WebSite\",\"@id\":\"https:\/\/voyagedelabaleine.fr\/it\/#website\",\"url\":\"https:\/\/voyagedelabaleine.fr\/it\/\",\"name\":\"Voyage de la Baleine\",\"description\":\"V\u00eatements intemporels et raffin\u00e9s pour b\u00e9b\u00e9s et enfants\",\"publisher\":{\"@id\":\"https:\/\/voyagedelabaleine.fr\/it\/#organization\"},\"potentialAction\":[{\"@type\":\"SearchAction\",\"target\":{\"@type\":\"EntryPoint\",\"urlTemplate\":\"https:\/\/voyagedelabaleine.fr\/it\/?s={search_term_string}\"},\"query-input\":{\"@type\":\"PropertyValueSpecification\",\"valueRequired\":true,\"valueName\":\"search_term_string\"}}],\"inLanguage\":\"it-IT\"},{\"@type\":\"Organization\",\"@id\":\"https:\/\/voyagedelabaleine.fr\/it\/#organization\",\"name\":\"Voyage de la Baleine\",\"url\":\"https:\/\/voyagedelabaleine.fr\/it\/\",\"logo\":{\"@type\":\"ImageObject\",\"inLanguage\":\"it-IT\",\"@id\":\"https:\/\/voyagedelabaleine.fr\/it\/#\/schema\/logo\/image\/\",\"url\":\"https:\/\/voyagedelabaleine.fr\/wp-content\/uploads\/2025\/06\/logo.webp\",\"contentUrl\":\"https:\/\/voyagedelabaleine.fr\/wp-content\/uploads\/2025\/06\/logo.webp\",\"width\":153,\"height\":64,\"caption\":\"Voyage de la Baleine\"},\"image\":{\"@id\":\"https:\/\/voyagedelabaleine.fr\/it\/#\/schema\/logo\/image\/\"},\"sameAs\":[\"https:\/\/www.facebook.com\/voyagedelabaleine\/\",\"https:\/\/www.instagram.com\/voyagedelabaleine\/\",\"https:\/\/www.pinterest.fr\/Voyagedelabaleine\/\"]}]}<\/script>\n<!-- \/ Yoast SEO plugin. -->","yoast_head_json":{"title":"Bloomer per neonata bordeaux a coste","description":"Questo bloomer per neonata bordeaux a coste si distingue per la sua texture morbida e leggermente a coste, offrendo un look moderno e senza tempo.","robots":{"index":"index","follow":"follow","max-snippet":"max-snippet:-1","max-image-preview":"max-image-preview:large","max-video-preview":"max-video-preview:-1"},"canonical":"https:\/\/voyagedelabaleine.fr\/it\/prodotto\/bloomer-per-bambina-in-velluto-a-coste-bordeaux\/","og_locale":"it_IT","og_type":"article","og_title":"Bloomer per neonata bordeaux a coste","og_description":"Questo bloomer per neonata bordeaux a coste si distingue per la sua texture morbida e leggermente a coste, offrendo un look moderno e senza tempo.","og_url":"https:\/\/voyagedelabaleine.fr\/it\/prodotto\/bloomer-per-bambina-in-velluto-a-coste-bordeaux\/","og_site_name":"Voyage de la Baleine","article_publisher":"https:\/\/www.facebook.com\/voyagedelabaleine\/","article_modified_time":"2026-01-14T22:33:54+00:00","og_image":[{"width":1500,"height":2000,"url":"https:\/\/voyagedelabaleine.fr\/wp-content\/uploads\/2024\/09\/bloomer-velours-bordeaux-1.jpg","type":"image\/jpeg"}],"twitter_card":"summary_large_image","twitter_misc":{"Tempo di lettura stimato":"1 minuto"},"schema":{"@context":"https:\/\/schema.org","@graph":[{"@type":"WebPage","@id":"https:\/\/voyagedelabaleine.fr\/it\/prodotto\/bloomer-per-bambina-in-velluto-a-coste-bordeaux\/","url":"https:\/\/voyagedelabaleine.fr\/it\/prodotto\/bloomer-per-bambina-in-velluto-a-coste-bordeaux\/","name":"Bloomer per neonata bordeaux a coste","isPartOf":{"@id":"https:\/\/voyagedelabaleine.fr\/it\/#website"},"primaryImageOfPage":{"@id":"https:\/\/voyagedelabaleine.fr\/it\/prodotto\/bloomer-per-bambina-in-velluto-a-coste-bordeaux\/#primaryimage"},"image":{"@id":"https:\/\/voyagedelabaleine.fr\/it\/prodotto\/bloomer-per-bambina-in-velluto-a-coste-bordeaux\/#primaryimage"},"thumbnailUrl":"https:\/\/voyagedelabaleine.fr\/wp-content\/uploads\/2024\/09\/bloomer-velours-bordeaux-1.jpg","datePublished":"2024-09-05T09:37:54+00:00","dateModified":"2026-01-14T22:33:54+00:00","description":"Questo bloomer per neonata bordeaux a coste si distingue per la sua texture morbida e leggermente a coste, offrendo un look moderno e senza tempo.","breadcrumb":{"@id":"https:\/\/voyagedelabaleine.fr\/it\/prodotto\/bloomer-per-bambina-in-velluto-a-coste-bordeaux\/#breadcrumb"},"inLanguage":"it-IT","potentialAction":[{"@type":"ReadAction","target":["https:\/\/voyagedelabaleine.fr\/it\/prodotto\/bloomer-per-bambina-in-velluto-a-coste-bordeaux\/"]}]},{"@type":"ImageObject","inLanguage":"it-IT","@id":"https:\/\/voyagedelabaleine.fr\/it\/prodotto\/bloomer-per-bambina-in-velluto-a-coste-bordeaux\/#primaryimage","url":"https:\/\/voyagedelabaleine.fr\/wp-content\/uploads\/2024\/09\/bloomer-velours-bordeaux-1.jpg","contentUrl":"https:\/\/voyagedelabaleine.fr\/wp-content\/uploads\/2024\/09\/bloomer-velours-bordeaux-1.jpg","width":1500,"height":2000,"caption":"Bloomer b\u00e9b\u00e9 bordeaux en velours c\u00f4tel\u00e9"},{"@type":"BreadcrumbList","@id":"https:\/\/voyagedelabaleine.fr\/it\/prodotto\/bloomer-per-bambina-in-velluto-a-coste-bordeaux\/#breadcrumb","itemListElement":[{"@type":"ListItem","position":1,"name":"Accueil","item":"https:\/\/voyagedelabaleine.fr\/it\/homepage\/"},{"@type":"ListItem","position":2,"name":"Tutta la collezione","item":"https:\/\/voyagedelabaleine.fr\/it\/tutta-la-collezione\/"},{"@type":"ListItem","position":3,"name":"Bloomer per bambina in velluto a coste &#8211; Bordeaux"}]},{"@type":"WebSite","@id":"https:\/\/voyagedelabaleine.fr\/it\/#website","url":"https:\/\/voyagedelabaleine.fr\/it\/","name":"Voyage de la Baleine","description":"V\u00eatements intemporels et raffin\u00e9s pour b\u00e9b\u00e9s et enfants","publisher":{"@id":"https:\/\/voyagedelabaleine.fr\/it\/#organization"},"potentialAction":[{"@type":"SearchAction","target":{"@type":"EntryPoint","urlTemplate":"https:\/\/voyagedelabaleine.fr\/it\/?s={search_term_string}"},"query-input":{"@type":"PropertyValueSpecification","valueRequired":true,"valueName":"search_term_string"}}],"inLanguage":"it-IT"},{"@type":"Organization","@id":"https:\/\/voyagedelabaleine.fr\/it\/#organization","name":"Voyage de la Baleine","url":"https:\/\/voyagedelabaleine.fr\/it\/","logo":{"@type":"ImageObject","inLanguage":"it-IT","@id":"https:\/\/voyagedelabaleine.fr\/it\/#\/schema\/logo\/image\/","url":"https:\/\/voyagedelabaleine.fr\/wp-content\/uploads\/2025\/06\/logo.webp","contentUrl":"https:\/\/voyagedelabaleine.fr\/wp-content\/uploads\/2025\/06\/logo.webp","width":153,"height":64,"caption":"Voyage de la Baleine"},"image":{"@id":"https:\/\/voyagedelabaleine.fr\/it\/#\/schema\/logo\/image\/"},"sameAs":["https:\/\/www.facebook.com\/voyagedelabaleine\/","https:\/\/www.instagram.com\/voyagedelabaleine\/","https:\/\/www.pinterest.fr\/Voyagedelabaleine\/"]}]}},"_links":{"self":[{"href":"https:\/\/voyagedelabaleine.fr\/it\/wp-json\/wp\/v2\/product\/31665","targetHints":{"allow":["GET"]}}],"collection":[{"href":"https:\/\/voyagedelabaleine.fr\/it\/wp-json\/wp\/v2\/product"}],"about":[{"href":"https:\/\/voyagedelabaleine.fr\/it\/wp-json\/wp\/v2\/types\/product"}],"replies":[{"embeddable":true,"href":"https:\/\/voyagedelabaleine.fr\/it\/wp-json\/wp\/v2\/comments?post=31665"}],"wp:featuredmedia":[{"embeddable":true,"href":"https:\/\/voyagedelabaleine.fr\/it\/wp-json\/wp\/v2\/media\/16658"}],"wp:attachment":[{"href":"https:\/\/voyagedelabaleine.fr\/it\/wp-json\/wp\/v2\/media?parent=31665"}],"wp:term":[{"taxonomy":"product_brand","embeddable":true,"href":"https:\/\/voyagedelabaleine.fr\/it\/wp-json\/wp\/v2\/product_brand?post=31665"},{"taxonomy":"product_cat","embeddable":true,"href":"https:\/\/voyagedelabaleine.fr\/it\/wp-json\/wp\/v2\/product_cat?post=31665"},{"taxonomy":"product_tag","embeddable":true,"href":"https:\/\/voyagedelabaleine.fr\/it\/wp-json\/wp\/v2\/product_tag?post=31665"}],"curies":[{"name":"wp","href":"https:\/\/api.w.org\/{rel}","templated":true}]}}