{"id":33047,"date":"2025-08-29T17:11:22","date_gmt":"2025-08-29T15:11:22","guid":{"rendered":"https:\/\/voyagedelabaleine.fr\/product\/pantaloni-bambina-in-velluto-a-coste-azzurro-cielo\/"},"modified":"2026-01-14T23:49:32","modified_gmt":"2026-01-14T22:49:32","slug":"pantaloni-bambina-in-velluto-a-coste-azzurro-cielo","status":"publish","type":"product","link":"https:\/\/voyagedelabaleine.fr\/it\/prodotto\/pantaloni-bambina-in-velluto-a-coste-azzurro-cielo\/","title":{"rendered":"Pantaloni bambina in velluto a coste &#8211; Azzurro cielo"},"content":{"rendered":"<h3 data-start=\"156\" data-end=\"211\">Un pantalone bambina in velluto morbido ed elegante<\/h3>\n<p data-start=\"213\" data-end=\"469\">I nostri <strong data-start=\"216\" data-end=\"256\">pantaloni bambina in velluto a coste azzurro cielo<\/strong> sono un capo delicato, ideale per creare outfit raffinati ogni giorno. La loro tonalit\u00e0 luminosa aggiunge un tocco di dolcezza al guardaroba della tua bambina, pur rimanendo facili da abbinare. <\/p>\n<h3 data-start=\"471\" data-end=\"521\">Velluto a coste 100% cotone, morbido e confortevole<\/h3>\n<p data-start=\"523\" data-end=\"796\">Realizzati in <strong data-start=\"539\" data-end=\"553\">100% cotone<\/strong>, in un <strong data-start=\"563\" data-end=\"595\">velluto a coste a coste sottili<\/strong>, questi pantaloni offrono una sensazione ultra morbida e un comfort ottimale per accompagnare ogni movimento della tua bambina. Leggeri ma sufficientemente caldi, sono perfetti sia per la mezza stagione che per l&#8217;inverno. <\/p>\n<h3 data-start=\"798\" data-end=\"843\">Un taglio pratico e adatto alle bambine<\/h3>\n<p data-start=\"845\" data-end=\"1023\">La sua <strong data-start=\"848\" data-end=\"869\">vita elasticizzata<\/strong> facilita la vestizione in autonomia, senza comprimere la pancia della bambina. Questi pantaloni offrono un&#8217;ottima vestibilit\u00e0 pur mantenendo una linea elegante. <\/p>\n<h3 data-start=\"1025\" data-end=\"1078\">Dettagli raffinati per uno stile infantile e curato<\/h3>\n<p data-start=\"1080\" data-end=\"1324\">Le <strong data-start=\"1084\" data-end=\"1115\">tasche piatte sul davanti<\/strong> sono bordate da un <strong data-start=\"1134\" data-end=\"1160\">profilo dentellato bianco<\/strong>, aggiungendo una nota sottile e femminile che fa la differenza. Questi dettagli donano un tocco poetico, fedele allo spirito intramontabile di <strong data-start=\"1299\" data-end=\"1323\">Voyage de la Baleine<\/strong>. <\/p>\n<h3 data-start=\"1326\" data-end=\"1357\">Un capo facile da abbinare<\/h3>\n<p data-start=\"1359\" data-end=\"1568\">Questi pantaloni bambina in velluto si abbinano facilmente a una blusa con colletto, un cardigan in lana o un maglione irlandese per creare outfit comodi ed eleganti, lasciando la tua bambina libera nei movimenti.<\/p>\n<p data-start=\"1575\" data-end=\"1735\"><em>Regala alla tua bambina un pantalone in velluto a coste morbido e raffinato, pensato per accompagnarla nelle sue scoperte quotidiane con stile e comfort.<\/em><\/p>\n<p data-start=\"1575\" data-end=\"1735\">Prodotto in Spagna.<\/p>\n","protected":false},"excerpt":{"rendered":"<ul>\n<li>Vita elasticizzata<\/li>\n<li>Tasche applicate davanti bordate da un profilo fantasia<\/li>\n<li>100% cotone<\/li>\n<li>Fabbricato in Spagna<br \/>\n<em>Questi pantaloni vestono normalmente. Scegli la tua taglia abituale.<\/em><\/li>\n<\/ul>\n","protected":false},"featured_media":19757,"comment_status":"open","ping_status":"closed","template":"","meta":{"ocean_post_layout":"","ocean_both_sidebars_style":"","ocean_both_sidebars_content_width":0,"ocean_both_sidebars_sidebars_width":0,"ocean_sidebar":"0","ocean_second_sidebar":"0","ocean_disable_margins":"enable","ocean_add_body_class":"","ocean_shortcode_before_top_bar":"","ocean_shortcode_after_top_bar":"","ocean_shortcode_before_header":"","ocean_shortcode_after_header":"","ocean_has_shortcode":"","ocean_shortcode_after_title":"","ocean_shortcode_before_footer_widgets":"","ocean_shortcode_after_footer_widgets":"","ocean_shortcode_before_footer_bottom":"","ocean_shortcode_after_footer_bottom":"","ocean_display_top_bar":"default","ocean_display_header":"default","ocean_header_style":"","ocean_center_header_left_menu":"0","ocean_custom_header_template":"0","ocean_custom_logo":0,"ocean_custom_retina_logo":0,"ocean_custom_logo_max_width":0,"ocean_custom_logo_tablet_max_width":0,"ocean_custom_logo_mobile_max_width":0,"ocean_custom_logo_max_height":0,"ocean_custom_logo_tablet_max_height":0,"ocean_custom_logo_mobile_max_height":0,"ocean_header_custom_menu":"0","ocean_menu_typo_font_family":"0","ocean_menu_typo_font_subset":"","ocean_menu_typo_font_size":0,"ocean_menu_typo_font_size_tablet":0,"ocean_menu_typo_font_size_mobile":0,"ocean_menu_typo_font_size_unit":"px","ocean_menu_typo_font_weight":"","ocean_menu_typo_font_weight_tablet":"","ocean_menu_typo_font_weight_mobile":"","ocean_menu_typo_transform":"","ocean_menu_typo_transform_tablet":"","ocean_menu_typo_transform_mobile":"","ocean_menu_typo_line_height":0,"ocean_menu_typo_line_height_tablet":0,"ocean_menu_typo_line_height_mobile":0,"ocean_menu_typo_line_height_unit":"","ocean_menu_typo_spacing":0,"ocean_menu_typo_spacing_tablet":0,"ocean_menu_typo_spacing_mobile":0,"ocean_menu_typo_spacing_unit":"","ocean_menu_link_color":"","ocean_menu_link_color_hover":"","ocean_menu_link_color_active":"","ocean_menu_link_background":"","ocean_menu_link_hover_background":"","ocean_menu_link_active_background":"","ocean_menu_social_links_bg":"","ocean_menu_social_hover_links_bg":"","ocean_menu_social_links_color":"","ocean_menu_social_hover_links_color":"","ocean_disable_title":"default","ocean_disable_heading":"default","ocean_post_title":"","ocean_post_subheading":"","ocean_post_title_style":"","ocean_post_title_background_color":"","ocean_post_title_background":0,"ocean_post_title_bg_image_position":"","ocean_post_title_bg_image_attachment":"","ocean_post_title_bg_image_repeat":"","ocean_post_title_bg_image_size":"","ocean_post_title_height":0,"ocean_post_title_bg_overlay":0.5,"ocean_post_title_bg_overlay_color":"","ocean_disable_breadcrumbs":"default","ocean_breadcrumbs_color":"","ocean_breadcrumbs_separator_color":"","ocean_breadcrumbs_links_color":"","ocean_breadcrumbs_links_hover_color":"","ocean_display_footer_widgets":"default","ocean_display_footer_bottom":"default","ocean_custom_footer_template":"0","osh_disable_topbar_sticky":"default","osh_disable_header_sticky":"default","osh_sticky_header_style":"default","osh_sticky_header_effect":"","osh_custom_sticky_logo":0,"osh_custom_retina_sticky_logo":0,"osh_custom_sticky_logo_height":0,"osh_background_color":"","osh_links_color":"","osh_links_hover_color":"","osh_links_active_color":"","osh_links_bg_color":"","osh_links_hover_bg_color":"","osh_links_active_bg_color":"","osh_menu_social_links_color":"","osh_menu_social_hover_links_color":""},"product_brand":[],"product_cat":[7030,7014,6972,6823,6874,6908,6946],"product_tag":[],"class_list":{"0":"post-33047","1":"product","2":"type-product","3":"status-publish","4":"has-post-thumbnail","6":"product_cat-abbigliamento","7":"product_cat-bloomer-short-pantaloni-nascita","8":"product_cat-bloomer-short-pantaloni-nascita-ragazza","9":"product_cat-bloomer-short-pantaloni-neonata","10":"product_cat-bloomer-short-pantaloni-neonati","11":"product_cat-pantaloni-short-bambina","12":"product_cat-pantaloni-short-bambini","14":"entry","15":"has-media","17":"first","18":"instock","19":"taxable","20":"shipping-taxable","21":"purchasable","22":"product-type-variable","23":"has-default-attributes","24":"has-rating","25":"col","26":"span_1_of_3","27":"owp-content-center","28":"owp-thumbs-layout-vertical","29":"owp-btn-big","30":"owp-tabs-layout-vertical","31":"circle-sale"},"yoast_head":"<!-- This site is optimized with the Yoast SEO plugin v27.1.1 - https:\/\/yoast.com\/product\/yoast-seo-wordpress\/ -->\n<title>Pantaloni bambina in velluto a coste - Azzurro cielo - Voyage de la Baleine<\/title>\n<meta name=\"description\" content=\"I nostri pantaloni bambina in velluto a coste azzurro cielo sono un capo delicato, ideale per creare outfit raffinati ogni giorno.\" \/>\n<meta name=\"robots\" content=\"index, follow, max-snippet:-1, max-image-preview:large, max-video-preview:-1\" \/>\n<link rel=\"canonical\" href=\"https:\/\/voyagedelabaleine.fr\/it\/prodotto\/pantaloni-bambina-in-velluto-a-coste-azzurro-cielo\/\" \/>\n<meta property=\"og:locale\" content=\"it_IT\" \/>\n<meta property=\"og:type\" content=\"article\" \/>\n<meta property=\"og:title\" content=\"Pantaloni bambina in velluto a coste - Azzurro cielo - Voyage de la Baleine\" \/>\n<meta property=\"og:description\" content=\"I nostri pantaloni bambina in velluto a coste azzurro cielo sono un capo delicato, ideale per creare outfit raffinati ogni giorno.\" \/>\n<meta property=\"og:url\" content=\"https:\/\/voyagedelabaleine.fr\/it\/prodotto\/pantaloni-bambina-in-velluto-a-coste-azzurro-cielo\/\" \/>\n<meta property=\"og:site_name\" content=\"Voyage de la Baleine\" \/>\n<meta property=\"article:publisher\" content=\"https:\/\/www.facebook.com\/voyagedelabaleine\/\" \/>\n<meta property=\"article:modified_time\" content=\"2026-01-14T22:49:32+00:00\" \/>\n<meta property=\"og:image\" content=\"https:\/\/voyagedelabaleine.fr\/wp-content\/uploads\/2025\/07\/Pantalon-fille-velours-cotele-bleu-ciel.jpg\" \/>\n\t<meta property=\"og:image:width\" content=\"718\" \/>\n\t<meta property=\"og:image:height\" content=\"958\" \/>\n\t<meta property=\"og:image:type\" content=\"image\/jpeg\" \/>\n<meta name=\"twitter:card\" content=\"summary_large_image\" \/>\n<meta name=\"twitter:label1\" content=\"Tempo di lettura stimato\" \/>\n\t<meta name=\"twitter:data1\" content=\"1 minuto\" \/>\n<script type=\"application\/ld+json\" class=\"yoast-schema-graph\">{\"@context\":\"https:\/\/schema.org\",\"@graph\":[{\"@type\":\"WebPage\",\"@id\":\"https:\/\/voyagedelabaleine.fr\/it\/prodotto\/pantaloni-bambina-in-velluto-a-coste-azzurro-cielo\/\",\"url\":\"https:\/\/voyagedelabaleine.fr\/it\/prodotto\/pantaloni-bambina-in-velluto-a-coste-azzurro-cielo\/\",\"name\":\"Pantaloni bambina in velluto a coste - Azzurro cielo - Voyage de la Baleine\",\"isPartOf\":{\"@id\":\"https:\/\/voyagedelabaleine.fr\/it\/#website\"},\"primaryImageOfPage\":{\"@id\":\"https:\/\/voyagedelabaleine.fr\/it\/prodotto\/pantaloni-bambina-in-velluto-a-coste-azzurro-cielo\/#primaryimage\"},\"image\":{\"@id\":\"https:\/\/voyagedelabaleine.fr\/it\/prodotto\/pantaloni-bambina-in-velluto-a-coste-azzurro-cielo\/#primaryimage\"},\"thumbnailUrl\":\"https:\/\/voyagedelabaleine.fr\/wp-content\/uploads\/2025\/07\/Pantalon-fille-velours-cotele-bleu-ciel.jpg\",\"datePublished\":\"2025-08-29T15:11:22+00:00\",\"dateModified\":\"2026-01-14T22:49:32+00:00\",\"description\":\"I nostri pantaloni bambina in velluto a coste azzurro cielo sono un capo delicato, ideale per creare outfit raffinati ogni giorno.\",\"breadcrumb\":{\"@id\":\"https:\/\/voyagedelabaleine.fr\/it\/prodotto\/pantaloni-bambina-in-velluto-a-coste-azzurro-cielo\/#breadcrumb\"},\"inLanguage\":\"it-IT\",\"potentialAction\":[{\"@type\":\"ReadAction\",\"target\":[\"https:\/\/voyagedelabaleine.fr\/it\/prodotto\/pantaloni-bambina-in-velluto-a-coste-azzurro-cielo\/\"]}]},{\"@type\":\"ImageObject\",\"inLanguage\":\"it-IT\",\"@id\":\"https:\/\/voyagedelabaleine.fr\/it\/prodotto\/pantaloni-bambina-in-velluto-a-coste-azzurro-cielo\/#primaryimage\",\"url\":\"https:\/\/voyagedelabaleine.fr\/wp-content\/uploads\/2025\/07\/Pantalon-fille-velours-cotele-bleu-ciel.jpg\",\"contentUrl\":\"https:\/\/voyagedelabaleine.fr\/wp-content\/uploads\/2025\/07\/Pantalon-fille-velours-cotele-bleu-ciel.jpg\",\"width\":718,\"height\":958,\"caption\":\"Pantalon fille en velours c\u00f4tel\u00e9 bleu ciel \u00e0 poches plaqu\u00e9es sur le devant et liser\u00e9 dentel\u00e9\"},{\"@type\":\"BreadcrumbList\",\"@id\":\"https:\/\/voyagedelabaleine.fr\/it\/prodotto\/pantaloni-bambina-in-velluto-a-coste-azzurro-cielo\/#breadcrumb\",\"itemListElement\":[{\"@type\":\"ListItem\",\"position\":1,\"name\":\"Accueil\",\"item\":\"https:\/\/voyagedelabaleine.fr\/it\/homepage\/\"},{\"@type\":\"ListItem\",\"position\":2,\"name\":\"Tutta la collezione\",\"item\":\"https:\/\/voyagedelabaleine.fr\/it\/tutta-la-collezione\/\"},{\"@type\":\"ListItem\",\"position\":3,\"name\":\"Pantaloni bambina in velluto a coste &#8211; Azzurro cielo\"}]},{\"@type\":\"WebSite\",\"@id\":\"https:\/\/voyagedelabaleine.fr\/it\/#website\",\"url\":\"https:\/\/voyagedelabaleine.fr\/it\/\",\"name\":\"Voyage de la Baleine\",\"description\":\"V\u00eatements intemporels et raffin\u00e9s pour b\u00e9b\u00e9s et enfants\",\"publisher\":{\"@id\":\"https:\/\/voyagedelabaleine.fr\/it\/#organization\"},\"potentialAction\":[{\"@type\":\"SearchAction\",\"target\":{\"@type\":\"EntryPoint\",\"urlTemplate\":\"https:\/\/voyagedelabaleine.fr\/it\/?s={search_term_string}\"},\"query-input\":{\"@type\":\"PropertyValueSpecification\",\"valueRequired\":true,\"valueName\":\"search_term_string\"}}],\"inLanguage\":\"it-IT\"},{\"@type\":\"Organization\",\"@id\":\"https:\/\/voyagedelabaleine.fr\/it\/#organization\",\"name\":\"Voyage de la Baleine\",\"url\":\"https:\/\/voyagedelabaleine.fr\/it\/\",\"logo\":{\"@type\":\"ImageObject\",\"inLanguage\":\"it-IT\",\"@id\":\"https:\/\/voyagedelabaleine.fr\/it\/#\/schema\/logo\/image\/\",\"url\":\"https:\/\/voyagedelabaleine.fr\/wp-content\/uploads\/2025\/06\/logo.webp\",\"contentUrl\":\"https:\/\/voyagedelabaleine.fr\/wp-content\/uploads\/2025\/06\/logo.webp\",\"width\":153,\"height\":64,\"caption\":\"Voyage de la Baleine\"},\"image\":{\"@id\":\"https:\/\/voyagedelabaleine.fr\/it\/#\/schema\/logo\/image\/\"},\"sameAs\":[\"https:\/\/www.facebook.com\/voyagedelabaleine\/\",\"https:\/\/www.instagram.com\/voyagedelabaleine\/\",\"https:\/\/www.pinterest.fr\/Voyagedelabaleine\/\"]}]}<\/script>\n<!-- \/ Yoast SEO plugin. -->","yoast_head_json":{"title":"Pantaloni bambina in velluto a coste - Azzurro cielo - Voyage de la Baleine","description":"I nostri pantaloni bambina in velluto a coste azzurro cielo sono un capo delicato, ideale per creare outfit raffinati ogni giorno.","robots":{"index":"index","follow":"follow","max-snippet":"max-snippet:-1","max-image-preview":"max-image-preview:large","max-video-preview":"max-video-preview:-1"},"canonical":"https:\/\/voyagedelabaleine.fr\/it\/prodotto\/pantaloni-bambina-in-velluto-a-coste-azzurro-cielo\/","og_locale":"it_IT","og_type":"article","og_title":"Pantaloni bambina in velluto a coste - Azzurro cielo - Voyage de la Baleine","og_description":"I nostri pantaloni bambina in velluto a coste azzurro cielo sono un capo delicato, ideale per creare outfit raffinati ogni giorno.","og_url":"https:\/\/voyagedelabaleine.fr\/it\/prodotto\/pantaloni-bambina-in-velluto-a-coste-azzurro-cielo\/","og_site_name":"Voyage de la Baleine","article_publisher":"https:\/\/www.facebook.com\/voyagedelabaleine\/","article_modified_time":"2026-01-14T22:49:32+00:00","og_image":[{"width":718,"height":958,"url":"https:\/\/voyagedelabaleine.fr\/wp-content\/uploads\/2025\/07\/Pantalon-fille-velours-cotele-bleu-ciel.jpg","type":"image\/jpeg"}],"twitter_card":"summary_large_image","twitter_misc":{"Tempo di lettura stimato":"1 minuto"},"schema":{"@context":"https:\/\/schema.org","@graph":[{"@type":"WebPage","@id":"https:\/\/voyagedelabaleine.fr\/it\/prodotto\/pantaloni-bambina-in-velluto-a-coste-azzurro-cielo\/","url":"https:\/\/voyagedelabaleine.fr\/it\/prodotto\/pantaloni-bambina-in-velluto-a-coste-azzurro-cielo\/","name":"Pantaloni bambina in velluto a coste - Azzurro cielo - Voyage de la Baleine","isPartOf":{"@id":"https:\/\/voyagedelabaleine.fr\/it\/#website"},"primaryImageOfPage":{"@id":"https:\/\/voyagedelabaleine.fr\/it\/prodotto\/pantaloni-bambina-in-velluto-a-coste-azzurro-cielo\/#primaryimage"},"image":{"@id":"https:\/\/voyagedelabaleine.fr\/it\/prodotto\/pantaloni-bambina-in-velluto-a-coste-azzurro-cielo\/#primaryimage"},"thumbnailUrl":"https:\/\/voyagedelabaleine.fr\/wp-content\/uploads\/2025\/07\/Pantalon-fille-velours-cotele-bleu-ciel.jpg","datePublished":"2025-08-29T15:11:22+00:00","dateModified":"2026-01-14T22:49:32+00:00","description":"I nostri pantaloni bambina in velluto a coste azzurro cielo sono un capo delicato, ideale per creare outfit raffinati ogni giorno.","breadcrumb":{"@id":"https:\/\/voyagedelabaleine.fr\/it\/prodotto\/pantaloni-bambina-in-velluto-a-coste-azzurro-cielo\/#breadcrumb"},"inLanguage":"it-IT","potentialAction":[{"@type":"ReadAction","target":["https:\/\/voyagedelabaleine.fr\/it\/prodotto\/pantaloni-bambina-in-velluto-a-coste-azzurro-cielo\/"]}]},{"@type":"ImageObject","inLanguage":"it-IT","@id":"https:\/\/voyagedelabaleine.fr\/it\/prodotto\/pantaloni-bambina-in-velluto-a-coste-azzurro-cielo\/#primaryimage","url":"https:\/\/voyagedelabaleine.fr\/wp-content\/uploads\/2025\/07\/Pantalon-fille-velours-cotele-bleu-ciel.jpg","contentUrl":"https:\/\/voyagedelabaleine.fr\/wp-content\/uploads\/2025\/07\/Pantalon-fille-velours-cotele-bleu-ciel.jpg","width":718,"height":958,"caption":"Pantalon fille en velours c\u00f4tel\u00e9 bleu ciel \u00e0 poches plaqu\u00e9es sur le devant et liser\u00e9 dentel\u00e9"},{"@type":"BreadcrumbList","@id":"https:\/\/voyagedelabaleine.fr\/it\/prodotto\/pantaloni-bambina-in-velluto-a-coste-azzurro-cielo\/#breadcrumb","itemListElement":[{"@type":"ListItem","position":1,"name":"Accueil","item":"https:\/\/voyagedelabaleine.fr\/it\/homepage\/"},{"@type":"ListItem","position":2,"name":"Tutta la collezione","item":"https:\/\/voyagedelabaleine.fr\/it\/tutta-la-collezione\/"},{"@type":"ListItem","position":3,"name":"Pantaloni bambina in velluto a coste &#8211; Azzurro cielo"}]},{"@type":"WebSite","@id":"https:\/\/voyagedelabaleine.fr\/it\/#website","url":"https:\/\/voyagedelabaleine.fr\/it\/","name":"Voyage de la Baleine","description":"V\u00eatements intemporels et raffin\u00e9s pour b\u00e9b\u00e9s et enfants","publisher":{"@id":"https:\/\/voyagedelabaleine.fr\/it\/#organization"},"potentialAction":[{"@type":"SearchAction","target":{"@type":"EntryPoint","urlTemplate":"https:\/\/voyagedelabaleine.fr\/it\/?s={search_term_string}"},"query-input":{"@type":"PropertyValueSpecification","valueRequired":true,"valueName":"search_term_string"}}],"inLanguage":"it-IT"},{"@type":"Organization","@id":"https:\/\/voyagedelabaleine.fr\/it\/#organization","name":"Voyage de la Baleine","url":"https:\/\/voyagedelabaleine.fr\/it\/","logo":{"@type":"ImageObject","inLanguage":"it-IT","@id":"https:\/\/voyagedelabaleine.fr\/it\/#\/schema\/logo\/image\/","url":"https:\/\/voyagedelabaleine.fr\/wp-content\/uploads\/2025\/06\/logo.webp","contentUrl":"https:\/\/voyagedelabaleine.fr\/wp-content\/uploads\/2025\/06\/logo.webp","width":153,"height":64,"caption":"Voyage de la Baleine"},"image":{"@id":"https:\/\/voyagedelabaleine.fr\/it\/#\/schema\/logo\/image\/"},"sameAs":["https:\/\/www.facebook.com\/voyagedelabaleine\/","https:\/\/www.instagram.com\/voyagedelabaleine\/","https:\/\/www.pinterest.fr\/Voyagedelabaleine\/"]}]}},"_links":{"self":[{"href":"https:\/\/voyagedelabaleine.fr\/it\/wp-json\/wp\/v2\/product\/33047","targetHints":{"allow":["GET"]}}],"collection":[{"href":"https:\/\/voyagedelabaleine.fr\/it\/wp-json\/wp\/v2\/product"}],"about":[{"href":"https:\/\/voyagedelabaleine.fr\/it\/wp-json\/wp\/v2\/types\/product"}],"replies":[{"embeddable":true,"href":"https:\/\/voyagedelabaleine.fr\/it\/wp-json\/wp\/v2\/comments?post=33047"}],"wp:featuredmedia":[{"embeddable":true,"href":"https:\/\/voyagedelabaleine.fr\/it\/wp-json\/wp\/v2\/media\/19757"}],"wp:attachment":[{"href":"https:\/\/voyagedelabaleine.fr\/it\/wp-json\/wp\/v2\/media?parent=33047"}],"wp:term":[{"taxonomy":"product_brand","embeddable":true,"href":"https:\/\/voyagedelabaleine.fr\/it\/wp-json\/wp\/v2\/product_brand?post=33047"},{"taxonomy":"product_cat","embeddable":true,"href":"https:\/\/voyagedelabaleine.fr\/it\/wp-json\/wp\/v2\/product_cat?post=33047"},{"taxonomy":"product_tag","embeddable":true,"href":"https:\/\/voyagedelabaleine.fr\/it\/wp-json\/wp\/v2\/product_tag?post=33047"}],"curies":[{"name":"wp","href":"https:\/\/api.w.org\/{rel}","templated":true}]}}