{"id":33244,"date":"2023-10-05T21:45:43","date_gmt":"2023-10-05T19:45:43","guid":{"rendered":"https:\/\/voyagedelabaleine.fr\/product\/pigiama-neonato-unisex-in-velluto-con-pompon-bianco\/"},"modified":"2026-01-15T09:10:09","modified_gmt":"2026-01-15T08:10:09","slug":"pigiama-neonato-unisex-in-velluto-con-pompon-bianco","status":"publish","type":"product","link":"https:\/\/voyagedelabaleine.fr\/it\/prodotto\/pigiama-neonato-unisex-in-velluto-con-pompon-bianco\/","title":{"rendered":"Pigiama neonato unisex in velluto con pompon &#8211; Bianco"},"content":{"rendered":"<p>Regala al tuo bambino un bozzolo di morbidezza e raffinatezza con il nostro <strong>pigiama neonato in velluto bianco<\/strong>, un capo irrinunciabile per notti serene ed eleganti. Progettato con cura per il comfort e il benessere del tuo piccolo tesoro, questo pigiama unisce il calore del <strong>velluto ultra-morbido<\/strong> a un&#8217;estetica classica e sofisticata. <\/p>\n<p>La <strong>tonalit\u00e0 bianca immacolata<\/strong>, intramontabile e rilassante, incarna un&#8217;eleganza essenziale che si adatta sia ai momenti di relax a casa che alle occasioni speciali. Due piccoli <strong>pompon delicati<\/strong> vanno ad adornare la parte anteriore del pigiama, aggiungendo una nota ludica e poetica che affascina tanto i genitori quanto i bambini. <\/p>\n<p>Pratico e funzionale, questo pigiama \u00e8 dotato di <strong>bottoni a pressione astutamente posizionati<\/strong> sulla schiena e lungo le gambe che facilitano la vestizione e il cambio del tuo bambino. Il suo taglio ergonomico garantisce libert\u00e0 di movimento, ideale per accompagnare i primi sogni e i teneri momenti di coccole. <\/p>\n<p>Fabbricato in Spagna con un&#8217;attenzione ai dettagli ineguagliabile, questo pigiama riflette una <strong>maestria artigianale <\/strong>che privilegia la qualit\u00e0 dei materiali e il rispetto delle pelli pi\u00f9 delicate. Il velluto, morbido al tatto, avvolge il tuo bambino in un bozzolo di comfort, ideale per le notti d&#8217;inverno o per un sonno ristoratore in ogni stagione. <\/p>\n<p>Questo pigiama neonato in velluto bianco \u00e8 un&#8217;idea perfetta per un <strong>regalo di nascita<\/strong> o un&#8217;aggiunta elegante al guardaroba del tuo bambino. Sia per creare ricordi preziosi che per offrire un capo morbido e raffinato, sapr\u00e0 soddisfare le aspettative dei genitori alla ricerca di comfort ed eleganza. <\/p>\n<p><em>Regala al tuo bambino notti piacevoli con il nostro morbidissimo pigiama neonato in velluto bianco. Una scelta intramontabile che aggiunge una nota di fantasia alla routine della nanna del tuo piccolo tesoro. <\/em><\/p>\n<p>Prodotto in Spagna.<\/p>\n","protected":false},"excerpt":{"rendered":"<ul>\n<li>Pigiama neonato unisex in velluto<\/li>\n<li>Tutina con piedini<\/li>\n<li>Pompon decorativi sul davanti<\/li>\n<li>Chiusura con bottoni a pressione sulla schiena e lungo le gambe<\/li>\n<li>Prodotto in Spagna<br \/>\n<em>Questo pigiama veste normalmente. Scegli la tua taglia abituale.<\/em><\/li>\n<\/ul>\n","protected":false},"featured_media":16490,"comment_status":"open","ping_status":"closed","template":"","meta":{"ocean_post_layout":"","ocean_both_sidebars_style":"","ocean_both_sidebars_content_width":0,"ocean_both_sidebars_sidebars_width":0,"ocean_sidebar":"0","ocean_second_sidebar":"0","ocean_disable_margins":"enable","ocean_add_body_class":"","ocean_shortcode_before_top_bar":"","ocean_shortcode_after_top_bar":"","ocean_shortcode_before_header":"","ocean_shortcode_after_header":"","ocean_has_shortcode":"","ocean_shortcode_after_title":"","ocean_shortcode_before_footer_widgets":"","ocean_shortcode_after_footer_widgets":"","ocean_shortcode_before_footer_bottom":"","ocean_shortcode_after_footer_bottom":"","ocean_display_top_bar":"default","ocean_display_header":"default","ocean_header_style":"","ocean_center_header_left_menu":"0","ocean_custom_header_template":"0","ocean_custom_logo":0,"ocean_custom_retina_logo":0,"ocean_custom_logo_max_width":0,"ocean_custom_logo_tablet_max_width":0,"ocean_custom_logo_mobile_max_width":0,"ocean_custom_logo_max_height":0,"ocean_custom_logo_tablet_max_height":0,"ocean_custom_logo_mobile_max_height":0,"ocean_header_custom_menu":"0","ocean_menu_typo_font_family":"0","ocean_menu_typo_font_subset":"","ocean_menu_typo_font_size":0,"ocean_menu_typo_font_size_tablet":0,"ocean_menu_typo_font_size_mobile":0,"ocean_menu_typo_font_size_unit":"px","ocean_menu_typo_font_weight":"","ocean_menu_typo_font_weight_tablet":"","ocean_menu_typo_font_weight_mobile":"","ocean_menu_typo_transform":"","ocean_menu_typo_transform_tablet":"","ocean_menu_typo_transform_mobile":"","ocean_menu_typo_line_height":0,"ocean_menu_typo_line_height_tablet":0,"ocean_menu_typo_line_height_mobile":0,"ocean_menu_typo_line_height_unit":"","ocean_menu_typo_spacing":0,"ocean_menu_typo_spacing_tablet":0,"ocean_menu_typo_spacing_mobile":0,"ocean_menu_typo_spacing_unit":"","ocean_menu_link_color":"","ocean_menu_link_color_hover":"","ocean_menu_link_color_active":"","ocean_menu_link_background":"","ocean_menu_link_hover_background":"","ocean_menu_link_active_background":"","ocean_menu_social_links_bg":"","ocean_menu_social_hover_links_bg":"","ocean_menu_social_links_color":"","ocean_menu_social_hover_links_color":"","ocean_disable_title":"default","ocean_disable_heading":"default","ocean_post_title":"","ocean_post_subheading":"","ocean_post_title_style":"","ocean_post_title_background_color":"","ocean_post_title_background":0,"ocean_post_title_bg_image_position":"","ocean_post_title_bg_image_attachment":"","ocean_post_title_bg_image_repeat":"","ocean_post_title_bg_image_size":"","ocean_post_title_height":0,"ocean_post_title_bg_overlay":0.5,"ocean_post_title_bg_overlay_color":"","ocean_disable_breadcrumbs":"default","ocean_breadcrumbs_color":"","ocean_breadcrumbs_separator_color":"","ocean_breadcrumbs_links_color":"","ocean_breadcrumbs_links_hover_color":"","ocean_display_footer_widgets":"default","ocean_display_footer_bottom":"default","ocean_custom_footer_template":"0","osh_disable_topbar_sticky":"default","osh_disable_header_sticky":"default","osh_sticky_header_style":"default","osh_sticky_header_effect":"","osh_custom_sticky_logo":0,"osh_custom_retina_sticky_logo":0,"osh_custom_sticky_logo_height":0,"osh_background_color":"","osh_links_color":"","osh_links_hover_color":"","osh_links_active_color":"","osh_links_bg_color":"","osh_links_hover_bg_color":"","osh_links_active_bg_color":"","osh_menu_social_links_color":"","osh_menu_social_hover_links_color":""},"product_brand":[],"product_cat":[7028,7010,6986,7007,6836,6868,6862],"product_tag":[7168],"class_list":{"0":"post-33244","1":"product","2":"type-product","3":"status-publish","4":"has-post-thumbnail","6":"product_cat-pigiama","7":"product_cat-pigiama-nascita","8":"product_cat-pigiama-nascita-ragazza","9":"product_cat-pigiama-nascita-ragazzo","10":"product_cat-pigiama-neonata","11":"product_cat-pigiama-neonati","12":"product_cat-pigiama-neonato","13":"product_tag-pigiami","15":"entry","16":"has-media","18":"first","19":"instock","20":"featured","21":"taxable","22":"shipping-taxable","23":"purchasable","24":"product-type-variable","25":"has-default-attributes","26":"has-rating","27":"col","28":"span_1_of_3","29":"owp-content-center","30":"owp-thumbs-layout-vertical","31":"owp-btn-big","32":"owp-tabs-layout-vertical","33":"circle-sale"},"yoast_head":"<!-- This site is optimized with the Yoast SEO plugin v27.1.1 - https:\/\/yoast.com\/product\/yoast-seo-wordpress\/ -->\n<title>Pigiama neonato in velluto bianco con pompon<\/title>\n<meta name=\"description\" content=\"Un pigiama neonato in velluto bianco classico e intramontabile, arricchito da due pompon che gli donano un sottile tocco di fantasia. Prodotto in Spagna.\" \/>\n<meta name=\"robots\" content=\"index, follow, max-snippet:-1, max-image-preview:large, max-video-preview:-1\" \/>\n<link rel=\"canonical\" href=\"https:\/\/voyagedelabaleine.fr\/it\/prodotto\/pigiama-neonato-unisex-in-velluto-con-pompon-bianco\/\" \/>\n<meta property=\"og:locale\" content=\"it_IT\" \/>\n<meta property=\"og:type\" content=\"article\" \/>\n<meta property=\"og:title\" content=\"Pigiama neonato in velluto bianco con pompon\" \/>\n<meta property=\"og:description\" content=\"Un pigiama neonato in velluto bianco classico e intramontabile, arricchito da due pompon che gli donano un sottile tocco di fantasia. Prodotto in Spagna.\" \/>\n<meta property=\"og:url\" content=\"https:\/\/voyagedelabaleine.fr\/it\/prodotto\/pigiama-neonato-unisex-in-velluto-con-pompon-bianco\/\" \/>\n<meta property=\"og:site_name\" content=\"Voyage de la Baleine\" \/>\n<meta property=\"article:publisher\" content=\"https:\/\/www.facebook.com\/voyagedelabaleine\/\" \/>\n<meta property=\"article:modified_time\" content=\"2026-01-15T08:10:09+00:00\" \/>\n<meta property=\"og:image\" content=\"https:\/\/voyagedelabaleine.fr\/wp-content\/uploads\/2023\/10\/pyjama-bebe-blanc-pompon.jpg\" \/>\n\t<meta property=\"og:image:width\" content=\"868\" \/>\n\t<meta property=\"og:image:height\" content=\"1157\" \/>\n\t<meta property=\"og:image:type\" content=\"image\/jpeg\" \/>\n<meta name=\"twitter:card\" content=\"summary_large_image\" \/>\n<meta name=\"twitter:label1\" content=\"Tempo di lettura stimato\" \/>\n\t<meta name=\"twitter:data1\" content=\"1 minuto\" \/>\n<script type=\"application\/ld+json\" class=\"yoast-schema-graph\">{\"@context\":\"https:\/\/schema.org\",\"@graph\":[{\"@type\":\"WebPage\",\"@id\":\"https:\/\/voyagedelabaleine.fr\/it\/prodotto\/pigiama-neonato-unisex-in-velluto-con-pompon-bianco\/\",\"url\":\"https:\/\/voyagedelabaleine.fr\/it\/prodotto\/pigiama-neonato-unisex-in-velluto-con-pompon-bianco\/\",\"name\":\"Pigiama neonato in velluto bianco con pompon\",\"isPartOf\":{\"@id\":\"https:\/\/voyagedelabaleine.fr\/it\/#website\"},\"primaryImageOfPage\":{\"@id\":\"https:\/\/voyagedelabaleine.fr\/it\/prodotto\/pigiama-neonato-unisex-in-velluto-con-pompon-bianco\/#primaryimage\"},\"image\":{\"@id\":\"https:\/\/voyagedelabaleine.fr\/it\/prodotto\/pigiama-neonato-unisex-in-velluto-con-pompon-bianco\/#primaryimage\"},\"thumbnailUrl\":\"https:\/\/voyagedelabaleine.fr\/wp-content\/uploads\/2023\/10\/pyjama-bebe-blanc-pompon.jpg\",\"datePublished\":\"2023-10-05T19:45:43+00:00\",\"dateModified\":\"2026-01-15T08:10:09+00:00\",\"description\":\"Un pigiama neonato in velluto bianco classico e intramontabile, arricchito da due pompon che gli donano un sottile tocco di fantasia. Prodotto in Spagna.\",\"breadcrumb\":{\"@id\":\"https:\/\/voyagedelabaleine.fr\/it\/prodotto\/pigiama-neonato-unisex-in-velluto-con-pompon-bianco\/#breadcrumb\"},\"inLanguage\":\"it-IT\",\"potentialAction\":[{\"@type\":\"ReadAction\",\"target\":[\"https:\/\/voyagedelabaleine.fr\/it\/prodotto\/pigiama-neonato-unisex-in-velluto-con-pompon-bianco\/\"]}]},{\"@type\":\"ImageObject\",\"inLanguage\":\"it-IT\",\"@id\":\"https:\/\/voyagedelabaleine.fr\/it\/prodotto\/pigiama-neonato-unisex-in-velluto-con-pompon-bianco\/#primaryimage\",\"url\":\"https:\/\/voyagedelabaleine.fr\/wp-content\/uploads\/2023\/10\/pyjama-bebe-blanc-pompon.jpg\",\"contentUrl\":\"https:\/\/voyagedelabaleine.fr\/wp-content\/uploads\/2023\/10\/pyjama-bebe-blanc-pompon.jpg\",\"width\":868,\"height\":1157,\"caption\":\"Pyjama b\u00e9b\u00e9 en velours blanc \u00e0 pompons\"},{\"@type\":\"BreadcrumbList\",\"@id\":\"https:\/\/voyagedelabaleine.fr\/it\/prodotto\/pigiama-neonato-unisex-in-velluto-con-pompon-bianco\/#breadcrumb\",\"itemListElement\":[{\"@type\":\"ListItem\",\"position\":1,\"name\":\"Accueil\",\"item\":\"https:\/\/voyagedelabaleine.fr\/it\/homepage\/\"},{\"@type\":\"ListItem\",\"position\":2,\"name\":\"Tutta la collezione\",\"item\":\"https:\/\/voyagedelabaleine.fr\/it\/tutta-la-collezione\/\"},{\"@type\":\"ListItem\",\"position\":3,\"name\":\"Pigiama neonato unisex in velluto con pompon &#8211; Bianco\"}]},{\"@type\":\"WebSite\",\"@id\":\"https:\/\/voyagedelabaleine.fr\/it\/#website\",\"url\":\"https:\/\/voyagedelabaleine.fr\/it\/\",\"name\":\"Voyage de la Baleine\",\"description\":\"V\u00eatements intemporels et raffin\u00e9s pour b\u00e9b\u00e9s et enfants\",\"publisher\":{\"@id\":\"https:\/\/voyagedelabaleine.fr\/it\/#organization\"},\"potentialAction\":[{\"@type\":\"SearchAction\",\"target\":{\"@type\":\"EntryPoint\",\"urlTemplate\":\"https:\/\/voyagedelabaleine.fr\/it\/?s={search_term_string}\"},\"query-input\":{\"@type\":\"PropertyValueSpecification\",\"valueRequired\":true,\"valueName\":\"search_term_string\"}}],\"inLanguage\":\"it-IT\"},{\"@type\":\"Organization\",\"@id\":\"https:\/\/voyagedelabaleine.fr\/it\/#organization\",\"name\":\"Voyage de la Baleine\",\"url\":\"https:\/\/voyagedelabaleine.fr\/it\/\",\"logo\":{\"@type\":\"ImageObject\",\"inLanguage\":\"it-IT\",\"@id\":\"https:\/\/voyagedelabaleine.fr\/it\/#\/schema\/logo\/image\/\",\"url\":\"https:\/\/voyagedelabaleine.fr\/wp-content\/uploads\/2025\/06\/logo.webp\",\"contentUrl\":\"https:\/\/voyagedelabaleine.fr\/wp-content\/uploads\/2025\/06\/logo.webp\",\"width\":153,\"height\":64,\"caption\":\"Voyage de la Baleine\"},\"image\":{\"@id\":\"https:\/\/voyagedelabaleine.fr\/it\/#\/schema\/logo\/image\/\"},\"sameAs\":[\"https:\/\/www.facebook.com\/voyagedelabaleine\/\",\"https:\/\/www.instagram.com\/voyagedelabaleine\/\",\"https:\/\/www.pinterest.fr\/Voyagedelabaleine\/\"]}]}<\/script>\n<!-- \/ Yoast SEO plugin. -->","yoast_head_json":{"title":"Pigiama neonato in velluto bianco con pompon","description":"Un pigiama neonato in velluto bianco classico e intramontabile, arricchito da due pompon che gli donano un sottile tocco di fantasia. Prodotto in Spagna.","robots":{"index":"index","follow":"follow","max-snippet":"max-snippet:-1","max-image-preview":"max-image-preview:large","max-video-preview":"max-video-preview:-1"},"canonical":"https:\/\/voyagedelabaleine.fr\/it\/prodotto\/pigiama-neonato-unisex-in-velluto-con-pompon-bianco\/","og_locale":"it_IT","og_type":"article","og_title":"Pigiama neonato in velluto bianco con pompon","og_description":"Un pigiama neonato in velluto bianco classico e intramontabile, arricchito da due pompon che gli donano un sottile tocco di fantasia. Prodotto in Spagna.","og_url":"https:\/\/voyagedelabaleine.fr\/it\/prodotto\/pigiama-neonato-unisex-in-velluto-con-pompon-bianco\/","og_site_name":"Voyage de la Baleine","article_publisher":"https:\/\/www.facebook.com\/voyagedelabaleine\/","article_modified_time":"2026-01-15T08:10:09+00:00","og_image":[{"width":868,"height":1157,"url":"https:\/\/voyagedelabaleine.fr\/wp-content\/uploads\/2023\/10\/pyjama-bebe-blanc-pompon.jpg","type":"image\/jpeg"}],"twitter_card":"summary_large_image","twitter_misc":{"Tempo di lettura stimato":"1 minuto"},"schema":{"@context":"https:\/\/schema.org","@graph":[{"@type":"WebPage","@id":"https:\/\/voyagedelabaleine.fr\/it\/prodotto\/pigiama-neonato-unisex-in-velluto-con-pompon-bianco\/","url":"https:\/\/voyagedelabaleine.fr\/it\/prodotto\/pigiama-neonato-unisex-in-velluto-con-pompon-bianco\/","name":"Pigiama neonato in velluto bianco con pompon","isPartOf":{"@id":"https:\/\/voyagedelabaleine.fr\/it\/#website"},"primaryImageOfPage":{"@id":"https:\/\/voyagedelabaleine.fr\/it\/prodotto\/pigiama-neonato-unisex-in-velluto-con-pompon-bianco\/#primaryimage"},"image":{"@id":"https:\/\/voyagedelabaleine.fr\/it\/prodotto\/pigiama-neonato-unisex-in-velluto-con-pompon-bianco\/#primaryimage"},"thumbnailUrl":"https:\/\/voyagedelabaleine.fr\/wp-content\/uploads\/2023\/10\/pyjama-bebe-blanc-pompon.jpg","datePublished":"2023-10-05T19:45:43+00:00","dateModified":"2026-01-15T08:10:09+00:00","description":"Un pigiama neonato in velluto bianco classico e intramontabile, arricchito da due pompon che gli donano un sottile tocco di fantasia. Prodotto in Spagna.","breadcrumb":{"@id":"https:\/\/voyagedelabaleine.fr\/it\/prodotto\/pigiama-neonato-unisex-in-velluto-con-pompon-bianco\/#breadcrumb"},"inLanguage":"it-IT","potentialAction":[{"@type":"ReadAction","target":["https:\/\/voyagedelabaleine.fr\/it\/prodotto\/pigiama-neonato-unisex-in-velluto-con-pompon-bianco\/"]}]},{"@type":"ImageObject","inLanguage":"it-IT","@id":"https:\/\/voyagedelabaleine.fr\/it\/prodotto\/pigiama-neonato-unisex-in-velluto-con-pompon-bianco\/#primaryimage","url":"https:\/\/voyagedelabaleine.fr\/wp-content\/uploads\/2023\/10\/pyjama-bebe-blanc-pompon.jpg","contentUrl":"https:\/\/voyagedelabaleine.fr\/wp-content\/uploads\/2023\/10\/pyjama-bebe-blanc-pompon.jpg","width":868,"height":1157,"caption":"Pyjama b\u00e9b\u00e9 en velours blanc \u00e0 pompons"},{"@type":"BreadcrumbList","@id":"https:\/\/voyagedelabaleine.fr\/it\/prodotto\/pigiama-neonato-unisex-in-velluto-con-pompon-bianco\/#breadcrumb","itemListElement":[{"@type":"ListItem","position":1,"name":"Accueil","item":"https:\/\/voyagedelabaleine.fr\/it\/homepage\/"},{"@type":"ListItem","position":2,"name":"Tutta la collezione","item":"https:\/\/voyagedelabaleine.fr\/it\/tutta-la-collezione\/"},{"@type":"ListItem","position":3,"name":"Pigiama neonato unisex in velluto con pompon &#8211; Bianco"}]},{"@type":"WebSite","@id":"https:\/\/voyagedelabaleine.fr\/it\/#website","url":"https:\/\/voyagedelabaleine.fr\/it\/","name":"Voyage de la Baleine","description":"V\u00eatements intemporels et raffin\u00e9s pour b\u00e9b\u00e9s et enfants","publisher":{"@id":"https:\/\/voyagedelabaleine.fr\/it\/#organization"},"potentialAction":[{"@type":"SearchAction","target":{"@type":"EntryPoint","urlTemplate":"https:\/\/voyagedelabaleine.fr\/it\/?s={search_term_string}"},"query-input":{"@type":"PropertyValueSpecification","valueRequired":true,"valueName":"search_term_string"}}],"inLanguage":"it-IT"},{"@type":"Organization","@id":"https:\/\/voyagedelabaleine.fr\/it\/#organization","name":"Voyage de la Baleine","url":"https:\/\/voyagedelabaleine.fr\/it\/","logo":{"@type":"ImageObject","inLanguage":"it-IT","@id":"https:\/\/voyagedelabaleine.fr\/it\/#\/schema\/logo\/image\/","url":"https:\/\/voyagedelabaleine.fr\/wp-content\/uploads\/2025\/06\/logo.webp","contentUrl":"https:\/\/voyagedelabaleine.fr\/wp-content\/uploads\/2025\/06\/logo.webp","width":153,"height":64,"caption":"Voyage de la Baleine"},"image":{"@id":"https:\/\/voyagedelabaleine.fr\/it\/#\/schema\/logo\/image\/"},"sameAs":["https:\/\/www.facebook.com\/voyagedelabaleine\/","https:\/\/www.instagram.com\/voyagedelabaleine\/","https:\/\/www.pinterest.fr\/Voyagedelabaleine\/"]}]}},"_links":{"self":[{"href":"https:\/\/voyagedelabaleine.fr\/it\/wp-json\/wp\/v2\/product\/33244","targetHints":{"allow":["GET"]}}],"collection":[{"href":"https:\/\/voyagedelabaleine.fr\/it\/wp-json\/wp\/v2\/product"}],"about":[{"href":"https:\/\/voyagedelabaleine.fr\/it\/wp-json\/wp\/v2\/types\/product"}],"replies":[{"embeddable":true,"href":"https:\/\/voyagedelabaleine.fr\/it\/wp-json\/wp\/v2\/comments?post=33244"}],"wp:featuredmedia":[{"embeddable":true,"href":"https:\/\/voyagedelabaleine.fr\/it\/wp-json\/wp\/v2\/media\/16490"}],"wp:attachment":[{"href":"https:\/\/voyagedelabaleine.fr\/it\/wp-json\/wp\/v2\/media?parent=33244"}],"wp:term":[{"taxonomy":"product_brand","embeddable":true,"href":"https:\/\/voyagedelabaleine.fr\/it\/wp-json\/wp\/v2\/product_brand?post=33244"},{"taxonomy":"product_cat","embeddable":true,"href":"https:\/\/voyagedelabaleine.fr\/it\/wp-json\/wp\/v2\/product_cat?post=33244"},{"taxonomy":"product_tag","embeddable":true,"href":"https:\/\/voyagedelabaleine.fr\/it\/wp-json\/wp\/v2\/product_tag?post=33244"}],"curies":[{"name":"wp","href":"https:\/\/api.w.org\/{rel}","templated":true}]}}