{"id":33931,"date":"2024-07-15T16:29:23","date_gmt":"2024-07-15T14:29:23","guid":{"rendered":"https:\/\/voyagedelabaleine.fr\/product\/calzini-alti-per-neonato-con-pompon-in-caldo-cotone-blu-navy\/"},"modified":"2026-01-15T09:11:56","modified_gmt":"2026-01-15T08:11:56","slug":"calzini-alti-per-neonato-con-pompon-in-caldo-cotone-blu-navy","status":"publish","type":"product","link":"https:\/\/voyagedelabaleine.fr\/it\/prodotto\/calzini-alti-per-neonato-con-pompon-in-caldo-cotone-blu-navy\/","title":{"rendered":"Calzini alti per neonato con pompon in caldo cotone &#8211; Blu navy"},"content":{"rendered":"<p>I <strong>calzini per neonato blu navy con pompon<\/strong> sono qui per portare un tocco di divertimento e calore ai piedini del tuo piccolo tesoro! Realizzati in <strong>caldo cotone<\/strong>, garantiscono il massimo comfort pur essendo morbidi sulla pelle delicata del bambino. I pompon, aggiungendo un tocco giocoso, rendono questi calzini un accessorio tanto divertente quanto elegante.  <\/p>\n<p>Questi calzini, che arrivano sotto il ginocchio, sono perfetti per tenere i piedini del tuo bambino al caldo durante le stagioni fresche. Il <strong>colore blu navy<\/strong>, classico e sofisticato, si abbina a meraviglia con un bloomer o una tutina, rendendo ogni outfit adorabile e <strong>chic<\/strong>. Che il tuo bambino sia un maschietto o una femminuccia, questi calzini unisex si adattano a tutti gli stili con un&#8217;eleganza discreta.  <\/p>\n<p>Ideali per i momenti di gioco a casa o per le uscite in famiglia, aggiungono un tocco di fantasia a ogni passo. I <strong>pompon<\/strong> divertenti attirano l&#8217;attenzione e fanno sorridere, trasformando i calzini in un elemento di moda unico. Il caldo cotone offre una protezione efficace contro il freddo, mentre la qualit\u00e0 di fabbricazione assicura una <strong>durabilit\u00e0 eccezionale<\/strong>.  <\/p>\n<p>Lavate pi\u00f9 e pi\u00f9 volte, questi calzini conservano la loro forma e morbidezza, pronti a riscaldare i piedini del tuo bambino giorno dopo giorno. Offrire questi calzini significa garantire al tuo bambino momenti di comfort ineguagliabile con un tocco di fantasia. <\/p>\n<p><em>I nostri calzini per neonato blu navy con pompon diventeranno presto un immancabile nel guardaroba del tuo piccolo, aggiungendo una dose di piacere e calore a ogni avventura quotidiana.<\/em><\/p>\n<p>Fabbricati in Spagna.<\/p>\n","protected":false},"excerpt":{"rendered":"<ul>\n<li>Calzini alti a costine<\/li>\n<li>Calzini in caldo cotone<\/li>\n<li>Pompon decorativi<\/li>\n<li>Fabbricati in Spagna<\/li>\n<\/ul>\n","protected":false},"featured_media":11193,"comment_status":"open","ping_status":"closed","template":"","meta":{"ocean_post_layout":"","ocean_both_sidebars_style":"","ocean_both_sidebars_content_width":0,"ocean_both_sidebars_sidebars_width":0,"ocean_sidebar":"0","ocean_second_sidebar":"0","ocean_disable_margins":"enable","ocean_add_body_class":"","ocean_shortcode_before_top_bar":"","ocean_shortcode_after_top_bar":"","ocean_shortcode_before_header":"","ocean_shortcode_after_header":"","ocean_has_shortcode":"","ocean_shortcode_after_title":"","ocean_shortcode_before_footer_widgets":"","ocean_shortcode_after_footer_widgets":"","ocean_shortcode_before_footer_bottom":"","ocean_shortcode_after_footer_bottom":"","ocean_display_top_bar":"default","ocean_display_header":"default","ocean_header_style":"","ocean_center_header_left_menu":"0","ocean_custom_header_template":"0","ocean_custom_logo":0,"ocean_custom_retina_logo":0,"ocean_custom_logo_max_width":0,"ocean_custom_logo_tablet_max_width":0,"ocean_custom_logo_mobile_max_width":0,"ocean_custom_logo_max_height":0,"ocean_custom_logo_tablet_max_height":0,"ocean_custom_logo_mobile_max_height":0,"ocean_header_custom_menu":"0","ocean_menu_typo_font_family":"0","ocean_menu_typo_font_subset":"","ocean_menu_typo_font_size":0,"ocean_menu_typo_font_size_tablet":0,"ocean_menu_typo_font_size_mobile":0,"ocean_menu_typo_font_size_unit":"px","ocean_menu_typo_font_weight":"","ocean_menu_typo_font_weight_tablet":"","ocean_menu_typo_font_weight_mobile":"","ocean_menu_typo_transform":"","ocean_menu_typo_transform_tablet":"","ocean_menu_typo_transform_mobile":"","ocean_menu_typo_line_height":0,"ocean_menu_typo_line_height_tablet":0,"ocean_menu_typo_line_height_mobile":0,"ocean_menu_typo_line_height_unit":"","ocean_menu_typo_spacing":0,"ocean_menu_typo_spacing_tablet":0,"ocean_menu_typo_spacing_mobile":0,"ocean_menu_typo_spacing_unit":"","ocean_menu_link_color":"","ocean_menu_link_color_hover":"","ocean_menu_link_color_active":"","ocean_menu_link_background":"","ocean_menu_link_hover_background":"","ocean_menu_link_active_background":"","ocean_menu_social_links_bg":"","ocean_menu_social_hover_links_bg":"","ocean_menu_social_links_color":"","ocean_menu_social_hover_links_color":"","ocean_disable_title":"default","ocean_disable_heading":"default","ocean_post_title":"","ocean_post_subheading":"","ocean_post_title_style":"","ocean_post_title_background_color":"","ocean_post_title_background":0,"ocean_post_title_bg_image_position":"","ocean_post_title_bg_image_attachment":"","ocean_post_title_bg_image_repeat":"","ocean_post_title_bg_image_size":"","ocean_post_title_height":0,"ocean_post_title_bg_overlay":0.5,"ocean_post_title_bg_overlay_color":"","ocean_disable_breadcrumbs":"default","ocean_breadcrumbs_color":"","ocean_breadcrumbs_separator_color":"","ocean_breadcrumbs_links_color":"","ocean_breadcrumbs_links_hover_color":"","ocean_display_footer_widgets":"default","ocean_display_footer_bottom":"default","ocean_custom_footer_template":"0","osh_disable_topbar_sticky":"default","osh_disable_header_sticky":"default","osh_sticky_header_style":"default","osh_sticky_header_effect":"","osh_custom_sticky_logo":0,"osh_custom_retina_sticky_logo":0,"osh_custom_sticky_logo_height":0,"osh_background_color":"","osh_links_color":"","osh_links_hover_color":"","osh_links_active_color":"","osh_links_bg_color":"","osh_links_hover_bg_color":"","osh_links_active_bg_color":"","osh_menu_social_links_color":"","osh_menu_social_hover_links_color":""},"product_brand":[],"product_cat":[6888,6962,6978,7002,6902,6894,6918,6826,6852],"product_tag":[],"class_list":{"0":"post-33931","1":"product","2":"type-product","3":"status-publish","4":"has-post-thumbnail","6":"product_cat-calze-collant-neonati-bambini","7":"product_cat-calzini-collant-nascita","8":"product_cat-calzini-collant-nascita-ragazza","9":"product_cat-calzini-collant-nascita-ragazzo-2","10":"product_cat-calzini-collant-bambina","11":"product_cat-calzini-collant-bambini","12":"product_cat-calzini-collant-bambino","13":"product_cat-calzini-collant-neonata","14":"product_cat-calzini-collant-neonato","16":"entry","17":"has-media","19":"first","20":"instock","21":"taxable","22":"shipping-taxable","23":"purchasable","24":"product-type-variable","25":"has-default-attributes","26":"has-rating","27":"col","28":"span_1_of_3","29":"owp-content-center","30":"owp-thumbs-layout-vertical","31":"owp-btn-big","32":"owp-tabs-layout-vertical","33":"circle-sale"},"yoast_head":"<!-- This site is optimized with the Yoast SEO plugin v27.1.1 - https:\/\/yoast.com\/product\/yoast-seo-wordpress\/ -->\n<title>Calzini per neonato blu navy con pompon<\/title>\n<meta name=\"description\" content=\"Calzini per neonato blu navy con pompon, sotto il ginocchio, con graziosi pompon abbinati. Comodi ed eleganti. Fabbricati in Spagna.\" \/>\n<meta name=\"robots\" content=\"index, follow, max-snippet:-1, max-image-preview:large, max-video-preview:-1\" \/>\n<link rel=\"canonical\" href=\"https:\/\/voyagedelabaleine.fr\/it\/prodotto\/calzini-alti-per-neonato-con-pompon-in-caldo-cotone-blu-navy\/\" \/>\n<meta property=\"og:locale\" content=\"it_IT\" \/>\n<meta property=\"og:type\" content=\"article\" \/>\n<meta property=\"og:title\" content=\"Calzini per neonato blu navy con pompon\" \/>\n<meta property=\"og:description\" content=\"Calzini per neonato blu navy con pompon, sotto il ginocchio, con graziosi pompon abbinati. Comodi ed eleganti. Fabbricati in Spagna.\" \/>\n<meta property=\"og:url\" content=\"https:\/\/voyagedelabaleine.fr\/it\/prodotto\/calzini-alti-per-neonato-con-pompon-in-caldo-cotone-blu-navy\/\" \/>\n<meta property=\"og:site_name\" content=\"Voyage de la Baleine\" \/>\n<meta property=\"article:publisher\" content=\"https:\/\/www.facebook.com\/voyagedelabaleine\/\" \/>\n<meta property=\"article:modified_time\" content=\"2026-01-15T08:11:56+00:00\" \/>\n<meta property=\"og:image\" content=\"https:\/\/voyagedelabaleine.fr\/wp-content\/uploads\/2024\/07\/chaussettes-bebe-bleues-pompon-1.jpg\" \/>\n\t<meta property=\"og:image:width\" content=\"855\" \/>\n\t<meta property=\"og:image:height\" content=\"1140\" \/>\n\t<meta property=\"og:image:type\" content=\"image\/jpeg\" \/>\n<meta name=\"twitter:card\" content=\"summary_large_image\" \/>\n<meta name=\"twitter:label1\" content=\"Tempo di lettura stimato\" \/>\n\t<meta name=\"twitter:data1\" content=\"1 minuto\" \/>\n<script type=\"application\/ld+json\" class=\"yoast-schema-graph\">{\"@context\":\"https:\/\/schema.org\",\"@graph\":[{\"@type\":\"WebPage\",\"@id\":\"https:\/\/voyagedelabaleine.fr\/it\/prodotto\/calzini-alti-per-neonato-con-pompon-in-caldo-cotone-blu-navy\/\",\"url\":\"https:\/\/voyagedelabaleine.fr\/it\/prodotto\/calzini-alti-per-neonato-con-pompon-in-caldo-cotone-blu-navy\/\",\"name\":\"Calzini per neonato blu navy con pompon\",\"isPartOf\":{\"@id\":\"https:\/\/voyagedelabaleine.fr\/it\/#website\"},\"primaryImageOfPage\":{\"@id\":\"https:\/\/voyagedelabaleine.fr\/it\/prodotto\/calzini-alti-per-neonato-con-pompon-in-caldo-cotone-blu-navy\/#primaryimage\"},\"image\":{\"@id\":\"https:\/\/voyagedelabaleine.fr\/it\/prodotto\/calzini-alti-per-neonato-con-pompon-in-caldo-cotone-blu-navy\/#primaryimage\"},\"thumbnailUrl\":\"https:\/\/voyagedelabaleine.fr\/wp-content\/uploads\/2024\/07\/chaussettes-bebe-bleues-pompon-1.jpg\",\"datePublished\":\"2024-07-15T14:29:23+00:00\",\"dateModified\":\"2026-01-15T08:11:56+00:00\",\"description\":\"Calzini per neonato blu navy con pompon, sotto il ginocchio, con graziosi pompon abbinati. Comodi ed eleganti. Fabbricati in Spagna.\",\"breadcrumb\":{\"@id\":\"https:\/\/voyagedelabaleine.fr\/it\/prodotto\/calzini-alti-per-neonato-con-pompon-in-caldo-cotone-blu-navy\/#breadcrumb\"},\"inLanguage\":\"it-IT\",\"potentialAction\":[{\"@type\":\"ReadAction\",\"target\":[\"https:\/\/voyagedelabaleine.fr\/it\/prodotto\/calzini-alti-per-neonato-con-pompon-in-caldo-cotone-blu-navy\/\"]}]},{\"@type\":\"ImageObject\",\"inLanguage\":\"it-IT\",\"@id\":\"https:\/\/voyagedelabaleine.fr\/it\/prodotto\/calzini-alti-per-neonato-con-pompon-in-caldo-cotone-blu-navy\/#primaryimage\",\"url\":\"https:\/\/voyagedelabaleine.fr\/wp-content\/uploads\/2024\/07\/chaussettes-bebe-bleues-pompon-1.jpg\",\"contentUrl\":\"https:\/\/voyagedelabaleine.fr\/wp-content\/uploads\/2024\/07\/chaussettes-bebe-bleues-pompon-1.jpg\",\"width\":855,\"height\":1140,\"caption\":\"Chaussettes b\u00e9b\u00e9 bleu marine hautes \u00e0 pompons en coton chaud\"},{\"@type\":\"BreadcrumbList\",\"@id\":\"https:\/\/voyagedelabaleine.fr\/it\/prodotto\/calzini-alti-per-neonato-con-pompon-in-caldo-cotone-blu-navy\/#breadcrumb\",\"itemListElement\":[{\"@type\":\"ListItem\",\"position\":1,\"name\":\"Accueil\",\"item\":\"https:\/\/voyagedelabaleine.fr\/it\/homepage\/\"},{\"@type\":\"ListItem\",\"position\":2,\"name\":\"Tutta la collezione\",\"item\":\"https:\/\/voyagedelabaleine.fr\/it\/tutta-la-collezione\/\"},{\"@type\":\"ListItem\",\"position\":3,\"name\":\"Calzini alti per neonato con pompon in caldo cotone &#8211; Blu navy\"}]},{\"@type\":\"WebSite\",\"@id\":\"https:\/\/voyagedelabaleine.fr\/it\/#website\",\"url\":\"https:\/\/voyagedelabaleine.fr\/it\/\",\"name\":\"Voyage de la Baleine\",\"description\":\"V\u00eatements intemporels et raffin\u00e9s pour b\u00e9b\u00e9s et enfants\",\"publisher\":{\"@id\":\"https:\/\/voyagedelabaleine.fr\/it\/#organization\"},\"potentialAction\":[{\"@type\":\"SearchAction\",\"target\":{\"@type\":\"EntryPoint\",\"urlTemplate\":\"https:\/\/voyagedelabaleine.fr\/it\/?s={search_term_string}\"},\"query-input\":{\"@type\":\"PropertyValueSpecification\",\"valueRequired\":true,\"valueName\":\"search_term_string\"}}],\"inLanguage\":\"it-IT\"},{\"@type\":\"Organization\",\"@id\":\"https:\/\/voyagedelabaleine.fr\/it\/#organization\",\"name\":\"Voyage de la Baleine\",\"url\":\"https:\/\/voyagedelabaleine.fr\/it\/\",\"logo\":{\"@type\":\"ImageObject\",\"inLanguage\":\"it-IT\",\"@id\":\"https:\/\/voyagedelabaleine.fr\/it\/#\/schema\/logo\/image\/\",\"url\":\"https:\/\/voyagedelabaleine.fr\/wp-content\/uploads\/2025\/06\/logo.webp\",\"contentUrl\":\"https:\/\/voyagedelabaleine.fr\/wp-content\/uploads\/2025\/06\/logo.webp\",\"width\":153,\"height\":64,\"caption\":\"Voyage de la Baleine\"},\"image\":{\"@id\":\"https:\/\/voyagedelabaleine.fr\/it\/#\/schema\/logo\/image\/\"},\"sameAs\":[\"https:\/\/www.facebook.com\/voyagedelabaleine\/\",\"https:\/\/www.instagram.com\/voyagedelabaleine\/\",\"https:\/\/www.pinterest.fr\/Voyagedelabaleine\/\"]}]}<\/script>\n<!-- \/ Yoast SEO plugin. -->","yoast_head_json":{"title":"Calzini per neonato blu navy con pompon","description":"Calzini per neonato blu navy con pompon, sotto il ginocchio, con graziosi pompon abbinati. Comodi ed eleganti. Fabbricati in Spagna.","robots":{"index":"index","follow":"follow","max-snippet":"max-snippet:-1","max-image-preview":"max-image-preview:large","max-video-preview":"max-video-preview:-1"},"canonical":"https:\/\/voyagedelabaleine.fr\/it\/prodotto\/calzini-alti-per-neonato-con-pompon-in-caldo-cotone-blu-navy\/","og_locale":"it_IT","og_type":"article","og_title":"Calzini per neonato blu navy con pompon","og_description":"Calzini per neonato blu navy con pompon, sotto il ginocchio, con graziosi pompon abbinati. Comodi ed eleganti. Fabbricati in Spagna.","og_url":"https:\/\/voyagedelabaleine.fr\/it\/prodotto\/calzini-alti-per-neonato-con-pompon-in-caldo-cotone-blu-navy\/","og_site_name":"Voyage de la Baleine","article_publisher":"https:\/\/www.facebook.com\/voyagedelabaleine\/","article_modified_time":"2026-01-15T08:11:56+00:00","og_image":[{"width":855,"height":1140,"url":"https:\/\/voyagedelabaleine.fr\/wp-content\/uploads\/2024\/07\/chaussettes-bebe-bleues-pompon-1.jpg","type":"image\/jpeg"}],"twitter_card":"summary_large_image","twitter_misc":{"Tempo di lettura stimato":"1 minuto"},"schema":{"@context":"https:\/\/schema.org","@graph":[{"@type":"WebPage","@id":"https:\/\/voyagedelabaleine.fr\/it\/prodotto\/calzini-alti-per-neonato-con-pompon-in-caldo-cotone-blu-navy\/","url":"https:\/\/voyagedelabaleine.fr\/it\/prodotto\/calzini-alti-per-neonato-con-pompon-in-caldo-cotone-blu-navy\/","name":"Calzini per neonato blu navy con pompon","isPartOf":{"@id":"https:\/\/voyagedelabaleine.fr\/it\/#website"},"primaryImageOfPage":{"@id":"https:\/\/voyagedelabaleine.fr\/it\/prodotto\/calzini-alti-per-neonato-con-pompon-in-caldo-cotone-blu-navy\/#primaryimage"},"image":{"@id":"https:\/\/voyagedelabaleine.fr\/it\/prodotto\/calzini-alti-per-neonato-con-pompon-in-caldo-cotone-blu-navy\/#primaryimage"},"thumbnailUrl":"https:\/\/voyagedelabaleine.fr\/wp-content\/uploads\/2024\/07\/chaussettes-bebe-bleues-pompon-1.jpg","datePublished":"2024-07-15T14:29:23+00:00","dateModified":"2026-01-15T08:11:56+00:00","description":"Calzini per neonato blu navy con pompon, sotto il ginocchio, con graziosi pompon abbinati. Comodi ed eleganti. Fabbricati in Spagna.","breadcrumb":{"@id":"https:\/\/voyagedelabaleine.fr\/it\/prodotto\/calzini-alti-per-neonato-con-pompon-in-caldo-cotone-blu-navy\/#breadcrumb"},"inLanguage":"it-IT","potentialAction":[{"@type":"ReadAction","target":["https:\/\/voyagedelabaleine.fr\/it\/prodotto\/calzini-alti-per-neonato-con-pompon-in-caldo-cotone-blu-navy\/"]}]},{"@type":"ImageObject","inLanguage":"it-IT","@id":"https:\/\/voyagedelabaleine.fr\/it\/prodotto\/calzini-alti-per-neonato-con-pompon-in-caldo-cotone-blu-navy\/#primaryimage","url":"https:\/\/voyagedelabaleine.fr\/wp-content\/uploads\/2024\/07\/chaussettes-bebe-bleues-pompon-1.jpg","contentUrl":"https:\/\/voyagedelabaleine.fr\/wp-content\/uploads\/2024\/07\/chaussettes-bebe-bleues-pompon-1.jpg","width":855,"height":1140,"caption":"Chaussettes b\u00e9b\u00e9 bleu marine hautes \u00e0 pompons en coton chaud"},{"@type":"BreadcrumbList","@id":"https:\/\/voyagedelabaleine.fr\/it\/prodotto\/calzini-alti-per-neonato-con-pompon-in-caldo-cotone-blu-navy\/#breadcrumb","itemListElement":[{"@type":"ListItem","position":1,"name":"Accueil","item":"https:\/\/voyagedelabaleine.fr\/it\/homepage\/"},{"@type":"ListItem","position":2,"name":"Tutta la collezione","item":"https:\/\/voyagedelabaleine.fr\/it\/tutta-la-collezione\/"},{"@type":"ListItem","position":3,"name":"Calzini alti per neonato con pompon in caldo cotone &#8211; Blu navy"}]},{"@type":"WebSite","@id":"https:\/\/voyagedelabaleine.fr\/it\/#website","url":"https:\/\/voyagedelabaleine.fr\/it\/","name":"Voyage de la Baleine","description":"V\u00eatements intemporels et raffin\u00e9s pour b\u00e9b\u00e9s et enfants","publisher":{"@id":"https:\/\/voyagedelabaleine.fr\/it\/#organization"},"potentialAction":[{"@type":"SearchAction","target":{"@type":"EntryPoint","urlTemplate":"https:\/\/voyagedelabaleine.fr\/it\/?s={search_term_string}"},"query-input":{"@type":"PropertyValueSpecification","valueRequired":true,"valueName":"search_term_string"}}],"inLanguage":"it-IT"},{"@type":"Organization","@id":"https:\/\/voyagedelabaleine.fr\/it\/#organization","name":"Voyage de la Baleine","url":"https:\/\/voyagedelabaleine.fr\/it\/","logo":{"@type":"ImageObject","inLanguage":"it-IT","@id":"https:\/\/voyagedelabaleine.fr\/it\/#\/schema\/logo\/image\/","url":"https:\/\/voyagedelabaleine.fr\/wp-content\/uploads\/2025\/06\/logo.webp","contentUrl":"https:\/\/voyagedelabaleine.fr\/wp-content\/uploads\/2025\/06\/logo.webp","width":153,"height":64,"caption":"Voyage de la Baleine"},"image":{"@id":"https:\/\/voyagedelabaleine.fr\/it\/#\/schema\/logo\/image\/"},"sameAs":["https:\/\/www.facebook.com\/voyagedelabaleine\/","https:\/\/www.instagram.com\/voyagedelabaleine\/","https:\/\/www.pinterest.fr\/Voyagedelabaleine\/"]}]}},"_links":{"self":[{"href":"https:\/\/voyagedelabaleine.fr\/it\/wp-json\/wp\/v2\/product\/33931","targetHints":{"allow":["GET"]}}],"collection":[{"href":"https:\/\/voyagedelabaleine.fr\/it\/wp-json\/wp\/v2\/product"}],"about":[{"href":"https:\/\/voyagedelabaleine.fr\/it\/wp-json\/wp\/v2\/types\/product"}],"replies":[{"embeddable":true,"href":"https:\/\/voyagedelabaleine.fr\/it\/wp-json\/wp\/v2\/comments?post=33931"}],"wp:featuredmedia":[{"embeddable":true,"href":"https:\/\/voyagedelabaleine.fr\/it\/wp-json\/wp\/v2\/media\/11193"}],"wp:attachment":[{"href":"https:\/\/voyagedelabaleine.fr\/it\/wp-json\/wp\/v2\/media?parent=33931"}],"wp:term":[{"taxonomy":"product_brand","embeddable":true,"href":"https:\/\/voyagedelabaleine.fr\/it\/wp-json\/wp\/v2\/product_brand?post=33931"},{"taxonomy":"product_cat","embeddable":true,"href":"https:\/\/voyagedelabaleine.fr\/it\/wp-json\/wp\/v2\/product_cat?post=33931"},{"taxonomy":"product_tag","embeddable":true,"href":"https:\/\/voyagedelabaleine.fr\/it\/wp-json\/wp\/v2\/product_tag?post=33931"}],"curies":[{"name":"wp","href":"https:\/\/api.w.org\/{rel}","templated":true}]}}