{"id":34126,"date":"2024-09-05T09:56:42","date_gmt":"2024-09-05T07:56:42","guid":{"rendered":"https:\/\/voyagedelabaleine.fr\/product\/blusa-neonata-con-colletto-a-balze-bianco\/"},"modified":"2026-01-15T09:12:24","modified_gmt":"2026-01-15T08:12:24","slug":"blusa-neonata-con-colletto-a-balze-bianco","status":"publish","type":"product","link":"https:\/\/voyagedelabaleine.fr\/it\/prodotto\/blusa-neonata-con-colletto-a-balze-bianco\/","title":{"rendered":"Blusa neonata con colletto a balze &#8211; Bianco"},"content":{"rendered":"<p>Vesti la tua piccola principessa con un&#8217;eleganza senza tempo grazie alla nostra <strong>blusa bianca neonata in garza di cotone con colletto a balze<\/strong>. Allo stesso tempo chic e confortevole, questa blusa \u00e8 ideale per tutte le occasioni, dalle uscite quotidiane agli eventi pi\u00f9 eleganti, offrendo un&#8217;opzione raffinata e delicata per la tua bambina. <\/p>\n<p>Realizzata in <strong>garza di cotone di alta qualit\u00e0<\/strong>, questa <strong>blusa bianca<\/strong> assicura una morbidezza incomparabile sulla pelle sensibile della tua bambina. Il tessuto leggero e traspirante permette alla tua bambina di muoversi liberamente rimanendo comoda per tutto il giorno. La texture ariosa della <strong>garza di cotone<\/strong> le conferisce anche una sensazione di freschezza, perfetta per le giornate pi\u00f9 calde o per un&#8217;elegante sovrapposizione durante i mesi pi\u00f9 freschi.  <\/p>\n<p>Il <strong>colletto a balze delicato<\/strong>, uno degli elementi distintivi di questa blusa, aggiunge un tocco di raffinatezza e femminilit\u00e0. Questo dettaglio raffinato trasforma questa semplice blusa in un capo senza tempo che si distingue per la sua eleganza. Le <strong>maniche lunghe<\/strong> e il <strong>taglio fluido<\/strong> offrono alla tua bambina una grande libert\u00e0 di movimento, permettendole di giocare e divertirsi senza alcuna costrizione.  <\/p>\n<p><strong>Versatile<\/strong> e facile da abbinare, questa blusa si abbina perfettamente a <a href=\"https:\/\/voyagedelabaleine.fr\/it\/categorie-produit\/neonati\/abbigliamento-chic-neonati\/pagliaccetto-salopette-neonati\/\">pagliaccetti<\/a> o <a href=\"https:\/\/voyagedelabaleine.fr\/it\/categorie-produit\/neonati\/abbigliamento-chic-neonati\/bloomer-short-pantaloni-neonati\/\">bloomers<\/a>, e pu\u00f2 essere indossata da sola o sotto un gilet o un cardigan per un look pi\u00f9 elegante. Che sia per un&#8217;uscita in famiglia, una cerimonia speciale o un&#8217;occasione festiva, questa blusa bianca in garza di cotone sar\u00e0 sempre una scelta impeccabile. <\/p>\n<p>Offri alla tua bambina la <strong>morbidezza<\/strong> e l&#8217;eleganza di questa blusa in garza di cotone con colletto a balze. Ideale per i genitori che cercano comfort e stile allo stesso tempo, questa blusa diventer\u00e0 rapidamente un capo preferito del guardaroba della tua bambina, per momenti preziosi e memorabili. <\/p>\n<p><em>Questa blusa con colletto a balze in garza di cotone \u00e8 disponibile anche in <a href=\"https:\/\/voyagedelabaleine.fr\/it\/product\/camicetta-neonata-con-colletto-a-balze-verde\/\">verde<\/a>.<\/em><\/p>\n<p>Fabbricato in Spagna.<\/p>\n","protected":false},"excerpt":{"rendered":"<ul>\n<li>Taglio ampio<\/li>\n<li>Polsini elasticizzati<\/li>\n<li>Chiusura con bottoni sul retro<\/li>\n<li>100% garza di cotone<\/li>\n<li>Prodotta in Spagna<br \/>\n<em>Questa blusa veste leggermente piccola. Se esiti tra due taglie, scegli la taglia superiore.<\/em><\/li>\n<\/ul>\n","protected":false},"featured_media":16611,"comment_status":"open","ping_status":"closed","template":"","meta":{"ocean_post_layout":"","ocean_both_sidebars_style":"","ocean_both_sidebars_content_width":0,"ocean_both_sidebars_sidebars_width":0,"ocean_sidebar":"0","ocean_second_sidebar":"0","ocean_disable_margins":"enable","ocean_add_body_class":"","ocean_shortcode_before_top_bar":"","ocean_shortcode_after_top_bar":"","ocean_shortcode_before_header":"","ocean_shortcode_after_header":"","ocean_has_shortcode":"","ocean_shortcode_after_title":"","ocean_shortcode_before_footer_widgets":"","ocean_shortcode_after_footer_widgets":"","ocean_shortcode_before_footer_bottom":"","ocean_shortcode_after_footer_bottom":"","ocean_display_top_bar":"default","ocean_display_header":"default","ocean_header_style":"","ocean_center_header_left_menu":"0","ocean_custom_header_template":"0","ocean_custom_logo":0,"ocean_custom_retina_logo":0,"ocean_custom_logo_max_width":0,"ocean_custom_logo_tablet_max_width":0,"ocean_custom_logo_mobile_max_width":0,"ocean_custom_logo_max_height":0,"ocean_custom_logo_tablet_max_height":0,"ocean_custom_logo_mobile_max_height":0,"ocean_header_custom_menu":"0","ocean_menu_typo_font_family":"0","ocean_menu_typo_font_subset":"","ocean_menu_typo_font_size":0,"ocean_menu_typo_font_size_tablet":0,"ocean_menu_typo_font_size_mobile":0,"ocean_menu_typo_font_size_unit":"px","ocean_menu_typo_font_weight":"","ocean_menu_typo_font_weight_tablet":"","ocean_menu_typo_font_weight_mobile":"","ocean_menu_typo_transform":"","ocean_menu_typo_transform_tablet":"","ocean_menu_typo_transform_mobile":"","ocean_menu_typo_line_height":0,"ocean_menu_typo_line_height_tablet":0,"ocean_menu_typo_line_height_mobile":0,"ocean_menu_typo_line_height_unit":"","ocean_menu_typo_spacing":0,"ocean_menu_typo_spacing_tablet":0,"ocean_menu_typo_spacing_mobile":0,"ocean_menu_typo_spacing_unit":"","ocean_menu_link_color":"","ocean_menu_link_color_hover":"","ocean_menu_link_color_active":"","ocean_menu_link_background":"","ocean_menu_link_hover_background":"","ocean_menu_link_active_background":"","ocean_menu_social_links_bg":"","ocean_menu_social_hover_links_bg":"","ocean_menu_social_links_color":"","ocean_menu_social_hover_links_color":"","ocean_disable_title":"default","ocean_disable_heading":"default","ocean_post_title":"","ocean_post_subheading":"","ocean_post_title_style":"","ocean_post_title_background_color":"","ocean_post_title_background":0,"ocean_post_title_bg_image_position":"","ocean_post_title_bg_image_attachment":"","ocean_post_title_bg_image_repeat":"","ocean_post_title_bg_image_size":"","ocean_post_title_height":0,"ocean_post_title_bg_overlay":0.5,"ocean_post_title_bg_overlay_color":"","ocean_disable_breadcrumbs":"default","ocean_breadcrumbs_color":"","ocean_breadcrumbs_separator_color":"","ocean_breadcrumbs_links_color":"","ocean_breadcrumbs_links_hover_color":"","ocean_display_footer_widgets":"default","ocean_display_footer_bottom":"default","ocean_custom_footer_template":"0","osh_disable_topbar_sticky":"default","osh_disable_header_sticky":"default","osh_sticky_header_style":"default","osh_sticky_header_effect":"","osh_custom_sticky_logo":0,"osh_custom_retina_sticky_logo":0,"osh_custom_sticky_logo_height":0,"osh_background_color":"","osh_links_color":"","osh_links_hover_color":"","osh_links_active_color":"","osh_links_bg_color":"","osh_links_hover_bg_color":"","osh_links_active_bg_color":"","osh_menu_social_links_color":"","osh_menu_social_hover_links_color":""},"product_brand":[],"product_cat":[7030,7016,6974,6900,6940,6822,6876],"product_tag":[],"class_list":{"0":"post-34126","1":"product","2":"type-product","3":"status-publish","4":"has-post-thumbnail","6":"product_cat-abbigliamento","7":"product_cat-blusa-camicia-nascita","8":"product_cat-blusa-camicia-nascita-ragazza","9":"product_cat-blusa-camicia-bambina","10":"product_cat-blusa-camicia-bambini","11":"product_cat-blusa-e-camicia-per-neonata","12":"product_cat-blusa-camicia-neonati","14":"entry","15":"has-media","17":"first","18":"instock","19":"taxable","20":"shipping-taxable","21":"purchasable","22":"product-type-variable","23":"has-default-attributes","24":"has-rating","25":"col","26":"span_1_of_3","27":"owp-content-center","28":"owp-thumbs-layout-vertical","29":"owp-btn-big","30":"owp-tabs-layout-vertical","31":"circle-sale"},"yoast_head":"<!-- This site is optimized with the Yoast SEO plugin v27.1.1 - https:\/\/yoast.com\/product\/yoast-seo-wordpress\/ -->\n<title>Blusa neonata con colletto a balze in garza di cotone<\/title>\n<meta name=\"description\" content=\"Vesti la tua piccola principessa con un&#039;eleganza senza tempo grazie alla nostra blusa bianca neonata in cotone con colletto a balze. Fabbricato in Spagna.\" \/>\n<meta name=\"robots\" content=\"index, follow, max-snippet:-1, max-image-preview:large, max-video-preview:-1\" \/>\n<link rel=\"canonical\" href=\"https:\/\/voyagedelabaleine.fr\/it\/prodotto\/blusa-neonata-con-colletto-a-balze-bianco\/\" \/>\n<meta property=\"og:locale\" content=\"it_IT\" \/>\n<meta property=\"og:type\" content=\"article\" \/>\n<meta property=\"og:title\" content=\"Blusa neonata con colletto a balze in garza di cotone\" \/>\n<meta property=\"og:description\" content=\"Vesti la tua piccola principessa con un&#039;eleganza senza tempo grazie alla nostra blusa bianca neonata in cotone con colletto a balze. Fabbricato in Spagna.\" \/>\n<meta property=\"og:url\" content=\"https:\/\/voyagedelabaleine.fr\/it\/prodotto\/blusa-neonata-con-colletto-a-balze-bianco\/\" \/>\n<meta property=\"og:site_name\" content=\"Voyage de la Baleine\" \/>\n<meta property=\"article:publisher\" content=\"https:\/\/www.facebook.com\/voyagedelabaleine\/\" \/>\n<meta property=\"article:modified_time\" content=\"2026-01-15T08:12:24+00:00\" \/>\n<meta property=\"og:image\" content=\"https:\/\/voyagedelabaleine.fr\/wp-content\/uploads\/2024\/09\/blouse-bebe-gaze-coton-blanche.jpg\" \/>\n\t<meta property=\"og:image:width\" content=\"1500\" \/>\n\t<meta property=\"og:image:height\" content=\"1999\" \/>\n\t<meta property=\"og:image:type\" content=\"image\/jpeg\" \/>\n<meta name=\"twitter:card\" content=\"summary_large_image\" \/>\n<meta name=\"twitter:label1\" content=\"Tempo di lettura stimato\" \/>\n\t<meta name=\"twitter:data1\" content=\"2 minuto\" \/>\n<script type=\"application\/ld+json\" class=\"yoast-schema-graph\">{\"@context\":\"https:\/\/schema.org\",\"@graph\":[{\"@type\":\"WebPage\",\"@id\":\"https:\/\/voyagedelabaleine.fr\/it\/prodotto\/blusa-neonata-con-colletto-a-balze-bianco\/\",\"url\":\"https:\/\/voyagedelabaleine.fr\/it\/prodotto\/blusa-neonata-con-colletto-a-balze-bianco\/\",\"name\":\"Blusa neonata con colletto a balze in garza di cotone\",\"isPartOf\":{\"@id\":\"https:\/\/voyagedelabaleine.fr\/it\/#website\"},\"primaryImageOfPage\":{\"@id\":\"https:\/\/voyagedelabaleine.fr\/it\/prodotto\/blusa-neonata-con-colletto-a-balze-bianco\/#primaryimage\"},\"image\":{\"@id\":\"https:\/\/voyagedelabaleine.fr\/it\/prodotto\/blusa-neonata-con-colletto-a-balze-bianco\/#primaryimage\"},\"thumbnailUrl\":\"https:\/\/voyagedelabaleine.fr\/wp-content\/uploads\/2024\/09\/blouse-bebe-gaze-coton-blanche.jpg\",\"datePublished\":\"2024-09-05T07:56:42+00:00\",\"dateModified\":\"2026-01-15T08:12:24+00:00\",\"description\":\"Vesti la tua piccola principessa con un'eleganza senza tempo grazie alla nostra blusa bianca neonata in cotone con colletto a balze. Fabbricato in Spagna.\",\"breadcrumb\":{\"@id\":\"https:\/\/voyagedelabaleine.fr\/it\/prodotto\/blusa-neonata-con-colletto-a-balze-bianco\/#breadcrumb\"},\"inLanguage\":\"it-IT\",\"potentialAction\":[{\"@type\":\"ReadAction\",\"target\":[\"https:\/\/voyagedelabaleine.fr\/it\/prodotto\/blusa-neonata-con-colletto-a-balze-bianco\/\"]}]},{\"@type\":\"ImageObject\",\"inLanguage\":\"it-IT\",\"@id\":\"https:\/\/voyagedelabaleine.fr\/it\/prodotto\/blusa-neonata-con-colletto-a-balze-bianco\/#primaryimage\",\"url\":\"https:\/\/voyagedelabaleine.fr\/wp-content\/uploads\/2024\/09\/blouse-bebe-gaze-coton-blanche.jpg\",\"contentUrl\":\"https:\/\/voyagedelabaleine.fr\/wp-content\/uploads\/2024\/09\/blouse-bebe-gaze-coton-blanche.jpg\",\"width\":1500,\"height\":1999,\"caption\":\"Blouse b\u00e9b\u00e9 fille blanche manches longues \u00e0 collerette en gaze de coton\"},{\"@type\":\"BreadcrumbList\",\"@id\":\"https:\/\/voyagedelabaleine.fr\/it\/prodotto\/blusa-neonata-con-colletto-a-balze-bianco\/#breadcrumb\",\"itemListElement\":[{\"@type\":\"ListItem\",\"position\":1,\"name\":\"Accueil\",\"item\":\"https:\/\/voyagedelabaleine.fr\/it\/homepage\/\"},{\"@type\":\"ListItem\",\"position\":2,\"name\":\"Tutta la collezione\",\"item\":\"https:\/\/voyagedelabaleine.fr\/it\/tutta-la-collezione\/\"},{\"@type\":\"ListItem\",\"position\":3,\"name\":\"Blusa neonata con colletto a balze &#8211; Bianco\"}]},{\"@type\":\"WebSite\",\"@id\":\"https:\/\/voyagedelabaleine.fr\/it\/#website\",\"url\":\"https:\/\/voyagedelabaleine.fr\/it\/\",\"name\":\"Voyage de la Baleine\",\"description\":\"V\u00eatements intemporels et raffin\u00e9s pour b\u00e9b\u00e9s et enfants\",\"publisher\":{\"@id\":\"https:\/\/voyagedelabaleine.fr\/it\/#organization\"},\"potentialAction\":[{\"@type\":\"SearchAction\",\"target\":{\"@type\":\"EntryPoint\",\"urlTemplate\":\"https:\/\/voyagedelabaleine.fr\/it\/?s={search_term_string}\"},\"query-input\":{\"@type\":\"PropertyValueSpecification\",\"valueRequired\":true,\"valueName\":\"search_term_string\"}}],\"inLanguage\":\"it-IT\"},{\"@type\":\"Organization\",\"@id\":\"https:\/\/voyagedelabaleine.fr\/it\/#organization\",\"name\":\"Voyage de la Baleine\",\"url\":\"https:\/\/voyagedelabaleine.fr\/it\/\",\"logo\":{\"@type\":\"ImageObject\",\"inLanguage\":\"it-IT\",\"@id\":\"https:\/\/voyagedelabaleine.fr\/it\/#\/schema\/logo\/image\/\",\"url\":\"https:\/\/voyagedelabaleine.fr\/wp-content\/uploads\/2025\/06\/logo.webp\",\"contentUrl\":\"https:\/\/voyagedelabaleine.fr\/wp-content\/uploads\/2025\/06\/logo.webp\",\"width\":153,\"height\":64,\"caption\":\"Voyage de la Baleine\"},\"image\":{\"@id\":\"https:\/\/voyagedelabaleine.fr\/it\/#\/schema\/logo\/image\/\"},\"sameAs\":[\"https:\/\/www.facebook.com\/voyagedelabaleine\/\",\"https:\/\/www.instagram.com\/voyagedelabaleine\/\",\"https:\/\/www.pinterest.fr\/Voyagedelabaleine\/\"]}]}<\/script>\n<!-- \/ Yoast SEO plugin. -->","yoast_head_json":{"title":"Blusa neonata con colletto a balze in garza di cotone","description":"Vesti la tua piccola principessa con un'eleganza senza tempo grazie alla nostra blusa bianca neonata in cotone con colletto a balze. Fabbricato in Spagna.","robots":{"index":"index","follow":"follow","max-snippet":"max-snippet:-1","max-image-preview":"max-image-preview:large","max-video-preview":"max-video-preview:-1"},"canonical":"https:\/\/voyagedelabaleine.fr\/it\/prodotto\/blusa-neonata-con-colletto-a-balze-bianco\/","og_locale":"it_IT","og_type":"article","og_title":"Blusa neonata con colletto a balze in garza di cotone","og_description":"Vesti la tua piccola principessa con un'eleganza senza tempo grazie alla nostra blusa bianca neonata in cotone con colletto a balze. Fabbricato in Spagna.","og_url":"https:\/\/voyagedelabaleine.fr\/it\/prodotto\/blusa-neonata-con-colletto-a-balze-bianco\/","og_site_name":"Voyage de la Baleine","article_publisher":"https:\/\/www.facebook.com\/voyagedelabaleine\/","article_modified_time":"2026-01-15T08:12:24+00:00","og_image":[{"width":1500,"height":1999,"url":"https:\/\/voyagedelabaleine.fr\/wp-content\/uploads\/2024\/09\/blouse-bebe-gaze-coton-blanche.jpg","type":"image\/jpeg"}],"twitter_card":"summary_large_image","twitter_misc":{"Tempo di lettura stimato":"2 minuto"},"schema":{"@context":"https:\/\/schema.org","@graph":[{"@type":"WebPage","@id":"https:\/\/voyagedelabaleine.fr\/it\/prodotto\/blusa-neonata-con-colletto-a-balze-bianco\/","url":"https:\/\/voyagedelabaleine.fr\/it\/prodotto\/blusa-neonata-con-colletto-a-balze-bianco\/","name":"Blusa neonata con colletto a balze in garza di cotone","isPartOf":{"@id":"https:\/\/voyagedelabaleine.fr\/it\/#website"},"primaryImageOfPage":{"@id":"https:\/\/voyagedelabaleine.fr\/it\/prodotto\/blusa-neonata-con-colletto-a-balze-bianco\/#primaryimage"},"image":{"@id":"https:\/\/voyagedelabaleine.fr\/it\/prodotto\/blusa-neonata-con-colletto-a-balze-bianco\/#primaryimage"},"thumbnailUrl":"https:\/\/voyagedelabaleine.fr\/wp-content\/uploads\/2024\/09\/blouse-bebe-gaze-coton-blanche.jpg","datePublished":"2024-09-05T07:56:42+00:00","dateModified":"2026-01-15T08:12:24+00:00","description":"Vesti la tua piccola principessa con un'eleganza senza tempo grazie alla nostra blusa bianca neonata in cotone con colletto a balze. Fabbricato in Spagna.","breadcrumb":{"@id":"https:\/\/voyagedelabaleine.fr\/it\/prodotto\/blusa-neonata-con-colletto-a-balze-bianco\/#breadcrumb"},"inLanguage":"it-IT","potentialAction":[{"@type":"ReadAction","target":["https:\/\/voyagedelabaleine.fr\/it\/prodotto\/blusa-neonata-con-colletto-a-balze-bianco\/"]}]},{"@type":"ImageObject","inLanguage":"it-IT","@id":"https:\/\/voyagedelabaleine.fr\/it\/prodotto\/blusa-neonata-con-colletto-a-balze-bianco\/#primaryimage","url":"https:\/\/voyagedelabaleine.fr\/wp-content\/uploads\/2024\/09\/blouse-bebe-gaze-coton-blanche.jpg","contentUrl":"https:\/\/voyagedelabaleine.fr\/wp-content\/uploads\/2024\/09\/blouse-bebe-gaze-coton-blanche.jpg","width":1500,"height":1999,"caption":"Blouse b\u00e9b\u00e9 fille blanche manches longues \u00e0 collerette en gaze de coton"},{"@type":"BreadcrumbList","@id":"https:\/\/voyagedelabaleine.fr\/it\/prodotto\/blusa-neonata-con-colletto-a-balze-bianco\/#breadcrumb","itemListElement":[{"@type":"ListItem","position":1,"name":"Accueil","item":"https:\/\/voyagedelabaleine.fr\/it\/homepage\/"},{"@type":"ListItem","position":2,"name":"Tutta la collezione","item":"https:\/\/voyagedelabaleine.fr\/it\/tutta-la-collezione\/"},{"@type":"ListItem","position":3,"name":"Blusa neonata con colletto a balze &#8211; Bianco"}]},{"@type":"WebSite","@id":"https:\/\/voyagedelabaleine.fr\/it\/#website","url":"https:\/\/voyagedelabaleine.fr\/it\/","name":"Voyage de la Baleine","description":"V\u00eatements intemporels et raffin\u00e9s pour b\u00e9b\u00e9s et enfants","publisher":{"@id":"https:\/\/voyagedelabaleine.fr\/it\/#organization"},"potentialAction":[{"@type":"SearchAction","target":{"@type":"EntryPoint","urlTemplate":"https:\/\/voyagedelabaleine.fr\/it\/?s={search_term_string}"},"query-input":{"@type":"PropertyValueSpecification","valueRequired":true,"valueName":"search_term_string"}}],"inLanguage":"it-IT"},{"@type":"Organization","@id":"https:\/\/voyagedelabaleine.fr\/it\/#organization","name":"Voyage de la Baleine","url":"https:\/\/voyagedelabaleine.fr\/it\/","logo":{"@type":"ImageObject","inLanguage":"it-IT","@id":"https:\/\/voyagedelabaleine.fr\/it\/#\/schema\/logo\/image\/","url":"https:\/\/voyagedelabaleine.fr\/wp-content\/uploads\/2025\/06\/logo.webp","contentUrl":"https:\/\/voyagedelabaleine.fr\/wp-content\/uploads\/2025\/06\/logo.webp","width":153,"height":64,"caption":"Voyage de la Baleine"},"image":{"@id":"https:\/\/voyagedelabaleine.fr\/it\/#\/schema\/logo\/image\/"},"sameAs":["https:\/\/www.facebook.com\/voyagedelabaleine\/","https:\/\/www.instagram.com\/voyagedelabaleine\/","https:\/\/www.pinterest.fr\/Voyagedelabaleine\/"]}]}},"_links":{"self":[{"href":"https:\/\/voyagedelabaleine.fr\/it\/wp-json\/wp\/v2\/product\/34126","targetHints":{"allow":["GET"]}}],"collection":[{"href":"https:\/\/voyagedelabaleine.fr\/it\/wp-json\/wp\/v2\/product"}],"about":[{"href":"https:\/\/voyagedelabaleine.fr\/it\/wp-json\/wp\/v2\/types\/product"}],"replies":[{"embeddable":true,"href":"https:\/\/voyagedelabaleine.fr\/it\/wp-json\/wp\/v2\/comments?post=34126"}],"wp:featuredmedia":[{"embeddable":true,"href":"https:\/\/voyagedelabaleine.fr\/it\/wp-json\/wp\/v2\/media\/16611"}],"wp:attachment":[{"href":"https:\/\/voyagedelabaleine.fr\/it\/wp-json\/wp\/v2\/media?parent=34126"}],"wp:term":[{"taxonomy":"product_brand","embeddable":true,"href":"https:\/\/voyagedelabaleine.fr\/it\/wp-json\/wp\/v2\/product_brand?post=34126"},{"taxonomy":"product_cat","embeddable":true,"href":"https:\/\/voyagedelabaleine.fr\/it\/wp-json\/wp\/v2\/product_cat?post=34126"},{"taxonomy":"product_tag","embeddable":true,"href":"https:\/\/voyagedelabaleine.fr\/it\/wp-json\/wp\/v2\/product_tag?post=34126"}],"curies":[{"name":"wp","href":"https:\/\/api.w.org\/{rel}","templated":true}]}}