{"id":34819,"date":"2025-08-23T10:59:39","date_gmt":"2025-08-23T08:59:39","guid":{"rendered":"https:\/\/voyagedelabaleine.fr\/product\/pigiama-in-velluto-neonata-beige\/"},"modified":"2026-01-15T09:14:22","modified_gmt":"2026-01-15T08:14:22","slug":"pigiama-in-velluto-neonata-beige","status":"publish","type":"product","link":"https:\/\/voyagedelabaleine.fr\/it\/prodotto\/pigiama-in-velluto-neonata-beige\/","title":{"rendered":"Pigiama in velluto neonata &#8211; Beige"},"content":{"rendered":"<h3 data-start=\"348\" data-end=\"394\">Un raffinato pigiama in velluto per notti tranquille<\/h3>\n<p data-start=\"396\" data-end=\"709\">Regala alla tua bambina notti dolci e serene con questo <strong data-start=\"453\" data-end=\"488\">pigiama in velluto neonata beige<\/strong>, delicatamente impreziosito da un colletto a volant e piccoli fiori discreti. La sua tonalit\u00e0 beige intramontabile si abbina a tutte le stagioni e si inserisce in un&#8217;ottica di guardaroba sostenibile, da tramandare tra sorelle o cugine. <\/p>\n<h3 data-start=\"711\" data-end=\"765\">Un colletto a volant che fa la differenza<\/h3>\n<p data-start=\"767\" data-end=\"1054\">Questo pigiama in velluto si distingue per il suo <strong data-start=\"805\" data-end=\"847\">delicato colletto a volant<\/strong>, che aggiunge un tocco di tenera eleganza, anche al momento della nanna. Un dettaglio poetico che suscita emozione, ricorda i pigiami dell&#8217;infanzia e fa venire voglia di immortalare i primi sorrisi del mattino. <\/p>\n<h3 data-start=\"1056\" data-end=\"1105\">Comfort assoluto grazie a una pratica apertura<\/h3>\n<p data-start=\"1107\" data-end=\"1382\">Poich\u00e9 le notti possono essere interrotte da risvegli, questo pigiama si apre sul davanti con bottoni a pressione discreti, facilitando la vestizione e il cambio, anche quando la tua bambina dorme profondamente tra le tue braccia. Un comfort costante, per la tua bambina come per te. <\/p>\n<h3 data-start=\"1384\" data-end=\"1435\">Un tessuto in velluto morbido, caldo e traspirante<\/h3>\n<p data-start=\"1437\" data-end=\"1716\">Prodotto in Portogallo, questo <strong data-start=\"1460\" data-end=\"1481\">pigiama in velluto<\/strong> offre alla tua bambina un calore confortante lasciando respirare la sua pelle delicata. La sua morbidezza avvolge delicatamente le notti invernali e di mezza stagione, permettendo alla tua bambina di muoversi liberamente nel sonno. <\/p>\n<h3 data-start=\"1718\" data-end=\"1766\">Un pigiama in velluto neonata pensato per durare e essere tramandato<\/h3>\n<p data-start=\"1768\" data-end=\"2053\">Da <strong data-start=\"1773\" data-end=\"1797\">Voyage de la Baleine<\/strong>, crediamo negli abiti che hanno un significato. Questo pigiama in velluto neonata beige incarna questa visione: un capo intramontabile, raffinato e durevole, che accompagna i momenti preziosi della prima infanzia, dalle storie della buonanotte ai risvegli coccolosi del mattino. <\/p>\n<p data-start=\"1768\" data-end=\"2053\"><em>Cerchi un&#8217;idea di <strong data-start=\"2460\" data-end=\"2513\">regalo di nascita raffinato per una bambina<\/strong>? Questo pigiama in velluto beige \u00e8 una scelta sicura: unisce comfort, qualit\u00e0 e delicatezza, per avvolgere la tua bambina in un bozzolo di morbidezza fin dalle sue prime notti. <\/em><\/p>\n<p data-start=\"1768\" data-end=\"2053\">Prodotto in Portogallo.<\/p>\n","protected":false},"excerpt":{"rendered":"<ul>\n<li>Pigiama neonata in velluto<\/li>\n<li>Tutina con piedini<\/li>\n<li>Colletto a volant<\/li>\n<li>Chiusura con bottoni a pressione sul davanti e lungo le gambe<\/li>\n<li>Prodotto in Portogallo<br \/>\n<em>Questo pigiama veste normalmente. Scegli la tua taglia abituale.<\/em><\/li>\n<\/ul>\n","protected":false},"featured_media":18868,"comment_status":"open","ping_status":"closed","template":"","meta":{"ocean_post_layout":"","ocean_both_sidebars_style":"","ocean_both_sidebars_content_width":0,"ocean_both_sidebars_sidebars_width":0,"ocean_sidebar":"0","ocean_second_sidebar":"0","ocean_disable_margins":"enable","ocean_add_body_class":"","ocean_shortcode_before_top_bar":"","ocean_shortcode_after_top_bar":"","ocean_shortcode_before_header":"","ocean_shortcode_after_header":"","ocean_has_shortcode":"","ocean_shortcode_after_title":"","ocean_shortcode_before_footer_widgets":"","ocean_shortcode_after_footer_widgets":"","ocean_shortcode_before_footer_bottom":"","ocean_shortcode_after_footer_bottom":"","ocean_display_top_bar":"default","ocean_display_header":"default","ocean_header_style":"","ocean_center_header_left_menu":"0","ocean_custom_header_template":"0","ocean_custom_logo":0,"ocean_custom_retina_logo":0,"ocean_custom_logo_max_width":0,"ocean_custom_logo_tablet_max_width":0,"ocean_custom_logo_mobile_max_width":0,"ocean_custom_logo_max_height":0,"ocean_custom_logo_tablet_max_height":0,"ocean_custom_logo_mobile_max_height":0,"ocean_header_custom_menu":"0","ocean_menu_typo_font_family":"0","ocean_menu_typo_font_subset":"","ocean_menu_typo_font_size":0,"ocean_menu_typo_font_size_tablet":0,"ocean_menu_typo_font_size_mobile":0,"ocean_menu_typo_font_size_unit":"px","ocean_menu_typo_font_weight":"","ocean_menu_typo_font_weight_tablet":"","ocean_menu_typo_font_weight_mobile":"","ocean_menu_typo_transform":"","ocean_menu_typo_transform_tablet":"","ocean_menu_typo_transform_mobile":"","ocean_menu_typo_line_height":0,"ocean_menu_typo_line_height_tablet":0,"ocean_menu_typo_line_height_mobile":0,"ocean_menu_typo_line_height_unit":"","ocean_menu_typo_spacing":0,"ocean_menu_typo_spacing_tablet":0,"ocean_menu_typo_spacing_mobile":0,"ocean_menu_typo_spacing_unit":"","ocean_menu_link_color":"","ocean_menu_link_color_hover":"","ocean_menu_link_color_active":"","ocean_menu_link_background":"","ocean_menu_link_hover_background":"","ocean_menu_link_active_background":"","ocean_menu_social_links_bg":"","ocean_menu_social_hover_links_bg":"","ocean_menu_social_links_color":"","ocean_menu_social_hover_links_color":"","ocean_disable_title":"default","ocean_disable_heading":"default","ocean_post_title":"","ocean_post_subheading":"","ocean_post_title_style":"","ocean_post_title_background_color":"","ocean_post_title_background":0,"ocean_post_title_bg_image_position":"","ocean_post_title_bg_image_attachment":"","ocean_post_title_bg_image_repeat":"","ocean_post_title_bg_image_size":"","ocean_post_title_height":0,"ocean_post_title_bg_overlay":0.5,"ocean_post_title_bg_overlay_color":"","ocean_disable_breadcrumbs":"default","ocean_breadcrumbs_color":"","ocean_breadcrumbs_separator_color":"","ocean_breadcrumbs_links_color":"","ocean_breadcrumbs_links_hover_color":"","ocean_display_footer_widgets":"default","ocean_display_footer_bottom":"default","ocean_custom_footer_template":"0","osh_disable_topbar_sticky":"default","osh_disable_header_sticky":"default","osh_sticky_header_style":"default","osh_sticky_header_effect":"","osh_custom_sticky_logo":0,"osh_custom_retina_sticky_logo":0,"osh_custom_sticky_logo_height":0,"osh_background_color":"","osh_links_color":"","osh_links_hover_color":"","osh_links_active_color":"","osh_links_bg_color":"","osh_links_hover_bg_color":"","osh_links_active_bg_color":"","osh_menu_social_links_color":"","osh_menu_social_hover_links_color":""},"product_brand":[],"product_cat":[7028,7010,6986,6836,6868],"product_tag":[],"class_list":{"0":"post-34819","1":"product","2":"type-product","3":"status-publish","4":"has-post-thumbnail","6":"product_cat-pigiama","7":"product_cat-pigiama-nascita","8":"product_cat-pigiama-nascita-ragazza","9":"product_cat-pigiama-neonata","10":"product_cat-pigiama-neonati","12":"entry","13":"has-media","15":"first","16":"instock","17":"taxable","18":"shipping-taxable","19":"purchasable","20":"product-type-variable","21":"has-default-attributes","22":"has-rating","23":"col","24":"span_1_of_3","25":"owp-content-center","26":"owp-thumbs-layout-vertical","27":"owp-btn-big","28":"owp-tabs-layout-vertical","29":"circle-sale"},"yoast_head":"<!-- This site is optimized with the Yoast SEO plugin v27.1.1 - https:\/\/yoast.com\/product\/yoast-seo-wordpress\/ -->\n<title>Pigiama in velluto neonata - Beige - Voyage de la Baleine<\/title>\n<meta name=\"description\" content=\"Regala alla tua bambina notti dolci e serene con questo pigiama in velluto neonata beige, delicatamente impreziosito da un colletto a volant e piccoli fiori discreti.\" \/>\n<meta name=\"robots\" content=\"index, follow, max-snippet:-1, max-image-preview:large, max-video-preview:-1\" \/>\n<link rel=\"canonical\" href=\"https:\/\/voyagedelabaleine.fr\/it\/prodotto\/pigiama-in-velluto-neonata-beige\/\" \/>\n<meta property=\"og:locale\" content=\"it_IT\" \/>\n<meta property=\"og:type\" content=\"article\" \/>\n<meta property=\"og:title\" content=\"Pigiama in velluto neonata - Beige - Voyage de la Baleine\" \/>\n<meta property=\"og:description\" content=\"Regala alla tua bambina notti dolci e serene con questo pigiama in velluto neonata beige, delicatamente impreziosito da un colletto a volant e piccoli fiori discreti.\" \/>\n<meta property=\"og:url\" content=\"https:\/\/voyagedelabaleine.fr\/it\/prodotto\/pigiama-in-velluto-neonata-beige\/\" \/>\n<meta property=\"og:site_name\" content=\"Voyage de la Baleine\" \/>\n<meta property=\"article:publisher\" content=\"https:\/\/www.facebook.com\/voyagedelabaleine\/\" \/>\n<meta property=\"article:modified_time\" content=\"2026-01-15T08:14:22+00:00\" \/>\n<meta property=\"og:image\" content=\"https:\/\/voyagedelabaleine.fr\/wp-content\/uploads\/2025\/07\/pyjama-velours-bebe.jpg\" \/>\n\t<meta property=\"og:image:width\" content=\"1200\" \/>\n\t<meta property=\"og:image:height\" content=\"1600\" \/>\n\t<meta property=\"og:image:type\" content=\"image\/jpeg\" \/>\n<meta name=\"twitter:card\" content=\"summary_large_image\" \/>\n<meta name=\"twitter:label1\" content=\"Tempo di lettura stimato\" \/>\n\t<meta name=\"twitter:data1\" content=\"2 minuto\" \/>\n<script type=\"application\/ld+json\" class=\"yoast-schema-graph\">{\"@context\":\"https:\/\/schema.org\",\"@graph\":[{\"@type\":\"WebPage\",\"@id\":\"https:\/\/voyagedelabaleine.fr\/it\/prodotto\/pigiama-in-velluto-neonata-beige\/\",\"url\":\"https:\/\/voyagedelabaleine.fr\/it\/prodotto\/pigiama-in-velluto-neonata-beige\/\",\"name\":\"Pigiama in velluto neonata - Beige - Voyage de la Baleine\",\"isPartOf\":{\"@id\":\"https:\/\/voyagedelabaleine.fr\/it\/#website\"},\"primaryImageOfPage\":{\"@id\":\"https:\/\/voyagedelabaleine.fr\/it\/prodotto\/pigiama-in-velluto-neonata-beige\/#primaryimage\"},\"image\":{\"@id\":\"https:\/\/voyagedelabaleine.fr\/it\/prodotto\/pigiama-in-velluto-neonata-beige\/#primaryimage\"},\"thumbnailUrl\":\"https:\/\/voyagedelabaleine.fr\/wp-content\/uploads\/2025\/07\/pyjama-velours-bebe.jpg\",\"datePublished\":\"2025-08-23T08:59:39+00:00\",\"dateModified\":\"2026-01-15T08:14:22+00:00\",\"description\":\"Regala alla tua bambina notti dolci e serene con questo pigiama in velluto neonata beige, delicatamente impreziosito da un colletto a volant e piccoli fiori discreti.\",\"breadcrumb\":{\"@id\":\"https:\/\/voyagedelabaleine.fr\/it\/prodotto\/pigiama-in-velluto-neonata-beige\/#breadcrumb\"},\"inLanguage\":\"it-IT\",\"potentialAction\":[{\"@type\":\"ReadAction\",\"target\":[\"https:\/\/voyagedelabaleine.fr\/it\/prodotto\/pigiama-in-velluto-neonata-beige\/\"]}]},{\"@type\":\"ImageObject\",\"inLanguage\":\"it-IT\",\"@id\":\"https:\/\/voyagedelabaleine.fr\/it\/prodotto\/pigiama-in-velluto-neonata-beige\/#primaryimage\",\"url\":\"https:\/\/voyagedelabaleine.fr\/wp-content\/uploads\/2025\/07\/pyjama-velours-bebe.jpg\",\"contentUrl\":\"https:\/\/voyagedelabaleine.fr\/wp-content\/uploads\/2025\/07\/pyjama-velours-bebe.jpg\",\"width\":1200,\"height\":1600,\"caption\":\"Pyjama b\u00e9b\u00e9 \u00e0 pieds en velours \u00e0 collerette et motifs de fleurs\"},{\"@type\":\"BreadcrumbList\",\"@id\":\"https:\/\/voyagedelabaleine.fr\/it\/prodotto\/pigiama-in-velluto-neonata-beige\/#breadcrumb\",\"itemListElement\":[{\"@type\":\"ListItem\",\"position\":1,\"name\":\"Accueil\",\"item\":\"https:\/\/voyagedelabaleine.fr\/it\/homepage\/\"},{\"@type\":\"ListItem\",\"position\":2,\"name\":\"Tutta la collezione\",\"item\":\"https:\/\/voyagedelabaleine.fr\/it\/tutta-la-collezione\/\"},{\"@type\":\"ListItem\",\"position\":3,\"name\":\"Pigiama in velluto neonata &#8211; Beige\"}]},{\"@type\":\"WebSite\",\"@id\":\"https:\/\/voyagedelabaleine.fr\/it\/#website\",\"url\":\"https:\/\/voyagedelabaleine.fr\/it\/\",\"name\":\"Voyage de la Baleine\",\"description\":\"V\u00eatements intemporels et raffin\u00e9s pour b\u00e9b\u00e9s et enfants\",\"publisher\":{\"@id\":\"https:\/\/voyagedelabaleine.fr\/it\/#organization\"},\"potentialAction\":[{\"@type\":\"SearchAction\",\"target\":{\"@type\":\"EntryPoint\",\"urlTemplate\":\"https:\/\/voyagedelabaleine.fr\/it\/?s={search_term_string}\"},\"query-input\":{\"@type\":\"PropertyValueSpecification\",\"valueRequired\":true,\"valueName\":\"search_term_string\"}}],\"inLanguage\":\"it-IT\"},{\"@type\":\"Organization\",\"@id\":\"https:\/\/voyagedelabaleine.fr\/it\/#organization\",\"name\":\"Voyage de la Baleine\",\"url\":\"https:\/\/voyagedelabaleine.fr\/it\/\",\"logo\":{\"@type\":\"ImageObject\",\"inLanguage\":\"it-IT\",\"@id\":\"https:\/\/voyagedelabaleine.fr\/it\/#\/schema\/logo\/image\/\",\"url\":\"https:\/\/voyagedelabaleine.fr\/wp-content\/uploads\/2025\/06\/logo.webp\",\"contentUrl\":\"https:\/\/voyagedelabaleine.fr\/wp-content\/uploads\/2025\/06\/logo.webp\",\"width\":153,\"height\":64,\"caption\":\"Voyage de la Baleine\"},\"image\":{\"@id\":\"https:\/\/voyagedelabaleine.fr\/it\/#\/schema\/logo\/image\/\"},\"sameAs\":[\"https:\/\/www.facebook.com\/voyagedelabaleine\/\",\"https:\/\/www.instagram.com\/voyagedelabaleine\/\",\"https:\/\/www.pinterest.fr\/Voyagedelabaleine\/\"]}]}<\/script>\n<!-- \/ Yoast SEO plugin. -->","yoast_head_json":{"title":"Pigiama in velluto neonata - Beige - Voyage de la Baleine","description":"Regala alla tua bambina notti dolci e serene con questo pigiama in velluto neonata beige, delicatamente impreziosito da un colletto a volant e piccoli fiori discreti.","robots":{"index":"index","follow":"follow","max-snippet":"max-snippet:-1","max-image-preview":"max-image-preview:large","max-video-preview":"max-video-preview:-1"},"canonical":"https:\/\/voyagedelabaleine.fr\/it\/prodotto\/pigiama-in-velluto-neonata-beige\/","og_locale":"it_IT","og_type":"article","og_title":"Pigiama in velluto neonata - Beige - Voyage de la Baleine","og_description":"Regala alla tua bambina notti dolci e serene con questo pigiama in velluto neonata beige, delicatamente impreziosito da un colletto a volant e piccoli fiori discreti.","og_url":"https:\/\/voyagedelabaleine.fr\/it\/prodotto\/pigiama-in-velluto-neonata-beige\/","og_site_name":"Voyage de la Baleine","article_publisher":"https:\/\/www.facebook.com\/voyagedelabaleine\/","article_modified_time":"2026-01-15T08:14:22+00:00","og_image":[{"width":1200,"height":1600,"url":"https:\/\/voyagedelabaleine.fr\/wp-content\/uploads\/2025\/07\/pyjama-velours-bebe.jpg","type":"image\/jpeg"}],"twitter_card":"summary_large_image","twitter_misc":{"Tempo di lettura stimato":"2 minuto"},"schema":{"@context":"https:\/\/schema.org","@graph":[{"@type":"WebPage","@id":"https:\/\/voyagedelabaleine.fr\/it\/prodotto\/pigiama-in-velluto-neonata-beige\/","url":"https:\/\/voyagedelabaleine.fr\/it\/prodotto\/pigiama-in-velluto-neonata-beige\/","name":"Pigiama in velluto neonata - Beige - Voyage de la Baleine","isPartOf":{"@id":"https:\/\/voyagedelabaleine.fr\/it\/#website"},"primaryImageOfPage":{"@id":"https:\/\/voyagedelabaleine.fr\/it\/prodotto\/pigiama-in-velluto-neonata-beige\/#primaryimage"},"image":{"@id":"https:\/\/voyagedelabaleine.fr\/it\/prodotto\/pigiama-in-velluto-neonata-beige\/#primaryimage"},"thumbnailUrl":"https:\/\/voyagedelabaleine.fr\/wp-content\/uploads\/2025\/07\/pyjama-velours-bebe.jpg","datePublished":"2025-08-23T08:59:39+00:00","dateModified":"2026-01-15T08:14:22+00:00","description":"Regala alla tua bambina notti dolci e serene con questo pigiama in velluto neonata beige, delicatamente impreziosito da un colletto a volant e piccoli fiori discreti.","breadcrumb":{"@id":"https:\/\/voyagedelabaleine.fr\/it\/prodotto\/pigiama-in-velluto-neonata-beige\/#breadcrumb"},"inLanguage":"it-IT","potentialAction":[{"@type":"ReadAction","target":["https:\/\/voyagedelabaleine.fr\/it\/prodotto\/pigiama-in-velluto-neonata-beige\/"]}]},{"@type":"ImageObject","inLanguage":"it-IT","@id":"https:\/\/voyagedelabaleine.fr\/it\/prodotto\/pigiama-in-velluto-neonata-beige\/#primaryimage","url":"https:\/\/voyagedelabaleine.fr\/wp-content\/uploads\/2025\/07\/pyjama-velours-bebe.jpg","contentUrl":"https:\/\/voyagedelabaleine.fr\/wp-content\/uploads\/2025\/07\/pyjama-velours-bebe.jpg","width":1200,"height":1600,"caption":"Pyjama b\u00e9b\u00e9 \u00e0 pieds en velours \u00e0 collerette et motifs de fleurs"},{"@type":"BreadcrumbList","@id":"https:\/\/voyagedelabaleine.fr\/it\/prodotto\/pigiama-in-velluto-neonata-beige\/#breadcrumb","itemListElement":[{"@type":"ListItem","position":1,"name":"Accueil","item":"https:\/\/voyagedelabaleine.fr\/it\/homepage\/"},{"@type":"ListItem","position":2,"name":"Tutta la collezione","item":"https:\/\/voyagedelabaleine.fr\/it\/tutta-la-collezione\/"},{"@type":"ListItem","position":3,"name":"Pigiama in velluto neonata &#8211; Beige"}]},{"@type":"WebSite","@id":"https:\/\/voyagedelabaleine.fr\/it\/#website","url":"https:\/\/voyagedelabaleine.fr\/it\/","name":"Voyage de la Baleine","description":"V\u00eatements intemporels et raffin\u00e9s pour b\u00e9b\u00e9s et enfants","publisher":{"@id":"https:\/\/voyagedelabaleine.fr\/it\/#organization"},"potentialAction":[{"@type":"SearchAction","target":{"@type":"EntryPoint","urlTemplate":"https:\/\/voyagedelabaleine.fr\/it\/?s={search_term_string}"},"query-input":{"@type":"PropertyValueSpecification","valueRequired":true,"valueName":"search_term_string"}}],"inLanguage":"it-IT"},{"@type":"Organization","@id":"https:\/\/voyagedelabaleine.fr\/it\/#organization","name":"Voyage de la Baleine","url":"https:\/\/voyagedelabaleine.fr\/it\/","logo":{"@type":"ImageObject","inLanguage":"it-IT","@id":"https:\/\/voyagedelabaleine.fr\/it\/#\/schema\/logo\/image\/","url":"https:\/\/voyagedelabaleine.fr\/wp-content\/uploads\/2025\/06\/logo.webp","contentUrl":"https:\/\/voyagedelabaleine.fr\/wp-content\/uploads\/2025\/06\/logo.webp","width":153,"height":64,"caption":"Voyage de la Baleine"},"image":{"@id":"https:\/\/voyagedelabaleine.fr\/it\/#\/schema\/logo\/image\/"},"sameAs":["https:\/\/www.facebook.com\/voyagedelabaleine\/","https:\/\/www.instagram.com\/voyagedelabaleine\/","https:\/\/www.pinterest.fr\/Voyagedelabaleine\/"]}]}},"_links":{"self":[{"href":"https:\/\/voyagedelabaleine.fr\/it\/wp-json\/wp\/v2\/product\/34819","targetHints":{"allow":["GET"]}}],"collection":[{"href":"https:\/\/voyagedelabaleine.fr\/it\/wp-json\/wp\/v2\/product"}],"about":[{"href":"https:\/\/voyagedelabaleine.fr\/it\/wp-json\/wp\/v2\/types\/product"}],"replies":[{"embeddable":true,"href":"https:\/\/voyagedelabaleine.fr\/it\/wp-json\/wp\/v2\/comments?post=34819"}],"wp:featuredmedia":[{"embeddable":true,"href":"https:\/\/voyagedelabaleine.fr\/it\/wp-json\/wp\/v2\/media\/18868"}],"wp:attachment":[{"href":"https:\/\/voyagedelabaleine.fr\/it\/wp-json\/wp\/v2\/media?parent=34819"}],"wp:term":[{"taxonomy":"product_brand","embeddable":true,"href":"https:\/\/voyagedelabaleine.fr\/it\/wp-json\/wp\/v2\/product_brand?post=34819"},{"taxonomy":"product_cat","embeddable":true,"href":"https:\/\/voyagedelabaleine.fr\/it\/wp-json\/wp\/v2\/product_cat?post=34819"},{"taxonomy":"product_tag","embeddable":true,"href":"https:\/\/voyagedelabaleine.fr\/it\/wp-json\/wp\/v2\/product_tag?post=34819"}],"curies":[{"name":"wp","href":"https:\/\/api.w.org\/{rel}","templated":true}]}}