{"id":37262,"date":"2026-02-04T11:59:34","date_gmt":"2026-02-04T10:59:34","guid":{"rendered":"https:\/\/voyagedelabaleine.fr\/product\/scrunchie-con-fiocco-blu-grezzo-blu\/"},"modified":"2026-02-04T11:59:34","modified_gmt":"2026-02-04T10:59:34","slug":"scrunchie-con-fiocco-blu-grezzo-blu","status":"publish","type":"product","link":"https:\/\/voyagedelabaleine.fr\/it\/prodotto\/scrunchie-con-fiocco-blu-grezzo-blu\/","title":{"rendered":"Scrunchie con fiocco blu grezzo &#8211; Blu"},"content":{"rendered":"<h3 data-start=\"3697\" data-end=\"3729\">Uno scrunchie sobrio ed elegante<\/h3>\n<p data-start=\"3731\" data-end=\"4004\">Il nostro scrunchie con fiocco blu grezzo conquista per la sua semplicit\u00e0 ed eleganza naturale. Il suo colore profondo e intramontabile dona carattere alle acconciature pur rimanendo facile da abbinare. \u00c8 un accessorio pensato per chi apprezza le tonalit\u00e0 sobrie e raffinate.  <\/p>\n<p data-start=\"4006\" data-end=\"4085\">Si inserisce perfettamente in un guardaroba di accessori durevoli ed eleganti.<\/p>\n<h3 data-start=\"4087\" data-end=\"4126\">Comfort e morbidezza per i capelli<\/h3>\n<p data-start=\"4128\" data-end=\"4298\">Progettato per essere indossato quotidianamente, questo scrunchie mantiene i capelli senza fragilizzarli. Il suo materiale morbido assicura un comfort ottimale, pur garantendo una buona tenuta. <\/p>\n<p data-start=\"4300\" data-end=\"4405\">Il <strong data-start=\"4303\" data-end=\"4319\">fiocco delicato<\/strong> aggiunge un tocco femminile discreto, ideale per strutturare un&#8217;acconciatura senza eccessi.<\/p>\n<h3 data-start=\"4407\" data-end=\"4435\">Un accessorio versatile<\/h3>\n<p data-start=\"4437\" data-end=\"4668\">Grazie al suo blu grezzo intramontabile, questo scrunchie si abbina sia a toni chiari che a colori pi\u00f9 intensi. Completa un outfit con eleganza, sia per una giornata ordinaria che per un&#8217;occasione pi\u00f9 formale. <\/p>\n<h3 data-start=\"4670\" data-end=\"4717\">Un indispensabile del guardaroba di accessori<\/h3>\n<p data-start=\"4719\" data-end=\"4889\">Il nostro scrunchie con fiocco blu grezzo \u00e8 un essenziale, pensato per attraversare le stagioni. Un accessorio semplice, durevole ed elegante, fedele allo spirito di <em data-start=\"4866\" data-end=\"4888\">Voyage de la Baleine<\/em>. <\/p>\n<p data-start=\"4719\" data-end=\"4889\">Prodotto in Spagna.<\/p>\n","protected":false},"excerpt":{"rendered":"<ul>\n<li>Scrunchie con fiocco<\/li>\n<li>100% cotone<\/li>\n<\/ul>\n","protected":false},"featured_media":36218,"comment_status":"open","ping_status":"closed","template":"","meta":{"ocean_post_layout":"","ocean_both_sidebars_style":"","ocean_both_sidebars_content_width":0,"ocean_both_sidebars_sidebars_width":0,"ocean_sidebar":"0","ocean_second_sidebar":"0","ocean_disable_margins":"enable","ocean_add_body_class":"","ocean_shortcode_before_top_bar":"","ocean_shortcode_after_top_bar":"","ocean_shortcode_before_header":"","ocean_shortcode_after_header":"","ocean_has_shortcode":"","ocean_shortcode_after_title":"","ocean_shortcode_before_footer_widgets":"","ocean_shortcode_after_footer_widgets":"","ocean_shortcode_before_footer_bottom":"","ocean_shortcode_after_footer_bottom":"","ocean_display_top_bar":"default","ocean_display_header":"default","ocean_header_style":"","ocean_center_header_left_menu":"0","ocean_custom_header_template":"0","ocean_custom_logo":0,"ocean_custom_retina_logo":0,"ocean_custom_logo_max_width":0,"ocean_custom_logo_tablet_max_width":0,"ocean_custom_logo_mobile_max_width":0,"ocean_custom_logo_max_height":0,"ocean_custom_logo_tablet_max_height":0,"ocean_custom_logo_mobile_max_height":0,"ocean_header_custom_menu":"0","ocean_menu_typo_font_family":"0","ocean_menu_typo_font_subset":"","ocean_menu_typo_font_size":0,"ocean_menu_typo_font_size_tablet":0,"ocean_menu_typo_font_size_mobile":0,"ocean_menu_typo_font_size_unit":"px","ocean_menu_typo_font_weight":"","ocean_menu_typo_font_weight_tablet":"","ocean_menu_typo_font_weight_mobile":"","ocean_menu_typo_transform":"","ocean_menu_typo_transform_tablet":"","ocean_menu_typo_transform_mobile":"","ocean_menu_typo_line_height":0,"ocean_menu_typo_line_height_tablet":0,"ocean_menu_typo_line_height_mobile":0,"ocean_menu_typo_line_height_unit":"","ocean_menu_typo_spacing":0,"ocean_menu_typo_spacing_tablet":0,"ocean_menu_typo_spacing_mobile":0,"ocean_menu_typo_spacing_unit":"","ocean_menu_link_color":"","ocean_menu_link_color_hover":"","ocean_menu_link_color_active":"","ocean_menu_link_background":"","ocean_menu_link_hover_background":"","ocean_menu_link_active_background":"","ocean_menu_social_links_bg":"","ocean_menu_social_hover_links_bg":"","ocean_menu_social_links_color":"","ocean_menu_social_hover_links_color":"","ocean_disable_title":"default","ocean_disable_heading":"default","ocean_post_title":"","ocean_post_subheading":"","ocean_post_title_style":"","ocean_post_title_background_color":"","ocean_post_title_background":0,"ocean_post_title_bg_image_position":"","ocean_post_title_bg_image_attachment":"","ocean_post_title_bg_image_repeat":"","ocean_post_title_bg_image_size":"","ocean_post_title_height":0,"ocean_post_title_bg_overlay":0.5,"ocean_post_title_bg_overlay_color":"","ocean_disable_breadcrumbs":"default","ocean_breadcrumbs_color":"","ocean_breadcrumbs_separator_color":"","ocean_breadcrumbs_links_color":"","ocean_breadcrumbs_links_hover_color":"","ocean_display_footer_widgets":"default","ocean_display_footer_bottom":"default","ocean_custom_footer_template":"0","osh_disable_topbar_sticky":"default","osh_disable_header_sticky":"default","osh_sticky_header_style":"default","osh_sticky_header_effect":"","osh_custom_sticky_logo":0,"osh_custom_retina_sticky_logo":0,"osh_custom_sticky_logo_height":0,"osh_background_color":"","osh_links_color":"","osh_links_hover_color":"","osh_links_active_color":"","osh_links_bg_color":"","osh_links_hover_bg_color":"","osh_links_active_bg_color":"","osh_menu_social_links_color":"","osh_menu_social_hover_links_color":""},"product_brand":[],"product_cat":[6898,6892,6816,6810],"product_tag":[],"class_list":{"0":"post-37262","1":"product","2":"type-product","3":"status-publish","4":"has-post-thumbnail","6":"product_cat-accessori-bambina","7":"product_cat-accessori-bambini","8":"product_cat-accessori-neonata","9":"product_cat-accessori-neonati","11":"entry","12":"has-media","14":"first","15":"instock","16":"taxable","17":"shipping-taxable","18":"purchasable","19":"product-type-variable","20":"has-default-attributes","21":"col","22":"span_1_of_3","23":"owp-content-center","24":"owp-thumbs-layout-vertical","25":"owp-btn-big","26":"owp-tabs-layout-vertical","27":"circle-sale"},"yoast_head":"<!-- This site is optimized with the Yoast SEO plugin v27.1.1 - https:\/\/yoast.com\/product\/yoast-seo-wordpress\/ -->\n<title>Scrunchie con fiocco blu grezzo - Blu - Voyage de la Baleine<\/title>\n<meta name=\"description\" content=\"Il nostro scrunchie con fiocco blu grezzo conquista per la sua semplicit\u00e0 ed eleganza naturale. Realizzato con cura in Spagna. 100% cotone.\" \/>\n<meta name=\"robots\" content=\"index, follow, max-snippet:-1, max-image-preview:large, max-video-preview:-1\" \/>\n<link rel=\"canonical\" href=\"https:\/\/voyagedelabaleine.fr\/it\/prodotto\/scrunchie-con-fiocco-blu-grezzo-blu\/\" \/>\n<meta property=\"og:locale\" content=\"it_IT\" \/>\n<meta property=\"og:type\" content=\"article\" \/>\n<meta property=\"og:title\" content=\"Scrunchie con fiocco blu grezzo - Blu - Voyage de la Baleine\" \/>\n<meta property=\"og:description\" content=\"Il nostro scrunchie con fiocco blu grezzo conquista per la sua semplicit\u00e0 ed eleganza naturale. Realizzato con cura in Spagna. 100% cotone.\" \/>\n<meta property=\"og:url\" content=\"https:\/\/voyagedelabaleine.fr\/it\/prodotto\/scrunchie-con-fiocco-blu-grezzo-blu\/\" \/>\n<meta property=\"og:site_name\" content=\"Voyage de la Baleine\" \/>\n<meta property=\"article:publisher\" content=\"https:\/\/www.facebook.com\/voyagedelabaleine\/\" \/>\n<meta property=\"og:image\" content=\"https:\/\/voyagedelabaleine.fr\/wp-content\/uploads\/2026\/01\/chouchou-bleu-brut.jpg\" \/>\n\t<meta property=\"og:image:width\" content=\"961\" \/>\n\t<meta property=\"og:image:height\" content=\"1281\" \/>\n\t<meta property=\"og:image:type\" content=\"image\/jpeg\" \/>\n<meta name=\"twitter:card\" content=\"summary_large_image\" \/>\n<meta name=\"twitter:label1\" content=\"Tempo di lettura stimato\" \/>\n\t<meta name=\"twitter:data1\" content=\"1 minuto\" \/>\n<script type=\"application\/ld+json\" class=\"yoast-schema-graph\">{\"@context\":\"https:\/\/schema.org\",\"@graph\":[{\"@type\":\"WebPage\",\"@id\":\"https:\/\/voyagedelabaleine.fr\/it\/prodotto\/scrunchie-con-fiocco-blu-grezzo-blu\/\",\"url\":\"https:\/\/voyagedelabaleine.fr\/it\/prodotto\/scrunchie-con-fiocco-blu-grezzo-blu\/\",\"name\":\"Scrunchie con fiocco blu grezzo - Blu - Voyage de la Baleine\",\"isPartOf\":{\"@id\":\"https:\/\/voyagedelabaleine.fr\/it\/#website\"},\"primaryImageOfPage\":{\"@id\":\"https:\/\/voyagedelabaleine.fr\/it\/prodotto\/scrunchie-con-fiocco-blu-grezzo-blu\/#primaryimage\"},\"image\":{\"@id\":\"https:\/\/voyagedelabaleine.fr\/it\/prodotto\/scrunchie-con-fiocco-blu-grezzo-blu\/#primaryimage\"},\"thumbnailUrl\":\"https:\/\/voyagedelabaleine.fr\/wp-content\/uploads\/2026\/01\/chouchou-bleu-brut.jpg\",\"datePublished\":\"2026-02-04T10:59:34+00:00\",\"description\":\"Il nostro scrunchie con fiocco blu grezzo conquista per la sua semplicit\u00e0 ed eleganza naturale. Realizzato con cura in Spagna. 100% cotone.\",\"breadcrumb\":{\"@id\":\"https:\/\/voyagedelabaleine.fr\/it\/prodotto\/scrunchie-con-fiocco-blu-grezzo-blu\/#breadcrumb\"},\"inLanguage\":\"it-IT\",\"potentialAction\":[{\"@type\":\"ReadAction\",\"target\":[\"https:\/\/voyagedelabaleine.fr\/it\/prodotto\/scrunchie-con-fiocco-blu-grezzo-blu\/\"]}]},{\"@type\":\"ImageObject\",\"inLanguage\":\"it-IT\",\"@id\":\"https:\/\/voyagedelabaleine.fr\/it\/prodotto\/scrunchie-con-fiocco-blu-grezzo-blu\/#primaryimage\",\"url\":\"https:\/\/voyagedelabaleine.fr\/wp-content\/uploads\/2026\/01\/chouchou-bleu-brut.jpg\",\"contentUrl\":\"https:\/\/voyagedelabaleine.fr\/wp-content\/uploads\/2026\/01\/chouchou-bleu-brut.jpg\",\"width\":961,\"height\":1281,\"caption\":\"Chouchou \u00e0 noeud bleu brut\"},{\"@type\":\"BreadcrumbList\",\"@id\":\"https:\/\/voyagedelabaleine.fr\/it\/prodotto\/scrunchie-con-fiocco-blu-grezzo-blu\/#breadcrumb\",\"itemListElement\":[{\"@type\":\"ListItem\",\"position\":1,\"name\":\"Accueil\",\"item\":\"https:\/\/voyagedelabaleine.fr\/it\/homepage\/\"},{\"@type\":\"ListItem\",\"position\":2,\"name\":\"Tutta la collezione\",\"item\":\"https:\/\/voyagedelabaleine.fr\/it\/tutta-la-collezione\/\"},{\"@type\":\"ListItem\",\"position\":3,\"name\":\"Scrunchie con fiocco blu grezzo &#8211; Blu\"}]},{\"@type\":\"WebSite\",\"@id\":\"https:\/\/voyagedelabaleine.fr\/it\/#website\",\"url\":\"https:\/\/voyagedelabaleine.fr\/it\/\",\"name\":\"Voyage de la Baleine\",\"description\":\"V\u00eatements intemporels et raffin\u00e9s pour b\u00e9b\u00e9s et enfants\",\"publisher\":{\"@id\":\"https:\/\/voyagedelabaleine.fr\/it\/#organization\"},\"potentialAction\":[{\"@type\":\"SearchAction\",\"target\":{\"@type\":\"EntryPoint\",\"urlTemplate\":\"https:\/\/voyagedelabaleine.fr\/it\/?s={search_term_string}\"},\"query-input\":{\"@type\":\"PropertyValueSpecification\",\"valueRequired\":true,\"valueName\":\"search_term_string\"}}],\"inLanguage\":\"it-IT\"},{\"@type\":\"Organization\",\"@id\":\"https:\/\/voyagedelabaleine.fr\/it\/#organization\",\"name\":\"Voyage de la Baleine\",\"url\":\"https:\/\/voyagedelabaleine.fr\/it\/\",\"logo\":{\"@type\":\"ImageObject\",\"inLanguage\":\"it-IT\",\"@id\":\"https:\/\/voyagedelabaleine.fr\/it\/#\/schema\/logo\/image\/\",\"url\":\"https:\/\/voyagedelabaleine.fr\/wp-content\/uploads\/2025\/06\/logo.webp\",\"contentUrl\":\"https:\/\/voyagedelabaleine.fr\/wp-content\/uploads\/2025\/06\/logo.webp\",\"width\":153,\"height\":64,\"caption\":\"Voyage de la Baleine\"},\"image\":{\"@id\":\"https:\/\/voyagedelabaleine.fr\/it\/#\/schema\/logo\/image\/\"},\"sameAs\":[\"https:\/\/www.facebook.com\/voyagedelabaleine\/\",\"https:\/\/www.instagram.com\/voyagedelabaleine\/\",\"https:\/\/www.pinterest.fr\/Voyagedelabaleine\/\"]}]}<\/script>\n<!-- \/ Yoast SEO plugin. -->","yoast_head_json":{"title":"Scrunchie con fiocco blu grezzo - Blu - Voyage de la Baleine","description":"Il nostro scrunchie con fiocco blu grezzo conquista per la sua semplicit\u00e0 ed eleganza naturale. Realizzato con cura in Spagna. 100% cotone.","robots":{"index":"index","follow":"follow","max-snippet":"max-snippet:-1","max-image-preview":"max-image-preview:large","max-video-preview":"max-video-preview:-1"},"canonical":"https:\/\/voyagedelabaleine.fr\/it\/prodotto\/scrunchie-con-fiocco-blu-grezzo-blu\/","og_locale":"it_IT","og_type":"article","og_title":"Scrunchie con fiocco blu grezzo - Blu - Voyage de la Baleine","og_description":"Il nostro scrunchie con fiocco blu grezzo conquista per la sua semplicit\u00e0 ed eleganza naturale. Realizzato con cura in Spagna. 100% cotone.","og_url":"https:\/\/voyagedelabaleine.fr\/it\/prodotto\/scrunchie-con-fiocco-blu-grezzo-blu\/","og_site_name":"Voyage de la Baleine","article_publisher":"https:\/\/www.facebook.com\/voyagedelabaleine\/","og_image":[{"width":961,"height":1281,"url":"https:\/\/voyagedelabaleine.fr\/wp-content\/uploads\/2026\/01\/chouchou-bleu-brut.jpg","type":"image\/jpeg"}],"twitter_card":"summary_large_image","twitter_misc":{"Tempo di lettura stimato":"1 minuto"},"schema":{"@context":"https:\/\/schema.org","@graph":[{"@type":"WebPage","@id":"https:\/\/voyagedelabaleine.fr\/it\/prodotto\/scrunchie-con-fiocco-blu-grezzo-blu\/","url":"https:\/\/voyagedelabaleine.fr\/it\/prodotto\/scrunchie-con-fiocco-blu-grezzo-blu\/","name":"Scrunchie con fiocco blu grezzo - Blu - Voyage de la Baleine","isPartOf":{"@id":"https:\/\/voyagedelabaleine.fr\/it\/#website"},"primaryImageOfPage":{"@id":"https:\/\/voyagedelabaleine.fr\/it\/prodotto\/scrunchie-con-fiocco-blu-grezzo-blu\/#primaryimage"},"image":{"@id":"https:\/\/voyagedelabaleine.fr\/it\/prodotto\/scrunchie-con-fiocco-blu-grezzo-blu\/#primaryimage"},"thumbnailUrl":"https:\/\/voyagedelabaleine.fr\/wp-content\/uploads\/2026\/01\/chouchou-bleu-brut.jpg","datePublished":"2026-02-04T10:59:34+00:00","description":"Il nostro scrunchie con fiocco blu grezzo conquista per la sua semplicit\u00e0 ed eleganza naturale. Realizzato con cura in Spagna. 100% cotone.","breadcrumb":{"@id":"https:\/\/voyagedelabaleine.fr\/it\/prodotto\/scrunchie-con-fiocco-blu-grezzo-blu\/#breadcrumb"},"inLanguage":"it-IT","potentialAction":[{"@type":"ReadAction","target":["https:\/\/voyagedelabaleine.fr\/it\/prodotto\/scrunchie-con-fiocco-blu-grezzo-blu\/"]}]},{"@type":"ImageObject","inLanguage":"it-IT","@id":"https:\/\/voyagedelabaleine.fr\/it\/prodotto\/scrunchie-con-fiocco-blu-grezzo-blu\/#primaryimage","url":"https:\/\/voyagedelabaleine.fr\/wp-content\/uploads\/2026\/01\/chouchou-bleu-brut.jpg","contentUrl":"https:\/\/voyagedelabaleine.fr\/wp-content\/uploads\/2026\/01\/chouchou-bleu-brut.jpg","width":961,"height":1281,"caption":"Chouchou \u00e0 noeud bleu brut"},{"@type":"BreadcrumbList","@id":"https:\/\/voyagedelabaleine.fr\/it\/prodotto\/scrunchie-con-fiocco-blu-grezzo-blu\/#breadcrumb","itemListElement":[{"@type":"ListItem","position":1,"name":"Accueil","item":"https:\/\/voyagedelabaleine.fr\/it\/homepage\/"},{"@type":"ListItem","position":2,"name":"Tutta la collezione","item":"https:\/\/voyagedelabaleine.fr\/it\/tutta-la-collezione\/"},{"@type":"ListItem","position":3,"name":"Scrunchie con fiocco blu grezzo &#8211; Blu"}]},{"@type":"WebSite","@id":"https:\/\/voyagedelabaleine.fr\/it\/#website","url":"https:\/\/voyagedelabaleine.fr\/it\/","name":"Voyage de la Baleine","description":"V\u00eatements intemporels et raffin\u00e9s pour b\u00e9b\u00e9s et enfants","publisher":{"@id":"https:\/\/voyagedelabaleine.fr\/it\/#organization"},"potentialAction":[{"@type":"SearchAction","target":{"@type":"EntryPoint","urlTemplate":"https:\/\/voyagedelabaleine.fr\/it\/?s={search_term_string}"},"query-input":{"@type":"PropertyValueSpecification","valueRequired":true,"valueName":"search_term_string"}}],"inLanguage":"it-IT"},{"@type":"Organization","@id":"https:\/\/voyagedelabaleine.fr\/it\/#organization","name":"Voyage de la Baleine","url":"https:\/\/voyagedelabaleine.fr\/it\/","logo":{"@type":"ImageObject","inLanguage":"it-IT","@id":"https:\/\/voyagedelabaleine.fr\/it\/#\/schema\/logo\/image\/","url":"https:\/\/voyagedelabaleine.fr\/wp-content\/uploads\/2025\/06\/logo.webp","contentUrl":"https:\/\/voyagedelabaleine.fr\/wp-content\/uploads\/2025\/06\/logo.webp","width":153,"height":64,"caption":"Voyage de la Baleine"},"image":{"@id":"https:\/\/voyagedelabaleine.fr\/it\/#\/schema\/logo\/image\/"},"sameAs":["https:\/\/www.facebook.com\/voyagedelabaleine\/","https:\/\/www.instagram.com\/voyagedelabaleine\/","https:\/\/www.pinterest.fr\/Voyagedelabaleine\/"]}]}},"_links":{"self":[{"href":"https:\/\/voyagedelabaleine.fr\/it\/wp-json\/wp\/v2\/product\/37262","targetHints":{"allow":["GET"]}}],"collection":[{"href":"https:\/\/voyagedelabaleine.fr\/it\/wp-json\/wp\/v2\/product"}],"about":[{"href":"https:\/\/voyagedelabaleine.fr\/it\/wp-json\/wp\/v2\/types\/product"}],"replies":[{"embeddable":true,"href":"https:\/\/voyagedelabaleine.fr\/it\/wp-json\/wp\/v2\/comments?post=37262"}],"wp:featuredmedia":[{"embeddable":true,"href":"https:\/\/voyagedelabaleine.fr\/it\/wp-json\/wp\/v2\/media\/36218"}],"wp:attachment":[{"href":"https:\/\/voyagedelabaleine.fr\/it\/wp-json\/wp\/v2\/media?parent=37262"}],"wp:term":[{"taxonomy":"product_brand","embeddable":true,"href":"https:\/\/voyagedelabaleine.fr\/it\/wp-json\/wp\/v2\/product_brand?post=37262"},{"taxonomy":"product_cat","embeddable":true,"href":"https:\/\/voyagedelabaleine.fr\/it\/wp-json\/wp\/v2\/product_cat?post=37262"},{"taxonomy":"product_tag","embeddable":true,"href":"https:\/\/voyagedelabaleine.fr\/it\/wp-json\/wp\/v2\/product_tag?post=37262"}],"curies":[{"name":"wp","href":"https:\/\/api.w.org\/{rel}","templated":true}]}}