{"id":37456,"date":"2026-02-04T11:52:42","date_gmt":"2026-02-04T10:52:42","guid":{"rendered":"https:\/\/voyagedelabaleine.fr\/product\/pantaloni-leggeri-bimba-plumetis-bianco\/"},"modified":"2026-02-04T11:52:42","modified_gmt":"2026-02-04T10:52:42","slug":"pantaloni-leggeri-bimba-plumetis-bianco","status":"publish","type":"product","link":"https:\/\/voyagedelabaleine.fr\/it\/prodotto\/pantaloni-leggeri-bimba-plumetis-bianco\/","title":{"rendered":"Pantaloni leggeri bimba plumetis &#8211; Bianco"},"content":{"rendered":"<div class=\"flex flex-col text-sm pb-25\">\n<article class=\"text-token-text-primary w-full focus:outline-none [--shadow-height:45px] has-data-writing-block:pointer-events-none has-data-writing-block:-mt-(--shadow-height) has-data-writing-block:pt-(--shadow-height) [&amp;:has([data-writing-block])&gt;*]:pointer-events-auto scroll-mt-[calc(var(--header-height)+min(200px,max(70px,20svh)))]\" dir=\"auto\" tabindex=\"-1\" data-turn-id=\"request-6970f0b2-bcb4-8329-8c33-a634cee04d04-7\" data-testid=\"conversation-turn-12\" data-scroll-anchor=\"true\" data-turn=\"assistant\">\n<div class=\"text-base my-auto mx-auto pb-10 [--thread-content-margin:--spacing(4)] @w-sm\/main:[--thread-content-margin:--spacing(6)] @w-lg\/main:[--thread-content-margin:--spacing(16)] px-(--thread-content-margin)\">\n<div class=\"[--thread-content-max-width:40rem] @w-lg\/main:[--thread-content-max-width:48rem] mx-auto max-w-(--thread-content-max-width) flex-1 group\/turn-messages focus-visible:outline-hidden relative flex w-full min-w-0 flex-col agent-turn\" tabindex=\"-1\">\n<div class=\"flex max-w-full flex-col grow\">\n<div class=\"min-h-8 text-message relative flex w-full flex-col items-end gap-2 text-start break-words whitespace-normal [.text-message+&amp;]:mt-1\" dir=\"auto\" data-message-author-role=\"assistant\" data-message-id=\"617c3692-e234-4498-9433-be79a0731887\" data-message-model-slug=\"gpt-5-2\">\n<div class=\"flex w-full flex-col gap-1 empty:hidden first:pt-[1px]\">\n<div class=\"markdown prose dark:prose-invert w-full break-words light markdown-new-styling\">\n<h3 data-start=\"213\" data-end=\"262\">Un pantalone da bimba delicato e confortevole<\/h3>\n<p data-start=\"264\" data-end=\"596\">I nostri pantaloni leggeri da bimba plumetis bianchi sono un capo essenziale del guardaroba dei pi\u00f9 piccoli, pensati per unire morbidezza, comfort ed eleganza. Il suo tessuto plumetis bianco, delicatamente cosparso di <strong data-start=\"466\" data-end=\"490\">piccoli fiori rosa<\/strong>, aggiunge un tocco poetico e raffinato, ideale per vestire la bimba con delicatezza fin dai primi mesi. <\/p>\n<p data-start=\"598\" data-end=\"833\">Progettati per essere abbinati alla nostra <strong data-start=\"630\" data-end=\"682\">blusa da bimba con colletto fantasia plumetis bianco<\/strong>, questi pantaloni permettono di creare un outfit armonioso e senza tempo, perfetto sia per i momenti quotidiani che per le occasioni pi\u00f9 speciali.<\/p>\n<h3 data-start=\"835\" data-end=\"883\">Un materiale naturale per un comfort assoluto<\/h3>\n<p data-start=\"885\" data-end=\"1160\">Realizzati in <strong data-start=\"901\" data-end=\"910\">cotone<\/strong>, i nostri pantaloni da bimba privilegiano un materiale naturale, morbido e traspirante, particolarmente adatto alla pelle sensibile dei neonati. Il tessuto plumetis offre una texture leggera e piacevole, ideale per accompagnare la bimba durante tutta la giornata. <\/p>\n<p data-start=\"1162\" data-end=\"1446\">Le <strong data-start=\"1166\" data-end=\"1190\">caviglie elasticizzate<\/strong> assicurano una tenuta confortevole senza stringere, permettendo ai pantaloni di rimanere ben fermi durante i movimenti, i giochi o una passeggiata. Questo dettaglio contribuisce alla praticit\u00e0 del capo pur mantenendo una linea elegante e curata. <\/p>\n<h3 data-start=\"1448\" data-end=\"1498\">Un pantalone pensato per la libert\u00e0 di movimento<\/h3>\n<p data-start=\"1500\" data-end=\"1742\">Ultra confortevoli, i nostri pantaloni da bimba sono stati pensati per lasciare la bimba libera nei suoi movimenti. Il loro taglio morbido e ben studiato accompagna i gesti naturali del bambino, sia che gattoni, si giri o faccia i suoi primi passi. <\/p>\n<p data-start=\"1744\" data-end=\"1991\">Ogni dettaglio \u00e8 stato pensato per offrire un capo facile da indossare, piacevole al tatto e perfettamente adatto al ritmo dei pi\u00f9 piccoli. \u00c8 un capo ideale per i genitori alla ricerca di vestiti belli, funzionali e durevoli. <\/p>\n<h3 data-start=\"1993\" data-end=\"2050\">Un capo prodotto in Spagna, facile da abbinare<\/h3>\n<p data-start=\"2052\" data-end=\"2322\">Prodotti in <strong data-start=\"2064\" data-end=\"2075\">Spagna<\/strong>, i nostri pantaloni da bimba plumetis testimoniano un savoir-faire europeo attento alla qualit\u00e0 delle finiture e alla scelta dei materiali. Si possono indossare sia da soli che in coordinato con la blusa abbinata, per creare una silhouette morbida ed elegante. <\/p>\n<p data-start=\"2324\" data-end=\"2580\" data-is-last-node=\"\" data-is-only-node=\"\">\u00c8 anche un&#8217;ottima idea per un <strong data-start=\"2363\" data-end=\"2386\">regalo di nascita<\/strong>, apprezzato per il suo comfort, la sua delicatezza e il suo stile senza tempo. Un capo essenziale del guardaroba della bimba, pensato per accompagnare i primi momenti dell&#8217;infanzia con morbidezza ed eleganza. <\/p>\n<p data-start=\"2324\" data-end=\"2580\" data-is-last-node=\"\" data-is-only-node=\"\">Prodotto in Spagna.<\/p>\n<\/div>\n<\/div>\n<\/div>\n<\/div>\n<\/div>\n<\/div>\n<\/article>\n<\/div>\n","protected":false},"excerpt":{"rendered":"<ul>\n<li>Da abbinare alla blusa coordinata per un outfit completo<\/li>\n<li>Vita elasticizzata<\/li>\n<li>100% cotone<\/li>\n<li>Fabbricato in Spagna<br \/>\n<em>Questi pantaloni vestono normalmente. Scegli la tua taglia abituale.<\/em><\/li>\n<\/ul>\n","protected":false},"featured_media":37204,"comment_status":"open","ping_status":"closed","template":"","meta":{"ocean_post_layout":"","ocean_both_sidebars_style":"","ocean_both_sidebars_content_width":0,"ocean_both_sidebars_sidebars_width":0,"ocean_sidebar":"0","ocean_second_sidebar":"0","ocean_disable_margins":"enable","ocean_add_body_class":"","ocean_shortcode_before_top_bar":"","ocean_shortcode_after_top_bar":"","ocean_shortcode_before_header":"","ocean_shortcode_after_header":"","ocean_has_shortcode":"","ocean_shortcode_after_title":"","ocean_shortcode_before_footer_widgets":"","ocean_shortcode_after_footer_widgets":"","ocean_shortcode_before_footer_bottom":"","ocean_shortcode_after_footer_bottom":"","ocean_display_top_bar":"default","ocean_display_header":"default","ocean_header_style":"","ocean_center_header_left_menu":"0","ocean_custom_header_template":"0","ocean_custom_logo":0,"ocean_custom_retina_logo":0,"ocean_custom_logo_max_width":0,"ocean_custom_logo_tablet_max_width":0,"ocean_custom_logo_mobile_max_width":0,"ocean_custom_logo_max_height":0,"ocean_custom_logo_tablet_max_height":0,"ocean_custom_logo_mobile_max_height":0,"ocean_header_custom_menu":"0","ocean_menu_typo_font_family":"0","ocean_menu_typo_font_subset":"","ocean_menu_typo_font_size":0,"ocean_menu_typo_font_size_tablet":0,"ocean_menu_typo_font_size_mobile":0,"ocean_menu_typo_font_size_unit":"px","ocean_menu_typo_font_weight":"","ocean_menu_typo_font_weight_tablet":"","ocean_menu_typo_font_weight_mobile":"","ocean_menu_typo_transform":"","ocean_menu_typo_transform_tablet":"","ocean_menu_typo_transform_mobile":"","ocean_menu_typo_line_height":0,"ocean_menu_typo_line_height_tablet":0,"ocean_menu_typo_line_height_mobile":0,"ocean_menu_typo_line_height_unit":"","ocean_menu_typo_spacing":0,"ocean_menu_typo_spacing_tablet":0,"ocean_menu_typo_spacing_mobile":0,"ocean_menu_typo_spacing_unit":"","ocean_menu_link_color":"","ocean_menu_link_color_hover":"","ocean_menu_link_color_active":"","ocean_menu_link_background":"","ocean_menu_link_hover_background":"","ocean_menu_link_active_background":"","ocean_menu_social_links_bg":"","ocean_menu_social_hover_links_bg":"","ocean_menu_social_links_color":"","ocean_menu_social_hover_links_color":"","ocean_disable_title":"default","ocean_disable_heading":"default","ocean_post_title":"","ocean_post_subheading":"","ocean_post_title_style":"","ocean_post_title_background_color":"","ocean_post_title_background":0,"ocean_post_title_bg_image_position":"","ocean_post_title_bg_image_attachment":"","ocean_post_title_bg_image_repeat":"","ocean_post_title_bg_image_size":"","ocean_post_title_height":0,"ocean_post_title_bg_overlay":0.5,"ocean_post_title_bg_overlay_color":"","ocean_disable_breadcrumbs":"default","ocean_breadcrumbs_color":"","ocean_breadcrumbs_separator_color":"","ocean_breadcrumbs_links_color":"","ocean_breadcrumbs_links_hover_color":"","ocean_display_footer_widgets":"default","ocean_display_footer_bottom":"default","ocean_custom_footer_template":"0","osh_disable_topbar_sticky":"default","osh_disable_header_sticky":"default","osh_sticky_header_style":"default","osh_sticky_header_effect":"","osh_custom_sticky_logo":0,"osh_custom_retina_sticky_logo":0,"osh_custom_sticky_logo_height":0,"osh_background_color":"","osh_links_color":"","osh_links_hover_color":"","osh_links_active_color":"","osh_links_bg_color":"","osh_links_hover_bg_color":"","osh_links_active_bg_color":"","osh_menu_social_links_color":"","osh_menu_social_hover_links_color":""},"product_brand":[],"product_cat":[7030,7014,6972,6823,6874,6908,6946],"product_tag":[],"class_list":{"0":"post-37456","1":"product","2":"type-product","3":"status-publish","4":"has-post-thumbnail","6":"product_cat-abbigliamento","7":"product_cat-bloomer-short-pantaloni-nascita","8":"product_cat-bloomer-short-pantaloni-nascita-ragazza","9":"product_cat-bloomer-short-pantaloni-neonata","10":"product_cat-bloomer-short-pantaloni-neonati","11":"product_cat-pantaloni-short-bambina","12":"product_cat-pantaloni-short-bambini","14":"entry","15":"has-media","17":"first","18":"instock","19":"taxable","20":"shipping-taxable","21":"purchasable","22":"product-type-variable","23":"has-default-attributes","24":"col","25":"span_1_of_3","26":"owp-content-center","27":"owp-thumbs-layout-vertical","28":"owp-btn-big","29":"owp-tabs-layout-vertical","30":"circle-sale"},"yoast_head":"<!-- This site is optimized with the Yoast SEO plugin v27.1.1 - https:\/\/yoast.com\/product\/yoast-seo-wordpress\/ -->\n<title>Pantaloni leggeri bimba plumetis - Bianco - Voyage de la Baleine<\/title>\n<meta name=\"robots\" content=\"index, follow, max-snippet:-1, max-image-preview:large, max-video-preview:-1\" \/>\n<link rel=\"canonical\" href=\"https:\/\/voyagedelabaleine.fr\/it\/prodotto\/pantaloni-leggeri-bimba-plumetis-bianco\/\" \/>\n<meta property=\"og:locale\" content=\"it_IT\" \/>\n<meta property=\"og:type\" content=\"article\" \/>\n<meta property=\"og:title\" content=\"Pantaloni leggeri bimba plumetis - Bianco - Voyage de la Baleine\" \/>\n<meta property=\"og:description\" content=\"Da abbinare alla blusa coordinata per un outfit completo  Vita elasticizzata  100% cotone  Fabbricato in Spagna Questi pantaloni vestono normalmente. Scegli la tua taglia abituale.\" \/>\n<meta property=\"og:url\" content=\"https:\/\/voyagedelabaleine.fr\/it\/prodotto\/pantaloni-leggeri-bimba-plumetis-bianco\/\" \/>\n<meta property=\"og:site_name\" content=\"Voyage de la Baleine\" \/>\n<meta property=\"article:publisher\" content=\"https:\/\/www.facebook.com\/voyagedelabaleine\/\" \/>\n<meta property=\"og:image\" content=\"https:\/\/voyagedelabaleine.fr\/wp-content\/uploads\/2026\/02\/pantalon-bebe-fille-details-rose-1.jpg\" \/>\n\t<meta property=\"og:image:width\" content=\"1069\" \/>\n\t<meta property=\"og:image:height\" content=\"1426\" \/>\n\t<meta property=\"og:image:type\" content=\"image\/jpeg\" \/>\n<meta name=\"twitter:card\" content=\"summary_large_image\" \/>\n<meta name=\"twitter:label1\" content=\"Tempo di lettura stimato\" \/>\n\t<meta name=\"twitter:data1\" content=\"2 minuto\" \/>\n<script type=\"application\/ld+json\" class=\"yoast-schema-graph\">{\"@context\":\"https:\/\/schema.org\",\"@graph\":[{\"@type\":\"WebPage\",\"@id\":\"https:\/\/voyagedelabaleine.fr\/it\/prodotto\/pantaloni-leggeri-bimba-plumetis-bianco\/\",\"url\":\"https:\/\/voyagedelabaleine.fr\/it\/prodotto\/pantaloni-leggeri-bimba-plumetis-bianco\/\",\"name\":\"Pantaloni leggeri bimba plumetis - Bianco - Voyage de la Baleine\",\"isPartOf\":{\"@id\":\"https:\/\/voyagedelabaleine.fr\/it\/#website\"},\"primaryImageOfPage\":{\"@id\":\"https:\/\/voyagedelabaleine.fr\/it\/prodotto\/pantaloni-leggeri-bimba-plumetis-bianco\/#primaryimage\"},\"image\":{\"@id\":\"https:\/\/voyagedelabaleine.fr\/it\/prodotto\/pantaloni-leggeri-bimba-plumetis-bianco\/#primaryimage\"},\"thumbnailUrl\":\"https:\/\/voyagedelabaleine.fr\/wp-content\/uploads\/2026\/02\/pantalon-bebe-fille-details-rose-1.jpg\",\"datePublished\":\"2026-02-04T10:52:42+00:00\",\"breadcrumb\":{\"@id\":\"https:\/\/voyagedelabaleine.fr\/it\/prodotto\/pantaloni-leggeri-bimba-plumetis-bianco\/#breadcrumb\"},\"inLanguage\":\"it-IT\",\"potentialAction\":[{\"@type\":\"ReadAction\",\"target\":[\"https:\/\/voyagedelabaleine.fr\/it\/prodotto\/pantaloni-leggeri-bimba-plumetis-bianco\/\"]}]},{\"@type\":\"ImageObject\",\"inLanguage\":\"it-IT\",\"@id\":\"https:\/\/voyagedelabaleine.fr\/it\/prodotto\/pantaloni-leggeri-bimba-plumetis-bianco\/#primaryimage\",\"url\":\"https:\/\/voyagedelabaleine.fr\/wp-content\/uploads\/2026\/02\/pantalon-bebe-fille-details-rose-1.jpg\",\"contentUrl\":\"https:\/\/voyagedelabaleine.fr\/wp-content\/uploads\/2026\/02\/pantalon-bebe-fille-details-rose-1.jpg\",\"width\":1069,\"height\":1426,\"caption\":\"Pantalon l\u00e9ger b\u00e9b\u00e9 fille en plumetis \u00e0 motif fleuri rose sur fond blanc\"},{\"@type\":\"BreadcrumbList\",\"@id\":\"https:\/\/voyagedelabaleine.fr\/it\/prodotto\/pantaloni-leggeri-bimba-plumetis-bianco\/#breadcrumb\",\"itemListElement\":[{\"@type\":\"ListItem\",\"position\":1,\"name\":\"Accueil\",\"item\":\"https:\/\/voyagedelabaleine.fr\/it\/homepage\/\"},{\"@type\":\"ListItem\",\"position\":2,\"name\":\"Tutta la collezione\",\"item\":\"https:\/\/voyagedelabaleine.fr\/it\/tutta-la-collezione\/\"},{\"@type\":\"ListItem\",\"position\":3,\"name\":\"Pantaloni leggeri bimba plumetis &#8211; Bianco\"}]},{\"@type\":\"WebSite\",\"@id\":\"https:\/\/voyagedelabaleine.fr\/it\/#website\",\"url\":\"https:\/\/voyagedelabaleine.fr\/it\/\",\"name\":\"Voyage de la Baleine\",\"description\":\"V\u00eatements intemporels et raffin\u00e9s pour b\u00e9b\u00e9s et enfants\",\"publisher\":{\"@id\":\"https:\/\/voyagedelabaleine.fr\/it\/#organization\"},\"potentialAction\":[{\"@type\":\"SearchAction\",\"target\":{\"@type\":\"EntryPoint\",\"urlTemplate\":\"https:\/\/voyagedelabaleine.fr\/it\/?s={search_term_string}\"},\"query-input\":{\"@type\":\"PropertyValueSpecification\",\"valueRequired\":true,\"valueName\":\"search_term_string\"}}],\"inLanguage\":\"it-IT\"},{\"@type\":\"Organization\",\"@id\":\"https:\/\/voyagedelabaleine.fr\/it\/#organization\",\"name\":\"Voyage de la Baleine\",\"url\":\"https:\/\/voyagedelabaleine.fr\/it\/\",\"logo\":{\"@type\":\"ImageObject\",\"inLanguage\":\"it-IT\",\"@id\":\"https:\/\/voyagedelabaleine.fr\/it\/#\/schema\/logo\/image\/\",\"url\":\"https:\/\/voyagedelabaleine.fr\/wp-content\/uploads\/2025\/06\/logo.webp\",\"contentUrl\":\"https:\/\/voyagedelabaleine.fr\/wp-content\/uploads\/2025\/06\/logo.webp\",\"width\":153,\"height\":64,\"caption\":\"Voyage de la Baleine\"},\"image\":{\"@id\":\"https:\/\/voyagedelabaleine.fr\/it\/#\/schema\/logo\/image\/\"},\"sameAs\":[\"https:\/\/www.facebook.com\/voyagedelabaleine\/\",\"https:\/\/www.instagram.com\/voyagedelabaleine\/\",\"https:\/\/www.pinterest.fr\/Voyagedelabaleine\/\"]}]}<\/script>\n<!-- \/ Yoast SEO plugin. -->","yoast_head_json":{"title":"Pantaloni leggeri bimba plumetis - Bianco - Voyage de la Baleine","robots":{"index":"index","follow":"follow","max-snippet":"max-snippet:-1","max-image-preview":"max-image-preview:large","max-video-preview":"max-video-preview:-1"},"canonical":"https:\/\/voyagedelabaleine.fr\/it\/prodotto\/pantaloni-leggeri-bimba-plumetis-bianco\/","og_locale":"it_IT","og_type":"article","og_title":"Pantaloni leggeri bimba plumetis - Bianco - Voyage de la Baleine","og_description":"Da abbinare alla blusa coordinata per un outfit completo  Vita elasticizzata  100% cotone  Fabbricato in Spagna Questi pantaloni vestono normalmente. Scegli la tua taglia abituale.","og_url":"https:\/\/voyagedelabaleine.fr\/it\/prodotto\/pantaloni-leggeri-bimba-plumetis-bianco\/","og_site_name":"Voyage de la Baleine","article_publisher":"https:\/\/www.facebook.com\/voyagedelabaleine\/","og_image":[{"width":1069,"height":1426,"url":"https:\/\/voyagedelabaleine.fr\/wp-content\/uploads\/2026\/02\/pantalon-bebe-fille-details-rose-1.jpg","type":"image\/jpeg"}],"twitter_card":"summary_large_image","twitter_misc":{"Tempo di lettura stimato":"2 minuto"},"schema":{"@context":"https:\/\/schema.org","@graph":[{"@type":"WebPage","@id":"https:\/\/voyagedelabaleine.fr\/it\/prodotto\/pantaloni-leggeri-bimba-plumetis-bianco\/","url":"https:\/\/voyagedelabaleine.fr\/it\/prodotto\/pantaloni-leggeri-bimba-plumetis-bianco\/","name":"Pantaloni leggeri bimba plumetis - Bianco - Voyage de la Baleine","isPartOf":{"@id":"https:\/\/voyagedelabaleine.fr\/it\/#website"},"primaryImageOfPage":{"@id":"https:\/\/voyagedelabaleine.fr\/it\/prodotto\/pantaloni-leggeri-bimba-plumetis-bianco\/#primaryimage"},"image":{"@id":"https:\/\/voyagedelabaleine.fr\/it\/prodotto\/pantaloni-leggeri-bimba-plumetis-bianco\/#primaryimage"},"thumbnailUrl":"https:\/\/voyagedelabaleine.fr\/wp-content\/uploads\/2026\/02\/pantalon-bebe-fille-details-rose-1.jpg","datePublished":"2026-02-04T10:52:42+00:00","breadcrumb":{"@id":"https:\/\/voyagedelabaleine.fr\/it\/prodotto\/pantaloni-leggeri-bimba-plumetis-bianco\/#breadcrumb"},"inLanguage":"it-IT","potentialAction":[{"@type":"ReadAction","target":["https:\/\/voyagedelabaleine.fr\/it\/prodotto\/pantaloni-leggeri-bimba-plumetis-bianco\/"]}]},{"@type":"ImageObject","inLanguage":"it-IT","@id":"https:\/\/voyagedelabaleine.fr\/it\/prodotto\/pantaloni-leggeri-bimba-plumetis-bianco\/#primaryimage","url":"https:\/\/voyagedelabaleine.fr\/wp-content\/uploads\/2026\/02\/pantalon-bebe-fille-details-rose-1.jpg","contentUrl":"https:\/\/voyagedelabaleine.fr\/wp-content\/uploads\/2026\/02\/pantalon-bebe-fille-details-rose-1.jpg","width":1069,"height":1426,"caption":"Pantalon l\u00e9ger b\u00e9b\u00e9 fille en plumetis \u00e0 motif fleuri rose sur fond blanc"},{"@type":"BreadcrumbList","@id":"https:\/\/voyagedelabaleine.fr\/it\/prodotto\/pantaloni-leggeri-bimba-plumetis-bianco\/#breadcrumb","itemListElement":[{"@type":"ListItem","position":1,"name":"Accueil","item":"https:\/\/voyagedelabaleine.fr\/it\/homepage\/"},{"@type":"ListItem","position":2,"name":"Tutta la collezione","item":"https:\/\/voyagedelabaleine.fr\/it\/tutta-la-collezione\/"},{"@type":"ListItem","position":3,"name":"Pantaloni leggeri bimba plumetis &#8211; Bianco"}]},{"@type":"WebSite","@id":"https:\/\/voyagedelabaleine.fr\/it\/#website","url":"https:\/\/voyagedelabaleine.fr\/it\/","name":"Voyage de la Baleine","description":"V\u00eatements intemporels et raffin\u00e9s pour b\u00e9b\u00e9s et enfants","publisher":{"@id":"https:\/\/voyagedelabaleine.fr\/it\/#organization"},"potentialAction":[{"@type":"SearchAction","target":{"@type":"EntryPoint","urlTemplate":"https:\/\/voyagedelabaleine.fr\/it\/?s={search_term_string}"},"query-input":{"@type":"PropertyValueSpecification","valueRequired":true,"valueName":"search_term_string"}}],"inLanguage":"it-IT"},{"@type":"Organization","@id":"https:\/\/voyagedelabaleine.fr\/it\/#organization","name":"Voyage de la Baleine","url":"https:\/\/voyagedelabaleine.fr\/it\/","logo":{"@type":"ImageObject","inLanguage":"it-IT","@id":"https:\/\/voyagedelabaleine.fr\/it\/#\/schema\/logo\/image\/","url":"https:\/\/voyagedelabaleine.fr\/wp-content\/uploads\/2025\/06\/logo.webp","contentUrl":"https:\/\/voyagedelabaleine.fr\/wp-content\/uploads\/2025\/06\/logo.webp","width":153,"height":64,"caption":"Voyage de la Baleine"},"image":{"@id":"https:\/\/voyagedelabaleine.fr\/it\/#\/schema\/logo\/image\/"},"sameAs":["https:\/\/www.facebook.com\/voyagedelabaleine\/","https:\/\/www.instagram.com\/voyagedelabaleine\/","https:\/\/www.pinterest.fr\/Voyagedelabaleine\/"]}]}},"_links":{"self":[{"href":"https:\/\/voyagedelabaleine.fr\/it\/wp-json\/wp\/v2\/product\/37456","targetHints":{"allow":["GET"]}}],"collection":[{"href":"https:\/\/voyagedelabaleine.fr\/it\/wp-json\/wp\/v2\/product"}],"about":[{"href":"https:\/\/voyagedelabaleine.fr\/it\/wp-json\/wp\/v2\/types\/product"}],"replies":[{"embeddable":true,"href":"https:\/\/voyagedelabaleine.fr\/it\/wp-json\/wp\/v2\/comments?post=37456"}],"wp:featuredmedia":[{"embeddable":true,"href":"https:\/\/voyagedelabaleine.fr\/it\/wp-json\/wp\/v2\/media\/37204"}],"wp:attachment":[{"href":"https:\/\/voyagedelabaleine.fr\/it\/wp-json\/wp\/v2\/media?parent=37456"}],"wp:term":[{"taxonomy":"product_brand","embeddable":true,"href":"https:\/\/voyagedelabaleine.fr\/it\/wp-json\/wp\/v2\/product_brand?post=37456"},{"taxonomy":"product_cat","embeddable":true,"href":"https:\/\/voyagedelabaleine.fr\/it\/wp-json\/wp\/v2\/product_cat?post=37456"},{"taxonomy":"product_tag","embeddable":true,"href":"https:\/\/voyagedelabaleine.fr\/it\/wp-json\/wp\/v2\/product_tag?post=37456"}],"curies":[{"name":"wp","href":"https:\/\/api.w.org\/{rel}","templated":true}]}}