{"id":37597,"date":"2026-02-04T11:55:43","date_gmt":"2026-02-04T10:55:43","guid":{"rendered":"https:\/\/voyagedelabaleine.fr\/product\/set-berretto-e-muffole-in-cotone-biologico-rigato-sabbia\/"},"modified":"2026-02-04T11:55:43","modified_gmt":"2026-02-04T10:55:43","slug":"set-berretto-e-muffole-in-cotone-biologico-rigato-sabbia","status":"publish","type":"product","link":"https:\/\/voyagedelabaleine.fr\/it\/prodotto\/set-berretto-e-muffole-in-cotone-biologico-rigato-sabbia\/","title":{"rendered":"Set berretto e muffole in cotone biologico &#8211; Rigato sabbia"},"content":{"rendered":"<h3 data-start=\"202\" data-end=\"250\">Un set berretto e muffole rigato per beb\u00e8<\/h3>\n<p data-start=\"252\" data-end=\"558\">Il nostro set <strong data-start=\"267\" data-end=\"319\">berretto e muffole in cotone biologico rigato sabbia<\/strong> \u00e8 pensato per avvolgere il beb\u00e8 in morbidezza e comfort fin dai primi giorni. Il berretto protegge delicatamente la testa del neonato, mentre le muffole mantengono le sue manine coperte ed evitano graffi involontari. <\/p>\n<p data-start=\"560\" data-end=\"718\">Il <strong data-start=\"563\" data-end=\"583\">motivo rigato sabbia<\/strong>, sottile e luminoso, aggiunge un tocco moderno e caldo, pur rimanendo facile da abbinare a tutti gli outfit da neonato.<\/p>\n<h3 data-start=\"720\" data-end=\"768\">Un tessuto morbido e delicato sulla pelle<\/h3>\n<p data-start=\"770\" data-end=\"1004\">Realizzato in <strong data-start=\"786\" data-end=\"806\">cotone biologico<\/strong>, questo set \u00e8 particolarmente adatto alla pelle sensibile dei pi\u00f9 piccoli. La fibra naturale assicura un contatto morbido e piacevole, mentre le <strong data-start=\"955\" data-end=\"976\">cuciture curate<\/strong> evitano qualsiasi irritazione. <\/p>\n<p data-start=\"1006\" data-end=\"1158\">Il cotone biologico garantisce comfort e qualit\u00e0, offrendo un capo affidabile per l&#8217;uso quotidiano, nel rispetto della pelle delicata del beb\u00e8.<\/p>\n<h3 data-start=\"1160\" data-end=\"1197\">Un taglio pratico e confortevole<\/h3>\n<p data-start=\"1199\" data-end=\"1447\">Il berretto \u00e8 stato progettato per <strong data-start=\"1226\" data-end=\"1270\">adattarsi perfettamente alla testa del beb\u00e8<\/strong> senza stringere, e rimanere ben saldo per tutto il giorno. Le muffole, facili da indossare, proteggono le mani permettendo al beb\u00e8 di muovere liberamente le dita. <\/p>\n<p data-start=\"1449\" data-end=\"1560\">Ogni dettaglio del taglio \u00e8 stato studiato per unire praticit\u00e0 per i genitori e comfort ottimale per il bambino.<\/p>\n<h3 data-start=\"1562\" data-end=\"1607\">Un outfit coordinato e facile da abbinare<\/h3>\n<p data-start=\"1609\" data-end=\"1963\">Questo set berretto e muffole pu\u00f2 completare perfettamente il <a href=\"https:\/\/voyagedelabaleine.fr\/prodotto\/pyjama-naissance-coton-bio-creme\/\"><strong>Pigiama nascita incrociato in cotone biologico<\/strong> <strong>&#8211; Crema<\/strong><\/a> o il <strong data-start=\"1818\" data-end=\"1844\">set di body abbinati: <\/strong><a href=\"https:\/\/voyagedelabaleine.fr\/it\/prodotto\/set-di-2-body-incrociati-per-neonato-cotone-biologico-extra-morbido-crema-sabbia-a-righe\/\">Set di 2 body nascita incrociati \u2013 Cotone biologico extra-morbido \u2013 Crema\/rigato sabbia<\/a> o il <a href=\"https:\/\/voyagedelabaleine.fr\/it\/?attachment_id=34349\">Set di 2 body nascita incrociati \u2013 Cotone biologico extra-morbido \u2013 C<\/a><a href=\"https:\/\/voyagedelabaleine.fr\/it\/?attachment_id=34349\">rema\/sabbia<\/a>. Abbinato a questi capi, permette di creare un outfit nascita armonioso, elegante e confortevole, interamente pensato per il benessere del beb\u00e8. <\/p>\n<h3 data-start=\"1965\" data-end=\"2016\">Un capo essenziale per la quotidianit\u00e0 del beb\u00e8<\/h3>\n<p data-start=\"2018\" data-end=\"2397\">Il set berretto e muffole in cotone biologico rigato sabbia \u00e8 un must-have per le prime settimane del beb\u00e8. Pratico, elegante e morbido, offre calore e protezione per le uscite o a casa. Progettato per rimanere comodo e ben aderente, diventa un capo base del guardaroba nascita, semplice da indossare e facile da coordinare con il resto dei vestiti del beb\u00e8.  <\/p>\n<p data-start=\"2018\" data-end=\"2397\">Prodotto in Spagna.<\/p>\n","protected":false},"excerpt":{"rendered":"<ul>\n<li>Berretto e muffole nascita<\/li>\n<li>Cuciture extra-morbide<\/li>\n<li>100% cotone biologico<\/li>\n<li>Realizzate in Spagna<\/li>\n<\/ul>\n","protected":false},"featured_media":36190,"comment_status":"open","ping_status":"closed","template":"","meta":{"ocean_post_layout":"","ocean_both_sidebars_style":"","ocean_both_sidebars_content_width":0,"ocean_both_sidebars_sidebars_width":0,"ocean_sidebar":"0","ocean_second_sidebar":"0","ocean_disable_margins":"enable","ocean_add_body_class":"","ocean_shortcode_before_top_bar":"","ocean_shortcode_after_top_bar":"","ocean_shortcode_before_header":"","ocean_shortcode_after_header":"","ocean_has_shortcode":"","ocean_shortcode_after_title":"","ocean_shortcode_before_footer_widgets":"","ocean_shortcode_after_footer_widgets":"","ocean_shortcode_before_footer_bottom":"","ocean_shortcode_after_footer_bottom":"","ocean_display_top_bar":"default","ocean_display_header":"default","ocean_header_style":"","ocean_center_header_left_menu":"0","ocean_custom_header_template":"0","ocean_custom_logo":0,"ocean_custom_retina_logo":0,"ocean_custom_logo_max_width":0,"ocean_custom_logo_tablet_max_width":0,"ocean_custom_logo_mobile_max_width":0,"ocean_custom_logo_max_height":0,"ocean_custom_logo_tablet_max_height":0,"ocean_custom_logo_mobile_max_height":0,"ocean_header_custom_menu":"0","ocean_menu_typo_font_family":"0","ocean_menu_typo_font_subset":"","ocean_menu_typo_font_size":0,"ocean_menu_typo_font_size_tablet":0,"ocean_menu_typo_font_size_mobile":0,"ocean_menu_typo_font_size_unit":"px","ocean_menu_typo_font_weight":"","ocean_menu_typo_font_weight_tablet":"","ocean_menu_typo_font_weight_mobile":"","ocean_menu_typo_transform":"","ocean_menu_typo_transform_tablet":"","ocean_menu_typo_transform_mobile":"","ocean_menu_typo_line_height":0,"ocean_menu_typo_line_height_tablet":0,"ocean_menu_typo_line_height_mobile":0,"ocean_menu_typo_line_height_unit":"","ocean_menu_typo_spacing":0,"ocean_menu_typo_spacing_tablet":0,"ocean_menu_typo_spacing_mobile":0,"ocean_menu_typo_spacing_unit":"","ocean_menu_link_color":"","ocean_menu_link_color_hover":"","ocean_menu_link_color_active":"","ocean_menu_link_background":"","ocean_menu_link_hover_background":"","ocean_menu_link_active_background":"","ocean_menu_social_links_bg":"","ocean_menu_social_hover_links_bg":"","ocean_menu_social_links_color":"","ocean_menu_social_hover_links_color":"","ocean_disable_title":"default","ocean_disable_heading":"default","ocean_post_title":"","ocean_post_subheading":"","ocean_post_title_style":"","ocean_post_title_background_color":"","ocean_post_title_background":0,"ocean_post_title_bg_image_position":"","ocean_post_title_bg_image_attachment":"","ocean_post_title_bg_image_repeat":"","ocean_post_title_bg_image_size":"","ocean_post_title_height":0,"ocean_post_title_bg_overlay":0.5,"ocean_post_title_bg_overlay_color":"","ocean_disable_breadcrumbs":"default","ocean_breadcrumbs_color":"","ocean_breadcrumbs_separator_color":"","ocean_breadcrumbs_links_color":"","ocean_breadcrumbs_links_hover_color":"","ocean_display_footer_widgets":"default","ocean_display_footer_bottom":"default","ocean_custom_footer_template":"0","osh_disable_topbar_sticky":"default","osh_disable_header_sticky":"default","osh_sticky_header_style":"default","osh_sticky_header_effect":"","osh_custom_sticky_logo":0,"osh_custom_retina_sticky_logo":0,"osh_custom_sticky_logo_height":0,"osh_background_color":"","osh_links_color":"","osh_links_hover_color":"","osh_links_active_color":"","osh_links_bg_color":"","osh_links_hover_bg_color":"","osh_links_active_bg_color":"","osh_menu_social_links_color":"","osh_menu_social_hover_links_color":""},"product_brand":[],"product_cat":[6968,6990,6958],"product_tag":[],"class_list":{"0":"post-37597","1":"product","2":"type-product","3":"status-publish","4":"has-post-thumbnail","6":"product_cat-accessori-nascita-ragazza","7":"product_cat-accessori-nascita-ragazzo","8":"product_cat-accessori-nascita","10":"entry","11":"has-media","13":"first","14":"instock","15":"taxable","16":"shipping-taxable","17":"purchasable","18":"product-type-variable","19":"has-default-attributes","20":"col","21":"span_1_of_3","22":"owp-content-center","23":"owp-thumbs-layout-vertical","24":"owp-btn-big","25":"owp-tabs-layout-vertical","26":"circle-sale"},"yoast_head":"<!-- This site is optimized with the Yoast SEO plugin v27.1.1 - https:\/\/yoast.com\/product\/yoast-seo-wordpress\/ -->\n<title>Set berretto e muffole in cotone biologico - Rigato sabbia - Voyage de la Baleine<\/title>\n<meta name=\"description\" content=\"Il nostro set berretto e muffole in cotone biologico rigato sabbia \u00e8 pensato per avvolgere il beb\u00e8 in morbidezza e comfort fin dai primi giorni.\" \/>\n<meta name=\"robots\" content=\"index, follow, max-snippet:-1, max-image-preview:large, max-video-preview:-1\" \/>\n<link rel=\"canonical\" href=\"https:\/\/voyagedelabaleine.fr\/it\/prodotto\/set-berretto-e-muffole-in-cotone-biologico-rigato-sabbia\/\" \/>\n<meta property=\"og:locale\" content=\"it_IT\" \/>\n<meta property=\"og:type\" content=\"article\" \/>\n<meta property=\"og:title\" content=\"Set berretto e muffole in cotone biologico - Rigato sabbia - Voyage de la Baleine\" \/>\n<meta property=\"og:description\" content=\"Il nostro set berretto e muffole in cotone biologico rigato sabbia \u00e8 pensato per avvolgere il beb\u00e8 in morbidezza e comfort fin dai primi giorni.\" \/>\n<meta property=\"og:url\" content=\"https:\/\/voyagedelabaleine.fr\/it\/prodotto\/set-berretto-e-muffole-in-cotone-biologico-rigato-sabbia\/\" \/>\n<meta property=\"og:site_name\" content=\"Voyage de la Baleine\" \/>\n<meta property=\"article:publisher\" content=\"https:\/\/www.facebook.com\/voyagedelabaleine\/\" \/>\n<meta property=\"og:image\" content=\"https:\/\/voyagedelabaleine.fr\/wp-content\/uploads\/2026\/01\/ensemble-bonnet-mouffles-naissance-raye.jpg\" \/>\n\t<meta property=\"og:image:width\" content=\"811\" \/>\n\t<meta property=\"og:image:height\" content=\"1081\" \/>\n\t<meta property=\"og:image:type\" content=\"image\/jpeg\" \/>\n<meta name=\"twitter:card\" content=\"summary_large_image\" \/>\n<meta name=\"twitter:label1\" content=\"Tempo di lettura stimato\" \/>\n\t<meta name=\"twitter:data1\" content=\"2 minuto\" \/>\n<script type=\"application\/ld+json\" class=\"yoast-schema-graph\">{\"@context\":\"https:\/\/schema.org\",\"@graph\":[{\"@type\":\"WebPage\",\"@id\":\"https:\/\/voyagedelabaleine.fr\/it\/prodotto\/set-berretto-e-muffole-in-cotone-biologico-rigato-sabbia\/\",\"url\":\"https:\/\/voyagedelabaleine.fr\/it\/prodotto\/set-berretto-e-muffole-in-cotone-biologico-rigato-sabbia\/\",\"name\":\"Set berretto e muffole in cotone biologico - Rigato sabbia - Voyage de la Baleine\",\"isPartOf\":{\"@id\":\"https:\/\/voyagedelabaleine.fr\/it\/#website\"},\"primaryImageOfPage\":{\"@id\":\"https:\/\/voyagedelabaleine.fr\/it\/prodotto\/set-berretto-e-muffole-in-cotone-biologico-rigato-sabbia\/#primaryimage\"},\"image\":{\"@id\":\"https:\/\/voyagedelabaleine.fr\/it\/prodotto\/set-berretto-e-muffole-in-cotone-biologico-rigato-sabbia\/#primaryimage\"},\"thumbnailUrl\":\"https:\/\/voyagedelabaleine.fr\/wp-content\/uploads\/2026\/01\/ensemble-bonnet-mouffles-naissance-raye.jpg\",\"datePublished\":\"2026-02-04T10:55:43+00:00\",\"description\":\"Il nostro set berretto e muffole in cotone biologico rigato sabbia \u00e8 pensato per avvolgere il beb\u00e8 in morbidezza e comfort fin dai primi giorni.\",\"breadcrumb\":{\"@id\":\"https:\/\/voyagedelabaleine.fr\/it\/prodotto\/set-berretto-e-muffole-in-cotone-biologico-rigato-sabbia\/#breadcrumb\"},\"inLanguage\":\"it-IT\",\"potentialAction\":[{\"@type\":\"ReadAction\",\"target\":[\"https:\/\/voyagedelabaleine.fr\/it\/prodotto\/set-berretto-e-muffole-in-cotone-biologico-rigato-sabbia\/\"]}]},{\"@type\":\"ImageObject\",\"inLanguage\":\"it-IT\",\"@id\":\"https:\/\/voyagedelabaleine.fr\/it\/prodotto\/set-berretto-e-muffole-in-cotone-biologico-rigato-sabbia\/#primaryimage\",\"url\":\"https:\/\/voyagedelabaleine.fr\/wp-content\/uploads\/2026\/01\/ensemble-bonnet-mouffles-naissance-raye.jpg\",\"contentUrl\":\"https:\/\/voyagedelabaleine.fr\/wp-content\/uploads\/2026\/01\/ensemble-bonnet-mouffles-naissance-raye.jpg\",\"width\":811,\"height\":1081,\"caption\":\"Ensemble de naissance bonnet et moufles en coton bio ray\u00e9\"},{\"@type\":\"BreadcrumbList\",\"@id\":\"https:\/\/voyagedelabaleine.fr\/it\/prodotto\/set-berretto-e-muffole-in-cotone-biologico-rigato-sabbia\/#breadcrumb\",\"itemListElement\":[{\"@type\":\"ListItem\",\"position\":1,\"name\":\"Accueil\",\"item\":\"https:\/\/voyagedelabaleine.fr\/it\/homepage\/\"},{\"@type\":\"ListItem\",\"position\":2,\"name\":\"Tutta la collezione\",\"item\":\"https:\/\/voyagedelabaleine.fr\/it\/tutta-la-collezione\/\"},{\"@type\":\"ListItem\",\"position\":3,\"name\":\"Set berretto e muffole in cotone biologico &#8211; Rigato sabbia\"}]},{\"@type\":\"WebSite\",\"@id\":\"https:\/\/voyagedelabaleine.fr\/it\/#website\",\"url\":\"https:\/\/voyagedelabaleine.fr\/it\/\",\"name\":\"Voyage de la Baleine\",\"description\":\"V\u00eatements intemporels et raffin\u00e9s pour b\u00e9b\u00e9s et enfants\",\"publisher\":{\"@id\":\"https:\/\/voyagedelabaleine.fr\/it\/#organization\"},\"potentialAction\":[{\"@type\":\"SearchAction\",\"target\":{\"@type\":\"EntryPoint\",\"urlTemplate\":\"https:\/\/voyagedelabaleine.fr\/it\/?s={search_term_string}\"},\"query-input\":{\"@type\":\"PropertyValueSpecification\",\"valueRequired\":true,\"valueName\":\"search_term_string\"}}],\"inLanguage\":\"it-IT\"},{\"@type\":\"Organization\",\"@id\":\"https:\/\/voyagedelabaleine.fr\/it\/#organization\",\"name\":\"Voyage de la Baleine\",\"url\":\"https:\/\/voyagedelabaleine.fr\/it\/\",\"logo\":{\"@type\":\"ImageObject\",\"inLanguage\":\"it-IT\",\"@id\":\"https:\/\/voyagedelabaleine.fr\/it\/#\/schema\/logo\/image\/\",\"url\":\"https:\/\/voyagedelabaleine.fr\/wp-content\/uploads\/2025\/06\/logo.webp\",\"contentUrl\":\"https:\/\/voyagedelabaleine.fr\/wp-content\/uploads\/2025\/06\/logo.webp\",\"width\":153,\"height\":64,\"caption\":\"Voyage de la Baleine\"},\"image\":{\"@id\":\"https:\/\/voyagedelabaleine.fr\/it\/#\/schema\/logo\/image\/\"},\"sameAs\":[\"https:\/\/www.facebook.com\/voyagedelabaleine\/\",\"https:\/\/www.instagram.com\/voyagedelabaleine\/\",\"https:\/\/www.pinterest.fr\/Voyagedelabaleine\/\"]}]}<\/script>\n<!-- \/ Yoast SEO plugin. -->","yoast_head_json":{"title":"Set berretto e muffole in cotone biologico - Rigato sabbia - Voyage de la Baleine","description":"Il nostro set berretto e muffole in cotone biologico rigato sabbia \u00e8 pensato per avvolgere il beb\u00e8 in morbidezza e comfort fin dai primi giorni.","robots":{"index":"index","follow":"follow","max-snippet":"max-snippet:-1","max-image-preview":"max-image-preview:large","max-video-preview":"max-video-preview:-1"},"canonical":"https:\/\/voyagedelabaleine.fr\/it\/prodotto\/set-berretto-e-muffole-in-cotone-biologico-rigato-sabbia\/","og_locale":"it_IT","og_type":"article","og_title":"Set berretto e muffole in cotone biologico - Rigato sabbia - Voyage de la Baleine","og_description":"Il nostro set berretto e muffole in cotone biologico rigato sabbia \u00e8 pensato per avvolgere il beb\u00e8 in morbidezza e comfort fin dai primi giorni.","og_url":"https:\/\/voyagedelabaleine.fr\/it\/prodotto\/set-berretto-e-muffole-in-cotone-biologico-rigato-sabbia\/","og_site_name":"Voyage de la Baleine","article_publisher":"https:\/\/www.facebook.com\/voyagedelabaleine\/","og_image":[{"width":811,"height":1081,"url":"https:\/\/voyagedelabaleine.fr\/wp-content\/uploads\/2026\/01\/ensemble-bonnet-mouffles-naissance-raye.jpg","type":"image\/jpeg"}],"twitter_card":"summary_large_image","twitter_misc":{"Tempo di lettura stimato":"2 minuto"},"schema":{"@context":"https:\/\/schema.org","@graph":[{"@type":"WebPage","@id":"https:\/\/voyagedelabaleine.fr\/it\/prodotto\/set-berretto-e-muffole-in-cotone-biologico-rigato-sabbia\/","url":"https:\/\/voyagedelabaleine.fr\/it\/prodotto\/set-berretto-e-muffole-in-cotone-biologico-rigato-sabbia\/","name":"Set berretto e muffole in cotone biologico - Rigato sabbia - Voyage de la Baleine","isPartOf":{"@id":"https:\/\/voyagedelabaleine.fr\/it\/#website"},"primaryImageOfPage":{"@id":"https:\/\/voyagedelabaleine.fr\/it\/prodotto\/set-berretto-e-muffole-in-cotone-biologico-rigato-sabbia\/#primaryimage"},"image":{"@id":"https:\/\/voyagedelabaleine.fr\/it\/prodotto\/set-berretto-e-muffole-in-cotone-biologico-rigato-sabbia\/#primaryimage"},"thumbnailUrl":"https:\/\/voyagedelabaleine.fr\/wp-content\/uploads\/2026\/01\/ensemble-bonnet-mouffles-naissance-raye.jpg","datePublished":"2026-02-04T10:55:43+00:00","description":"Il nostro set berretto e muffole in cotone biologico rigato sabbia \u00e8 pensato per avvolgere il beb\u00e8 in morbidezza e comfort fin dai primi giorni.","breadcrumb":{"@id":"https:\/\/voyagedelabaleine.fr\/it\/prodotto\/set-berretto-e-muffole-in-cotone-biologico-rigato-sabbia\/#breadcrumb"},"inLanguage":"it-IT","potentialAction":[{"@type":"ReadAction","target":["https:\/\/voyagedelabaleine.fr\/it\/prodotto\/set-berretto-e-muffole-in-cotone-biologico-rigato-sabbia\/"]}]},{"@type":"ImageObject","inLanguage":"it-IT","@id":"https:\/\/voyagedelabaleine.fr\/it\/prodotto\/set-berretto-e-muffole-in-cotone-biologico-rigato-sabbia\/#primaryimage","url":"https:\/\/voyagedelabaleine.fr\/wp-content\/uploads\/2026\/01\/ensemble-bonnet-mouffles-naissance-raye.jpg","contentUrl":"https:\/\/voyagedelabaleine.fr\/wp-content\/uploads\/2026\/01\/ensemble-bonnet-mouffles-naissance-raye.jpg","width":811,"height":1081,"caption":"Ensemble de naissance bonnet et moufles en coton bio ray\u00e9"},{"@type":"BreadcrumbList","@id":"https:\/\/voyagedelabaleine.fr\/it\/prodotto\/set-berretto-e-muffole-in-cotone-biologico-rigato-sabbia\/#breadcrumb","itemListElement":[{"@type":"ListItem","position":1,"name":"Accueil","item":"https:\/\/voyagedelabaleine.fr\/it\/homepage\/"},{"@type":"ListItem","position":2,"name":"Tutta la collezione","item":"https:\/\/voyagedelabaleine.fr\/it\/tutta-la-collezione\/"},{"@type":"ListItem","position":3,"name":"Set berretto e muffole in cotone biologico &#8211; Rigato sabbia"}]},{"@type":"WebSite","@id":"https:\/\/voyagedelabaleine.fr\/it\/#website","url":"https:\/\/voyagedelabaleine.fr\/it\/","name":"Voyage de la Baleine","description":"V\u00eatements intemporels et raffin\u00e9s pour b\u00e9b\u00e9s et enfants","publisher":{"@id":"https:\/\/voyagedelabaleine.fr\/it\/#organization"},"potentialAction":[{"@type":"SearchAction","target":{"@type":"EntryPoint","urlTemplate":"https:\/\/voyagedelabaleine.fr\/it\/?s={search_term_string}"},"query-input":{"@type":"PropertyValueSpecification","valueRequired":true,"valueName":"search_term_string"}}],"inLanguage":"it-IT"},{"@type":"Organization","@id":"https:\/\/voyagedelabaleine.fr\/it\/#organization","name":"Voyage de la Baleine","url":"https:\/\/voyagedelabaleine.fr\/it\/","logo":{"@type":"ImageObject","inLanguage":"it-IT","@id":"https:\/\/voyagedelabaleine.fr\/it\/#\/schema\/logo\/image\/","url":"https:\/\/voyagedelabaleine.fr\/wp-content\/uploads\/2025\/06\/logo.webp","contentUrl":"https:\/\/voyagedelabaleine.fr\/wp-content\/uploads\/2025\/06\/logo.webp","width":153,"height":64,"caption":"Voyage de la Baleine"},"image":{"@id":"https:\/\/voyagedelabaleine.fr\/it\/#\/schema\/logo\/image\/"},"sameAs":["https:\/\/www.facebook.com\/voyagedelabaleine\/","https:\/\/www.instagram.com\/voyagedelabaleine\/","https:\/\/www.pinterest.fr\/Voyagedelabaleine\/"]}]}},"_links":{"self":[{"href":"https:\/\/voyagedelabaleine.fr\/it\/wp-json\/wp\/v2\/product\/37597","targetHints":{"allow":["GET"]}}],"collection":[{"href":"https:\/\/voyagedelabaleine.fr\/it\/wp-json\/wp\/v2\/product"}],"about":[{"href":"https:\/\/voyagedelabaleine.fr\/it\/wp-json\/wp\/v2\/types\/product"}],"replies":[{"embeddable":true,"href":"https:\/\/voyagedelabaleine.fr\/it\/wp-json\/wp\/v2\/comments?post=37597"}],"wp:featuredmedia":[{"embeddable":true,"href":"https:\/\/voyagedelabaleine.fr\/it\/wp-json\/wp\/v2\/media\/36190"}],"wp:attachment":[{"href":"https:\/\/voyagedelabaleine.fr\/it\/wp-json\/wp\/v2\/media?parent=37597"}],"wp:term":[{"taxonomy":"product_brand","embeddable":true,"href":"https:\/\/voyagedelabaleine.fr\/it\/wp-json\/wp\/v2\/product_brand?post=37597"},{"taxonomy":"product_cat","embeddable":true,"href":"https:\/\/voyagedelabaleine.fr\/it\/wp-json\/wp\/v2\/product_cat?post=37597"},{"taxonomy":"product_tag","embeddable":true,"href":"https:\/\/voyagedelabaleine.fr\/it\/wp-json\/wp\/v2\/product_tag?post=37597"}],"curies":[{"name":"wp","href":"https:\/\/api.w.org\/{rel}","templated":true}]}}