{"id":37709,"date":"2026-02-04T11:52:30","date_gmt":"2026-02-04T10:52:30","guid":{"rendered":"https:\/\/voyagedelabaleine.fr\/product\/tutina-neonato-con-piedini-in-cotone-beige\/"},"modified":"2026-02-04T11:52:30","modified_gmt":"2026-02-04T10:52:30","slug":"tutina-neonato-con-piedini-in-cotone-beige","status":"publish","type":"product","link":"https:\/\/voyagedelabaleine.fr\/it\/prodotto\/tutina-neonato-con-piedini-in-cotone-beige\/","title":{"rendered":"Tutina neonato con piedini in cotone \u2013 Beige"},"content":{"rendered":"<div class=\"flex max-w-full flex-col grow\">\n<div class=\"min-h-8 text-message relative flex w-full flex-col items-end gap-2 text-start break-words whitespace-normal [.text-message+&amp;]:mt-1\" dir=\"auto\" data-message-author-role=\"assistant\" data-message-id=\"864c77a9-4d2f-4e00-b6fe-80951cf75938\" data-message-model-slug=\"gpt-5-mini\">\n<div class=\"flex w-full flex-col gap-1 empty:hidden first:pt-[1px]\">\n<div class=\"markdown prose dark:prose-invert w-full break-words light markdown-new-styling\">\n<h3 data-start=\"199\" data-end=\"255\">Una tutina neonato con piedini comoda e raffinata<\/h3>\n<p data-start=\"257\" data-end=\"688\">La nostra tutina neonato con piedini in cotone beige \u00e8 un capo essenziale per vestire i pi\u00f9 piccoli con dolcezza ed eleganza. Il suo delicato colore beige aggiunge un tocco caldo e senza tempo, ideale per creare un guardaroba armonioso e poetico per il tuo bambino. Progettata per il comfort quotidiano, accompagna il bambino con delicatezza, sia per i momenti di sonno, le passeggiate o i momenti di gioco a casa.  <\/p>\n<p data-start=\"690\" data-end=\"844\">Questa <strong>tutina<\/strong> riflette perfettamente l&#8217;universo raffinato e sensibile di <em data-start=\"762\" data-end=\"784\">Voyage de la Baleine<\/em>, dove ogni capo unisce qualit\u00e0, praticit\u00e0 ed estetica.<\/p>\n<h3 data-start=\"846\" data-end=\"897\">Un materiale naturale per il comfort dei neonati<\/h3>\n<p data-start=\"899\" data-end=\"1176\">Realizzata in <strong data-start=\"916\" data-end=\"925\">cotone<\/strong>, la nostra tutina neonato con piedini privilegia un materiale naturale, morbido e traspirante, adatto alla pelle delicata dei pi\u00f9 piccoli. Il cotone assicura una sensazione piacevole al tatto garantendo al contempo la libert\u00e0 di movimento essenziale per i bambini. <\/p>\n<p data-start=\"1178\" data-end=\"1415\">I <strong>piedini integrati<\/strong> mantengono i piedini al caldo, senza bisogno di scarpine aggiuntive. Ogni dettaglio \u00e8 pensato per offrire un capo comodo, pratico e facile da indossare, senza compromettere l&#8217;eleganza. <\/p>\n<h3 data-start=\"1417\" data-end=\"1457\">Finiture delicate e pratiche<\/h3>\n<p data-start=\"1459\" data-end=\"1743\">La tutina \u00e8 dotata di una <strong data-start=\"1492\" data-end=\"1522\">chiusura con bottoni sulla schiena<\/strong> e di <strong data-start=\"1529\" data-end=\"1555\">bottoni sul cavallo<\/strong>, facilitando la vestizione e il cambio, anche per i pi\u00f9 piccoli pi\u00f9 vivaci. Queste chiusure consentono un accesso rapido e pratico mantenendo il capo perfettamente in posizione. <\/p>\n<p data-start=\"1745\" data-end=\"2037\">Il <strong data-start=\"1748\" data-end=\"1766\">collo rotondo bianco<\/strong> e i <strong data-start=\"1774\" data-end=\"1815\">due bottoni decorativi sul davanti<\/strong> aggiungono un tocco di fascino e raffinatezza, tipico dei capi <em data-start=\"1885\" data-end=\"1907\">Voyage de la Baleine<\/em>. Questi dettagli sottili valorizzano il design elegante della tutina e la rendono un capo pratico e poetico allo stesso tempo. <\/p>\n<h3 data-start=\"2039\" data-end=\"2083\">Un capo facile da abbinare ogni giorno<\/h3>\n<p data-start=\"2085\" data-end=\"2402\">La nostra tutina neonato con piedini beige pu\u00f2 essere indossata da sola per un look dolce ed elegante o abbinata a un cardigan, una piccola coperta o un accessorio coordinato per completare l&#8217;outfit. Il suo colore neutro e il taglio senza tempo la rendono un capo indispensabile nel guardaroba del bambino, facile da abbinare con altri capi. <\/p>\n<p data-start=\"2404\" data-end=\"2666\" data-is-last-node=\"\" data-is-only-node=\"\">\u00c8 anche un&#8217;ottima idea per un <strong data-start=\"2443\" data-end=\"2466\">regalo di nascita<\/strong>, apprezzata per la sua qualit\u00e0, il suo comfort e il suo stile delicato. Un capo pensato per accompagnare i primi ricordi dell&#8217;infanzia, attraversare i giorni e rimanere un must-have nel guardaroba del bambino. <\/p>\n<\/div>\n<\/div>\n<\/div>\n<\/div>\n<div class=\"z-0 flex min-h-[46px] justify-start\">Fabbricato in Spagna.<\/div>\n<div class=\"border-token-border-light my-2 flex gap-10 border-t pt-4\">\n<div class=\"flex items-center justify-center overflow-hidden h-12 w-12 rounded-lg\"><\/div>\n<\/div>\n","protected":false},"excerpt":{"rendered":"<ul>\n<li>Tutina intera con piedini<\/li>\n<li>Chiusa da un&#8217;abbottonatura sul retro<\/li>\n<li>Bottoni al cavallo<\/li>\n<li>100% cotone<\/li>\n<li>Fabbricata in Spagna<br \/>\n<em>Questa tutina veste normalmente. Scegli la tua taglia abituale<\/em><\/li>\n<\/ul>\n","protected":false},"featured_media":37196,"comment_status":"open","ping_status":"closed","template":"","meta":{"ocean_post_layout":"","ocean_both_sidebars_style":"","ocean_both_sidebars_content_width":0,"ocean_both_sidebars_sidebars_width":0,"ocean_sidebar":"0","ocean_second_sidebar":"0","ocean_disable_margins":"enable","ocean_add_body_class":"","ocean_shortcode_before_top_bar":"","ocean_shortcode_after_top_bar":"","ocean_shortcode_before_header":"","ocean_shortcode_after_header":"","ocean_has_shortcode":"","ocean_shortcode_after_title":"","ocean_shortcode_before_footer_widgets":"","ocean_shortcode_after_footer_widgets":"","ocean_shortcode_before_footer_bottom":"","ocean_shortcode_after_footer_bottom":"","ocean_display_top_bar":"default","ocean_display_header":"default","ocean_header_style":"","ocean_center_header_left_menu":"0","ocean_custom_header_template":"0","ocean_custom_logo":0,"ocean_custom_retina_logo":0,"ocean_custom_logo_max_width":0,"ocean_custom_logo_tablet_max_width":0,"ocean_custom_logo_mobile_max_width":0,"ocean_custom_logo_max_height":0,"ocean_custom_logo_tablet_max_height":0,"ocean_custom_logo_mobile_max_height":0,"ocean_header_custom_menu":"0","ocean_menu_typo_font_family":"0","ocean_menu_typo_font_subset":"","ocean_menu_typo_font_size":0,"ocean_menu_typo_font_size_tablet":0,"ocean_menu_typo_font_size_mobile":0,"ocean_menu_typo_font_size_unit":"px","ocean_menu_typo_font_weight":"","ocean_menu_typo_font_weight_tablet":"","ocean_menu_typo_font_weight_mobile":"","ocean_menu_typo_transform":"","ocean_menu_typo_transform_tablet":"","ocean_menu_typo_transform_mobile":"","ocean_menu_typo_line_height":0,"ocean_menu_typo_line_height_tablet":0,"ocean_menu_typo_line_height_mobile":0,"ocean_menu_typo_line_height_unit":"","ocean_menu_typo_spacing":0,"ocean_menu_typo_spacing_tablet":0,"ocean_menu_typo_spacing_mobile":0,"ocean_menu_typo_spacing_unit":"","ocean_menu_link_color":"","ocean_menu_link_color_hover":"","ocean_menu_link_color_active":"","ocean_menu_link_background":"","ocean_menu_link_hover_background":"","ocean_menu_link_active_background":"","ocean_menu_social_links_bg":"","ocean_menu_social_hover_links_bg":"","ocean_menu_social_links_color":"","ocean_menu_social_hover_links_color":"","ocean_disable_title":"default","ocean_disable_heading":"default","ocean_post_title":"","ocean_post_subheading":"","ocean_post_title_style":"","ocean_post_title_background_color":"","ocean_post_title_background":0,"ocean_post_title_bg_image_position":"","ocean_post_title_bg_image_attachment":"","ocean_post_title_bg_image_repeat":"","ocean_post_title_bg_image_size":"","ocean_post_title_height":0,"ocean_post_title_bg_overlay":0.5,"ocean_post_title_bg_overlay_color":"","ocean_disable_breadcrumbs":"default","ocean_breadcrumbs_color":"","ocean_breadcrumbs_separator_color":"","ocean_breadcrumbs_links_color":"","ocean_breadcrumbs_links_hover_color":"","ocean_display_footer_widgets":"default","ocean_display_footer_bottom":"default","ocean_custom_footer_template":"0","osh_disable_topbar_sticky":"default","osh_disable_header_sticky":"default","osh_sticky_header_style":"default","osh_sticky_header_effect":"","osh_custom_sticky_logo":0,"osh_custom_retina_sticky_logo":0,"osh_custom_sticky_logo_height":0,"osh_background_color":"","osh_links_color":"","osh_links_hover_color":"","osh_links_active_color":"","osh_links_bg_color":"","osh_links_hover_bg_color":"","osh_links_active_bg_color":"","osh_menu_social_links_color":"","osh_menu_social_hover_links_color":""},"product_brand":[],"product_cat":[7030,7018,6982,7004,6830,6878,6856],"product_tag":[],"class_list":{"0":"post-37709","1":"product","2":"type-product","3":"status-publish","4":"has-post-thumbnail","6":"product_cat-abbigliamento","7":"product_cat-completi-nascita","8":"product_cat-completi-nascita-ragazza","9":"product_cat-completi-nascita-ragazzo","10":"product_cat-completi-neonata","11":"product_cat-completi-neonati","12":"product_cat-completi-neonato","14":"entry","15":"has-media","17":"first","18":"instock","19":"taxable","20":"shipping-taxable","21":"purchasable","22":"product-type-variable","23":"has-default-attributes","24":"col","25":"span_1_of_3","26":"owp-content-center","27":"owp-thumbs-layout-vertical","28":"owp-btn-big","29":"owp-tabs-layout-vertical","30":"circle-sale"},"yoast_head":"<!-- This site is optimized with the Yoast SEO plugin v27.1.1 - https:\/\/yoast.com\/product\/yoast-seo-wordpress\/ -->\n<title>Tutina neonato con piedini in cotone \u2013 Beige - Voyage de la Baleine<\/title>\n<meta name=\"description\" content=\"La nostra tutina neonato con piedini in cotone beige \u00e8 un capo essenziale per vestire i pi\u00f9 piccoli con dolcezza ed eleganza.\" \/>\n<meta name=\"robots\" content=\"index, follow, max-snippet:-1, max-image-preview:large, max-video-preview:-1\" \/>\n<link rel=\"canonical\" href=\"https:\/\/voyagedelabaleine.fr\/it\/prodotto\/tutina-neonato-con-piedini-in-cotone-beige\/\" \/>\n<meta property=\"og:locale\" content=\"it_IT\" \/>\n<meta property=\"og:type\" content=\"article\" \/>\n<meta property=\"og:title\" content=\"Tutina neonato con piedini in cotone \u2013 Beige - Voyage de la Baleine\" \/>\n<meta property=\"og:description\" content=\"La nostra tutina neonato con piedini in cotone beige \u00e8 un capo essenziale per vestire i pi\u00f9 piccoli con dolcezza ed eleganza.\" \/>\n<meta property=\"og:url\" content=\"https:\/\/voyagedelabaleine.fr\/it\/prodotto\/tutina-neonato-con-piedini-in-cotone-beige\/\" \/>\n<meta property=\"og:site_name\" content=\"Voyage de la Baleine\" \/>\n<meta property=\"article:publisher\" content=\"https:\/\/www.facebook.com\/voyagedelabaleine\/\" \/>\n<meta property=\"og:image\" content=\"https:\/\/voyagedelabaleine.fr\/wp-content\/uploads\/2026\/02\/combinaison-bebe-pieds-beige.jpg\" \/>\n\t<meta property=\"og:image:width\" content=\"1091\" \/>\n\t<meta property=\"og:image:height\" content=\"1455\" \/>\n\t<meta property=\"og:image:type\" content=\"image\/jpeg\" \/>\n<meta name=\"twitter:card\" content=\"summary_large_image\" \/>\n<meta name=\"twitter:label1\" content=\"Tempo di lettura stimato\" \/>\n\t<meta name=\"twitter:data1\" content=\"2 minuto\" \/>\n<script type=\"application\/ld+json\" class=\"yoast-schema-graph\">{\"@context\":\"https:\/\/schema.org\",\"@graph\":[{\"@type\":\"WebPage\",\"@id\":\"https:\/\/voyagedelabaleine.fr\/it\/prodotto\/tutina-neonato-con-piedini-in-cotone-beige\/\",\"url\":\"https:\/\/voyagedelabaleine.fr\/it\/prodotto\/tutina-neonato-con-piedini-in-cotone-beige\/\",\"name\":\"Tutina neonato con piedini in cotone \u2013 Beige - Voyage de la Baleine\",\"isPartOf\":{\"@id\":\"https:\/\/voyagedelabaleine.fr\/it\/#website\"},\"primaryImageOfPage\":{\"@id\":\"https:\/\/voyagedelabaleine.fr\/it\/prodotto\/tutina-neonato-con-piedini-in-cotone-beige\/#primaryimage\"},\"image\":{\"@id\":\"https:\/\/voyagedelabaleine.fr\/it\/prodotto\/tutina-neonato-con-piedini-in-cotone-beige\/#primaryimage\"},\"thumbnailUrl\":\"https:\/\/voyagedelabaleine.fr\/wp-content\/uploads\/2026\/02\/combinaison-bebe-pieds-beige.jpg\",\"datePublished\":\"2026-02-04T10:52:30+00:00\",\"description\":\"La nostra tutina neonato con piedini in cotone beige \u00e8 un capo essenziale per vestire i pi\u00f9 piccoli con dolcezza ed eleganza.\",\"breadcrumb\":{\"@id\":\"https:\/\/voyagedelabaleine.fr\/it\/prodotto\/tutina-neonato-con-piedini-in-cotone-beige\/#breadcrumb\"},\"inLanguage\":\"it-IT\",\"potentialAction\":[{\"@type\":\"ReadAction\",\"target\":[\"https:\/\/voyagedelabaleine.fr\/it\/prodotto\/tutina-neonato-con-piedini-in-cotone-beige\/\"]}]},{\"@type\":\"ImageObject\",\"inLanguage\":\"it-IT\",\"@id\":\"https:\/\/voyagedelabaleine.fr\/it\/prodotto\/tutina-neonato-con-piedini-in-cotone-beige\/#primaryimage\",\"url\":\"https:\/\/voyagedelabaleine.fr\/wp-content\/uploads\/2026\/02\/combinaison-bebe-pieds-beige.jpg\",\"contentUrl\":\"https:\/\/voyagedelabaleine.fr\/wp-content\/uploads\/2026\/02\/combinaison-bebe-pieds-beige.jpg\",\"width\":1091,\"height\":1455,\"caption\":\"Combinaison b\u00e9b\u00e9 \u00e0 pieds beige en coton\"},{\"@type\":\"BreadcrumbList\",\"@id\":\"https:\/\/voyagedelabaleine.fr\/it\/prodotto\/tutina-neonato-con-piedini-in-cotone-beige\/#breadcrumb\",\"itemListElement\":[{\"@type\":\"ListItem\",\"position\":1,\"name\":\"Accueil\",\"item\":\"https:\/\/voyagedelabaleine.fr\/it\/homepage\/\"},{\"@type\":\"ListItem\",\"position\":2,\"name\":\"Tutta la collezione\",\"item\":\"https:\/\/voyagedelabaleine.fr\/it\/tutta-la-collezione\/\"},{\"@type\":\"ListItem\",\"position\":3,\"name\":\"Tutina neonato con piedini in cotone \u2013 Beige\"}]},{\"@type\":\"WebSite\",\"@id\":\"https:\/\/voyagedelabaleine.fr\/it\/#website\",\"url\":\"https:\/\/voyagedelabaleine.fr\/it\/\",\"name\":\"Voyage de la Baleine\",\"description\":\"V\u00eatements intemporels et raffin\u00e9s pour b\u00e9b\u00e9s et enfants\",\"publisher\":{\"@id\":\"https:\/\/voyagedelabaleine.fr\/it\/#organization\"},\"potentialAction\":[{\"@type\":\"SearchAction\",\"target\":{\"@type\":\"EntryPoint\",\"urlTemplate\":\"https:\/\/voyagedelabaleine.fr\/it\/?s={search_term_string}\"},\"query-input\":{\"@type\":\"PropertyValueSpecification\",\"valueRequired\":true,\"valueName\":\"search_term_string\"}}],\"inLanguage\":\"it-IT\"},{\"@type\":\"Organization\",\"@id\":\"https:\/\/voyagedelabaleine.fr\/it\/#organization\",\"name\":\"Voyage de la Baleine\",\"url\":\"https:\/\/voyagedelabaleine.fr\/it\/\",\"logo\":{\"@type\":\"ImageObject\",\"inLanguage\":\"it-IT\",\"@id\":\"https:\/\/voyagedelabaleine.fr\/it\/#\/schema\/logo\/image\/\",\"url\":\"https:\/\/voyagedelabaleine.fr\/wp-content\/uploads\/2025\/06\/logo.webp\",\"contentUrl\":\"https:\/\/voyagedelabaleine.fr\/wp-content\/uploads\/2025\/06\/logo.webp\",\"width\":153,\"height\":64,\"caption\":\"Voyage de la Baleine\"},\"image\":{\"@id\":\"https:\/\/voyagedelabaleine.fr\/it\/#\/schema\/logo\/image\/\"},\"sameAs\":[\"https:\/\/www.facebook.com\/voyagedelabaleine\/\",\"https:\/\/www.instagram.com\/voyagedelabaleine\/\",\"https:\/\/www.pinterest.fr\/Voyagedelabaleine\/\"]}]}<\/script>\n<!-- \/ Yoast SEO plugin. -->","yoast_head_json":{"title":"Tutina neonato con piedini in cotone \u2013 Beige - Voyage de la Baleine","description":"La nostra tutina neonato con piedini in cotone beige \u00e8 un capo essenziale per vestire i pi\u00f9 piccoli con dolcezza ed eleganza.","robots":{"index":"index","follow":"follow","max-snippet":"max-snippet:-1","max-image-preview":"max-image-preview:large","max-video-preview":"max-video-preview:-1"},"canonical":"https:\/\/voyagedelabaleine.fr\/it\/prodotto\/tutina-neonato-con-piedini-in-cotone-beige\/","og_locale":"it_IT","og_type":"article","og_title":"Tutina neonato con piedini in cotone \u2013 Beige - Voyage de la Baleine","og_description":"La nostra tutina neonato con piedini in cotone beige \u00e8 un capo essenziale per vestire i pi\u00f9 piccoli con dolcezza ed eleganza.","og_url":"https:\/\/voyagedelabaleine.fr\/it\/prodotto\/tutina-neonato-con-piedini-in-cotone-beige\/","og_site_name":"Voyage de la Baleine","article_publisher":"https:\/\/www.facebook.com\/voyagedelabaleine\/","og_image":[{"width":1091,"height":1455,"url":"https:\/\/voyagedelabaleine.fr\/wp-content\/uploads\/2026\/02\/combinaison-bebe-pieds-beige.jpg","type":"image\/jpeg"}],"twitter_card":"summary_large_image","twitter_misc":{"Tempo di lettura stimato":"2 minuto"},"schema":{"@context":"https:\/\/schema.org","@graph":[{"@type":"WebPage","@id":"https:\/\/voyagedelabaleine.fr\/it\/prodotto\/tutina-neonato-con-piedini-in-cotone-beige\/","url":"https:\/\/voyagedelabaleine.fr\/it\/prodotto\/tutina-neonato-con-piedini-in-cotone-beige\/","name":"Tutina neonato con piedini in cotone \u2013 Beige - Voyage de la Baleine","isPartOf":{"@id":"https:\/\/voyagedelabaleine.fr\/it\/#website"},"primaryImageOfPage":{"@id":"https:\/\/voyagedelabaleine.fr\/it\/prodotto\/tutina-neonato-con-piedini-in-cotone-beige\/#primaryimage"},"image":{"@id":"https:\/\/voyagedelabaleine.fr\/it\/prodotto\/tutina-neonato-con-piedini-in-cotone-beige\/#primaryimage"},"thumbnailUrl":"https:\/\/voyagedelabaleine.fr\/wp-content\/uploads\/2026\/02\/combinaison-bebe-pieds-beige.jpg","datePublished":"2026-02-04T10:52:30+00:00","description":"La nostra tutina neonato con piedini in cotone beige \u00e8 un capo essenziale per vestire i pi\u00f9 piccoli con dolcezza ed eleganza.","breadcrumb":{"@id":"https:\/\/voyagedelabaleine.fr\/it\/prodotto\/tutina-neonato-con-piedini-in-cotone-beige\/#breadcrumb"},"inLanguage":"it-IT","potentialAction":[{"@type":"ReadAction","target":["https:\/\/voyagedelabaleine.fr\/it\/prodotto\/tutina-neonato-con-piedini-in-cotone-beige\/"]}]},{"@type":"ImageObject","inLanguage":"it-IT","@id":"https:\/\/voyagedelabaleine.fr\/it\/prodotto\/tutina-neonato-con-piedini-in-cotone-beige\/#primaryimage","url":"https:\/\/voyagedelabaleine.fr\/wp-content\/uploads\/2026\/02\/combinaison-bebe-pieds-beige.jpg","contentUrl":"https:\/\/voyagedelabaleine.fr\/wp-content\/uploads\/2026\/02\/combinaison-bebe-pieds-beige.jpg","width":1091,"height":1455,"caption":"Combinaison b\u00e9b\u00e9 \u00e0 pieds beige en coton"},{"@type":"BreadcrumbList","@id":"https:\/\/voyagedelabaleine.fr\/it\/prodotto\/tutina-neonato-con-piedini-in-cotone-beige\/#breadcrumb","itemListElement":[{"@type":"ListItem","position":1,"name":"Accueil","item":"https:\/\/voyagedelabaleine.fr\/it\/homepage\/"},{"@type":"ListItem","position":2,"name":"Tutta la collezione","item":"https:\/\/voyagedelabaleine.fr\/it\/tutta-la-collezione\/"},{"@type":"ListItem","position":3,"name":"Tutina neonato con piedini in cotone \u2013 Beige"}]},{"@type":"WebSite","@id":"https:\/\/voyagedelabaleine.fr\/it\/#website","url":"https:\/\/voyagedelabaleine.fr\/it\/","name":"Voyage de la Baleine","description":"V\u00eatements intemporels et raffin\u00e9s pour b\u00e9b\u00e9s et enfants","publisher":{"@id":"https:\/\/voyagedelabaleine.fr\/it\/#organization"},"potentialAction":[{"@type":"SearchAction","target":{"@type":"EntryPoint","urlTemplate":"https:\/\/voyagedelabaleine.fr\/it\/?s={search_term_string}"},"query-input":{"@type":"PropertyValueSpecification","valueRequired":true,"valueName":"search_term_string"}}],"inLanguage":"it-IT"},{"@type":"Organization","@id":"https:\/\/voyagedelabaleine.fr\/it\/#organization","name":"Voyage de la Baleine","url":"https:\/\/voyagedelabaleine.fr\/it\/","logo":{"@type":"ImageObject","inLanguage":"it-IT","@id":"https:\/\/voyagedelabaleine.fr\/it\/#\/schema\/logo\/image\/","url":"https:\/\/voyagedelabaleine.fr\/wp-content\/uploads\/2025\/06\/logo.webp","contentUrl":"https:\/\/voyagedelabaleine.fr\/wp-content\/uploads\/2025\/06\/logo.webp","width":153,"height":64,"caption":"Voyage de la Baleine"},"image":{"@id":"https:\/\/voyagedelabaleine.fr\/it\/#\/schema\/logo\/image\/"},"sameAs":["https:\/\/www.facebook.com\/voyagedelabaleine\/","https:\/\/www.instagram.com\/voyagedelabaleine\/","https:\/\/www.pinterest.fr\/Voyagedelabaleine\/"]}]}},"_links":{"self":[{"href":"https:\/\/voyagedelabaleine.fr\/it\/wp-json\/wp\/v2\/product\/37709","targetHints":{"allow":["GET"]}}],"collection":[{"href":"https:\/\/voyagedelabaleine.fr\/it\/wp-json\/wp\/v2\/product"}],"about":[{"href":"https:\/\/voyagedelabaleine.fr\/it\/wp-json\/wp\/v2\/types\/product"}],"replies":[{"embeddable":true,"href":"https:\/\/voyagedelabaleine.fr\/it\/wp-json\/wp\/v2\/comments?post=37709"}],"wp:featuredmedia":[{"embeddable":true,"href":"https:\/\/voyagedelabaleine.fr\/it\/wp-json\/wp\/v2\/media\/37196"}],"wp:attachment":[{"href":"https:\/\/voyagedelabaleine.fr\/it\/wp-json\/wp\/v2\/media?parent=37709"}],"wp:term":[{"taxonomy":"product_brand","embeddable":true,"href":"https:\/\/voyagedelabaleine.fr\/it\/wp-json\/wp\/v2\/product_brand?post=37709"},{"taxonomy":"product_cat","embeddable":true,"href":"https:\/\/voyagedelabaleine.fr\/it\/wp-json\/wp\/v2\/product_cat?post=37709"},{"taxonomy":"product_tag","embeddable":true,"href":"https:\/\/voyagedelabaleine.fr\/it\/wp-json\/wp\/v2\/product_tag?post=37709"}],"curies":[{"name":"wp","href":"https:\/\/api.w.org\/{rel}","templated":true}]}}