{"id":38049,"date":"2026-02-04T11:49:51","date_gmt":"2026-02-04T10:49:51","guid":{"rendered":"https:\/\/voyagedelabaleine.fr\/product\/pigiama-neonato-incrociato-in-cotone-biologico-crema\/"},"modified":"2026-02-04T11:49:51","modified_gmt":"2026-02-04T10:49:51","slug":"pigiama-neonato-incrociato-in-cotone-biologico-crema","status":"publish","type":"product","link":"https:\/\/voyagedelabaleine.fr\/it\/prodotto\/pigiama-neonato-incrociato-in-cotone-biologico-crema\/","title":{"rendered":"Pigiama neonato incrociato in cotone biologico &#8211; Crema"},"content":{"rendered":"<h3 data-start=\"216\" data-end=\"270\">Un pigiama incrociato per neonato per un comfort ottimale<\/h3>\n<p data-start=\"272\" data-end=\"662\">Il nostro pigiama incrociato per neonato in <strong data-start=\"305\" data-end=\"331\">cotone biologico color crema<\/strong> \u00e8 pensato per offrire al bambino morbidezza e comfort fin dai primi giorni. Il suo taglio <strong data-start=\"413\" data-end=\"438\">incrociato sul davanti<\/strong>, chiuso da un discreto laccetto, permette una vestizione facile e sicura, ideale per i frequenti cambi dei pi\u00f9 piccoli. I <strong data-start=\"566\" data-end=\"584\">piedini integrati<\/strong> tengono il bambino al caldo e protetto, per notti tranquille e confortevoli.  <\/p>\n<p data-start=\"664\" data-end=\"769\">Questo pigiama unisce praticit\u00e0 e stile essenziale, per accogliere il bambino in un bozzolo di comfort fin dalla nascita.<\/p>\n<h3 data-start=\"771\" data-end=\"823\">Un materiale naturale e delicato sulla pelle<\/h3>\n<p data-start=\"825\" data-end=\"1185\">Realizzato in <strong data-start=\"841\" data-end=\"872\">cotone biologico ultra-morbido<\/strong>, questo pigiama \u00e8 ideale per la pelle sensibile dei neonati. Le fibre naturali permettono alla pelle di respirare, offrendo una morbidezza eccezionale. Le <strong data-start=\"1038\" data-end=\"1063\">cuciture ultra-morbide<\/strong> sono state pensate per evitare qualsiasi irritazione, garantendo un contatto piacevole e delicato con la pelle fragile del bambino.  <\/p>\n<p data-start=\"1187\" data-end=\"1312\">\u00c8 un capo che unisce comfort, sicurezza e qualit\u00e0, pensato sia per la quotidianit\u00e0 dei genitori che per il benessere del bambino.<\/p>\n<h3 data-start=\"1314\" data-end=\"1353\">Un taglio pratico e funzionale<\/h3>\n<p data-start=\"1355\" data-end=\"1673\">Il taglio <strong data-start=\"1364\" data-end=\"1389\">incrociato sul davanti<\/strong> permette di chiudere facilmente il pigiama con un piccolo laccetto, evitando di doverlo infilare dalla testa del bambino, il che facilita notevolmente la vestizione. I <strong data-start=\"1549\" data-end=\"1567\">piedini integrati<\/strong> mantengono i piedi al caldo, affinch\u00e9 il bambino rimanga avvolto in un morbido bozzolo in ogni momento. <\/p>\n<p data-start=\"1675\" data-end=\"1803\">Ogni dettaglio \u00e8 stato studiato per combinare praticit\u00e0 e comfort, rendendo questo pigiama adatto alle prime settimane di vita del bambino.<\/p>\n<h3 data-start=\"1805\" data-end=\"1844\">Opzioni per completare l&#8217;outfit<\/h3>\n<p data-start=\"1846\" data-end=\"2159\">Per completare questo pigiama neonato, puoi scegliere il <strong data-start=\"1905\" data-end=\"1933\">set di 2 body abbinati<\/strong>: <a href=\"https:\/\/voyagedelabaleine.fr\/it\/prodotto\/set-di-2-body-incrociati-per-neonato-cotone-biologico-extra-morbido-crema-sabbia-a-righe\/\">Set di 2 body neonato incrociati \u2013 Cotone biologico extra-morbido \u2013 Crema\/sabbia a righe<\/a> o il <a href=\"https:\/\/voyagedelabaleine.fr\/it\/prodotto\/set-di-2-body-incrociati-per-neonato-cotone-biologico-extra-morbido-crema-sabbia\/\">Set di 2 body neonato incrociati \u2013 Cotone biologico extra-morbido \u2013 Crema\/sabbia<\/a>, cos\u00ec come il <strong data-start=\"1939\" data-end=\"1977\">set cappellino e muffole abbinato<\/strong>, sempre in <strong data-start=\"1991\" data-end=\"2011\">cotone biologico<\/strong>. Questi capi permettono di comporre un completo coordinato e pratico per la quotidianit\u00e0, mantenendo la morbidezza e la qualit\u00e0 del cotone biologico. <\/p>\n<p data-start=\"2161\" data-end=\"2307\">Il pigiama pu\u00f2 essere indossato da solo o in combinazione con questi accessori per creare un outfit completo, confortevole e armonioso fin dalla nascita.<\/p>\n<h3 data-start=\"2309\" data-end=\"2352\">Un capo essenziale per la nascita<\/h3>\n<p data-start=\"2354\" data-end=\"2726\">Il <strong data-start=\"2357\" data-end=\"2393\">pigiama incrociato in cotone biologico color crema<\/strong> \u00e8 un capo irrinunciabile per accogliere il bambino. Pratico, morbido e delicato sulla pelle, assicura il massimo comfort per le notti e le giornate in casa. Con i suoi piedini integrati e il suo taglio pensato per la quotidianit\u00e0, diventa un indispensabile del guardaroba neonatale, unendo semplicit\u00e0, eleganza e funzionalit\u00e0.  <\/p>\n<p data-start=\"2354\" data-end=\"2726\">Prodotto in Spagna.<\/p>\n","protected":false},"excerpt":{"rendered":"<ul>\n<li>Pigiama neonato intero con piedini<\/li>\n<li>Chiuso con un laccetto sul davanti<\/li>\n<li>Cuciture extra-morbide<\/li>\n<li>100% cotone biologico<\/li>\n<li>Prodotto in Spagna<br \/>\n<em>Questo pigiama veste normalmente. Scegli la tua taglia abituale.<\/em><\/li>\n<\/ul>\n","protected":false},"featured_media":38050,"comment_status":"open","ping_status":"closed","template":"","meta":{"ocean_post_layout":"","ocean_both_sidebars_style":"","ocean_both_sidebars_content_width":0,"ocean_both_sidebars_sidebars_width":0,"ocean_sidebar":"0","ocean_second_sidebar":"0","ocean_disable_margins":"enable","ocean_add_body_class":"","ocean_shortcode_before_top_bar":"","ocean_shortcode_after_top_bar":"","ocean_shortcode_before_header":"","ocean_shortcode_after_header":"","ocean_has_shortcode":"","ocean_shortcode_after_title":"","ocean_shortcode_before_footer_widgets":"","ocean_shortcode_after_footer_widgets":"","ocean_shortcode_before_footer_bottom":"","ocean_shortcode_after_footer_bottom":"","ocean_display_top_bar":"default","ocean_display_header":"default","ocean_header_style":"","ocean_center_header_left_menu":"0","ocean_custom_header_template":"0","ocean_custom_logo":0,"ocean_custom_retina_logo":0,"ocean_custom_logo_max_width":0,"ocean_custom_logo_tablet_max_width":0,"ocean_custom_logo_mobile_max_width":0,"ocean_custom_logo_max_height":0,"ocean_custom_logo_tablet_max_height":0,"ocean_custom_logo_mobile_max_height":0,"ocean_header_custom_menu":"0","ocean_menu_typo_font_family":"0","ocean_menu_typo_font_subset":"","ocean_menu_typo_font_size":0,"ocean_menu_typo_font_size_tablet":0,"ocean_menu_typo_font_size_mobile":0,"ocean_menu_typo_font_size_unit":"px","ocean_menu_typo_font_weight":"","ocean_menu_typo_font_weight_tablet":"","ocean_menu_typo_font_weight_mobile":"","ocean_menu_typo_transform":"","ocean_menu_typo_transform_tablet":"","ocean_menu_typo_transform_mobile":"","ocean_menu_typo_line_height":0,"ocean_menu_typo_line_height_tablet":0,"ocean_menu_typo_line_height_mobile":0,"ocean_menu_typo_line_height_unit":"","ocean_menu_typo_spacing":0,"ocean_menu_typo_spacing_tablet":0,"ocean_menu_typo_spacing_mobile":0,"ocean_menu_typo_spacing_unit":"","ocean_menu_link_color":"","ocean_menu_link_color_hover":"","ocean_menu_link_color_active":"","ocean_menu_link_background":"","ocean_menu_link_hover_background":"","ocean_menu_link_active_background":"","ocean_menu_social_links_bg":"","ocean_menu_social_hover_links_bg":"","ocean_menu_social_links_color":"","ocean_menu_social_hover_links_color":"","ocean_disable_title":"default","ocean_disable_heading":"default","ocean_post_title":"","ocean_post_subheading":"","ocean_post_title_style":"","ocean_post_title_background_color":"","ocean_post_title_background":0,"ocean_post_title_bg_image_position":"","ocean_post_title_bg_image_attachment":"","ocean_post_title_bg_image_repeat":"","ocean_post_title_bg_image_size":"","ocean_post_title_height":0,"ocean_post_title_bg_overlay":0.5,"ocean_post_title_bg_overlay_color":"","ocean_disable_breadcrumbs":"default","ocean_breadcrumbs_color":"","ocean_breadcrumbs_separator_color":"","ocean_breadcrumbs_links_color":"","ocean_breadcrumbs_links_hover_color":"","ocean_display_footer_widgets":"default","ocean_display_footer_bottom":"default","ocean_custom_footer_template":"0","osh_disable_topbar_sticky":"default","osh_disable_header_sticky":"default","osh_sticky_header_style":"default","osh_sticky_header_effect":"","osh_custom_sticky_logo":0,"osh_custom_retina_sticky_logo":0,"osh_custom_sticky_logo_height":0,"osh_background_color":"","osh_links_color":"","osh_links_hover_color":"","osh_links_active_color":"","osh_links_bg_color":"","osh_links_hover_bg_color":"","osh_links_active_bg_color":"","osh_menu_social_links_color":"","osh_menu_social_hover_links_color":""},"product_brand":[],"product_cat":[7010,6986,7007],"product_tag":[],"class_list":{"0":"post-38049","1":"product","2":"type-product","3":"status-publish","4":"has-post-thumbnail","6":"product_cat-pigiama-nascita","7":"product_cat-pigiama-nascita-ragazza","8":"product_cat-pigiama-nascita-ragazzo","10":"entry","11":"has-media","13":"first","14":"instock","15":"taxable","16":"shipping-taxable","17":"purchasable","18":"product-type-variable","19":"has-default-attributes","20":"col","21":"span_1_of_3","22":"owp-content-center","23":"owp-thumbs-layout-vertical","24":"owp-btn-big","25":"owp-tabs-layout-vertical","26":"circle-sale"},"yoast_head":"<!-- This site is optimized with the Yoast SEO plugin v27.1.1 - https:\/\/yoast.com\/product\/yoast-seo-wordpress\/ -->\n<title>Pigiama neonato incrociato in cotone biologico - Crema - Voyage de la Baleine<\/title>\n<meta name=\"description\" content=\"Il nostro pigiama incrociato per neonato in cotone biologico color crema \u00e8 pensato per offrire al bambino morbidezza e comfort fin dai primi giorni. Prodotto in Spagna.\" \/>\n<meta name=\"robots\" content=\"index, follow, max-snippet:-1, max-image-preview:large, max-video-preview:-1\" \/>\n<link rel=\"canonical\" href=\"https:\/\/voyagedelabaleine.fr\/it\/prodotto\/pigiama-neonato-incrociato-in-cotone-biologico-crema\/\" \/>\n<meta property=\"og:locale\" content=\"it_IT\" \/>\n<meta property=\"og:type\" content=\"article\" \/>\n<meta property=\"og:title\" content=\"Pigiama neonato incrociato in cotone biologico - Crema - Voyage de la Baleine\" \/>\n<meta property=\"og:description\" content=\"Il nostro pigiama incrociato per neonato in cotone biologico color crema \u00e8 pensato per offrire al bambino morbidezza e comfort fin dai primi giorni. Prodotto in Spagna.\" \/>\n<meta property=\"og:url\" content=\"https:\/\/voyagedelabaleine.fr\/it\/prodotto\/pigiama-neonato-incrociato-in-cotone-biologico-crema\/\" \/>\n<meta property=\"og:site_name\" content=\"Voyage de la Baleine\" \/>\n<meta property=\"article:publisher\" content=\"https:\/\/www.facebook.com\/voyagedelabaleine\/\" \/>\n<meta property=\"og:image\" content=\"https:\/\/voyagedelabaleine.fr\/wp-content\/uploads\/2026\/02\/pyjama-naissance-croise-coton-bio-creme.jpg\" \/>\n\t<meta property=\"og:image:width\" content=\"842\" \/>\n\t<meta property=\"og:image:height\" content=\"1122\" \/>\n\t<meta property=\"og:image:type\" content=\"image\/jpeg\" \/>\n<meta name=\"twitter:card\" content=\"summary_large_image\" \/>\n<meta name=\"twitter:label1\" content=\"Tempo di lettura stimato\" \/>\n\t<meta name=\"twitter:data1\" content=\"2 minuto\" \/>\n<script type=\"application\/ld+json\" class=\"yoast-schema-graph\">{\"@context\":\"https:\/\/schema.org\",\"@graph\":[{\"@type\":\"WebPage\",\"@id\":\"https:\/\/voyagedelabaleine.fr\/it\/prodotto\/pigiama-neonato-incrociato-in-cotone-biologico-crema\/\",\"url\":\"https:\/\/voyagedelabaleine.fr\/it\/prodotto\/pigiama-neonato-incrociato-in-cotone-biologico-crema\/\",\"name\":\"Pigiama neonato incrociato in cotone biologico - Crema - Voyage de la Baleine\",\"isPartOf\":{\"@id\":\"https:\/\/voyagedelabaleine.fr\/it\/#website\"},\"primaryImageOfPage\":{\"@id\":\"https:\/\/voyagedelabaleine.fr\/it\/prodotto\/pigiama-neonato-incrociato-in-cotone-biologico-crema\/#primaryimage\"},\"image\":{\"@id\":\"https:\/\/voyagedelabaleine.fr\/it\/prodotto\/pigiama-neonato-incrociato-in-cotone-biologico-crema\/#primaryimage\"},\"thumbnailUrl\":\"https:\/\/voyagedelabaleine.fr\/wp-content\/uploads\/2026\/02\/pyjama-naissance-croise-coton-bio-creme.jpg\",\"datePublished\":\"2026-02-04T10:49:51+00:00\",\"description\":\"Il nostro pigiama incrociato per neonato in cotone biologico color crema \u00e8 pensato per offrire al bambino morbidezza e comfort fin dai primi giorni. Prodotto in Spagna.\",\"breadcrumb\":{\"@id\":\"https:\/\/voyagedelabaleine.fr\/it\/prodotto\/pigiama-neonato-incrociato-in-cotone-biologico-crema\/#breadcrumb\"},\"inLanguage\":\"it-IT\",\"potentialAction\":[{\"@type\":\"ReadAction\",\"target\":[\"https:\/\/voyagedelabaleine.fr\/it\/prodotto\/pigiama-neonato-incrociato-in-cotone-biologico-crema\/\"]}]},{\"@type\":\"ImageObject\",\"inLanguage\":\"it-IT\",\"@id\":\"https:\/\/voyagedelabaleine.fr\/it\/prodotto\/pigiama-neonato-incrociato-in-cotone-biologico-crema\/#primaryimage\",\"url\":\"https:\/\/voyagedelabaleine.fr\/wp-content\/uploads\/2026\/02\/pyjama-naissance-croise-coton-bio-creme.jpg\",\"contentUrl\":\"https:\/\/voyagedelabaleine.fr\/wp-content\/uploads\/2026\/02\/pyjama-naissance-croise-coton-bio-creme.jpg\",\"width\":842,\"height\":1122,\"caption\":\"Pigiama nascita incrociato sul davanti in cotone bio color crema\"},{\"@type\":\"BreadcrumbList\",\"@id\":\"https:\/\/voyagedelabaleine.fr\/it\/prodotto\/pigiama-neonato-incrociato-in-cotone-biologico-crema\/#breadcrumb\",\"itemListElement\":[{\"@type\":\"ListItem\",\"position\":1,\"name\":\"Accueil\",\"item\":\"https:\/\/voyagedelabaleine.fr\/it\/homepage\/\"},{\"@type\":\"ListItem\",\"position\":2,\"name\":\"Tutta la collezione\",\"item\":\"https:\/\/voyagedelabaleine.fr\/it\/tutta-la-collezione\/\"},{\"@type\":\"ListItem\",\"position\":3,\"name\":\"Pigiama neonato incrociato in cotone biologico &#8211; Crema\"}]},{\"@type\":\"WebSite\",\"@id\":\"https:\/\/voyagedelabaleine.fr\/it\/#website\",\"url\":\"https:\/\/voyagedelabaleine.fr\/it\/\",\"name\":\"Voyage de la Baleine\",\"description\":\"V\u00eatements intemporels et raffin\u00e9s pour b\u00e9b\u00e9s et enfants\",\"publisher\":{\"@id\":\"https:\/\/voyagedelabaleine.fr\/it\/#organization\"},\"potentialAction\":[{\"@type\":\"SearchAction\",\"target\":{\"@type\":\"EntryPoint\",\"urlTemplate\":\"https:\/\/voyagedelabaleine.fr\/it\/?s={search_term_string}\"},\"query-input\":{\"@type\":\"PropertyValueSpecification\",\"valueRequired\":true,\"valueName\":\"search_term_string\"}}],\"inLanguage\":\"it-IT\"},{\"@type\":\"Organization\",\"@id\":\"https:\/\/voyagedelabaleine.fr\/it\/#organization\",\"name\":\"Voyage de la Baleine\",\"url\":\"https:\/\/voyagedelabaleine.fr\/it\/\",\"logo\":{\"@type\":\"ImageObject\",\"inLanguage\":\"it-IT\",\"@id\":\"https:\/\/voyagedelabaleine.fr\/it\/#\/schema\/logo\/image\/\",\"url\":\"https:\/\/voyagedelabaleine.fr\/wp-content\/uploads\/2025\/06\/logo.webp\",\"contentUrl\":\"https:\/\/voyagedelabaleine.fr\/wp-content\/uploads\/2025\/06\/logo.webp\",\"width\":153,\"height\":64,\"caption\":\"Voyage de la Baleine\"},\"image\":{\"@id\":\"https:\/\/voyagedelabaleine.fr\/it\/#\/schema\/logo\/image\/\"},\"sameAs\":[\"https:\/\/www.facebook.com\/voyagedelabaleine\/\",\"https:\/\/www.instagram.com\/voyagedelabaleine\/\",\"https:\/\/www.pinterest.fr\/Voyagedelabaleine\/\"]}]}<\/script>\n<!-- \/ Yoast SEO plugin. -->","yoast_head_json":{"title":"Pigiama neonato incrociato in cotone biologico - Crema - Voyage de la Baleine","description":"Il nostro pigiama incrociato per neonato in cotone biologico color crema \u00e8 pensato per offrire al bambino morbidezza e comfort fin dai primi giorni. Prodotto in Spagna.","robots":{"index":"index","follow":"follow","max-snippet":"max-snippet:-1","max-image-preview":"max-image-preview:large","max-video-preview":"max-video-preview:-1"},"canonical":"https:\/\/voyagedelabaleine.fr\/it\/prodotto\/pigiama-neonato-incrociato-in-cotone-biologico-crema\/","og_locale":"it_IT","og_type":"article","og_title":"Pigiama neonato incrociato in cotone biologico - Crema - Voyage de la Baleine","og_description":"Il nostro pigiama incrociato per neonato in cotone biologico color crema \u00e8 pensato per offrire al bambino morbidezza e comfort fin dai primi giorni. Prodotto in Spagna.","og_url":"https:\/\/voyagedelabaleine.fr\/it\/prodotto\/pigiama-neonato-incrociato-in-cotone-biologico-crema\/","og_site_name":"Voyage de la Baleine","article_publisher":"https:\/\/www.facebook.com\/voyagedelabaleine\/","og_image":[{"width":842,"height":1122,"url":"https:\/\/voyagedelabaleine.fr\/wp-content\/uploads\/2026\/02\/pyjama-naissance-croise-coton-bio-creme.jpg","type":"image\/jpeg"}],"twitter_card":"summary_large_image","twitter_misc":{"Tempo di lettura stimato":"2 minuto"},"schema":{"@context":"https:\/\/schema.org","@graph":[{"@type":"WebPage","@id":"https:\/\/voyagedelabaleine.fr\/it\/prodotto\/pigiama-neonato-incrociato-in-cotone-biologico-crema\/","url":"https:\/\/voyagedelabaleine.fr\/it\/prodotto\/pigiama-neonato-incrociato-in-cotone-biologico-crema\/","name":"Pigiama neonato incrociato in cotone biologico - Crema - Voyage de la Baleine","isPartOf":{"@id":"https:\/\/voyagedelabaleine.fr\/it\/#website"},"primaryImageOfPage":{"@id":"https:\/\/voyagedelabaleine.fr\/it\/prodotto\/pigiama-neonato-incrociato-in-cotone-biologico-crema\/#primaryimage"},"image":{"@id":"https:\/\/voyagedelabaleine.fr\/it\/prodotto\/pigiama-neonato-incrociato-in-cotone-biologico-crema\/#primaryimage"},"thumbnailUrl":"https:\/\/voyagedelabaleine.fr\/wp-content\/uploads\/2026\/02\/pyjama-naissance-croise-coton-bio-creme.jpg","datePublished":"2026-02-04T10:49:51+00:00","description":"Il nostro pigiama incrociato per neonato in cotone biologico color crema \u00e8 pensato per offrire al bambino morbidezza e comfort fin dai primi giorni. Prodotto in Spagna.","breadcrumb":{"@id":"https:\/\/voyagedelabaleine.fr\/it\/prodotto\/pigiama-neonato-incrociato-in-cotone-biologico-crema\/#breadcrumb"},"inLanguage":"it-IT","potentialAction":[{"@type":"ReadAction","target":["https:\/\/voyagedelabaleine.fr\/it\/prodotto\/pigiama-neonato-incrociato-in-cotone-biologico-crema\/"]}]},{"@type":"ImageObject","inLanguage":"it-IT","@id":"https:\/\/voyagedelabaleine.fr\/it\/prodotto\/pigiama-neonato-incrociato-in-cotone-biologico-crema\/#primaryimage","url":"https:\/\/voyagedelabaleine.fr\/wp-content\/uploads\/2026\/02\/pyjama-naissance-croise-coton-bio-creme.jpg","contentUrl":"https:\/\/voyagedelabaleine.fr\/wp-content\/uploads\/2026\/02\/pyjama-naissance-croise-coton-bio-creme.jpg","width":842,"height":1122,"caption":"Pigiama nascita incrociato sul davanti in cotone bio color crema"},{"@type":"BreadcrumbList","@id":"https:\/\/voyagedelabaleine.fr\/it\/prodotto\/pigiama-neonato-incrociato-in-cotone-biologico-crema\/#breadcrumb","itemListElement":[{"@type":"ListItem","position":1,"name":"Accueil","item":"https:\/\/voyagedelabaleine.fr\/it\/homepage\/"},{"@type":"ListItem","position":2,"name":"Tutta la collezione","item":"https:\/\/voyagedelabaleine.fr\/it\/tutta-la-collezione\/"},{"@type":"ListItem","position":3,"name":"Pigiama neonato incrociato in cotone biologico &#8211; Crema"}]},{"@type":"WebSite","@id":"https:\/\/voyagedelabaleine.fr\/it\/#website","url":"https:\/\/voyagedelabaleine.fr\/it\/","name":"Voyage de la Baleine","description":"V\u00eatements intemporels et raffin\u00e9s pour b\u00e9b\u00e9s et enfants","publisher":{"@id":"https:\/\/voyagedelabaleine.fr\/it\/#organization"},"potentialAction":[{"@type":"SearchAction","target":{"@type":"EntryPoint","urlTemplate":"https:\/\/voyagedelabaleine.fr\/it\/?s={search_term_string}"},"query-input":{"@type":"PropertyValueSpecification","valueRequired":true,"valueName":"search_term_string"}}],"inLanguage":"it-IT"},{"@type":"Organization","@id":"https:\/\/voyagedelabaleine.fr\/it\/#organization","name":"Voyage de la Baleine","url":"https:\/\/voyagedelabaleine.fr\/it\/","logo":{"@type":"ImageObject","inLanguage":"it-IT","@id":"https:\/\/voyagedelabaleine.fr\/it\/#\/schema\/logo\/image\/","url":"https:\/\/voyagedelabaleine.fr\/wp-content\/uploads\/2025\/06\/logo.webp","contentUrl":"https:\/\/voyagedelabaleine.fr\/wp-content\/uploads\/2025\/06\/logo.webp","width":153,"height":64,"caption":"Voyage de la Baleine"},"image":{"@id":"https:\/\/voyagedelabaleine.fr\/it\/#\/schema\/logo\/image\/"},"sameAs":["https:\/\/www.facebook.com\/voyagedelabaleine\/","https:\/\/www.instagram.com\/voyagedelabaleine\/","https:\/\/www.pinterest.fr\/Voyagedelabaleine\/"]}]}},"_links":{"self":[{"href":"https:\/\/voyagedelabaleine.fr\/it\/wp-json\/wp\/v2\/product\/38049","targetHints":{"allow":["GET"]}}],"collection":[{"href":"https:\/\/voyagedelabaleine.fr\/it\/wp-json\/wp\/v2\/product"}],"about":[{"href":"https:\/\/voyagedelabaleine.fr\/it\/wp-json\/wp\/v2\/types\/product"}],"replies":[{"embeddable":true,"href":"https:\/\/voyagedelabaleine.fr\/it\/wp-json\/wp\/v2\/comments?post=38049"}],"wp:featuredmedia":[{"embeddable":true,"href":"https:\/\/voyagedelabaleine.fr\/it\/wp-json\/wp\/v2\/media\/38050"}],"wp:attachment":[{"href":"https:\/\/voyagedelabaleine.fr\/it\/wp-json\/wp\/v2\/media?parent=38049"}],"wp:term":[{"taxonomy":"product_brand","embeddable":true,"href":"https:\/\/voyagedelabaleine.fr\/it\/wp-json\/wp\/v2\/product_brand?post=38049"},{"taxonomy":"product_cat","embeddable":true,"href":"https:\/\/voyagedelabaleine.fr\/it\/wp-json\/wp\/v2\/product_cat?post=38049"},{"taxonomy":"product_tag","embeddable":true,"href":"https:\/\/voyagedelabaleine.fr\/it\/wp-json\/wp\/v2\/product_tag?post=38049"}],"curies":[{"name":"wp","href":"https:\/\/api.w.org\/{rel}","templated":true}]}}