{"id":39124,"date":"2026-02-19T21:29:02","date_gmt":"2026-02-19T20:29:02","guid":{"rendered":"https:\/\/voyagedelabaleine.fr\/product\/bloomer-bambina-righe-poesia-blu-bianco\/"},"modified":"2026-02-19T21:29:02","modified_gmt":"2026-02-19T20:29:02","slug":"bloomer-bambina-righe-poesia-blu-bianco","status":"publish","type":"product","link":"https:\/\/voyagedelabaleine.fr\/it\/prodotto\/bloomer-bambina-righe-poesia-blu-bianco\/","title":{"rendered":"Bloomer bambina righe poesia &#8211; Blu\/bianco"},"content":{"rendered":"<h3 data-section-id=\"12t7j0q\" data-start=\"216\" data-end=\"252\">Un bloomer delicatamente poetico<\/h3>\n<p data-start=\"254\" data-end=\"635\">Il nostro <strong data-start=\"257\" data-end=\"307\">bloomer bambina righe poesia \u2013 Blu\/bianco<\/strong> aggiunge un tocco originale e raffinato al guardaroba dei pi\u00f9 piccoli. Le sue <strong data-start=\"383\" data-end=\"413\">righe azzurro cielo e bianche<\/strong>, leggermente irregolari, danno l&#8217;impressione di essere state <strong data-start=\"473\" data-end=\"498\">dipinte ad acquerello<\/strong>, creando un effetto dolce e poetico. Questa finitura unica rende ogni bloomer distinto, con uno stile sottilmente artigianale ed elegante.  <\/p>\n<p data-start=\"637\" data-end=\"747\">Perfetto per creare outfit delicati e luminosi, aggiunge un fascino discreto a tutte le occasioni.<\/p>\n<h3 data-section-id=\"7n7xct\" data-start=\"749\" data-end=\"786\">Un taglio comodo e pratico<\/h3>\n<p data-start=\"788\" data-end=\"1071\">Progettato per il <strong data-start=\"802\" data-end=\"823\">comfort dei bambini<\/strong>, il bloomer ha una <strong data-start=\"848\" data-end=\"869\">vita elasticizzata<\/strong>, che si adatta facilmente lasciando il bambino libero nei movimenti. Il suo taglio leggermente ampio sulle cosce assicura una vestibilit\u00e0 piacevole ed elegante, mentre il design rimane armonioso e femminile. <\/p>\n<p data-start=\"1073\" data-end=\"1179\">I dettagli sottili e raffinati sottolineano lo stile del capo senza compromettere il comfort quotidiano.<\/p>\n<h3 data-section-id=\"hdszlo\" data-start=\"1181\" data-end=\"1224\">Uno stile coordinato per fratelli e sorelle<\/h3>\n<p data-start=\"1226\" data-end=\"1542\">Questo bloomer \u00e8 perfettamente <strong data-start=\"1254\" data-end=\"1316\">abbinato al <a href=\"https:\/\/voyagedelabaleine.fr\/it\/prodotto\/bloomer-neonato-a-righe-poetiche-blu-bianco\/\">Bloomer bambino righe poesia \u2013 Blu\/bianco<\/a><\/strong>, per creare un look coordinato fratello e sorella pieno di fascino. I motivi acquerellati donano freschezza e leggerezza, e permettono di comporre outfit armoniosi e poetici per le uscite o i momenti in famiglia. <\/p>\n<p data-start=\"1544\" data-end=\"1674\">Si abbina facilmente anche a bluse, cardigan o t-shirt neutre, per creare outfit equilibrati ed eleganti.<\/p>\n<h3 data-section-id=\"1cubww\" data-start=\"1676\" data-end=\"1714\">Un capo raffinato e intramontabile<\/h3>\n<p data-start=\"1716\" data-end=\"1972\">Il <strong data-start=\"1719\" data-end=\"1769\">bloomer bambina righe poesia \u2013 Blu\/bianco<\/strong> si distingue per il suo <strong data-start=\"1791\" data-end=\"1821\">design delicato e poetico<\/strong>, che combina stile e originalit\u00e0. Il suo motivo irregolare ricorda i tocchi artistici, aggiungendo una nota sottile e raffinata agli outfit della bambina. <\/p>\n<p data-start=\"1974\" data-end=\"2115\">Diventa rapidamente un must-have per vestire le bambine con fascino ed eleganza, pur rimanendo pratico per la quotidianit\u00e0.<\/p>\n<h3 data-section-id=\"1yplg8u\" data-start=\"2117\" data-end=\"2157\">Un essenziale del guardaroba bambina<\/h3>\n<p data-start=\"2159\" data-end=\"2572\">Ideale per le passeggiate, i momenti di gioco o le occasioni speciali, questo <strong data-start=\"2236\" data-end=\"2275\">bloomer righe poesia \u2013 Blu\/bianco<\/strong> aggiunge leggerezza, stile e originalit\u00e0 al guardaroba del bambino. Abbinato agli altri capi della collezione o indossato da solo, riflette perfettamente l&#8217;universo poetico e raffinato di <em data-start=\"2452\" data-end=\"2474\">Voyage de la Baleine<\/em>, dove ogni capo \u00e8 pensato per unire <strong data-start=\"2517\" data-end=\"2547\">eleganza, stile e comfort<\/strong> fin dai primi mesi. <\/p>\n<p data-start=\"2159\" data-end=\"2572\">Prodotto in Spagna.<\/p>\n","protected":false},"excerpt":{"rendered":"<ul>\n<li>Vita elasticizzata<\/li>\n<li>Taglio a sbuffo<\/li>\n<li>100% cotone<\/li>\n<li>Fabbricato in Spagna<br \/>\n<em>Questo bloomer veste normalmente. Scegli la tua taglia abituale.<\/em><\/li>\n<\/ul>\n","protected":false},"featured_media":38231,"comment_status":"open","ping_status":"closed","template":"","meta":{"ocean_post_layout":"","ocean_both_sidebars_style":"","ocean_both_sidebars_content_width":0,"ocean_both_sidebars_sidebars_width":0,"ocean_sidebar":"0","ocean_second_sidebar":"0","ocean_disable_margins":"enable","ocean_add_body_class":"","ocean_shortcode_before_top_bar":"","ocean_shortcode_after_top_bar":"","ocean_shortcode_before_header":"","ocean_shortcode_after_header":"","ocean_has_shortcode":"","ocean_shortcode_after_title":"","ocean_shortcode_before_footer_widgets":"","ocean_shortcode_after_footer_widgets":"","ocean_shortcode_before_footer_bottom":"","ocean_shortcode_after_footer_bottom":"","ocean_display_top_bar":"default","ocean_display_header":"default","ocean_header_style":"","ocean_center_header_left_menu":"0","ocean_custom_header_template":"0","ocean_custom_logo":0,"ocean_custom_retina_logo":0,"ocean_custom_logo_max_width":0,"ocean_custom_logo_tablet_max_width":0,"ocean_custom_logo_mobile_max_width":0,"ocean_custom_logo_max_height":0,"ocean_custom_logo_tablet_max_height":0,"ocean_custom_logo_mobile_max_height":0,"ocean_header_custom_menu":"0","ocean_menu_typo_font_family":"0","ocean_menu_typo_font_subset":"","ocean_menu_typo_font_size":0,"ocean_menu_typo_font_size_tablet":0,"ocean_menu_typo_font_size_mobile":0,"ocean_menu_typo_font_size_unit":"px","ocean_menu_typo_font_weight":"","ocean_menu_typo_font_weight_tablet":"","ocean_menu_typo_font_weight_mobile":"","ocean_menu_typo_transform":"","ocean_menu_typo_transform_tablet":"","ocean_menu_typo_transform_mobile":"","ocean_menu_typo_line_height":0,"ocean_menu_typo_line_height_tablet":0,"ocean_menu_typo_line_height_mobile":0,"ocean_menu_typo_line_height_unit":"","ocean_menu_typo_spacing":0,"ocean_menu_typo_spacing_tablet":0,"ocean_menu_typo_spacing_mobile":0,"ocean_menu_typo_spacing_unit":"","ocean_menu_link_color":"","ocean_menu_link_color_hover":"","ocean_menu_link_color_active":"","ocean_menu_link_background":"","ocean_menu_link_hover_background":"","ocean_menu_link_active_background":"","ocean_menu_social_links_bg":"","ocean_menu_social_hover_links_bg":"","ocean_menu_social_links_color":"","ocean_menu_social_hover_links_color":"","ocean_disable_title":"default","ocean_disable_heading":"default","ocean_post_title":"","ocean_post_subheading":"","ocean_post_title_style":"","ocean_post_title_background_color":"","ocean_post_title_background":0,"ocean_post_title_bg_image_position":"","ocean_post_title_bg_image_attachment":"","ocean_post_title_bg_image_repeat":"","ocean_post_title_bg_image_size":"","ocean_post_title_height":0,"ocean_post_title_bg_overlay":0.5,"ocean_post_title_bg_overlay_color":"","ocean_disable_breadcrumbs":"default","ocean_breadcrumbs_color":"","ocean_breadcrumbs_separator_color":"","ocean_breadcrumbs_links_color":"","ocean_breadcrumbs_links_hover_color":"","ocean_display_footer_widgets":"default","ocean_display_footer_bottom":"default","ocean_custom_footer_template":"0","osh_disable_topbar_sticky":"default","osh_disable_header_sticky":"default","osh_sticky_header_style":"default","osh_sticky_header_effect":"","osh_custom_sticky_logo":0,"osh_custom_retina_sticky_logo":0,"osh_custom_sticky_logo_height":0,"osh_background_color":"","osh_links_color":"","osh_links_hover_color":"","osh_links_active_color":"","osh_links_bg_color":"","osh_links_hover_bg_color":"","osh_links_active_bg_color":"","osh_menu_social_links_color":"","osh_menu_social_hover_links_color":""},"product_brand":[],"product_cat":[7030,7014,6972,6823,6874],"product_tag":[],"class_list":{"0":"post-39124","1":"product","2":"type-product","3":"status-publish","4":"has-post-thumbnail","6":"product_cat-abbigliamento","7":"product_cat-bloomer-short-pantaloni-nascita","8":"product_cat-bloomer-short-pantaloni-nascita-ragazza","9":"product_cat-bloomer-short-pantaloni-neonata","10":"product_cat-bloomer-short-pantaloni-neonati","12":"entry","13":"has-media","15":"first","16":"instock","17":"taxable","18":"shipping-taxable","19":"purchasable","20":"product-type-variable","21":"has-default-attributes","22":"col","23":"span_1_of_3","24":"owp-content-center","25":"owp-thumbs-layout-vertical","26":"owp-btn-big","27":"owp-tabs-layout-vertical","28":"circle-sale"},"yoast_head":"<!-- This site is optimized with the Yoast SEO plugin v27.1.1 - https:\/\/yoast.com\/product\/yoast-seo-wordpress\/ -->\n<title>Bloomer bambina righe poesia - Blu\/bianco - Voyage de la Baleine<\/title>\n<meta name=\"description\" content=\"Il nostro bloomer bambina righe poesia \u2013 Blu\/bianco aggiunge un tocco originale e raffinato al guardaroba dei pi\u00f9 piccoli.\" \/>\n<meta name=\"robots\" content=\"index, follow, max-snippet:-1, max-image-preview:large, max-video-preview:-1\" \/>\n<link rel=\"canonical\" href=\"https:\/\/voyagedelabaleine.fr\/it\/prodotto\/bloomer-bambina-righe-poesia-blu-bianco\/\" \/>\n<meta property=\"og:locale\" content=\"it_IT\" \/>\n<meta property=\"og:type\" content=\"article\" \/>\n<meta property=\"og:title\" content=\"Bloomer bambina righe poesia - Blu\/bianco - Voyage de la Baleine\" \/>\n<meta property=\"og:description\" content=\"Il nostro bloomer bambina righe poesia \u2013 Blu\/bianco aggiunge un tocco originale e raffinato al guardaroba dei pi\u00f9 piccoli.\" \/>\n<meta property=\"og:url\" content=\"https:\/\/voyagedelabaleine.fr\/it\/prodotto\/bloomer-bambina-righe-poesia-blu-bianco\/\" \/>\n<meta property=\"og:site_name\" content=\"Voyage de la Baleine\" \/>\n<meta property=\"article:publisher\" content=\"https:\/\/www.facebook.com\/voyagedelabaleine\/\" \/>\n<meta property=\"og:image\" content=\"https:\/\/voyagedelabaleine.fr\/wp-content\/uploads\/2026\/02\/bloomer-bebe-fille-raye-bleu.jpg\" \/>\n\t<meta property=\"og:image:width\" content=\"1493\" \/>\n\t<meta property=\"og:image:height\" content=\"1991\" \/>\n\t<meta property=\"og:image:type\" content=\"image\/jpeg\" \/>\n<meta name=\"twitter:card\" content=\"summary_large_image\" \/>\n<meta name=\"twitter:label1\" content=\"Tempo di lettura stimato\" \/>\n\t<meta name=\"twitter:data1\" content=\"2 minuto\" \/>\n<script type=\"application\/ld+json\" class=\"yoast-schema-graph\">{\"@context\":\"https:\/\/schema.org\",\"@graph\":[{\"@type\":\"WebPage\",\"@id\":\"https:\/\/voyagedelabaleine.fr\/it\/prodotto\/bloomer-bambina-righe-poesia-blu-bianco\/\",\"url\":\"https:\/\/voyagedelabaleine.fr\/it\/prodotto\/bloomer-bambina-righe-poesia-blu-bianco\/\",\"name\":\"Bloomer bambina righe poesia - Blu\/bianco - Voyage de la Baleine\",\"isPartOf\":{\"@id\":\"https:\/\/voyagedelabaleine.fr\/it\/#website\"},\"primaryImageOfPage\":{\"@id\":\"https:\/\/voyagedelabaleine.fr\/it\/prodotto\/bloomer-bambina-righe-poesia-blu-bianco\/#primaryimage\"},\"image\":{\"@id\":\"https:\/\/voyagedelabaleine.fr\/it\/prodotto\/bloomer-bambina-righe-poesia-blu-bianco\/#primaryimage\"},\"thumbnailUrl\":\"https:\/\/voyagedelabaleine.fr\/wp-content\/uploads\/2026\/02\/bloomer-bebe-fille-raye-bleu.jpg\",\"datePublished\":\"2026-02-19T20:29:02+00:00\",\"description\":\"Il nostro bloomer bambina righe poesia \u2013 Blu\/bianco aggiunge un tocco originale e raffinato al guardaroba dei pi\u00f9 piccoli.\",\"breadcrumb\":{\"@id\":\"https:\/\/voyagedelabaleine.fr\/it\/prodotto\/bloomer-bambina-righe-poesia-blu-bianco\/#breadcrumb\"},\"inLanguage\":\"it-IT\",\"potentialAction\":[{\"@type\":\"ReadAction\",\"target\":[\"https:\/\/voyagedelabaleine.fr\/it\/prodotto\/bloomer-bambina-righe-poesia-blu-bianco\/\"]}]},{\"@type\":\"ImageObject\",\"inLanguage\":\"it-IT\",\"@id\":\"https:\/\/voyagedelabaleine.fr\/it\/prodotto\/bloomer-bambina-righe-poesia-blu-bianco\/#primaryimage\",\"url\":\"https:\/\/voyagedelabaleine.fr\/wp-content\/uploads\/2026\/02\/bloomer-bebe-fille-raye-bleu.jpg\",\"contentUrl\":\"https:\/\/voyagedelabaleine.fr\/wp-content\/uploads\/2026\/02\/bloomer-bebe-fille-raye-bleu.jpg\",\"width\":1493,\"height\":1991,\"caption\":\"Bloomer b\u00e9b\u00e9 fille \u00e0 rayures bleu ciel et blanches po\u00e9tiques\"},{\"@type\":\"BreadcrumbList\",\"@id\":\"https:\/\/voyagedelabaleine.fr\/it\/prodotto\/bloomer-bambina-righe-poesia-blu-bianco\/#breadcrumb\",\"itemListElement\":[{\"@type\":\"ListItem\",\"position\":1,\"name\":\"Accueil\",\"item\":\"https:\/\/voyagedelabaleine.fr\/it\/homepage\/\"},{\"@type\":\"ListItem\",\"position\":2,\"name\":\"Tutta la collezione\",\"item\":\"https:\/\/voyagedelabaleine.fr\/it\/tutta-la-collezione\/\"},{\"@type\":\"ListItem\",\"position\":3,\"name\":\"Bloomer bambina righe poesia &#8211; Blu\/bianco\"}]},{\"@type\":\"WebSite\",\"@id\":\"https:\/\/voyagedelabaleine.fr\/it\/#website\",\"url\":\"https:\/\/voyagedelabaleine.fr\/it\/\",\"name\":\"Voyage de la Baleine\",\"description\":\"V\u00eatements intemporels et raffin\u00e9s pour b\u00e9b\u00e9s et enfants\",\"publisher\":{\"@id\":\"https:\/\/voyagedelabaleine.fr\/it\/#organization\"},\"potentialAction\":[{\"@type\":\"SearchAction\",\"target\":{\"@type\":\"EntryPoint\",\"urlTemplate\":\"https:\/\/voyagedelabaleine.fr\/it\/?s={search_term_string}\"},\"query-input\":{\"@type\":\"PropertyValueSpecification\",\"valueRequired\":true,\"valueName\":\"search_term_string\"}}],\"inLanguage\":\"it-IT\"},{\"@type\":\"Organization\",\"@id\":\"https:\/\/voyagedelabaleine.fr\/it\/#organization\",\"name\":\"Voyage de la Baleine\",\"url\":\"https:\/\/voyagedelabaleine.fr\/it\/\",\"logo\":{\"@type\":\"ImageObject\",\"inLanguage\":\"it-IT\",\"@id\":\"https:\/\/voyagedelabaleine.fr\/it\/#\/schema\/logo\/image\/\",\"url\":\"https:\/\/voyagedelabaleine.fr\/wp-content\/uploads\/2025\/06\/logo.webp\",\"contentUrl\":\"https:\/\/voyagedelabaleine.fr\/wp-content\/uploads\/2025\/06\/logo.webp\",\"width\":153,\"height\":64,\"caption\":\"Voyage de la Baleine\"},\"image\":{\"@id\":\"https:\/\/voyagedelabaleine.fr\/it\/#\/schema\/logo\/image\/\"},\"sameAs\":[\"https:\/\/www.facebook.com\/voyagedelabaleine\/\",\"https:\/\/www.instagram.com\/voyagedelabaleine\/\",\"https:\/\/www.pinterest.fr\/Voyagedelabaleine\/\"]}]}<\/script>\n<!-- \/ Yoast SEO plugin. -->","yoast_head_json":{"title":"Bloomer bambina righe poesia - Blu\/bianco - Voyage de la Baleine","description":"Il nostro bloomer bambina righe poesia \u2013 Blu\/bianco aggiunge un tocco originale e raffinato al guardaroba dei pi\u00f9 piccoli.","robots":{"index":"index","follow":"follow","max-snippet":"max-snippet:-1","max-image-preview":"max-image-preview:large","max-video-preview":"max-video-preview:-1"},"canonical":"https:\/\/voyagedelabaleine.fr\/it\/prodotto\/bloomer-bambina-righe-poesia-blu-bianco\/","og_locale":"it_IT","og_type":"article","og_title":"Bloomer bambina righe poesia - Blu\/bianco - Voyage de la Baleine","og_description":"Il nostro bloomer bambina righe poesia \u2013 Blu\/bianco aggiunge un tocco originale e raffinato al guardaroba dei pi\u00f9 piccoli.","og_url":"https:\/\/voyagedelabaleine.fr\/it\/prodotto\/bloomer-bambina-righe-poesia-blu-bianco\/","og_site_name":"Voyage de la Baleine","article_publisher":"https:\/\/www.facebook.com\/voyagedelabaleine\/","og_image":[{"width":1493,"height":1991,"url":"https:\/\/voyagedelabaleine.fr\/wp-content\/uploads\/2026\/02\/bloomer-bebe-fille-raye-bleu.jpg","type":"image\/jpeg"}],"twitter_card":"summary_large_image","twitter_misc":{"Tempo di lettura stimato":"2 minuto"},"schema":{"@context":"https:\/\/schema.org","@graph":[{"@type":"WebPage","@id":"https:\/\/voyagedelabaleine.fr\/it\/prodotto\/bloomer-bambina-righe-poesia-blu-bianco\/","url":"https:\/\/voyagedelabaleine.fr\/it\/prodotto\/bloomer-bambina-righe-poesia-blu-bianco\/","name":"Bloomer bambina righe poesia - Blu\/bianco - Voyage de la Baleine","isPartOf":{"@id":"https:\/\/voyagedelabaleine.fr\/it\/#website"},"primaryImageOfPage":{"@id":"https:\/\/voyagedelabaleine.fr\/it\/prodotto\/bloomer-bambina-righe-poesia-blu-bianco\/#primaryimage"},"image":{"@id":"https:\/\/voyagedelabaleine.fr\/it\/prodotto\/bloomer-bambina-righe-poesia-blu-bianco\/#primaryimage"},"thumbnailUrl":"https:\/\/voyagedelabaleine.fr\/wp-content\/uploads\/2026\/02\/bloomer-bebe-fille-raye-bleu.jpg","datePublished":"2026-02-19T20:29:02+00:00","description":"Il nostro bloomer bambina righe poesia \u2013 Blu\/bianco aggiunge un tocco originale e raffinato al guardaroba dei pi\u00f9 piccoli.","breadcrumb":{"@id":"https:\/\/voyagedelabaleine.fr\/it\/prodotto\/bloomer-bambina-righe-poesia-blu-bianco\/#breadcrumb"},"inLanguage":"it-IT","potentialAction":[{"@type":"ReadAction","target":["https:\/\/voyagedelabaleine.fr\/it\/prodotto\/bloomer-bambina-righe-poesia-blu-bianco\/"]}]},{"@type":"ImageObject","inLanguage":"it-IT","@id":"https:\/\/voyagedelabaleine.fr\/it\/prodotto\/bloomer-bambina-righe-poesia-blu-bianco\/#primaryimage","url":"https:\/\/voyagedelabaleine.fr\/wp-content\/uploads\/2026\/02\/bloomer-bebe-fille-raye-bleu.jpg","contentUrl":"https:\/\/voyagedelabaleine.fr\/wp-content\/uploads\/2026\/02\/bloomer-bebe-fille-raye-bleu.jpg","width":1493,"height":1991,"caption":"Bloomer b\u00e9b\u00e9 fille \u00e0 rayures bleu ciel et blanches po\u00e9tiques"},{"@type":"BreadcrumbList","@id":"https:\/\/voyagedelabaleine.fr\/it\/prodotto\/bloomer-bambina-righe-poesia-blu-bianco\/#breadcrumb","itemListElement":[{"@type":"ListItem","position":1,"name":"Accueil","item":"https:\/\/voyagedelabaleine.fr\/it\/homepage\/"},{"@type":"ListItem","position":2,"name":"Tutta la collezione","item":"https:\/\/voyagedelabaleine.fr\/it\/tutta-la-collezione\/"},{"@type":"ListItem","position":3,"name":"Bloomer bambina righe poesia &#8211; Blu\/bianco"}]},{"@type":"WebSite","@id":"https:\/\/voyagedelabaleine.fr\/it\/#website","url":"https:\/\/voyagedelabaleine.fr\/it\/","name":"Voyage de la Baleine","description":"V\u00eatements intemporels et raffin\u00e9s pour b\u00e9b\u00e9s et enfants","publisher":{"@id":"https:\/\/voyagedelabaleine.fr\/it\/#organization"},"potentialAction":[{"@type":"SearchAction","target":{"@type":"EntryPoint","urlTemplate":"https:\/\/voyagedelabaleine.fr\/it\/?s={search_term_string}"},"query-input":{"@type":"PropertyValueSpecification","valueRequired":true,"valueName":"search_term_string"}}],"inLanguage":"it-IT"},{"@type":"Organization","@id":"https:\/\/voyagedelabaleine.fr\/it\/#organization","name":"Voyage de la Baleine","url":"https:\/\/voyagedelabaleine.fr\/it\/","logo":{"@type":"ImageObject","inLanguage":"it-IT","@id":"https:\/\/voyagedelabaleine.fr\/it\/#\/schema\/logo\/image\/","url":"https:\/\/voyagedelabaleine.fr\/wp-content\/uploads\/2025\/06\/logo.webp","contentUrl":"https:\/\/voyagedelabaleine.fr\/wp-content\/uploads\/2025\/06\/logo.webp","width":153,"height":64,"caption":"Voyage de la Baleine"},"image":{"@id":"https:\/\/voyagedelabaleine.fr\/it\/#\/schema\/logo\/image\/"},"sameAs":["https:\/\/www.facebook.com\/voyagedelabaleine\/","https:\/\/www.instagram.com\/voyagedelabaleine\/","https:\/\/www.pinterest.fr\/Voyagedelabaleine\/"]}]}},"_links":{"self":[{"href":"https:\/\/voyagedelabaleine.fr\/it\/wp-json\/wp\/v2\/product\/39124","targetHints":{"allow":["GET"]}}],"collection":[{"href":"https:\/\/voyagedelabaleine.fr\/it\/wp-json\/wp\/v2\/product"}],"about":[{"href":"https:\/\/voyagedelabaleine.fr\/it\/wp-json\/wp\/v2\/types\/product"}],"replies":[{"embeddable":true,"href":"https:\/\/voyagedelabaleine.fr\/it\/wp-json\/wp\/v2\/comments?post=39124"}],"wp:featuredmedia":[{"embeddable":true,"href":"https:\/\/voyagedelabaleine.fr\/it\/wp-json\/wp\/v2\/media\/38231"}],"wp:attachment":[{"href":"https:\/\/voyagedelabaleine.fr\/it\/wp-json\/wp\/v2\/media?parent=39124"}],"wp:term":[{"taxonomy":"product_brand","embeddable":true,"href":"https:\/\/voyagedelabaleine.fr\/it\/wp-json\/wp\/v2\/product_brand?post=39124"},{"taxonomy":"product_cat","embeddable":true,"href":"https:\/\/voyagedelabaleine.fr\/it\/wp-json\/wp\/v2\/product_cat?post=39124"},{"taxonomy":"product_tag","embeddable":true,"href":"https:\/\/voyagedelabaleine.fr\/it\/wp-json\/wp\/v2\/product_tag?post=39124"}],"curies":[{"name":"wp","href":"https:\/\/api.w.org\/{rel}","templated":true}]}}