{"id":39207,"date":"2026-02-19T21:26:25","date_gmt":"2026-02-19T20:26:25","guid":{"rendered":"https:\/\/voyagedelabaleine.fr\/product\/pagliaccetto-neonato-con-smock-blu-bianco\/"},"modified":"2026-02-26T16:40:29","modified_gmt":"2026-02-26T15:40:29","slug":"pagliaccetto-neonato-con-smock-blu-bianco","status":"publish","type":"product","link":"https:\/\/voyagedelabaleine.fr\/it\/prodotto\/pagliaccetto-neonato-con-smock-blu-bianco\/","title":{"rendered":"Pagliaccetto neonato con smock &#8211; Blu\/bianco"},"content":{"rendered":"<h3 data-section-id=\"lhdgju\" data-start=\"201\" data-end=\"240\">Un pagliaccetto elegante e raffinato<\/h3>\n<p data-start=\"242\" data-end=\"542\">La nostra <strong data-start=\"245\" data-end=\"286\">tutina neonato smock \u2013 Blu\/bianco<\/strong> \u00e8 un capo delicato e poetico, pensato per unire comfort e stile per i pi\u00f9 piccoli. La <strong data-start=\"384\" data-end=\"415\">parte superiore bianca della tutina<\/strong> \u00e8 impreziosita da <strong data-start=\"428\" data-end=\"452\">smock sul davanti<\/strong> e da <strong data-start=\"459\" data-end=\"482\">volant sulle spalle<\/strong>, che aggiungono un tocco raffinato e femminile a questo outfit.<\/p>\n<p data-start=\"544\" data-end=\"731\">La <strong data-start=\"547\" data-end=\"573\">parte inferiore a righe blu e bianche<\/strong>, finemente lavorata, completa il look con stile.<\/p>\n<h3 data-section-id=\"1t3csel\" data-start=\"733\" data-end=\"777\">Un taglio pensato per il comfort del neonato<\/h3>\n<p data-start=\"779\" data-end=\"1107\">Il pagliaccetto \u00e8 progettato per il <strong data-start=\"812\" data-end=\"839\">comfort dei pi\u00f9 piccoli<\/strong>. Si chiude sul retro con una <strong data-start=\"874\" data-end=\"897\">chiusura a bottoni<\/strong> e presenta <strong data-start=\"913\" data-end=\"939\">bottoni al cavallo<\/strong>, facilitando la vestizione e il cambio. Il taglio ampio permette al bambino di muoversi liberamente, sia per esplorare, gattonare o riposare.  <\/p>\n<h3 data-section-id=\"18alf77\" data-start=\"1658\" data-end=\"1701\">Un capo coordinato con la collezione<\/h3>\n<p data-start=\"1703\" data-end=\"2096\">Questo pagliaccetto \u00e8 in <strong data-start=\"1727\" data-end=\"1788\">armonia con il <a href=\"https:\/\/voyagedelabaleine.fr\/it\/prodotto\/completo-neonata-con-smock-blu-bianco\/\">Completo neonata con smock \u2013 Blu\/bianco<\/a><\/strong> e il <a href=\"https:\/\/voyagedelabaleine.fr\/it\/prodotto\/completo-neonato-con-smock-blu-bianco\/\"><strong data-start=\"1794\" data-end=\"1840\">Completo neonato con smock \u2013 Blu\/bianco<\/strong><\/a>, permettendo di creare look abbinati per la famiglia o per fratelli e sorelle. Questa coerenza nel tessuto e nel motivo offre la possibilit\u00e0 di comporre outfit eleganti e coordinati per occasioni speciali o momenti quotidiani. <\/p>\n<h3 data-section-id=\"1xe7sd0\" data-start=\"2098\" data-end=\"2132\">Un capo essenziale del guardaroba neonato<\/h3>\n<p data-start=\"2134\" data-end=\"2365\">Il <strong data-start=\"2137\" data-end=\"2178\">Pagliaccetto neonato con smock \u2013 Blu\/bianco<\/strong> \u00e8 un capo irrinunciabile per vestire il bambino con stile e comfort. Il suo design raffinato, i dettagli delicati e il taglio pratico lo rendono un indumento perfetto per i primi mesi. <\/p>\n<p data-start=\"2367\" data-end=\"2602\">Riflette l&#8217;universo poetico e raffinato di <em data-start=\"2413\" data-end=\"2435\">Voyage de la Baleine<\/em>, dove ogni capo \u00e8 pensato per unire <strong data-start=\"2476\" data-end=\"2506\">stile, comfort ed eleganza<\/strong>, permettendo al bambino di muoversi e scoprire il suo ambiente con dolcezza e libert\u00e0.<\/p>\n<p data-start=\"2367\" data-end=\"2602\">Fabbricato in Spagna.<\/p>\n","protected":false},"excerpt":{"rendered":"<ul>\n<li>Chiusura con bottoni sul retro<\/li>\n<li>Bottoni sul cavallo<\/li>\n<li>Foderata<\/li>\n<li>63% cotone, 30% lino, 7% poliestere<\/li>\n<li>Realizzato in Spagna<br \/>\n<em>Questo pagliaccetto veste normalmente. Scegli la taglia abituale.<\/em><\/li>\n<\/ul>\n","protected":false},"featured_media":39208,"comment_status":"open","ping_status":"closed","template":"","meta":{"ocean_post_layout":"","ocean_both_sidebars_style":"","ocean_both_sidebars_content_width":0,"ocean_both_sidebars_sidebars_width":0,"ocean_sidebar":"0","ocean_second_sidebar":"0","ocean_disable_margins":"enable","ocean_add_body_class":"","ocean_shortcode_before_top_bar":"","ocean_shortcode_after_top_bar":"","ocean_shortcode_before_header":"","ocean_shortcode_after_header":"","ocean_has_shortcode":"","ocean_shortcode_after_title":"","ocean_shortcode_before_footer_widgets":"","ocean_shortcode_after_footer_widgets":"","ocean_shortcode_before_footer_bottom":"","ocean_shortcode_after_footer_bottom":"","ocean_display_top_bar":"default","ocean_display_header":"default","ocean_header_style":"","ocean_center_header_left_menu":"0","ocean_custom_header_template":"0","ocean_custom_logo":0,"ocean_custom_retina_logo":0,"ocean_custom_logo_max_width":0,"ocean_custom_logo_tablet_max_width":0,"ocean_custom_logo_mobile_max_width":0,"ocean_custom_logo_max_height":0,"ocean_custom_logo_tablet_max_height":0,"ocean_custom_logo_mobile_max_height":0,"ocean_header_custom_menu":"0","ocean_menu_typo_font_family":"0","ocean_menu_typo_font_subset":"","ocean_menu_typo_font_size":0,"ocean_menu_typo_font_size_tablet":0,"ocean_menu_typo_font_size_mobile":0,"ocean_menu_typo_font_size_unit":"px","ocean_menu_typo_font_weight":"","ocean_menu_typo_font_weight_tablet":"","ocean_menu_typo_font_weight_mobile":"","ocean_menu_typo_transform":"","ocean_menu_typo_transform_tablet":"","ocean_menu_typo_transform_mobile":"","ocean_menu_typo_line_height":0,"ocean_menu_typo_line_height_tablet":0,"ocean_menu_typo_line_height_mobile":0,"ocean_menu_typo_line_height_unit":"","ocean_menu_typo_spacing":0,"ocean_menu_typo_spacing_tablet":0,"ocean_menu_typo_spacing_mobile":0,"ocean_menu_typo_spacing_unit":"","ocean_menu_link_color":"","ocean_menu_link_color_hover":"","ocean_menu_link_color_active":"","ocean_menu_link_background":"","ocean_menu_link_hover_background":"","ocean_menu_link_active_background":"","ocean_menu_social_links_bg":"","ocean_menu_social_hover_links_bg":"","ocean_menu_social_links_color":"","ocean_menu_social_hover_links_color":"","ocean_disable_title":"default","ocean_disable_heading":"default","ocean_post_title":"","ocean_post_subheading":"","ocean_post_title_style":"","ocean_post_title_background_color":"","ocean_post_title_background":0,"ocean_post_title_bg_image_position":"","ocean_post_title_bg_image_attachment":"","ocean_post_title_bg_image_repeat":"","ocean_post_title_bg_image_size":"","ocean_post_title_height":0,"ocean_post_title_bg_overlay":0.5,"ocean_post_title_bg_overlay_color":"","ocean_disable_breadcrumbs":"default","ocean_breadcrumbs_color":"","ocean_breadcrumbs_separator_color":"","ocean_breadcrumbs_links_color":"","ocean_breadcrumbs_links_hover_color":"","ocean_display_footer_widgets":"default","ocean_display_footer_bottom":"default","ocean_custom_footer_template":"0","osh_disable_topbar_sticky":"default","osh_disable_header_sticky":"default","osh_sticky_header_style":"default","osh_sticky_header_effect":"","osh_custom_sticky_logo":0,"osh_custom_retina_sticky_logo":0,"osh_custom_sticky_logo_height":0,"osh_background_color":"","osh_links_color":"","osh_links_hover_color":"","osh_links_active_color":"","osh_links_bg_color":"","osh_links_hover_bg_color":"","osh_links_active_bg_color":"","osh_menu_social_links_color":"","osh_menu_social_hover_links_color":""},"product_brand":[],"product_cat":[7030,7012,6970,6992,6819,6872,6844],"product_tag":[],"class_list":{"0":"post-39207","1":"product","2":"type-product","3":"status-publish","4":"has-post-thumbnail","6":"product_cat-abbigliamento","7":"product_cat-pagliaccetto-salopette-nascita","8":"product_cat-pagliaccetto-salopette-nascita-ragazza","9":"product_cat-pagliaccetto-salopette-nascita-ragazzo","10":"product_cat-pagliaccetto-salopette-neonata","11":"product_cat-pagliaccetto-salopette-neonati","12":"product_cat-pagliaccetto-salopette-neonato","14":"entry","15":"has-media","17":"first","18":"instock","19":"taxable","20":"shipping-taxable","21":"purchasable","22":"product-type-variable","23":"has-default-attributes","24":"col","25":"span_1_of_3","26":"owp-content-center","27":"owp-thumbs-layout-vertical","28":"owp-btn-big","29":"owp-tabs-layout-vertical","30":"circle-sale"},"yoast_head":"<!-- This site is optimized with the Yoast SEO plugin v27.1.1 - https:\/\/yoast.com\/product\/yoast-seo-wordpress\/ -->\n<title>Pagliaccetto neonato con smock - Blu\/bianco - Voyage de la Baleine<\/title>\n<meta name=\"description\" content=\"Il nostro pagliaccetto neonato con smock \u2013 Blu\/bianco \u00e8 un capo delicato e poetico, pensato per unire comfort e stile per i pi\u00f9 piccoli.\" \/>\n<meta name=\"robots\" content=\"index, follow, max-snippet:-1, max-image-preview:large, max-video-preview:-1\" \/>\n<link rel=\"canonical\" href=\"https:\/\/voyagedelabaleine.fr\/it\/prodotto\/pagliaccetto-neonato-con-smock-blu-bianco\/\" \/>\n<meta property=\"og:locale\" content=\"it_IT\" \/>\n<meta property=\"og:type\" content=\"article\" \/>\n<meta property=\"og:title\" content=\"Pagliaccetto neonato con smock - Blu\/bianco - Voyage de la Baleine\" \/>\n<meta property=\"og:description\" content=\"Il nostro pagliaccetto neonato con smock \u2013 Blu\/bianco \u00e8 un capo delicato e poetico, pensato per unire comfort e stile per i pi\u00f9 piccoli.\" \/>\n<meta property=\"og:url\" content=\"https:\/\/voyagedelabaleine.fr\/it\/prodotto\/pagliaccetto-neonato-con-smock-blu-bianco\/\" \/>\n<meta property=\"og:site_name\" content=\"Voyage de la Baleine\" \/>\n<meta property=\"article:publisher\" content=\"https:\/\/www.facebook.com\/voyagedelabaleine\/\" \/>\n<meta property=\"article:modified_time\" content=\"2026-02-26T15:40:29+00:00\" \/>\n<meta property=\"og:image\" content=\"https:\/\/voyagedelabaleine.fr\/wp-content\/uploads\/2026\/02\/barboteuse-bebe-smocks.jpg\" \/>\n\t<meta property=\"og:image:width\" content=\"1476\" \/>\n\t<meta property=\"og:image:height\" content=\"1968\" \/>\n\t<meta property=\"og:image:type\" content=\"image\/jpeg\" \/>\n<meta name=\"twitter:card\" content=\"summary_large_image\" \/>\n<meta name=\"twitter:label1\" content=\"Tempo di lettura stimato\" \/>\n\t<meta name=\"twitter:data1\" content=\"1 minuto\" \/>\n<script type=\"application\/ld+json\" class=\"yoast-schema-graph\">{\"@context\":\"https:\/\/schema.org\",\"@graph\":[{\"@type\":\"WebPage\",\"@id\":\"https:\/\/voyagedelabaleine.fr\/it\/prodotto\/pagliaccetto-neonato-con-smock-blu-bianco\/\",\"url\":\"https:\/\/voyagedelabaleine.fr\/it\/prodotto\/pagliaccetto-neonato-con-smock-blu-bianco\/\",\"name\":\"Pagliaccetto neonato con smock - Blu\/bianco - Voyage de la Baleine\",\"isPartOf\":{\"@id\":\"https:\/\/voyagedelabaleine.fr\/it\/#website\"},\"primaryImageOfPage\":{\"@id\":\"https:\/\/voyagedelabaleine.fr\/it\/prodotto\/pagliaccetto-neonato-con-smock-blu-bianco\/#primaryimage\"},\"image\":{\"@id\":\"https:\/\/voyagedelabaleine.fr\/it\/prodotto\/pagliaccetto-neonato-con-smock-blu-bianco\/#primaryimage\"},\"thumbnailUrl\":\"https:\/\/voyagedelabaleine.fr\/wp-content\/uploads\/2026\/02\/barboteuse-bebe-smocks.jpg\",\"datePublished\":\"2026-02-19T20:26:25+00:00\",\"dateModified\":\"2026-02-26T15:40:29+00:00\",\"description\":\"Il nostro pagliaccetto neonato con smock \u2013 Blu\/bianco \u00e8 un capo delicato e poetico, pensato per unire comfort e stile per i pi\u00f9 piccoli.\",\"breadcrumb\":{\"@id\":\"https:\/\/voyagedelabaleine.fr\/it\/prodotto\/pagliaccetto-neonato-con-smock-blu-bianco\/#breadcrumb\"},\"inLanguage\":\"it-IT\",\"potentialAction\":[{\"@type\":\"ReadAction\",\"target\":[\"https:\/\/voyagedelabaleine.fr\/it\/prodotto\/pagliaccetto-neonato-con-smock-blu-bianco\/\"]}]},{\"@type\":\"ImageObject\",\"inLanguage\":\"it-IT\",\"@id\":\"https:\/\/voyagedelabaleine.fr\/it\/prodotto\/pagliaccetto-neonato-con-smock-blu-bianco\/#primaryimage\",\"url\":\"https:\/\/voyagedelabaleine.fr\/wp-content\/uploads\/2026\/02\/barboteuse-bebe-smocks.jpg\",\"contentUrl\":\"https:\/\/voyagedelabaleine.fr\/wp-content\/uploads\/2026\/02\/barboteuse-bebe-smocks.jpg\",\"width\":1476,\"height\":1968,\"caption\":\"Barboteuse b\u00e9b\u00e9 \u00e0 smocks sans manches \u00e0 d\u00e9tails volant\u00e9s aux \u00e9paules\"},{\"@type\":\"BreadcrumbList\",\"@id\":\"https:\/\/voyagedelabaleine.fr\/it\/prodotto\/pagliaccetto-neonato-con-smock-blu-bianco\/#breadcrumb\",\"itemListElement\":[{\"@type\":\"ListItem\",\"position\":1,\"name\":\"Accueil\",\"item\":\"https:\/\/voyagedelabaleine.fr\/it\/homepage\/\"},{\"@type\":\"ListItem\",\"position\":2,\"name\":\"Tutta la collezione\",\"item\":\"https:\/\/voyagedelabaleine.fr\/it\/tutta-la-collezione\/\"},{\"@type\":\"ListItem\",\"position\":3,\"name\":\"Pagliaccetto neonato con smock &#8211; Blu\/bianco\"}]},{\"@type\":\"WebSite\",\"@id\":\"https:\/\/voyagedelabaleine.fr\/it\/#website\",\"url\":\"https:\/\/voyagedelabaleine.fr\/it\/\",\"name\":\"Voyage de la Baleine\",\"description\":\"V\u00eatements intemporels et raffin\u00e9s pour b\u00e9b\u00e9s et enfants\",\"publisher\":{\"@id\":\"https:\/\/voyagedelabaleine.fr\/it\/#organization\"},\"potentialAction\":[{\"@type\":\"SearchAction\",\"target\":{\"@type\":\"EntryPoint\",\"urlTemplate\":\"https:\/\/voyagedelabaleine.fr\/it\/?s={search_term_string}\"},\"query-input\":{\"@type\":\"PropertyValueSpecification\",\"valueRequired\":true,\"valueName\":\"search_term_string\"}}],\"inLanguage\":\"it-IT\"},{\"@type\":\"Organization\",\"@id\":\"https:\/\/voyagedelabaleine.fr\/it\/#organization\",\"name\":\"Voyage de la Baleine\",\"url\":\"https:\/\/voyagedelabaleine.fr\/it\/\",\"logo\":{\"@type\":\"ImageObject\",\"inLanguage\":\"it-IT\",\"@id\":\"https:\/\/voyagedelabaleine.fr\/it\/#\/schema\/logo\/image\/\",\"url\":\"https:\/\/voyagedelabaleine.fr\/wp-content\/uploads\/2025\/06\/logo.webp\",\"contentUrl\":\"https:\/\/voyagedelabaleine.fr\/wp-content\/uploads\/2025\/06\/logo.webp\",\"width\":153,\"height\":64,\"caption\":\"Voyage de la Baleine\"},\"image\":{\"@id\":\"https:\/\/voyagedelabaleine.fr\/it\/#\/schema\/logo\/image\/\"},\"sameAs\":[\"https:\/\/www.facebook.com\/voyagedelabaleine\/\",\"https:\/\/www.instagram.com\/voyagedelabaleine\/\",\"https:\/\/www.pinterest.fr\/Voyagedelabaleine\/\"]}]}<\/script>\n<!-- \/ Yoast SEO plugin. -->","yoast_head_json":{"title":"Pagliaccetto neonato con smock - Blu\/bianco - Voyage de la Baleine","description":"Il nostro pagliaccetto neonato con smock \u2013 Blu\/bianco \u00e8 un capo delicato e poetico, pensato per unire comfort e stile per i pi\u00f9 piccoli.","robots":{"index":"index","follow":"follow","max-snippet":"max-snippet:-1","max-image-preview":"max-image-preview:large","max-video-preview":"max-video-preview:-1"},"canonical":"https:\/\/voyagedelabaleine.fr\/it\/prodotto\/pagliaccetto-neonato-con-smock-blu-bianco\/","og_locale":"it_IT","og_type":"article","og_title":"Pagliaccetto neonato con smock - Blu\/bianco - Voyage de la Baleine","og_description":"Il nostro pagliaccetto neonato con smock \u2013 Blu\/bianco \u00e8 un capo delicato e poetico, pensato per unire comfort e stile per i pi\u00f9 piccoli.","og_url":"https:\/\/voyagedelabaleine.fr\/it\/prodotto\/pagliaccetto-neonato-con-smock-blu-bianco\/","og_site_name":"Voyage de la Baleine","article_publisher":"https:\/\/www.facebook.com\/voyagedelabaleine\/","article_modified_time":"2026-02-26T15:40:29+00:00","og_image":[{"width":1476,"height":1968,"url":"https:\/\/voyagedelabaleine.fr\/wp-content\/uploads\/2026\/02\/barboteuse-bebe-smocks.jpg","type":"image\/jpeg"}],"twitter_card":"summary_large_image","twitter_misc":{"Tempo di lettura stimato":"1 minuto"},"schema":{"@context":"https:\/\/schema.org","@graph":[{"@type":"WebPage","@id":"https:\/\/voyagedelabaleine.fr\/it\/prodotto\/pagliaccetto-neonato-con-smock-blu-bianco\/","url":"https:\/\/voyagedelabaleine.fr\/it\/prodotto\/pagliaccetto-neonato-con-smock-blu-bianco\/","name":"Pagliaccetto neonato con smock - Blu\/bianco - Voyage de la Baleine","isPartOf":{"@id":"https:\/\/voyagedelabaleine.fr\/it\/#website"},"primaryImageOfPage":{"@id":"https:\/\/voyagedelabaleine.fr\/it\/prodotto\/pagliaccetto-neonato-con-smock-blu-bianco\/#primaryimage"},"image":{"@id":"https:\/\/voyagedelabaleine.fr\/it\/prodotto\/pagliaccetto-neonato-con-smock-blu-bianco\/#primaryimage"},"thumbnailUrl":"https:\/\/voyagedelabaleine.fr\/wp-content\/uploads\/2026\/02\/barboteuse-bebe-smocks.jpg","datePublished":"2026-02-19T20:26:25+00:00","dateModified":"2026-02-26T15:40:29+00:00","description":"Il nostro pagliaccetto neonato con smock \u2013 Blu\/bianco \u00e8 un capo delicato e poetico, pensato per unire comfort e stile per i pi\u00f9 piccoli.","breadcrumb":{"@id":"https:\/\/voyagedelabaleine.fr\/it\/prodotto\/pagliaccetto-neonato-con-smock-blu-bianco\/#breadcrumb"},"inLanguage":"it-IT","potentialAction":[{"@type":"ReadAction","target":["https:\/\/voyagedelabaleine.fr\/it\/prodotto\/pagliaccetto-neonato-con-smock-blu-bianco\/"]}]},{"@type":"ImageObject","inLanguage":"it-IT","@id":"https:\/\/voyagedelabaleine.fr\/it\/prodotto\/pagliaccetto-neonato-con-smock-blu-bianco\/#primaryimage","url":"https:\/\/voyagedelabaleine.fr\/wp-content\/uploads\/2026\/02\/barboteuse-bebe-smocks.jpg","contentUrl":"https:\/\/voyagedelabaleine.fr\/wp-content\/uploads\/2026\/02\/barboteuse-bebe-smocks.jpg","width":1476,"height":1968,"caption":"Barboteuse b\u00e9b\u00e9 \u00e0 smocks sans manches \u00e0 d\u00e9tails volant\u00e9s aux \u00e9paules"},{"@type":"BreadcrumbList","@id":"https:\/\/voyagedelabaleine.fr\/it\/prodotto\/pagliaccetto-neonato-con-smock-blu-bianco\/#breadcrumb","itemListElement":[{"@type":"ListItem","position":1,"name":"Accueil","item":"https:\/\/voyagedelabaleine.fr\/it\/homepage\/"},{"@type":"ListItem","position":2,"name":"Tutta la collezione","item":"https:\/\/voyagedelabaleine.fr\/it\/tutta-la-collezione\/"},{"@type":"ListItem","position":3,"name":"Pagliaccetto neonato con smock &#8211; Blu\/bianco"}]},{"@type":"WebSite","@id":"https:\/\/voyagedelabaleine.fr\/it\/#website","url":"https:\/\/voyagedelabaleine.fr\/it\/","name":"Voyage de la Baleine","description":"V\u00eatements intemporels et raffin\u00e9s pour b\u00e9b\u00e9s et enfants","publisher":{"@id":"https:\/\/voyagedelabaleine.fr\/it\/#organization"},"potentialAction":[{"@type":"SearchAction","target":{"@type":"EntryPoint","urlTemplate":"https:\/\/voyagedelabaleine.fr\/it\/?s={search_term_string}"},"query-input":{"@type":"PropertyValueSpecification","valueRequired":true,"valueName":"search_term_string"}}],"inLanguage":"it-IT"},{"@type":"Organization","@id":"https:\/\/voyagedelabaleine.fr\/it\/#organization","name":"Voyage de la Baleine","url":"https:\/\/voyagedelabaleine.fr\/it\/","logo":{"@type":"ImageObject","inLanguage":"it-IT","@id":"https:\/\/voyagedelabaleine.fr\/it\/#\/schema\/logo\/image\/","url":"https:\/\/voyagedelabaleine.fr\/wp-content\/uploads\/2025\/06\/logo.webp","contentUrl":"https:\/\/voyagedelabaleine.fr\/wp-content\/uploads\/2025\/06\/logo.webp","width":153,"height":64,"caption":"Voyage de la Baleine"},"image":{"@id":"https:\/\/voyagedelabaleine.fr\/it\/#\/schema\/logo\/image\/"},"sameAs":["https:\/\/www.facebook.com\/voyagedelabaleine\/","https:\/\/www.instagram.com\/voyagedelabaleine\/","https:\/\/www.pinterest.fr\/Voyagedelabaleine\/"]}]}},"_links":{"self":[{"href":"https:\/\/voyagedelabaleine.fr\/it\/wp-json\/wp\/v2\/product\/39207","targetHints":{"allow":["GET"]}}],"collection":[{"href":"https:\/\/voyagedelabaleine.fr\/it\/wp-json\/wp\/v2\/product"}],"about":[{"href":"https:\/\/voyagedelabaleine.fr\/it\/wp-json\/wp\/v2\/types\/product"}],"replies":[{"embeddable":true,"href":"https:\/\/voyagedelabaleine.fr\/it\/wp-json\/wp\/v2\/comments?post=39207"}],"wp:featuredmedia":[{"embeddable":true,"href":"https:\/\/voyagedelabaleine.fr\/it\/wp-json\/wp\/v2\/media\/39208"}],"wp:attachment":[{"href":"https:\/\/voyagedelabaleine.fr\/it\/wp-json\/wp\/v2\/media?parent=39207"}],"wp:term":[{"taxonomy":"product_brand","embeddable":true,"href":"https:\/\/voyagedelabaleine.fr\/it\/wp-json\/wp\/v2\/product_brand?post=39207"},{"taxonomy":"product_cat","embeddable":true,"href":"https:\/\/voyagedelabaleine.fr\/it\/wp-json\/wp\/v2\/product_cat?post=39207"},{"taxonomy":"product_tag","embeddable":true,"href":"https:\/\/voyagedelabaleine.fr\/it\/wp-json\/wp\/v2\/product_tag?post=39207"}],"curies":[{"name":"wp","href":"https:\/\/api.w.org\/{rel}","templated":true}]}}