{"id":40433,"date":"2026-02-20T13:14:09","date_gmt":"2026-02-20T12:14:09","guid":{"rendered":"https:\/\/voyagedelabaleine.fr\/product\/completo-bimbo-con-shorts-con-bretelle-e-camicetta-con-smock-blu-bianco\/"},"modified":"2026-04-18T21:32:15","modified_gmt":"2026-04-18T19:32:15","slug":"completo-bimbo-con-shorts-con-bretelle-e-camicetta-con-smock-blu-bianco","status":"publish","type":"product","link":"https:\/\/voyagedelabaleine.fr\/it\/prodotto\/completo-bimbo-con-shorts-con-bretelle-e-camicetta-con-smock-blu-bianco\/","title":{"rendered":"Completo bimbo con shorts con bretelle e camicetta con smock &#8211; Blu\/bianco"},"content":{"rendered":"<div class=\"flex flex-col text-sm\">\n<article class=\"text-token-text-primary w-full focus:outline-none [--shadow-height:45px] has-data-writing-block:pointer-events-none has-data-writing-block:-mt-(--shadow-height) has-data-writing-block:pt-(--shadow-height) [&amp;:has([data-writing-block])&gt;*]:pointer-events-auto scroll-mt-[calc(var(--header-height)+min(200px,max(70px,20svh)))]\" dir=\"auto\" tabindex=\"-1\" data-turn-id=\"request-6970f0b2-bcb4-8329-8c33-a634cee04d04-37\" data-testid=\"conversation-turn-182\" data-scroll-anchor=\"true\" data-turn=\"assistant\">\n<div class=\"text-base my-auto mx-auto pb-10 [--thread-content-margin:--spacing(4)] @w-sm\/main:[--thread-content-margin:--spacing(6)] @w-lg\/main:[--thread-content-margin:--spacing(16)] px-(--thread-content-margin)\">\n<div class=\"[--thread-content-max-width:40rem] @w-lg\/main:[--thread-content-max-width:48rem] mx-auto max-w-(--thread-content-max-width) flex-1 group\/turn-messages focus-visible:outline-hidden relative flex w-full min-w-0 flex-col agent-turn\" tabindex=\"-1\">\n<div class=\"flex max-w-full flex-col grow\">\n<div class=\"min-h-8 text-message relative flex w-full flex-col items-end gap-2 text-start break-words whitespace-normal [.text-message+&amp;]:mt-1\" dir=\"auto\" data-message-author-role=\"assistant\" data-message-id=\"22cad6fe-13d2-4b48-8bcf-c8b44ac11102\" data-message-model-slug=\"gpt-5-2\">\n<div class=\"flex w-full flex-col gap-1 empty:hidden first:pt-[1px]\">\n<div class=\"markdown prose dark:prose-invert w-full wrap-break-word light markdown-new-styling\">\n<h3 data-section-id=\"u57r6\" data-start=\"70\" data-end=\"129\">Un completo bimbo blu e bianco dal fascino senza tempo<\/h3>\n<p data-start=\"131\" data-end=\"462\">Il nostro <strong data-start=\"137\" data-end=\"206\">completo bimbo con shorts con bretelle e camicetta con smock \u2013 blu\/bianco<\/strong> reinterpreta con eleganza i look tradizionali dell\u2019infanzia. L\u2019abbinamento tra il bianco luminoso e il blu navy profondo crea un contrasto armonioso, raffinato e perfetto sia per le grandi occasioni sia per i momenti preziosi di ogni giorno. <\/p>\n<p data-start=\"464\" data-end=\"695\">La camicetta bianca con collo tondo dona dolcezza ed equilibrio, mentre gli shorts con bretelle in cotone blu navy definiscono la silhouette con carattere. Questo completo bimbo blu\/bianco crea un outfit completo, curato ed elegante. <\/p>\n<h3 data-section-id=\"1o7yz9f\" data-start=\"697\" data-end=\"754\">Una camicetta bianca con smock finemente lavorati<\/h3>\n<p data-start=\"756\" data-end=\"949\">La camicetta bianca si distingue per gli smock blu navy realizzati sul davanti. Questo dettaglio iconico del guardaroba dei pi\u00f9 piccoli aggiunge rilievo e profondit\u00e0, restando sobrio e armonioso. <\/p>\n<p data-start=\"951\" data-end=\"1195\">Il collo tondo incornicia delicatamente il viso e sottolinea lo stile classico dell\u2019outfit. Gli smock, lavorati con cura, creano un gioco di texture discreto che valorizza il contrasto tra il bianco della camicetta e il blu navy degli shorts. <\/p>\n<h3 data-section-id=\"1en63t9\" data-start=\"1197\" data-end=\"1244\">Shorts con bretelle in cotone blu navy<\/h3>\n<p data-start=\"1246\" data-end=\"1430\">Gli shorts con bretelle in cotone blu navy completano alla perfezione la camicetta con smock. Il taglio strutturato dona sostegno ed eleganza, lasciando il bambino libero nei movimenti. <\/p>\n<p data-start=\"1432\" data-end=\"1705\">Le bretelle aggiungono un tocco tradizionale pieno di fascino e assicurano una vestibilit\u00e0 perfetta. Il cotone garantisce comfort e traspirabilit\u00e0, per accompagnare il bambino per tutta la giornata, che sia una cerimonia, un compleanno o una passeggiata estiva. <\/p>\n<h3 data-section-id=\"k8697a\" data-start=\"1707\" data-end=\"1759\">Un outfit elegante per i momenti importanti<\/h3>\n<p data-start=\"1761\" data-end=\"2016\">Questo completo bimbo con smock blu e bianco \u00e8 ideale per un look elegante senza rinunciare al comfort. L\u2019equilibrio tra la camicetta bianca e gli shorts blu navy crea un outfit curato, perfetto anche per l\u2019energia dei pi\u00f9 piccoli. <\/p>\n<p data-start=\"2018\" data-end=\"2243\" data-is-last-node=\"\" data-is-only-node=\"\"><em>Scegliere questo completo con shorts con bretelle e camicetta con smock significa puntare su un outfit raffinato, senza tempo ed elegante. Un capo iconico del guardaroba bimbo, fedele allo spirito delicato e autentico di Voyage de la Baleine. <\/em><\/p>\n<\/div>\n<\/div>\n<\/div>\n<\/div>\n<div class=\"z-0 flex min-h-[46px] justify-start\">Prodotto in Spagna.<\/div>\n<\/div>\n<\/div>\n<\/article>\n<\/div>\n","protected":false},"excerpt":{"rendered":"<ul>\n<li>Completo con camicetta con smock e shorts con bretelle<\/li>\n<li>Ideale per un regalo di nascita<\/li>\n<li>100% cotone<\/li>\n<li>Prodotto in Spagna<br \/>\n<em>Questo completo veste normalmente. Scegli la tua taglia abituale.<\/em><\/li>\n<\/ul>\n","protected":false},"featured_media":39586,"comment_status":"open","ping_status":"closed","template":"","meta":{"ocean_post_layout":"","ocean_both_sidebars_style":"","ocean_both_sidebars_content_width":0,"ocean_both_sidebars_sidebars_width":0,"ocean_sidebar":"0","ocean_second_sidebar":"0","ocean_disable_margins":"enable","ocean_add_body_class":"","ocean_shortcode_before_top_bar":"","ocean_shortcode_after_top_bar":"","ocean_shortcode_before_header":"","ocean_shortcode_after_header":"","ocean_has_shortcode":"","ocean_shortcode_after_title":"","ocean_shortcode_before_footer_widgets":"","ocean_shortcode_after_footer_widgets":"","ocean_shortcode_before_footer_bottom":"","ocean_shortcode_after_footer_bottom":"","ocean_display_top_bar":"default","ocean_display_header":"default","ocean_header_style":"","ocean_center_header_left_menu":"0","ocean_custom_header_template":"0","ocean_custom_logo":0,"ocean_custom_retina_logo":0,"ocean_custom_logo_max_width":0,"ocean_custom_logo_tablet_max_width":0,"ocean_custom_logo_mobile_max_width":0,"ocean_custom_logo_max_height":0,"ocean_custom_logo_tablet_max_height":0,"ocean_custom_logo_mobile_max_height":0,"ocean_header_custom_menu":"0","ocean_menu_typo_font_family":"0","ocean_menu_typo_font_subset":"","ocean_menu_typo_font_size":0,"ocean_menu_typo_font_size_tablet":0,"ocean_menu_typo_font_size_mobile":0,"ocean_menu_typo_font_size_unit":"px","ocean_menu_typo_font_weight":"","ocean_menu_typo_font_weight_tablet":"","ocean_menu_typo_font_weight_mobile":"","ocean_menu_typo_transform":"","ocean_menu_typo_transform_tablet":"","ocean_menu_typo_transform_mobile":"","ocean_menu_typo_line_height":0,"ocean_menu_typo_line_height_tablet":0,"ocean_menu_typo_line_height_mobile":0,"ocean_menu_typo_line_height_unit":"","ocean_menu_typo_spacing":0,"ocean_menu_typo_spacing_tablet":0,"ocean_menu_typo_spacing_mobile":0,"ocean_menu_typo_spacing_unit":"","ocean_menu_link_color":"","ocean_menu_link_color_hover":"","ocean_menu_link_color_active":"","ocean_menu_link_background":"","ocean_menu_link_hover_background":"","ocean_menu_link_active_background":"","ocean_menu_social_links_bg":"","ocean_menu_social_hover_links_bg":"","ocean_menu_social_links_color":"","ocean_menu_social_hover_links_color":"","ocean_disable_title":"default","ocean_disable_heading":"default","ocean_post_title":"","ocean_post_subheading":"","ocean_post_title_style":"","ocean_post_title_background_color":"","ocean_post_title_background":0,"ocean_post_title_bg_image_position":"","ocean_post_title_bg_image_attachment":"","ocean_post_title_bg_image_repeat":"","ocean_post_title_bg_image_size":"","ocean_post_title_height":0,"ocean_post_title_bg_overlay":0.5,"ocean_post_title_bg_overlay_color":"","ocean_disable_breadcrumbs":"default","ocean_breadcrumbs_color":"","ocean_breadcrumbs_separator_color":"","ocean_breadcrumbs_links_color":"","ocean_breadcrumbs_links_hover_color":"","ocean_display_footer_widgets":"default","ocean_display_footer_bottom":"default","ocean_custom_footer_template":"0","osh_disable_topbar_sticky":"default","osh_disable_header_sticky":"default","osh_sticky_header_style":"default","osh_sticky_header_effect":"","osh_custom_sticky_logo":0,"osh_custom_retina_sticky_logo":0,"osh_custom_sticky_logo_height":0,"osh_background_color":"","osh_links_color":"","osh_links_hover_color":"","osh_links_active_color":"","osh_links_bg_color":"","osh_links_hover_bg_color":"","osh_links_active_bg_color":"","osh_menu_social_links_color":"","osh_menu_social_hover_links_color":""},"product_brand":[],"product_cat":[7030,7014,6994,6874,6846,7016,6996,6940,6924,6876,6848,7018,7004,6878,6856,6942,6922,6946,6928],"product_tag":[],"class_list":{"0":"post-40433","1":"product","2":"type-product","3":"status-publish","4":"has-post-thumbnail","6":"product_cat-abbigliamento","7":"product_cat-bloomer-short-pantaloni-nascita","8":"product_cat-bloomer-short-pantaloni-nascita-ragazzo","9":"product_cat-bloomer-short-pantaloni-neonati","10":"product_cat-bloomer-short-pantaloni-neonato","11":"product_cat-blusa-camicia-nascita","12":"product_cat-blusa-camicia-nascita-ragazzo","13":"product_cat-blusa-camicia-bambini","14":"product_cat-blusa-camicia-bambino","15":"product_cat-blusa-camicia-neonati","16":"product_cat-blusa-camicia-neonato","17":"product_cat-completi-nascita","18":"product_cat-completi-nascita-ragazzo","19":"product_cat-completi-neonati","20":"product_cat-completi-neonato","21":"product_cat-completo-salopette-bambini","22":"product_cat-completo-salopette-bambino","23":"product_cat-pantaloni-short-bambini","24":"product_cat-pantaloni-short-bambino","26":"entry","27":"has-media","29":"first","30":"instock","31":"taxable","32":"shipping-taxable","33":"purchasable","34":"product-type-variable","35":"has-default-attributes","36":"has-rating","37":"col","38":"span_1_of_3","39":"owp-content-center","40":"owp-thumbs-layout-vertical","41":"owp-btn-big","42":"owp-tabs-layout-vertical","43":"circle-sale"},"yoast_head":"<!-- This site is optimized with the Yoast SEO plugin v27.1.1 - https:\/\/yoast.com\/product\/yoast-seo-wordpress\/ -->\n<title>Completo bimbo con shorts con bretelle e camicetta con smock - Blu\/bianco - Voyage de la Baleine<\/title>\n<meta name=\"description\" content=\"Il nostro completo bimbo con shorts con bretelle e camicetta con smock \u2013 blu\/bianco reinterpreta con eleganza i look tradizionali dell\u2019infanzia.\" \/>\n<meta name=\"robots\" content=\"index, follow, max-snippet:-1, max-image-preview:large, max-video-preview:-1\" \/>\n<link rel=\"canonical\" href=\"https:\/\/voyagedelabaleine.fr\/it\/prodotto\/completo-bimbo-con-shorts-con-bretelle-e-camicetta-con-smock-blu-bianco\/\" \/>\n<meta property=\"og:locale\" content=\"it_IT\" \/>\n<meta property=\"og:type\" content=\"article\" \/>\n<meta property=\"og:title\" content=\"Completo bimbo con shorts con bretelle e camicetta con smock - Blu\/bianco - Voyage de la Baleine\" \/>\n<meta property=\"og:description\" content=\"Il nostro completo bimbo con shorts con bretelle e camicetta con smock \u2013 blu\/bianco reinterpreta con eleganza i look tradizionali dell\u2019infanzia.\" \/>\n<meta property=\"og:url\" content=\"https:\/\/voyagedelabaleine.fr\/it\/prodotto\/completo-bimbo-con-shorts-con-bretelle-e-camicetta-con-smock-blu-bianco\/\" \/>\n<meta property=\"og:site_name\" content=\"Voyage de la Baleine\" \/>\n<meta property=\"article:publisher\" content=\"https:\/\/www.facebook.com\/voyagedelabaleine\/\" \/>\n<meta property=\"article:modified_time\" content=\"2026-04-18T19:32:15+00:00\" \/>\n<meta property=\"og:image\" content=\"https:\/\/voyagedelabaleine.fr\/wp-content\/uploads\/2026\/02\/ensemble-garcon-blouse-short-bretelles-2.jpg\" \/>\n\t<meta property=\"og:image:width\" content=\"1300\" \/>\n\t<meta property=\"og:image:height\" content=\"1733\" \/>\n\t<meta property=\"og:image:type\" content=\"image\/jpeg\" \/>\n<meta name=\"twitter:card\" content=\"summary_large_image\" \/>\n<meta name=\"twitter:label1\" content=\"Tempo di lettura stimato\" \/>\n\t<meta name=\"twitter:data1\" content=\"2 minuto\" \/>\n<script type=\"application\/ld+json\" class=\"yoast-schema-graph\">{\"@context\":\"https:\/\/schema.org\",\"@graph\":[{\"@type\":\"WebPage\",\"@id\":\"https:\/\/voyagedelabaleine.fr\/it\/prodotto\/completo-bimbo-con-shorts-con-bretelle-e-camicetta-con-smock-blu-bianco\/\",\"url\":\"https:\/\/voyagedelabaleine.fr\/it\/prodotto\/completo-bimbo-con-shorts-con-bretelle-e-camicetta-con-smock-blu-bianco\/\",\"name\":\"Completo bimbo con shorts con bretelle e camicetta con smock - Blu\/bianco - Voyage de la Baleine\",\"isPartOf\":{\"@id\":\"https:\/\/voyagedelabaleine.fr\/it\/#website\"},\"primaryImageOfPage\":{\"@id\":\"https:\/\/voyagedelabaleine.fr\/it\/prodotto\/completo-bimbo-con-shorts-con-bretelle-e-camicetta-con-smock-blu-bianco\/#primaryimage\"},\"image\":{\"@id\":\"https:\/\/voyagedelabaleine.fr\/it\/prodotto\/completo-bimbo-con-shorts-con-bretelle-e-camicetta-con-smock-blu-bianco\/#primaryimage\"},\"thumbnailUrl\":\"https:\/\/voyagedelabaleine.fr\/wp-content\/uploads\/2026\/02\/ensemble-garcon-blouse-short-bretelles-2.jpg\",\"datePublished\":\"2026-02-20T12:14:09+00:00\",\"dateModified\":\"2026-04-18T19:32:15+00:00\",\"description\":\"Il nostro completo bimbo con shorts con bretelle e camicetta con smock \u2013 blu\/bianco reinterpreta con eleganza i look tradizionali dell\u2019infanzia.\",\"breadcrumb\":{\"@id\":\"https:\/\/voyagedelabaleine.fr\/it\/prodotto\/completo-bimbo-con-shorts-con-bretelle-e-camicetta-con-smock-blu-bianco\/#breadcrumb\"},\"inLanguage\":\"it-IT\",\"potentialAction\":[{\"@type\":\"ReadAction\",\"target\":[\"https:\/\/voyagedelabaleine.fr\/it\/prodotto\/completo-bimbo-con-shorts-con-bretelle-e-camicetta-con-smock-blu-bianco\/\"]}]},{\"@type\":\"ImageObject\",\"inLanguage\":\"it-IT\",\"@id\":\"https:\/\/voyagedelabaleine.fr\/it\/prodotto\/completo-bimbo-con-shorts-con-bretelle-e-camicetta-con-smock-blu-bianco\/#primaryimage\",\"url\":\"https:\/\/voyagedelabaleine.fr\/wp-content\/uploads\/2026\/02\/ensemble-garcon-blouse-short-bretelles-2.jpg\",\"contentUrl\":\"https:\/\/voyagedelabaleine.fr\/wp-content\/uploads\/2026\/02\/ensemble-garcon-blouse-short-bretelles-2.jpg\",\"width\":1300,\"height\":1733,\"caption\":\"Ensemble gar\u00e7on short \u00e0 bretelles bleu marine et blouse blanche \u00e0 smocks\"},{\"@type\":\"BreadcrumbList\",\"@id\":\"https:\/\/voyagedelabaleine.fr\/it\/prodotto\/completo-bimbo-con-shorts-con-bretelle-e-camicetta-con-smock-blu-bianco\/#breadcrumb\",\"itemListElement\":[{\"@type\":\"ListItem\",\"position\":1,\"name\":\"Accueil\",\"item\":\"https:\/\/voyagedelabaleine.fr\/it\/homepage\/\"},{\"@type\":\"ListItem\",\"position\":2,\"name\":\"Tutta la collezione\",\"item\":\"https:\/\/voyagedelabaleine.fr\/it\/tutta-la-collezione\/\"},{\"@type\":\"ListItem\",\"position\":3,\"name\":\"Completo bimbo con shorts con bretelle e camicetta con smock &#8211; Blu\/bianco\"}]},{\"@type\":\"WebSite\",\"@id\":\"https:\/\/voyagedelabaleine.fr\/it\/#website\",\"url\":\"https:\/\/voyagedelabaleine.fr\/it\/\",\"name\":\"Voyage de la Baleine\",\"description\":\"V\u00eatements intemporels et raffin\u00e9s pour b\u00e9b\u00e9s et enfants\",\"publisher\":{\"@id\":\"https:\/\/voyagedelabaleine.fr\/it\/#organization\"},\"potentialAction\":[{\"@type\":\"SearchAction\",\"target\":{\"@type\":\"EntryPoint\",\"urlTemplate\":\"https:\/\/voyagedelabaleine.fr\/it\/?s={search_term_string}\"},\"query-input\":{\"@type\":\"PropertyValueSpecification\",\"valueRequired\":true,\"valueName\":\"search_term_string\"}}],\"inLanguage\":\"it-IT\"},{\"@type\":\"Organization\",\"@id\":\"https:\/\/voyagedelabaleine.fr\/it\/#organization\",\"name\":\"Voyage de la Baleine\",\"url\":\"https:\/\/voyagedelabaleine.fr\/it\/\",\"logo\":{\"@type\":\"ImageObject\",\"inLanguage\":\"it-IT\",\"@id\":\"https:\/\/voyagedelabaleine.fr\/it\/#\/schema\/logo\/image\/\",\"url\":\"https:\/\/voyagedelabaleine.fr\/wp-content\/uploads\/2025\/06\/logo.webp\",\"contentUrl\":\"https:\/\/voyagedelabaleine.fr\/wp-content\/uploads\/2025\/06\/logo.webp\",\"width\":153,\"height\":64,\"caption\":\"Voyage de la Baleine\"},\"image\":{\"@id\":\"https:\/\/voyagedelabaleine.fr\/it\/#\/schema\/logo\/image\/\"},\"sameAs\":[\"https:\/\/www.facebook.com\/voyagedelabaleine\/\",\"https:\/\/www.instagram.com\/voyagedelabaleine\/\",\"https:\/\/www.pinterest.fr\/Voyagedelabaleine\/\"]}]}<\/script>\n<!-- \/ Yoast SEO plugin. -->","yoast_head_json":{"title":"Completo bimbo con shorts con bretelle e camicetta con smock - Blu\/bianco - Voyage de la Baleine","description":"Il nostro completo bimbo con shorts con bretelle e camicetta con smock \u2013 blu\/bianco reinterpreta con eleganza i look tradizionali dell\u2019infanzia.","robots":{"index":"index","follow":"follow","max-snippet":"max-snippet:-1","max-image-preview":"max-image-preview:large","max-video-preview":"max-video-preview:-1"},"canonical":"https:\/\/voyagedelabaleine.fr\/it\/prodotto\/completo-bimbo-con-shorts-con-bretelle-e-camicetta-con-smock-blu-bianco\/","og_locale":"it_IT","og_type":"article","og_title":"Completo bimbo con shorts con bretelle e camicetta con smock - Blu\/bianco - Voyage de la Baleine","og_description":"Il nostro completo bimbo con shorts con bretelle e camicetta con smock \u2013 blu\/bianco reinterpreta con eleganza i look tradizionali dell\u2019infanzia.","og_url":"https:\/\/voyagedelabaleine.fr\/it\/prodotto\/completo-bimbo-con-shorts-con-bretelle-e-camicetta-con-smock-blu-bianco\/","og_site_name":"Voyage de la Baleine","article_publisher":"https:\/\/www.facebook.com\/voyagedelabaleine\/","article_modified_time":"2026-04-18T19:32:15+00:00","og_image":[{"width":1300,"height":1733,"url":"https:\/\/voyagedelabaleine.fr\/wp-content\/uploads\/2026\/02\/ensemble-garcon-blouse-short-bretelles-2.jpg","type":"image\/jpeg"}],"twitter_card":"summary_large_image","twitter_misc":{"Tempo di lettura stimato":"2 minuto"},"schema":{"@context":"https:\/\/schema.org","@graph":[{"@type":"WebPage","@id":"https:\/\/voyagedelabaleine.fr\/it\/prodotto\/completo-bimbo-con-shorts-con-bretelle-e-camicetta-con-smock-blu-bianco\/","url":"https:\/\/voyagedelabaleine.fr\/it\/prodotto\/completo-bimbo-con-shorts-con-bretelle-e-camicetta-con-smock-blu-bianco\/","name":"Completo bimbo con shorts con bretelle e camicetta con smock - Blu\/bianco - Voyage de la Baleine","isPartOf":{"@id":"https:\/\/voyagedelabaleine.fr\/it\/#website"},"primaryImageOfPage":{"@id":"https:\/\/voyagedelabaleine.fr\/it\/prodotto\/completo-bimbo-con-shorts-con-bretelle-e-camicetta-con-smock-blu-bianco\/#primaryimage"},"image":{"@id":"https:\/\/voyagedelabaleine.fr\/it\/prodotto\/completo-bimbo-con-shorts-con-bretelle-e-camicetta-con-smock-blu-bianco\/#primaryimage"},"thumbnailUrl":"https:\/\/voyagedelabaleine.fr\/wp-content\/uploads\/2026\/02\/ensemble-garcon-blouse-short-bretelles-2.jpg","datePublished":"2026-02-20T12:14:09+00:00","dateModified":"2026-04-18T19:32:15+00:00","description":"Il nostro completo bimbo con shorts con bretelle e camicetta con smock \u2013 blu\/bianco reinterpreta con eleganza i look tradizionali dell\u2019infanzia.","breadcrumb":{"@id":"https:\/\/voyagedelabaleine.fr\/it\/prodotto\/completo-bimbo-con-shorts-con-bretelle-e-camicetta-con-smock-blu-bianco\/#breadcrumb"},"inLanguage":"it-IT","potentialAction":[{"@type":"ReadAction","target":["https:\/\/voyagedelabaleine.fr\/it\/prodotto\/completo-bimbo-con-shorts-con-bretelle-e-camicetta-con-smock-blu-bianco\/"]}]},{"@type":"ImageObject","inLanguage":"it-IT","@id":"https:\/\/voyagedelabaleine.fr\/it\/prodotto\/completo-bimbo-con-shorts-con-bretelle-e-camicetta-con-smock-blu-bianco\/#primaryimage","url":"https:\/\/voyagedelabaleine.fr\/wp-content\/uploads\/2026\/02\/ensemble-garcon-blouse-short-bretelles-2.jpg","contentUrl":"https:\/\/voyagedelabaleine.fr\/wp-content\/uploads\/2026\/02\/ensemble-garcon-blouse-short-bretelles-2.jpg","width":1300,"height":1733,"caption":"Ensemble gar\u00e7on short \u00e0 bretelles bleu marine et blouse blanche \u00e0 smocks"},{"@type":"BreadcrumbList","@id":"https:\/\/voyagedelabaleine.fr\/it\/prodotto\/completo-bimbo-con-shorts-con-bretelle-e-camicetta-con-smock-blu-bianco\/#breadcrumb","itemListElement":[{"@type":"ListItem","position":1,"name":"Accueil","item":"https:\/\/voyagedelabaleine.fr\/it\/homepage\/"},{"@type":"ListItem","position":2,"name":"Tutta la collezione","item":"https:\/\/voyagedelabaleine.fr\/it\/tutta-la-collezione\/"},{"@type":"ListItem","position":3,"name":"Completo bimbo con shorts con bretelle e camicetta con smock &#8211; Blu\/bianco"}]},{"@type":"WebSite","@id":"https:\/\/voyagedelabaleine.fr\/it\/#website","url":"https:\/\/voyagedelabaleine.fr\/it\/","name":"Voyage de la Baleine","description":"V\u00eatements intemporels et raffin\u00e9s pour b\u00e9b\u00e9s et enfants","publisher":{"@id":"https:\/\/voyagedelabaleine.fr\/it\/#organization"},"potentialAction":[{"@type":"SearchAction","target":{"@type":"EntryPoint","urlTemplate":"https:\/\/voyagedelabaleine.fr\/it\/?s={search_term_string}"},"query-input":{"@type":"PropertyValueSpecification","valueRequired":true,"valueName":"search_term_string"}}],"inLanguage":"it-IT"},{"@type":"Organization","@id":"https:\/\/voyagedelabaleine.fr\/it\/#organization","name":"Voyage de la Baleine","url":"https:\/\/voyagedelabaleine.fr\/it\/","logo":{"@type":"ImageObject","inLanguage":"it-IT","@id":"https:\/\/voyagedelabaleine.fr\/it\/#\/schema\/logo\/image\/","url":"https:\/\/voyagedelabaleine.fr\/wp-content\/uploads\/2025\/06\/logo.webp","contentUrl":"https:\/\/voyagedelabaleine.fr\/wp-content\/uploads\/2025\/06\/logo.webp","width":153,"height":64,"caption":"Voyage de la Baleine"},"image":{"@id":"https:\/\/voyagedelabaleine.fr\/it\/#\/schema\/logo\/image\/"},"sameAs":["https:\/\/www.facebook.com\/voyagedelabaleine\/","https:\/\/www.instagram.com\/voyagedelabaleine\/","https:\/\/www.pinterest.fr\/Voyagedelabaleine\/"]}]}},"_links":{"self":[{"href":"https:\/\/voyagedelabaleine.fr\/it\/wp-json\/wp\/v2\/product\/40433","targetHints":{"allow":["GET"]}}],"collection":[{"href":"https:\/\/voyagedelabaleine.fr\/it\/wp-json\/wp\/v2\/product"}],"about":[{"href":"https:\/\/voyagedelabaleine.fr\/it\/wp-json\/wp\/v2\/types\/product"}],"replies":[{"embeddable":true,"href":"https:\/\/voyagedelabaleine.fr\/it\/wp-json\/wp\/v2\/comments?post=40433"}],"wp:featuredmedia":[{"embeddable":true,"href":"https:\/\/voyagedelabaleine.fr\/it\/wp-json\/wp\/v2\/media\/39586"}],"wp:attachment":[{"href":"https:\/\/voyagedelabaleine.fr\/it\/wp-json\/wp\/v2\/media?parent=40433"}],"wp:term":[{"taxonomy":"product_brand","embeddable":true,"href":"https:\/\/voyagedelabaleine.fr\/it\/wp-json\/wp\/v2\/product_brand?post=40433"},{"taxonomy":"product_cat","embeddable":true,"href":"https:\/\/voyagedelabaleine.fr\/it\/wp-json\/wp\/v2\/product_cat?post=40433"},{"taxonomy":"product_tag","embeddable":true,"href":"https:\/\/voyagedelabaleine.fr\/it\/wp-json\/wp\/v2\/product_tag?post=40433"}],"curies":[{"name":"wp","href":"https:\/\/api.w.org\/{rel}","templated":true}]}}