{"id":41626,"date":"2026-03-18T15:48:37","date_gmt":"2026-03-18T14:48:37","guid":{"rendered":"https:\/\/voyagedelabaleine.fr\/product\/completo-bebe-t-shirt-con-colletto-e-bloomer-a-righe-beige\/"},"modified":"2026-03-18T15:48:37","modified_gmt":"2026-03-18T14:48:37","slug":"completo-bebe-t-shirt-con-colletto-e-bloomer-a-righe-beige","status":"publish","type":"product","link":"https:\/\/voyagedelabaleine.fr\/it\/prodotto\/completo-bebe-t-shirt-con-colletto-e-bloomer-a-righe-beige\/","title":{"rendered":"Completo beb\u00e8 t-shirt con colletto e bloomer a righe &#8211; Beige"},"content":{"rendered":"<div class=\"flex flex-col text-sm pb-25\">\n<article class=\"text-token-text-primary w-full focus:outline-none [--shadow-height:45px] has-data-writing-block:pointer-events-none has-data-writing-block:-mt-(--shadow-height) has-data-writing-block:pt-(--shadow-height) [&amp;:has([data-writing-block])&gt;*]:pointer-events-auto scroll-mt-[calc(var(--header-height)+min(200px,max(70px,20svh)))]\" dir=\"auto\" tabindex=\"-1\" data-turn-id=\"request-6970f0b2-bcb4-8329-8c33-a634cee04d04-8\" data-testid=\"conversation-turn-218\" data-scroll-anchor=\"true\" data-turn=\"assistant\">\n<div class=\"text-base my-auto mx-auto pb-10 [--thread-content-margin:var(--thread-content-margin-xs,calc(var(--spacing)*4))] @w-sm\/main:[--thread-content-margin:var(--thread-content-margin-sm,calc(var(--spacing)*6))] @w-lg\/main:[--thread-content-margin:var(--thread-content-margin-lg,calc(var(--spacing)*16))] px-(--thread-content-margin)\">\n<div class=\"[--thread-content-max-width:40rem] @w-lg\/main:[--thread-content-max-width:48rem] mx-auto max-w-(--thread-content-max-width) flex-1 group\/turn-messages focus-visible:outline-hidden relative flex w-full min-w-0 flex-col agent-turn\" tabindex=\"-1\">\n<div class=\"flex max-w-full flex-col gap-4 grow\">\n<div class=\"min-h-8 text-message relative flex w-full flex-col items-end gap-2 text-start break-words whitespace-normal [.text-message+&amp;]:mt-1\" dir=\"auto\" data-message-author-role=\"assistant\" data-message-id=\"582e6078-ff91-40d0-a01e-3d0b2b5568d0\" data-message-model-slug=\"gpt-5-3\">\n<div class=\"flex w-full flex-col gap-1 empty:hidden\">\n<div class=\"markdown prose dark:prose-invert w-full wrap-break-word light markdown-new-styling\">\n<h3 data-section-id=\"17ptjeu\" data-start=\"56\" data-end=\"101\">Un completo beb\u00e8 beige morbido e luminoso<\/h3>\n<p data-start=\"103\" data-end=\"408\">Il nostro <strong data-start=\"109\" data-end=\"164\">completo beb\u00e8 t-shirt con colletto e bloomer a righe \u2013 beige<\/strong> \u00e8 un outfit delicato e facile da indossare, pensato per accompagnare il beb\u00e8 con comfort ed eleganza. L\u2019abbinamento della <strong data-start=\"280\" data-end=\"297\">t-shirt bianca<\/strong> e del <strong data-start=\"304\" data-end=\"337\">bloomer a sottili righe beige<\/strong> crea una silhouette morbida e armoniosa, ideale per le belle giornate. <\/p>\n<p data-start=\"410\" data-end=\"563\">Le righe sottili aggiungono un tocco discreto e senza tempo, mentre il completo resta leggero ed equilibrato, perfetto per la quotidianit\u00e0 del beb\u00e8.<\/p>\n<h3 data-section-id=\"4a5bpw\" data-start=\"565\" data-end=\"607\">Una t-shirt con colletto dai dettagli curati<\/h3>\n<p data-start=\"609\" data-end=\"865\">La t-shirt bianca a maniche corte \u00e8 dotata di un <strong data-start=\"658\" data-end=\"670\">collo rotondo<\/strong>, semplice ed elegante. Un dettaglio particolarmente raffinato: la <strong data-start=\"731\" data-end=\"806\">taschina sul davanti \u00e8 realizzata nello stesso tessuto a righe del bloomer<\/strong>, creando un richiamo delicato e una bella coerenza visiva. <\/p>\n<p data-start=\"867\" data-end=\"1030\">La <strong data-start=\"870\" data-end=\"914\">chiusura con abbottonatura sul retro<\/strong> facilita la vestizione, mantenendo il davanti essenziale. Questa t-shirt \u00e8 pensata per essere tanto pratica quanto curata. <\/p>\n<h3 data-section-id=\"bjj2f9\" data-start=\"1032\" data-end=\"1075\">Un bloomer a righe comodo e foderato<\/h3>\n<p data-start=\"1077\" data-end=\"1259\">Il bloomer a sottili righe beige \u00e8 progettato per offrire il massimo comfort. La sua linea permette al beb\u00e8 di muoversi liberamente, mentre la <strong data-start=\"1213\" data-end=\"1234\">fodera in cotone<\/strong> assicura morbidezza e una buona vestibilit\u00e0. <\/p>\n<p data-start=\"1261\" data-end=\"1373\">Le righe sottili danno rilievo all\u2019outfit, per un risultato al tempo stesso discreto ed elegante.<\/p>\n<h3 data-section-id=\"wrb0du\" data-start=\"1375\" data-end=\"1406\">Un completo in cotone morbido<\/h3>\n<p data-start=\"1408\" data-end=\"1587\">Realizzato in <strong data-start=\"1424\" data-end=\"1439\">100% cotone<\/strong>, questo completo \u00e8 piacevole a contatto con la pelle sensibile dei beb\u00e8. Il cotone garantisce traspirabilit\u00e0, leggerezza e comfort per tutta la giornata. <\/p>\n<p data-start=\"1589\" data-end=\"1678\">Mantiene morbidezza e qualit\u00e0 lavaggio dopo lavaggio, garantendo un capo durevole.<\/p>\n<h3 data-section-id=\"unjeyo\" data-start=\"1680\" data-end=\"1719\">Una lavorazione spagnola accurata<\/h3>\n<p data-start=\"1721\" data-end=\"1911\">Prodotto in Spagna, questo completo beneficia di un know-how riconosciuto e di finiture curate. Le cuciture sono pulite, i dettagli ben eseguiti e i materiali selezionati con attenzione. <\/p>\n<h3 data-section-id=\"1t6umac\" data-start=\"1913\" data-end=\"1949\">Un capo essenziale del guardaroba neonato<\/h3>\n<p data-start=\"1951\" data-end=\"2167\">Il nostro <strong data-start=\"1957\" data-end=\"2004\">completo beb\u00e8 t-shirt e bloomer a righe beige<\/strong> \u00e8 un outfit completo, pratico ed elegante. Facile da indossare e da abbinare, accompagna il beb\u00e8 nelle giornate estive, nei momenti in famiglia o nelle passeggiate. <\/p>\n<p data-start=\"2169\" data-end=\"2281\" data-is-last-node=\"\" data-is-only-node=\"\">Un indispensabile del guardaroba dei pi\u00f9 piccoli, fedele all\u2019universo raffinato e senza tempo di Voyage de la Baleine.<\/p>\n<\/div>\n<\/div>\n<\/div>\n<\/div>\n<div class=\"z-0 flex min-h-[46px] justify-start\">Fabbricato in Spagna.<\/div>\n<\/div>\n<\/div>\n<\/article>\n<\/div>\n","protected":false},"excerpt":{"rendered":"<ul>\n<li>Completo t-shirt con colletto e bloomer<\/li>\n<li>Ideale per un regalo di nascita<\/li>\n<li>100% cotone<\/li>\n<li>Prodotto in Spagna<br \/>\n<em>Questo completo veste normalmente. Scegli la tua taglia abituale.<\/em><\/li>\n<\/ul>\n","protected":false},"featured_media":38277,"comment_status":"open","ping_status":"closed","template":"","meta":{"ocean_post_layout":"","ocean_both_sidebars_style":"","ocean_both_sidebars_content_width":0,"ocean_both_sidebars_sidebars_width":0,"ocean_sidebar":"0","ocean_second_sidebar":"0","ocean_disable_margins":"enable","ocean_add_body_class":"","ocean_shortcode_before_top_bar":"","ocean_shortcode_after_top_bar":"","ocean_shortcode_before_header":"","ocean_shortcode_after_header":"","ocean_has_shortcode":"","ocean_shortcode_after_title":"","ocean_shortcode_before_footer_widgets":"","ocean_shortcode_after_footer_widgets":"","ocean_shortcode_before_footer_bottom":"","ocean_shortcode_after_footer_bottom":"","ocean_display_top_bar":"default","ocean_display_header":"default","ocean_header_style":"","ocean_center_header_left_menu":"0","ocean_custom_header_template":"0","ocean_custom_logo":0,"ocean_custom_retina_logo":0,"ocean_custom_logo_max_width":0,"ocean_custom_logo_tablet_max_width":0,"ocean_custom_logo_mobile_max_width":0,"ocean_custom_logo_max_height":0,"ocean_custom_logo_tablet_max_height":0,"ocean_custom_logo_mobile_max_height":0,"ocean_header_custom_menu":"0","ocean_menu_typo_font_family":"0","ocean_menu_typo_font_subset":"","ocean_menu_typo_font_size":0,"ocean_menu_typo_font_size_tablet":0,"ocean_menu_typo_font_size_mobile":0,"ocean_menu_typo_font_size_unit":"px","ocean_menu_typo_font_weight":"","ocean_menu_typo_font_weight_tablet":"","ocean_menu_typo_font_weight_mobile":"","ocean_menu_typo_transform":"","ocean_menu_typo_transform_tablet":"","ocean_menu_typo_transform_mobile":"","ocean_menu_typo_line_height":0,"ocean_menu_typo_line_height_tablet":0,"ocean_menu_typo_line_height_mobile":0,"ocean_menu_typo_line_height_unit":"","ocean_menu_typo_spacing":0,"ocean_menu_typo_spacing_tablet":0,"ocean_menu_typo_spacing_mobile":0,"ocean_menu_typo_spacing_unit":"","ocean_menu_link_color":"","ocean_menu_link_color_hover":"","ocean_menu_link_color_active":"","ocean_menu_link_background":"","ocean_menu_link_hover_background":"","ocean_menu_link_active_background":"","ocean_menu_social_links_bg":"","ocean_menu_social_hover_links_bg":"","ocean_menu_social_links_color":"","ocean_menu_social_hover_links_color":"","ocean_disable_title":"default","ocean_disable_heading":"default","ocean_post_title":"","ocean_post_subheading":"","ocean_post_title_style":"","ocean_post_title_background_color":"","ocean_post_title_background":0,"ocean_post_title_bg_image_position":"","ocean_post_title_bg_image_attachment":"","ocean_post_title_bg_image_repeat":"","ocean_post_title_bg_image_size":"","ocean_post_title_height":0,"ocean_post_title_bg_overlay":0.5,"ocean_post_title_bg_overlay_color":"","ocean_disable_breadcrumbs":"default","ocean_breadcrumbs_color":"","ocean_breadcrumbs_separator_color":"","ocean_breadcrumbs_links_color":"","ocean_breadcrumbs_links_hover_color":"","ocean_display_footer_widgets":"default","ocean_display_footer_bottom":"default","ocean_custom_footer_template":"0","osh_disable_topbar_sticky":"default","osh_disable_header_sticky":"default","osh_sticky_header_style":"default","osh_sticky_header_effect":"","osh_custom_sticky_logo":0,"osh_custom_retina_sticky_logo":0,"osh_custom_sticky_logo_height":0,"osh_background_color":"","osh_links_color":"","osh_links_hover_color":"","osh_links_active_color":"","osh_links_bg_color":"","osh_links_hover_bg_color":"","osh_links_active_bg_color":"","osh_menu_social_links_color":"","osh_menu_social_hover_links_color":""},"product_brand":[],"product_cat":[7030,7014,6972,6994,6823,6874,6846,7016,6974,6996,6822,6876,6848,7018,6982,7004,6830,6878,6856],"product_tag":[],"class_list":{"0":"post-41626","1":"product","2":"type-product","3":"status-publish","4":"has-post-thumbnail","6":"product_cat-abbigliamento","7":"product_cat-bloomer-short-pantaloni-nascita","8":"product_cat-bloomer-short-pantaloni-nascita-ragazza","9":"product_cat-bloomer-short-pantaloni-nascita-ragazzo","10":"product_cat-bloomer-short-pantaloni-neonata","11":"product_cat-bloomer-short-pantaloni-neonati","12":"product_cat-bloomer-short-pantaloni-neonato","13":"product_cat-blusa-camicia-nascita","14":"product_cat-blusa-camicia-nascita-ragazza","15":"product_cat-blusa-camicia-nascita-ragazzo","16":"product_cat-blusa-e-camicia-per-neonata","17":"product_cat-blusa-camicia-neonati","18":"product_cat-blusa-camicia-neonato","19":"product_cat-completi-nascita","20":"product_cat-completi-nascita-ragazza","21":"product_cat-completi-nascita-ragazzo","22":"product_cat-completi-neonata","23":"product_cat-completi-neonati","24":"product_cat-completi-neonato","26":"entry","27":"has-media","29":"first","30":"instock","31":"taxable","32":"shipping-taxable","33":"purchasable","34":"product-type-variable","35":"has-default-attributes","36":"col","37":"span_1_of_3","38":"owp-content-center","39":"owp-thumbs-layout-vertical","40":"owp-btn-big","41":"owp-tabs-layout-vertical","42":"circle-sale"},"yoast_head":"<!-- This site is optimized with the Yoast SEO plugin v27.1.1 - https:\/\/yoast.com\/product\/yoast-seo-wordpress\/ -->\n<title>Completo beb\u00e8 t-shirt con colletto e bloomer a righe - Beige - Voyage de la Baleine<\/title>\n<meta name=\"description\" content=\"Il nostro completo beb\u00e8 t-shirt con colletto e bloomer a righe \u2013 beige \u00e8 un outfit delicato e facile da indossare, pensato per accompagnare il beb\u00e8 con comfort ed eleganza.\" \/>\n<meta name=\"robots\" content=\"index, follow, max-snippet:-1, max-image-preview:large, max-video-preview:-1\" \/>\n<link rel=\"canonical\" href=\"https:\/\/voyagedelabaleine.fr\/it\/prodotto\/completo-bebe-t-shirt-con-colletto-e-bloomer-a-righe-beige\/\" \/>\n<meta property=\"og:locale\" content=\"it_IT\" \/>\n<meta property=\"og:type\" content=\"article\" \/>\n<meta property=\"og:title\" content=\"Completo beb\u00e8 t-shirt con colletto e bloomer a righe - Beige - Voyage de la Baleine\" \/>\n<meta property=\"og:description\" content=\"Il nostro completo beb\u00e8 t-shirt con colletto e bloomer a righe \u2013 beige \u00e8 un outfit delicato e facile da indossare, pensato per accompagnare il beb\u00e8 con comfort ed eleganza.\" \/>\n<meta property=\"og:url\" content=\"https:\/\/voyagedelabaleine.fr\/it\/prodotto\/completo-bebe-t-shirt-con-colletto-e-bloomer-a-righe-beige\/\" \/>\n<meta property=\"og:site_name\" content=\"Voyage de la Baleine\" \/>\n<meta property=\"article:publisher\" content=\"https:\/\/www.facebook.com\/voyagedelabaleine\/\" \/>\n<meta property=\"og:image\" content=\"https:\/\/voyagedelabaleine.fr\/wp-content\/uploads\/2026\/02\/ensemble-blouse-bloomer-raye-beige.jpg\" \/>\n\t<meta property=\"og:image:width\" content=\"1500\" \/>\n\t<meta property=\"og:image:height\" content=\"2000\" \/>\n\t<meta property=\"og:image:type\" content=\"image\/jpeg\" \/>\n<meta name=\"twitter:card\" content=\"summary_large_image\" \/>\n<meta name=\"twitter:label1\" content=\"Tempo di lettura stimato\" \/>\n\t<meta name=\"twitter:data1\" content=\"2 minuto\" \/>\n<script type=\"application\/ld+json\" class=\"yoast-schema-graph\">{\"@context\":\"https:\/\/schema.org\",\"@graph\":[{\"@type\":\"WebPage\",\"@id\":\"https:\/\/voyagedelabaleine.fr\/it\/prodotto\/completo-bebe-t-shirt-con-colletto-e-bloomer-a-righe-beige\/\",\"url\":\"https:\/\/voyagedelabaleine.fr\/it\/prodotto\/completo-bebe-t-shirt-con-colletto-e-bloomer-a-righe-beige\/\",\"name\":\"Completo beb\u00e8 t-shirt con colletto e bloomer a righe - Beige - Voyage de la Baleine\",\"isPartOf\":{\"@id\":\"https:\/\/voyagedelabaleine.fr\/it\/#website\"},\"primaryImageOfPage\":{\"@id\":\"https:\/\/voyagedelabaleine.fr\/it\/prodotto\/completo-bebe-t-shirt-con-colletto-e-bloomer-a-righe-beige\/#primaryimage\"},\"image\":{\"@id\":\"https:\/\/voyagedelabaleine.fr\/it\/prodotto\/completo-bebe-t-shirt-con-colletto-e-bloomer-a-righe-beige\/#primaryimage\"},\"thumbnailUrl\":\"https:\/\/voyagedelabaleine.fr\/wp-content\/uploads\/2026\/02\/ensemble-blouse-bloomer-raye-beige.jpg\",\"datePublished\":\"2026-03-18T14:48:37+00:00\",\"description\":\"Il nostro completo beb\u00e8 t-shirt con colletto e bloomer a righe \u2013 beige \u00e8 un outfit delicato e facile da indossare, pensato per accompagnare il beb\u00e8 con comfort ed eleganza.\",\"breadcrumb\":{\"@id\":\"https:\/\/voyagedelabaleine.fr\/it\/prodotto\/completo-bebe-t-shirt-con-colletto-e-bloomer-a-righe-beige\/#breadcrumb\"},\"inLanguage\":\"it-IT\",\"potentialAction\":[{\"@type\":\"ReadAction\",\"target\":[\"https:\/\/voyagedelabaleine.fr\/it\/prodotto\/completo-bebe-t-shirt-con-colletto-e-bloomer-a-righe-beige\/\"]}]},{\"@type\":\"ImageObject\",\"inLanguage\":\"it-IT\",\"@id\":\"https:\/\/voyagedelabaleine.fr\/it\/prodotto\/completo-bebe-t-shirt-con-colletto-e-bloomer-a-righe-beige\/#primaryimage\",\"url\":\"https:\/\/voyagedelabaleine.fr\/wp-content\/uploads\/2026\/02\/ensemble-blouse-bloomer-raye-beige.jpg\",\"contentUrl\":\"https:\/\/voyagedelabaleine.fr\/wp-content\/uploads\/2026\/02\/ensemble-blouse-bloomer-raye-beige.jpg\",\"width\":1500,\"height\":2000},{\"@type\":\"BreadcrumbList\",\"@id\":\"https:\/\/voyagedelabaleine.fr\/it\/prodotto\/completo-bebe-t-shirt-con-colletto-e-bloomer-a-righe-beige\/#breadcrumb\",\"itemListElement\":[{\"@type\":\"ListItem\",\"position\":1,\"name\":\"Accueil\",\"item\":\"https:\/\/voyagedelabaleine.fr\/it\/homepage\/\"},{\"@type\":\"ListItem\",\"position\":2,\"name\":\"Tutta la collezione\",\"item\":\"https:\/\/voyagedelabaleine.fr\/it\/tutta-la-collezione\/\"},{\"@type\":\"ListItem\",\"position\":3,\"name\":\"Completo beb\u00e8 t-shirt con colletto e bloomer a righe &#8211; Beige\"}]},{\"@type\":\"WebSite\",\"@id\":\"https:\/\/voyagedelabaleine.fr\/it\/#website\",\"url\":\"https:\/\/voyagedelabaleine.fr\/it\/\",\"name\":\"Voyage de la Baleine\",\"description\":\"V\u00eatements intemporels et raffin\u00e9s pour b\u00e9b\u00e9s et enfants\",\"publisher\":{\"@id\":\"https:\/\/voyagedelabaleine.fr\/it\/#organization\"},\"potentialAction\":[{\"@type\":\"SearchAction\",\"target\":{\"@type\":\"EntryPoint\",\"urlTemplate\":\"https:\/\/voyagedelabaleine.fr\/it\/?s={search_term_string}\"},\"query-input\":{\"@type\":\"PropertyValueSpecification\",\"valueRequired\":true,\"valueName\":\"search_term_string\"}}],\"inLanguage\":\"it-IT\"},{\"@type\":\"Organization\",\"@id\":\"https:\/\/voyagedelabaleine.fr\/it\/#organization\",\"name\":\"Voyage de la Baleine\",\"url\":\"https:\/\/voyagedelabaleine.fr\/it\/\",\"logo\":{\"@type\":\"ImageObject\",\"inLanguage\":\"it-IT\",\"@id\":\"https:\/\/voyagedelabaleine.fr\/it\/#\/schema\/logo\/image\/\",\"url\":\"https:\/\/voyagedelabaleine.fr\/wp-content\/uploads\/2025\/06\/logo.webp\",\"contentUrl\":\"https:\/\/voyagedelabaleine.fr\/wp-content\/uploads\/2025\/06\/logo.webp\",\"width\":153,\"height\":64,\"caption\":\"Voyage de la Baleine\"},\"image\":{\"@id\":\"https:\/\/voyagedelabaleine.fr\/it\/#\/schema\/logo\/image\/\"},\"sameAs\":[\"https:\/\/www.facebook.com\/voyagedelabaleine\/\",\"https:\/\/www.instagram.com\/voyagedelabaleine\/\",\"https:\/\/www.pinterest.fr\/Voyagedelabaleine\/\"]}]}<\/script>\n<!-- \/ Yoast SEO plugin. -->","yoast_head_json":{"title":"Completo beb\u00e8 t-shirt con colletto e bloomer a righe - Beige - Voyage de la Baleine","description":"Il nostro completo beb\u00e8 t-shirt con colletto e bloomer a righe \u2013 beige \u00e8 un outfit delicato e facile da indossare, pensato per accompagnare il beb\u00e8 con comfort ed eleganza.","robots":{"index":"index","follow":"follow","max-snippet":"max-snippet:-1","max-image-preview":"max-image-preview:large","max-video-preview":"max-video-preview:-1"},"canonical":"https:\/\/voyagedelabaleine.fr\/it\/prodotto\/completo-bebe-t-shirt-con-colletto-e-bloomer-a-righe-beige\/","og_locale":"it_IT","og_type":"article","og_title":"Completo beb\u00e8 t-shirt con colletto e bloomer a righe - Beige - Voyage de la Baleine","og_description":"Il nostro completo beb\u00e8 t-shirt con colletto e bloomer a righe \u2013 beige \u00e8 un outfit delicato e facile da indossare, pensato per accompagnare il beb\u00e8 con comfort ed eleganza.","og_url":"https:\/\/voyagedelabaleine.fr\/it\/prodotto\/completo-bebe-t-shirt-con-colletto-e-bloomer-a-righe-beige\/","og_site_name":"Voyage de la Baleine","article_publisher":"https:\/\/www.facebook.com\/voyagedelabaleine\/","og_image":[{"width":1500,"height":2000,"url":"https:\/\/voyagedelabaleine.fr\/wp-content\/uploads\/2026\/02\/ensemble-blouse-bloomer-raye-beige.jpg","type":"image\/jpeg"}],"twitter_card":"summary_large_image","twitter_misc":{"Tempo di lettura stimato":"2 minuto"},"schema":{"@context":"https:\/\/schema.org","@graph":[{"@type":"WebPage","@id":"https:\/\/voyagedelabaleine.fr\/it\/prodotto\/completo-bebe-t-shirt-con-colletto-e-bloomer-a-righe-beige\/","url":"https:\/\/voyagedelabaleine.fr\/it\/prodotto\/completo-bebe-t-shirt-con-colletto-e-bloomer-a-righe-beige\/","name":"Completo beb\u00e8 t-shirt con colletto e bloomer a righe - Beige - Voyage de la Baleine","isPartOf":{"@id":"https:\/\/voyagedelabaleine.fr\/it\/#website"},"primaryImageOfPage":{"@id":"https:\/\/voyagedelabaleine.fr\/it\/prodotto\/completo-bebe-t-shirt-con-colletto-e-bloomer-a-righe-beige\/#primaryimage"},"image":{"@id":"https:\/\/voyagedelabaleine.fr\/it\/prodotto\/completo-bebe-t-shirt-con-colletto-e-bloomer-a-righe-beige\/#primaryimage"},"thumbnailUrl":"https:\/\/voyagedelabaleine.fr\/wp-content\/uploads\/2026\/02\/ensemble-blouse-bloomer-raye-beige.jpg","datePublished":"2026-03-18T14:48:37+00:00","description":"Il nostro completo beb\u00e8 t-shirt con colletto e bloomer a righe \u2013 beige \u00e8 un outfit delicato e facile da indossare, pensato per accompagnare il beb\u00e8 con comfort ed eleganza.","breadcrumb":{"@id":"https:\/\/voyagedelabaleine.fr\/it\/prodotto\/completo-bebe-t-shirt-con-colletto-e-bloomer-a-righe-beige\/#breadcrumb"},"inLanguage":"it-IT","potentialAction":[{"@type":"ReadAction","target":["https:\/\/voyagedelabaleine.fr\/it\/prodotto\/completo-bebe-t-shirt-con-colletto-e-bloomer-a-righe-beige\/"]}]},{"@type":"ImageObject","inLanguage":"it-IT","@id":"https:\/\/voyagedelabaleine.fr\/it\/prodotto\/completo-bebe-t-shirt-con-colletto-e-bloomer-a-righe-beige\/#primaryimage","url":"https:\/\/voyagedelabaleine.fr\/wp-content\/uploads\/2026\/02\/ensemble-blouse-bloomer-raye-beige.jpg","contentUrl":"https:\/\/voyagedelabaleine.fr\/wp-content\/uploads\/2026\/02\/ensemble-blouse-bloomer-raye-beige.jpg","width":1500,"height":2000},{"@type":"BreadcrumbList","@id":"https:\/\/voyagedelabaleine.fr\/it\/prodotto\/completo-bebe-t-shirt-con-colletto-e-bloomer-a-righe-beige\/#breadcrumb","itemListElement":[{"@type":"ListItem","position":1,"name":"Accueil","item":"https:\/\/voyagedelabaleine.fr\/it\/homepage\/"},{"@type":"ListItem","position":2,"name":"Tutta la collezione","item":"https:\/\/voyagedelabaleine.fr\/it\/tutta-la-collezione\/"},{"@type":"ListItem","position":3,"name":"Completo beb\u00e8 t-shirt con colletto e bloomer a righe &#8211; Beige"}]},{"@type":"WebSite","@id":"https:\/\/voyagedelabaleine.fr\/it\/#website","url":"https:\/\/voyagedelabaleine.fr\/it\/","name":"Voyage de la Baleine","description":"V\u00eatements intemporels et raffin\u00e9s pour b\u00e9b\u00e9s et enfants","publisher":{"@id":"https:\/\/voyagedelabaleine.fr\/it\/#organization"},"potentialAction":[{"@type":"SearchAction","target":{"@type":"EntryPoint","urlTemplate":"https:\/\/voyagedelabaleine.fr\/it\/?s={search_term_string}"},"query-input":{"@type":"PropertyValueSpecification","valueRequired":true,"valueName":"search_term_string"}}],"inLanguage":"it-IT"},{"@type":"Organization","@id":"https:\/\/voyagedelabaleine.fr\/it\/#organization","name":"Voyage de la Baleine","url":"https:\/\/voyagedelabaleine.fr\/it\/","logo":{"@type":"ImageObject","inLanguage":"it-IT","@id":"https:\/\/voyagedelabaleine.fr\/it\/#\/schema\/logo\/image\/","url":"https:\/\/voyagedelabaleine.fr\/wp-content\/uploads\/2025\/06\/logo.webp","contentUrl":"https:\/\/voyagedelabaleine.fr\/wp-content\/uploads\/2025\/06\/logo.webp","width":153,"height":64,"caption":"Voyage de la Baleine"},"image":{"@id":"https:\/\/voyagedelabaleine.fr\/it\/#\/schema\/logo\/image\/"},"sameAs":["https:\/\/www.facebook.com\/voyagedelabaleine\/","https:\/\/www.instagram.com\/voyagedelabaleine\/","https:\/\/www.pinterest.fr\/Voyagedelabaleine\/"]}]}},"_links":{"self":[{"href":"https:\/\/voyagedelabaleine.fr\/it\/wp-json\/wp\/v2\/product\/41626","targetHints":{"allow":["GET"]}}],"collection":[{"href":"https:\/\/voyagedelabaleine.fr\/it\/wp-json\/wp\/v2\/product"}],"about":[{"href":"https:\/\/voyagedelabaleine.fr\/it\/wp-json\/wp\/v2\/types\/product"}],"replies":[{"embeddable":true,"href":"https:\/\/voyagedelabaleine.fr\/it\/wp-json\/wp\/v2\/comments?post=41626"}],"wp:featuredmedia":[{"embeddable":true,"href":"https:\/\/voyagedelabaleine.fr\/it\/wp-json\/wp\/v2\/media\/38277"}],"wp:attachment":[{"href":"https:\/\/voyagedelabaleine.fr\/it\/wp-json\/wp\/v2\/media?parent=41626"}],"wp:term":[{"taxonomy":"product_brand","embeddable":true,"href":"https:\/\/voyagedelabaleine.fr\/it\/wp-json\/wp\/v2\/product_brand?post=41626"},{"taxonomy":"product_cat","embeddable":true,"href":"https:\/\/voyagedelabaleine.fr\/it\/wp-json\/wp\/v2\/product_cat?post=41626"},{"taxonomy":"product_tag","embeddable":true,"href":"https:\/\/voyagedelabaleine.fr\/it\/wp-json\/wp\/v2\/product_tag?post=41626"}],"curies":[{"name":"wp","href":"https:\/\/api.w.org\/{rel}","templated":true}]}}