{"id":41851,"date":"2026-03-19T12:47:28","date_gmt":"2026-03-19T11:47:28","guid":{"rendered":"https:\/\/voyagedelabaleine.fr\/product\/pagliaccetto-bebe-con-smock-e-ricami-di-barche-blu-bianco\/"},"modified":"2026-03-19T12:47:28","modified_gmt":"2026-03-19T11:47:28","slug":"pagliaccetto-bebe-con-smock-e-ricami-di-barche-blu-bianco","status":"publish","type":"product","link":"https:\/\/voyagedelabaleine.fr\/it\/prodotto\/pagliaccetto-bebe-con-smock-e-ricami-di-barche-blu-bianco\/","title":{"rendered":"Pagliaccetto beb\u00e8 con smock e ricami di barche &#8211; Blu\/Bianco"},"content":{"rendered":"<div class=\"flex flex-col text-sm pb-25\">\n<article class=\"text-token-text-primary w-full focus:outline-none [--shadow-height:45px] has-data-writing-block:pointer-events-none has-data-writing-block:-mt-(--shadow-height) has-data-writing-block:pt-(--shadow-height) [&amp;:has([data-writing-block])&gt;*]:pointer-events-auto scroll-mt-[calc(var(--header-height)+min(200px,max(70px,20svh)))]\" dir=\"auto\" tabindex=\"-1\" data-turn-id=\"request-6970f0b2-bcb4-8329-8c33-a634cee04d04-15\" data-testid=\"conversation-turn-232\" data-scroll-anchor=\"true\" data-turn=\"assistant\">\n<div class=\"text-base my-auto mx-auto pb-10 [--thread-content-margin:var(--thread-content-margin-xs,calc(var(--spacing)*4))] @w-sm\/main:[--thread-content-margin:var(--thread-content-margin-sm,calc(var(--spacing)*6))] @w-lg\/main:[--thread-content-margin:var(--thread-content-margin-lg,calc(var(--spacing)*16))] px-(--thread-content-margin)\">\n<div class=\"[--thread-content-max-width:40rem] @w-lg\/main:[--thread-content-max-width:48rem] mx-auto max-w-(--thread-content-max-width) flex-1 group\/turn-messages focus-visible:outline-hidden relative flex w-full min-w-0 flex-col agent-turn\" tabindex=\"-1\">\n<div class=\"flex max-w-full flex-col gap-4 grow\">\n<div class=\"min-h-8 text-message relative flex w-full flex-col items-end gap-2 text-start break-words whitespace-normal [.text-message+&amp;]:mt-1\" dir=\"auto\" data-message-author-role=\"assistant\" data-message-id=\"e2844197-fe14-4867-b42e-eb866eca5ca1\" data-message-model-slug=\"gpt-5-3\">\n<div class=\"flex w-full flex-col gap-1 empty:hidden\">\n<div class=\"markdown prose dark:prose-invert w-full wrap-break-word light markdown-new-styling\">\n<h3 data-section-id=\"fng7j5\" data-start=\"66\" data-end=\"115\">Un pagliaccetto beb\u00e8 unisex dal fascino delicato<\/h3>\n<p data-start=\"117\" data-end=\"400\">Il nostro <strong data-start=\"123\" data-end=\"188\">pagliaccetto beb\u00e8 con smock e ricami di barche \u2013 blu\/bianco<\/strong> \u00e8 un capo pieno di dolcezza e carattere, pensato per vestire il beb\u00e8 con eleganza. Il suo tessuto a <strong data-start=\"291\" data-end=\"323\">quadretti azzurri e bianchi<\/strong> dona freschezza e luminosit\u00e0, mantenendo al tempo stesso un\u2019allure senza tempo. <\/p>\n<p data-start=\"402\" data-end=\"544\">Unisex, questo pagliaccetto \u00e8 adatto sia a una bimba sia a un bimbo, per creare look raffinati fin dai primi mesi.<\/p>\n<h3 data-section-id=\"hoyj9w\" data-start=\"546\" data-end=\"599\">Deliziosi smock e ricami di grande finezza<\/h3>\n<p data-start=\"601\" data-end=\"869\">Il davanti del pagliaccetto \u00e8 impreziosito da <strong data-start=\"640\" data-end=\"659\">smock delicati<\/strong>, che donano rilievo e struttura al look. Sono accompagnati da <strong data-start=\"731\" data-end=\"767\">ricami di barche e velieri<\/strong>, realizzati con discrezione con piccoli dettagli rossi, che ravvivano l\u2019insieme con finezza. <\/p>\n<p data-start=\"871\" data-end=\"1005\">Questi elementi decorativi donano al pagliaccetto un\u2019identit\u00e0 dolce e curata.<\/p>\n<h3 data-section-id=\"1tckjld\" data-start=\"1007\" data-end=\"1053\">Un taglio senza maniche ideale per l\u2019estate<\/h3>\n<p data-start=\"1055\" data-end=\"1229\">Senza maniche, il nostro pagliaccetto \u00e8 perfetto per le giornate calde. Lascia le spalle scoperte e permette al beb\u00e8 di restare comodo per tutta la giornata. <\/p>\n<p data-start=\"1231\" data-end=\"1363\">Il taglio \u00e8 pensato per offrire grande libert\u00e0 di movimento, permettendo al beb\u00e8 di muoversi, giocare o riposare in tutta serenit\u00e0.<\/p>\n<h3 data-section-id=\"i7w4tj\" data-start=\"1365\" data-end=\"1397\">Un cotone morbido e traspirante<\/h3>\n<p data-start=\"1399\" data-end=\"1607\">Realizzato in <strong data-start=\"1416\" data-end=\"1431\">100% cotone<\/strong>, questo pagliaccetto \u00e8 piacevole a contatto con la pelle sensibile dei beb\u00e8. Il tessuto \u00e8 leggero, traspirante e confortevole, ideale per accompagnare il beb\u00e8 nelle giornate estive. <\/p>\n<p data-start=\"1609\" data-end=\"1725\">Il cotone mantiene morbidezza e tenuta lavaggio dopo lavaggio, garantendo un capo durevole e piacevole da indossare.<\/p>\n<h3 data-section-id=\"1xs7cbx\" data-start=\"1727\" data-end=\"1769\">Un pagliaccetto pratico ogni giorno<\/h3>\n<p data-start=\"1771\" data-end=\"1978\">Il pagliaccetto si chiude con una <strong data-start=\"1802\" data-end=\"1832\">abbottonatura sul retro<\/strong>, che facilita la vestizione. I <strong data-start=\"1862\" data-end=\"1888\">bottoni al cavallo<\/strong> permettono un cambio semplice e veloce, un dettaglio essenziale nella quotidianit\u00e0 dei genitori. <\/p>\n<h3 data-section-id=\"1u411ak\" data-start=\"1643\" data-end=\"1688\">Un capo ideale per un look coordinato<\/h3>\n<p data-start=\"1690\" data-end=\"1984\">Questo pagliaccetto \u00e8 perfetto per creare un <strong data-start=\"1728\" data-end=\"1757\">look coordinato tra fratelli<\/strong>, abbinandolo al <a href=\"https:\/\/voyagedelabaleine.fr\/prodotto\/robe-smocks-broderies-bateaux-bloomer\/\">Vestito con smock e ricami di barche con bloomer abbinato &#8211; Blu\/Bianco<\/a>. Un bel modo per comporre outfit armoniosi per fratelli e sorelle, ideali per i momenti in famiglia o le occasioni speciali. <\/p>\n<h3 data-section-id=\"unjeyo\" data-start=\"1980\" data-end=\"2019\">Una lavorazione spagnola accurata<\/h3>\n<p data-start=\"2021\" data-end=\"2221\">Realizzato in Spagna, questo pagliaccetto beneficia di un savoir-faire riconosciuto e di finiture curate. Gli smock, i ricami e le cuciture sono eseguiti con precisione, per un risultato impeccabile. <\/p>\n<h3 data-section-id=\"1t6umac\" data-start=\"2223\" data-end=\"2259\">Un capo essenziale del guardaroba neonato<\/h3>\n<p data-start=\"2261\" data-end=\"2500\" data-is-last-node=\"\" data-is-only-node=\"\">Il nostro <strong data-start=\"2267\" data-end=\"2332\">pagliaccetto beb\u00e8 con smock blu\/bianco e ricami di barche<\/strong> \u00e8 un capo elegante, confortevole e originale. Accompagna il beb\u00e8 con dolcezza e stile, fedele all\u2019universo raffinato e poetico di Voyage de la Baleine. <\/p>\n<p data-start=\"2261\" data-end=\"2500\" data-is-last-node=\"\" data-is-only-node=\"\">Fabbricato in Spagna.<\/p>\n<\/div>\n<\/div>\n<\/div>\n<\/div>\n<\/div>\n<\/div>\n<\/article>\n<\/div>\n","protected":false},"excerpt":{"rendered":"<ul>\n<li>Dettagli di smock e ricami di barche<\/li>\n<li>Chiusura con bottoni sul retro<\/li>\n<li>Bottoni sul cavallo<\/li>\n<li>100% cotone<\/li>\n<li>Realizzato in Spagna<br \/>\n<em>Questo pagliaccetto veste normalmente. Scegli la taglia abituale.<\/em><\/li>\n<\/ul>\n","protected":false},"featured_media":41852,"comment_status":"open","ping_status":"closed","template":"","meta":{"ocean_post_layout":"","ocean_both_sidebars_style":"","ocean_both_sidebars_content_width":0,"ocean_both_sidebars_sidebars_width":0,"ocean_sidebar":"0","ocean_second_sidebar":"0","ocean_disable_margins":"enable","ocean_add_body_class":"","ocean_shortcode_before_top_bar":"","ocean_shortcode_after_top_bar":"","ocean_shortcode_before_header":"","ocean_shortcode_after_header":"","ocean_has_shortcode":"","ocean_shortcode_after_title":"","ocean_shortcode_before_footer_widgets":"","ocean_shortcode_after_footer_widgets":"","ocean_shortcode_before_footer_bottom":"","ocean_shortcode_after_footer_bottom":"","ocean_display_top_bar":"default","ocean_display_header":"default","ocean_header_style":"","ocean_center_header_left_menu":"0","ocean_custom_header_template":"0","ocean_custom_logo":0,"ocean_custom_retina_logo":0,"ocean_custom_logo_max_width":0,"ocean_custom_logo_tablet_max_width":0,"ocean_custom_logo_mobile_max_width":0,"ocean_custom_logo_max_height":0,"ocean_custom_logo_tablet_max_height":0,"ocean_custom_logo_mobile_max_height":0,"ocean_header_custom_menu":"0","ocean_menu_typo_font_family":"0","ocean_menu_typo_font_subset":"","ocean_menu_typo_font_size":0,"ocean_menu_typo_font_size_tablet":0,"ocean_menu_typo_font_size_mobile":0,"ocean_menu_typo_font_size_unit":"px","ocean_menu_typo_font_weight":"","ocean_menu_typo_font_weight_tablet":"","ocean_menu_typo_font_weight_mobile":"","ocean_menu_typo_transform":"","ocean_menu_typo_transform_tablet":"","ocean_menu_typo_transform_mobile":"","ocean_menu_typo_line_height":0,"ocean_menu_typo_line_height_tablet":0,"ocean_menu_typo_line_height_mobile":0,"ocean_menu_typo_line_height_unit":"","ocean_menu_typo_spacing":0,"ocean_menu_typo_spacing_tablet":0,"ocean_menu_typo_spacing_mobile":0,"ocean_menu_typo_spacing_unit":"","ocean_menu_link_color":"","ocean_menu_link_color_hover":"","ocean_menu_link_color_active":"","ocean_menu_link_background":"","ocean_menu_link_hover_background":"","ocean_menu_link_active_background":"","ocean_menu_social_links_bg":"","ocean_menu_social_hover_links_bg":"","ocean_menu_social_links_color":"","ocean_menu_social_hover_links_color":"","ocean_disable_title":"default","ocean_disable_heading":"default","ocean_post_title":"","ocean_post_subheading":"","ocean_post_title_style":"","ocean_post_title_background_color":"","ocean_post_title_background":0,"ocean_post_title_bg_image_position":"","ocean_post_title_bg_image_attachment":"","ocean_post_title_bg_image_repeat":"","ocean_post_title_bg_image_size":"","ocean_post_title_height":0,"ocean_post_title_bg_overlay":0.5,"ocean_post_title_bg_overlay_color":"","ocean_disable_breadcrumbs":"default","ocean_breadcrumbs_color":"","ocean_breadcrumbs_separator_color":"","ocean_breadcrumbs_links_color":"","ocean_breadcrumbs_links_hover_color":"","ocean_display_footer_widgets":"default","ocean_display_footer_bottom":"default","ocean_custom_footer_template":"0","osh_disable_topbar_sticky":"default","osh_disable_header_sticky":"default","osh_sticky_header_style":"default","osh_sticky_header_effect":"","osh_custom_sticky_logo":0,"osh_custom_retina_sticky_logo":0,"osh_custom_sticky_logo_height":0,"osh_background_color":"","osh_links_color":"","osh_links_hover_color":"","osh_links_active_color":"","osh_links_bg_color":"","osh_links_hover_bg_color":"","osh_links_active_bg_color":"","osh_menu_social_links_color":"","osh_menu_social_hover_links_color":""},"product_brand":[],"product_cat":[7030,7012,6970,6992,6819,6872,6844],"product_tag":[],"class_list":{"0":"post-41851","1":"product","2":"type-product","3":"status-publish","4":"has-post-thumbnail","6":"product_cat-abbigliamento","7":"product_cat-pagliaccetto-salopette-nascita","8":"product_cat-pagliaccetto-salopette-nascita-ragazza","9":"product_cat-pagliaccetto-salopette-nascita-ragazzo","10":"product_cat-pagliaccetto-salopette-neonata","11":"product_cat-pagliaccetto-salopette-neonati","12":"product_cat-pagliaccetto-salopette-neonato","14":"entry","15":"has-media","17":"first","18":"instock","19":"taxable","20":"shipping-taxable","21":"purchasable","22":"product-type-variable","23":"has-default-attributes","24":"col","25":"span_1_of_3","26":"owp-content-center","27":"owp-thumbs-layout-vertical","28":"owp-btn-big","29":"owp-tabs-layout-vertical","30":"circle-sale"},"yoast_head":"<!-- This site is optimized with the Yoast SEO plugin v27.1.1 - https:\/\/yoast.com\/product\/yoast-seo-wordpress\/ -->\n<title>Pagliaccetto beb\u00e8 con smock e ricami di barche - Blu\/Bianco - Voyage de la Baleine<\/title>\n<meta name=\"description\" content=\"Il nostro pagliaccetto beb\u00e8 con smock e ricami di barche \u00e8 un capo pieno di dolcezza e carattere, pensato per vestire il beb\u00e8 con eleganza.\" \/>\n<meta name=\"robots\" content=\"index, follow, max-snippet:-1, max-image-preview:large, max-video-preview:-1\" \/>\n<link rel=\"canonical\" href=\"https:\/\/voyagedelabaleine.fr\/it\/prodotto\/pagliaccetto-bebe-con-smock-e-ricami-di-barche-blu-bianco\/\" \/>\n<meta property=\"og:locale\" content=\"it_IT\" \/>\n<meta property=\"og:type\" content=\"article\" \/>\n<meta property=\"og:title\" content=\"Pagliaccetto beb\u00e8 con smock e ricami di barche - Blu\/Bianco - Voyage de la Baleine\" \/>\n<meta property=\"og:description\" content=\"Il nostro pagliaccetto beb\u00e8 con smock e ricami di barche \u00e8 un capo pieno di dolcezza e carattere, pensato per vestire il beb\u00e8 con eleganza.\" \/>\n<meta property=\"og:url\" content=\"https:\/\/voyagedelabaleine.fr\/it\/prodotto\/pagliaccetto-bebe-con-smock-e-ricami-di-barche-blu-bianco\/\" \/>\n<meta property=\"og:site_name\" content=\"Voyage de la Baleine\" \/>\n<meta property=\"article:publisher\" content=\"https:\/\/www.facebook.com\/voyagedelabaleine\/\" \/>\n<meta property=\"og:image\" content=\"https:\/\/voyagedelabaleine.fr\/wp-content\/uploads\/2026\/03\/barboteuse-smocks-broderies-bateaux-2.jpg\" \/>\n\t<meta property=\"og:image:width\" content=\"900\" \/>\n\t<meta property=\"og:image:height\" content=\"1200\" \/>\n\t<meta property=\"og:image:type\" content=\"image\/jpeg\" \/>\n<meta name=\"twitter:card\" content=\"summary_large_image\" \/>\n<meta name=\"twitter:label1\" content=\"Tempo di lettura stimato\" \/>\n\t<meta name=\"twitter:data1\" content=\"2 minuto\" \/>\n<script type=\"application\/ld+json\" class=\"yoast-schema-graph\">{\"@context\":\"https:\/\/schema.org\",\"@graph\":[{\"@type\":\"WebPage\",\"@id\":\"https:\/\/voyagedelabaleine.fr\/it\/prodotto\/pagliaccetto-bebe-con-smock-e-ricami-di-barche-blu-bianco\/\",\"url\":\"https:\/\/voyagedelabaleine.fr\/it\/prodotto\/pagliaccetto-bebe-con-smock-e-ricami-di-barche-blu-bianco\/\",\"name\":\"Pagliaccetto beb\u00e8 con smock e ricami di barche - Blu\/Bianco - Voyage de la Baleine\",\"isPartOf\":{\"@id\":\"https:\/\/voyagedelabaleine.fr\/it\/#website\"},\"primaryImageOfPage\":{\"@id\":\"https:\/\/voyagedelabaleine.fr\/it\/prodotto\/pagliaccetto-bebe-con-smock-e-ricami-di-barche-blu-bianco\/#primaryimage\"},\"image\":{\"@id\":\"https:\/\/voyagedelabaleine.fr\/it\/prodotto\/pagliaccetto-bebe-con-smock-e-ricami-di-barche-blu-bianco\/#primaryimage\"},\"thumbnailUrl\":\"https:\/\/voyagedelabaleine.fr\/wp-content\/uploads\/2026\/03\/barboteuse-smocks-broderies-bateaux-2.jpg\",\"datePublished\":\"2026-03-19T11:47:28+00:00\",\"description\":\"Il nostro pagliaccetto beb\u00e8 con smock e ricami di barche \u00e8 un capo pieno di dolcezza e carattere, pensato per vestire il beb\u00e8 con eleganza.\",\"breadcrumb\":{\"@id\":\"https:\/\/voyagedelabaleine.fr\/it\/prodotto\/pagliaccetto-bebe-con-smock-e-ricami-di-barche-blu-bianco\/#breadcrumb\"},\"inLanguage\":\"it-IT\",\"potentialAction\":[{\"@type\":\"ReadAction\",\"target\":[\"https:\/\/voyagedelabaleine.fr\/it\/prodotto\/pagliaccetto-bebe-con-smock-e-ricami-di-barche-blu-bianco\/\"]}]},{\"@type\":\"ImageObject\",\"inLanguage\":\"it-IT\",\"@id\":\"https:\/\/voyagedelabaleine.fr\/it\/prodotto\/pagliaccetto-bebe-con-smock-e-ricami-di-barche-blu-bianco\/#primaryimage\",\"url\":\"https:\/\/voyagedelabaleine.fr\/wp-content\/uploads\/2026\/03\/barboteuse-smocks-broderies-bateaux-2.jpg\",\"contentUrl\":\"https:\/\/voyagedelabaleine.fr\/wp-content\/uploads\/2026\/03\/barboteuse-smocks-broderies-bateaux-2.jpg\",\"width\":900,\"height\":1200},{\"@type\":\"BreadcrumbList\",\"@id\":\"https:\/\/voyagedelabaleine.fr\/it\/prodotto\/pagliaccetto-bebe-con-smock-e-ricami-di-barche-blu-bianco\/#breadcrumb\",\"itemListElement\":[{\"@type\":\"ListItem\",\"position\":1,\"name\":\"Accueil\",\"item\":\"https:\/\/voyagedelabaleine.fr\/it\/homepage\/\"},{\"@type\":\"ListItem\",\"position\":2,\"name\":\"Tutta la collezione\",\"item\":\"https:\/\/voyagedelabaleine.fr\/it\/tutta-la-collezione\/\"},{\"@type\":\"ListItem\",\"position\":3,\"name\":\"Pagliaccetto beb\u00e8 con smock e ricami di barche &#8211; Blu\/Bianco\"}]},{\"@type\":\"WebSite\",\"@id\":\"https:\/\/voyagedelabaleine.fr\/it\/#website\",\"url\":\"https:\/\/voyagedelabaleine.fr\/it\/\",\"name\":\"Voyage de la Baleine\",\"description\":\"V\u00eatements intemporels et raffin\u00e9s pour b\u00e9b\u00e9s et enfants\",\"publisher\":{\"@id\":\"https:\/\/voyagedelabaleine.fr\/it\/#organization\"},\"potentialAction\":[{\"@type\":\"SearchAction\",\"target\":{\"@type\":\"EntryPoint\",\"urlTemplate\":\"https:\/\/voyagedelabaleine.fr\/it\/?s={search_term_string}\"},\"query-input\":{\"@type\":\"PropertyValueSpecification\",\"valueRequired\":true,\"valueName\":\"search_term_string\"}}],\"inLanguage\":\"it-IT\"},{\"@type\":\"Organization\",\"@id\":\"https:\/\/voyagedelabaleine.fr\/it\/#organization\",\"name\":\"Voyage de la Baleine\",\"url\":\"https:\/\/voyagedelabaleine.fr\/it\/\",\"logo\":{\"@type\":\"ImageObject\",\"inLanguage\":\"it-IT\",\"@id\":\"https:\/\/voyagedelabaleine.fr\/it\/#\/schema\/logo\/image\/\",\"url\":\"https:\/\/voyagedelabaleine.fr\/wp-content\/uploads\/2025\/06\/logo.webp\",\"contentUrl\":\"https:\/\/voyagedelabaleine.fr\/wp-content\/uploads\/2025\/06\/logo.webp\",\"width\":153,\"height\":64,\"caption\":\"Voyage de la Baleine\"},\"image\":{\"@id\":\"https:\/\/voyagedelabaleine.fr\/it\/#\/schema\/logo\/image\/\"},\"sameAs\":[\"https:\/\/www.facebook.com\/voyagedelabaleine\/\",\"https:\/\/www.instagram.com\/voyagedelabaleine\/\",\"https:\/\/www.pinterest.fr\/Voyagedelabaleine\/\"]}]}<\/script>\n<!-- \/ Yoast SEO plugin. -->","yoast_head_json":{"title":"Pagliaccetto beb\u00e8 con smock e ricami di barche - Blu\/Bianco - Voyage de la Baleine","description":"Il nostro pagliaccetto beb\u00e8 con smock e ricami di barche \u00e8 un capo pieno di dolcezza e carattere, pensato per vestire il beb\u00e8 con eleganza.","robots":{"index":"index","follow":"follow","max-snippet":"max-snippet:-1","max-image-preview":"max-image-preview:large","max-video-preview":"max-video-preview:-1"},"canonical":"https:\/\/voyagedelabaleine.fr\/it\/prodotto\/pagliaccetto-bebe-con-smock-e-ricami-di-barche-blu-bianco\/","og_locale":"it_IT","og_type":"article","og_title":"Pagliaccetto beb\u00e8 con smock e ricami di barche - Blu\/Bianco - Voyage de la Baleine","og_description":"Il nostro pagliaccetto beb\u00e8 con smock e ricami di barche \u00e8 un capo pieno di dolcezza e carattere, pensato per vestire il beb\u00e8 con eleganza.","og_url":"https:\/\/voyagedelabaleine.fr\/it\/prodotto\/pagliaccetto-bebe-con-smock-e-ricami-di-barche-blu-bianco\/","og_site_name":"Voyage de la Baleine","article_publisher":"https:\/\/www.facebook.com\/voyagedelabaleine\/","og_image":[{"width":900,"height":1200,"url":"https:\/\/voyagedelabaleine.fr\/wp-content\/uploads\/2026\/03\/barboteuse-smocks-broderies-bateaux-2.jpg","type":"image\/jpeg"}],"twitter_card":"summary_large_image","twitter_misc":{"Tempo di lettura stimato":"2 minuto"},"schema":{"@context":"https:\/\/schema.org","@graph":[{"@type":"WebPage","@id":"https:\/\/voyagedelabaleine.fr\/it\/prodotto\/pagliaccetto-bebe-con-smock-e-ricami-di-barche-blu-bianco\/","url":"https:\/\/voyagedelabaleine.fr\/it\/prodotto\/pagliaccetto-bebe-con-smock-e-ricami-di-barche-blu-bianco\/","name":"Pagliaccetto beb\u00e8 con smock e ricami di barche - Blu\/Bianco - Voyage de la Baleine","isPartOf":{"@id":"https:\/\/voyagedelabaleine.fr\/it\/#website"},"primaryImageOfPage":{"@id":"https:\/\/voyagedelabaleine.fr\/it\/prodotto\/pagliaccetto-bebe-con-smock-e-ricami-di-barche-blu-bianco\/#primaryimage"},"image":{"@id":"https:\/\/voyagedelabaleine.fr\/it\/prodotto\/pagliaccetto-bebe-con-smock-e-ricami-di-barche-blu-bianco\/#primaryimage"},"thumbnailUrl":"https:\/\/voyagedelabaleine.fr\/wp-content\/uploads\/2026\/03\/barboteuse-smocks-broderies-bateaux-2.jpg","datePublished":"2026-03-19T11:47:28+00:00","description":"Il nostro pagliaccetto beb\u00e8 con smock e ricami di barche \u00e8 un capo pieno di dolcezza e carattere, pensato per vestire il beb\u00e8 con eleganza.","breadcrumb":{"@id":"https:\/\/voyagedelabaleine.fr\/it\/prodotto\/pagliaccetto-bebe-con-smock-e-ricami-di-barche-blu-bianco\/#breadcrumb"},"inLanguage":"it-IT","potentialAction":[{"@type":"ReadAction","target":["https:\/\/voyagedelabaleine.fr\/it\/prodotto\/pagliaccetto-bebe-con-smock-e-ricami-di-barche-blu-bianco\/"]}]},{"@type":"ImageObject","inLanguage":"it-IT","@id":"https:\/\/voyagedelabaleine.fr\/it\/prodotto\/pagliaccetto-bebe-con-smock-e-ricami-di-barche-blu-bianco\/#primaryimage","url":"https:\/\/voyagedelabaleine.fr\/wp-content\/uploads\/2026\/03\/barboteuse-smocks-broderies-bateaux-2.jpg","contentUrl":"https:\/\/voyagedelabaleine.fr\/wp-content\/uploads\/2026\/03\/barboteuse-smocks-broderies-bateaux-2.jpg","width":900,"height":1200},{"@type":"BreadcrumbList","@id":"https:\/\/voyagedelabaleine.fr\/it\/prodotto\/pagliaccetto-bebe-con-smock-e-ricami-di-barche-blu-bianco\/#breadcrumb","itemListElement":[{"@type":"ListItem","position":1,"name":"Accueil","item":"https:\/\/voyagedelabaleine.fr\/it\/homepage\/"},{"@type":"ListItem","position":2,"name":"Tutta la collezione","item":"https:\/\/voyagedelabaleine.fr\/it\/tutta-la-collezione\/"},{"@type":"ListItem","position":3,"name":"Pagliaccetto beb\u00e8 con smock e ricami di barche &#8211; Blu\/Bianco"}]},{"@type":"WebSite","@id":"https:\/\/voyagedelabaleine.fr\/it\/#website","url":"https:\/\/voyagedelabaleine.fr\/it\/","name":"Voyage de la Baleine","description":"V\u00eatements intemporels et raffin\u00e9s pour b\u00e9b\u00e9s et enfants","publisher":{"@id":"https:\/\/voyagedelabaleine.fr\/it\/#organization"},"potentialAction":[{"@type":"SearchAction","target":{"@type":"EntryPoint","urlTemplate":"https:\/\/voyagedelabaleine.fr\/it\/?s={search_term_string}"},"query-input":{"@type":"PropertyValueSpecification","valueRequired":true,"valueName":"search_term_string"}}],"inLanguage":"it-IT"},{"@type":"Organization","@id":"https:\/\/voyagedelabaleine.fr\/it\/#organization","name":"Voyage de la Baleine","url":"https:\/\/voyagedelabaleine.fr\/it\/","logo":{"@type":"ImageObject","inLanguage":"it-IT","@id":"https:\/\/voyagedelabaleine.fr\/it\/#\/schema\/logo\/image\/","url":"https:\/\/voyagedelabaleine.fr\/wp-content\/uploads\/2025\/06\/logo.webp","contentUrl":"https:\/\/voyagedelabaleine.fr\/wp-content\/uploads\/2025\/06\/logo.webp","width":153,"height":64,"caption":"Voyage de la Baleine"},"image":{"@id":"https:\/\/voyagedelabaleine.fr\/it\/#\/schema\/logo\/image\/"},"sameAs":["https:\/\/www.facebook.com\/voyagedelabaleine\/","https:\/\/www.instagram.com\/voyagedelabaleine\/","https:\/\/www.pinterest.fr\/Voyagedelabaleine\/"]}]}},"_links":{"self":[{"href":"https:\/\/voyagedelabaleine.fr\/it\/wp-json\/wp\/v2\/product\/41851","targetHints":{"allow":["GET"]}}],"collection":[{"href":"https:\/\/voyagedelabaleine.fr\/it\/wp-json\/wp\/v2\/product"}],"about":[{"href":"https:\/\/voyagedelabaleine.fr\/it\/wp-json\/wp\/v2\/types\/product"}],"replies":[{"embeddable":true,"href":"https:\/\/voyagedelabaleine.fr\/it\/wp-json\/wp\/v2\/comments?post=41851"}],"wp:featuredmedia":[{"embeddable":true,"href":"https:\/\/voyagedelabaleine.fr\/it\/wp-json\/wp\/v2\/media\/41852"}],"wp:attachment":[{"href":"https:\/\/voyagedelabaleine.fr\/it\/wp-json\/wp\/v2\/media?parent=41851"}],"wp:term":[{"taxonomy":"product_brand","embeddable":true,"href":"https:\/\/voyagedelabaleine.fr\/it\/wp-json\/wp\/v2\/product_brand?post=41851"},{"taxonomy":"product_cat","embeddable":true,"href":"https:\/\/voyagedelabaleine.fr\/it\/wp-json\/wp\/v2\/product_cat?post=41851"},{"taxonomy":"product_tag","embeddable":true,"href":"https:\/\/voyagedelabaleine.fr\/it\/wp-json\/wp\/v2\/product_tag?post=41851"}],"curies":[{"name":"wp","href":"https:\/\/api.w.org\/{rel}","templated":true}]}}