{"id":42028,"date":"2026-03-18T16:05:39","date_gmt":"2026-03-18T15:05:39","guid":{"rendered":"https:\/\/voyagedelabaleine.fr\/product\/completo-bebe-elegante-camicetta-con-colletto-e-bloomer-blu\/"},"modified":"2026-03-18T16:05:39","modified_gmt":"2026-03-18T15:05:39","slug":"completo-bebe-elegante-camicetta-con-colletto-e-bloomer-blu","status":"publish","type":"product","link":"https:\/\/voyagedelabaleine.fr\/it\/prodotto\/completo-bebe-elegante-camicetta-con-colletto-e-bloomer-blu\/","title":{"rendered":"Completo beb\u00e8 elegante camicetta con colletto e bloomer &#8211; Blu"},"content":{"rendered":"<div class=\"flex flex-col text-sm pb-25\">\n<article class=\"text-token-text-primary w-full focus:outline-none [--shadow-height:45px] has-data-writing-block:pointer-events-none has-data-writing-block:-mt-(--shadow-height) has-data-writing-block:pt-(--shadow-height) [&amp;:has([data-writing-block])&gt;*]:pointer-events-auto scroll-mt-[calc(var(--header-height)+min(200px,max(70px,20svh)))]\" dir=\"auto\" tabindex=\"-1\" data-turn-id=\"request-6970f0b2-bcb4-8329-8c33-a634cee04d04-9\" data-testid=\"conversation-turn-220\" data-scroll-anchor=\"true\" data-turn=\"assistant\">\n<div class=\"text-base my-auto mx-auto pb-10 [--thread-content-margin:var(--thread-content-margin-xs,calc(var(--spacing)*4))] @w-sm\/main:[--thread-content-margin:var(--thread-content-margin-sm,calc(var(--spacing)*6))] @w-lg\/main:[--thread-content-margin:var(--thread-content-margin-lg,calc(var(--spacing)*16))] px-(--thread-content-margin)\">\n<div class=\"[--thread-content-max-width:40rem] @w-lg\/main:[--thread-content-max-width:48rem] mx-auto max-w-(--thread-content-max-width) flex-1 group\/turn-messages focus-visible:outline-hidden relative flex w-full min-w-0 flex-col agent-turn\" tabindex=\"-1\">\n<div class=\"flex max-w-full flex-col gap-4 grow\">\n<div class=\"min-h-8 text-message relative flex w-full flex-col items-end gap-2 text-start break-words whitespace-normal [.text-message+&amp;]:mt-1\" dir=\"auto\" data-message-author-role=\"assistant\" data-message-id=\"469e6435-ffaf-4690-ab77-198ca1000441\" data-message-model-slug=\"gpt-5-3\">\n<div class=\"flex w-full flex-col gap-1 empty:hidden\">\n<div class=\"markdown prose dark:prose-invert w-full wrap-break-word light markdown-new-styling\">\n<h3 data-section-id=\"zfpyqu\" data-start=\"57\" data-end=\"101\">Un outfit beb\u00e8 raffinato e armonioso<\/h3>\n<p data-start=\"103\" data-end=\"388\">Il nostro <strong data-start=\"109\" data-end=\"165\">completo beb\u00e8 elegante camicetta con colletto e bloomer \u2013 blu<\/strong> incarna un guardaroba curato e delicato per i pi\u00f9 piccoli. Pensato per vestire il beb\u00e8 con eleganza, questo completo abbina una <strong data-start=\"292\" data-end=\"316\">camicetta bianca con colletto<\/strong> e un <strong data-start=\"323\" data-end=\"339\">bloomer blu<\/strong>, per una silhouette equilibrata e senza tempo. <\/p>\n<p data-start=\"390\" data-end=\"631\">I tocchi di <strong data-start=\"405\" data-end=\"418\">azzurro<\/strong>, presenti sulle rifiniture della camicetta, richiamano la tonalit\u00e0 del bloomer e creano un&#8217;armonia sottile e raffinata. Un outfit ideale per i momenti importanti come per le giornate eleganti di tutti i giorni. <\/p>\n<h3 data-section-id=\"kg4xsp\" data-start=\"633\" data-end=\"679\">Una camicetta con colletto dalle rifiniture delicate<\/h3>\n<p data-start=\"681\" data-end=\"877\">La camicetta in cotone si distingue per il suo <strong data-start=\"721\" data-end=\"755\">colletto ornato da un bordino azzurro<\/strong>, ripreso anche sul bordo delle maniche. Questi dettagli apportano un tocco elegante e strutturato, pur restando discreti. <\/p>\n<p data-start=\"879\" data-end=\"1095\">Quattro <strong data-start=\"886\" data-end=\"918\">bottoni decorativi azzurri<\/strong> impreziosiscono il davanti con finezza. La camicetta si chiude con una <strong data-start=\"988\" data-end=\"1018\">patta abbottonata sul retro<\/strong>, permettendo una vestizione semplice pur conservando un davanti pulito e raffinato. <\/p>\n<h3 data-section-id=\"v313dk\" data-start=\"1097\" data-end=\"1143\">Un bloomer blu comodo e strutturato<\/h3>\n<p data-start=\"1145\" data-end=\"1344\">Il bloomer, confezionato in un <strong data-start=\"1178\" data-end=\"1210\">misto di lino e viscosa<\/strong>, offre una bella tenuta pur restando piacevole da indossare. La sua <strong data-start=\"1274\" data-end=\"1295\">fodera in cotone<\/strong> assicura comfort e morbidezza a contatto con la pelle. <\/p>\n<p data-start=\"1346\" data-end=\"1608\">Un dettaglio particolarmente ingegnoso distingue questo completo: un <strong data-start=\"1411\" data-end=\"1481\">sistema di bottoni sulla camicetta e di elastico integrato nel bloomer<\/strong> permette di mantenere la camicetta ben in posizione all&#8217;interno. L&#8217;outfit resta cos\u00ec perfettamente aggiustato, anche quando il beb\u00e8 si muove. <\/p>\n<h3 data-section-id=\"1dzogd5\" data-start=\"1696\" data-end=\"1732\">Un look coordinato tra fratelli<\/h3>\n<p data-start=\"1346\" data-end=\"1608\">Questo completo \u00e8 <strong data-start=\"1751\" data-end=\"1823\">abbinato al nostro <a href=\"https:\/\/voyagedelabaleine.fr\/it\/prodotto\/completo-elegante-da-bambino-camicia-e-shorts-blu\/\">Completo bambino elegante camicia e pantaloncini &#8211; blu<\/a><\/strong>, permettendo di creare un <strong data-start=\"1848\" data-end=\"1879\">look coordinato tra fratelli<\/strong>. Un bel modo per comporre outfit armoniosi per eventi, foto di famiglia o momenti preziosi. <\/p>\n<h3 data-section-id=\"dk1dzd\" data-start=\"1610\" data-end=\"1662\">Un outfit pensato per il comfort e l&#8217;eleganza<\/h3>\n<p data-start=\"1664\" data-end=\"1861\">Il taglio del completo \u00e8 concepito per offrire grande libert\u00e0 di movimento, pur conservando un aspetto curato. Il beb\u00e8 pu\u00f2 spostarsi, giocare o essere portato in braccio senza che l&#8217;outfit perda la sua tenuta. <\/p>\n<p data-start=\"1863\" data-end=\"2018\">Questo completo \u00e8 ideale per comporre un outfit elegante per bambino, sia per una cerimonia, un evento familiare o una passeggiata elegante.<\/p>\n<h3 data-section-id=\"1t4goq4\" data-start=\"2020\" data-end=\"2062\">Una produzione spagnola di qualit\u00e0<\/h3>\n<p data-start=\"2064\" data-end=\"2295\">Realizzato in Spagna, questo completo beneficia di un savoir-faire riconosciuto e di una particolare attenzione alle rifiniture. Le cuciture sono precise, i dettagli accuratamente realizzati e i materiali selezionati con esigenza. <\/p>\n<h3 data-section-id=\"tpt6ib\" data-start=\"2297\" data-end=\"2338\">Un must del guardaroba beb\u00e8<\/h3>\n<p data-start=\"2340\" data-end=\"2611\" data-is-last-node=\"\" data-is-only-node=\"\">Il nostro <strong data-start=\"2346\" data-end=\"2392\">completo beb\u00e8 camicetta con colletto e bloomer blu<\/strong> \u00e8 un pezzo forte del guardaroba dei pi\u00f9 piccoli. Elegante, comodo e ingegnoso, riflette perfettamente l&#8217;universo raffinato di Voyage de la Baleine e accompagna il beb\u00e8 con stile nei suoi primi momenti importanti. <\/p>\n<\/div>\n<\/div>\n<\/div>\n<\/div>\n<div class=\"z-0 flex min-h-[46px] justify-start\">Prodotto in Spagna.<\/div>\n<\/div>\n<\/div>\n<\/article>\n<\/div>\n<div class=\"pointer-events-none h-px w-px absolute bottom-0\" aria-hidden=\"true\" data-edge=\"true\"><\/div>\n","protected":false},"excerpt":{"rendered":"<ul>\n<li>Completo camicetta con colletto rotondo e bloomer<\/li>\n<li>Sistema ingegnoso di bottoni sulla camicetta e di elastici integrati nel bloomer per mantenere la camicetta ben in posizione all&#8217;interno del bloomer<\/li>\n<li>Ideale per un regalo di nascita<\/li>\n<li>Camicetta: 100% cotone<br \/>\nBloomer: 51% lino, 49% viscosa<\/li>\n<li>Prodotto in Spagna<br \/>\n<em>Questo completo veste normalmente. Scegli la tua taglia abituale.<\/em><\/li>\n<\/ul>\n","protected":false},"featured_media":39852,"comment_status":"open","ping_status":"closed","template":"","meta":{"ocean_post_layout":"","ocean_both_sidebars_style":"","ocean_both_sidebars_content_width":0,"ocean_both_sidebars_sidebars_width":0,"ocean_sidebar":"0","ocean_second_sidebar":"0","ocean_disable_margins":"enable","ocean_add_body_class":"","ocean_shortcode_before_top_bar":"","ocean_shortcode_after_top_bar":"","ocean_shortcode_before_header":"","ocean_shortcode_after_header":"","ocean_has_shortcode":"","ocean_shortcode_after_title":"","ocean_shortcode_before_footer_widgets":"","ocean_shortcode_after_footer_widgets":"","ocean_shortcode_before_footer_bottom":"","ocean_shortcode_after_footer_bottom":"","ocean_display_top_bar":"default","ocean_display_header":"default","ocean_header_style":"","ocean_center_header_left_menu":"0","ocean_custom_header_template":"0","ocean_custom_logo":0,"ocean_custom_retina_logo":0,"ocean_custom_logo_max_width":0,"ocean_custom_logo_tablet_max_width":0,"ocean_custom_logo_mobile_max_width":0,"ocean_custom_logo_max_height":0,"ocean_custom_logo_tablet_max_height":0,"ocean_custom_logo_mobile_max_height":0,"ocean_header_custom_menu":"0","ocean_menu_typo_font_family":"0","ocean_menu_typo_font_subset":"","ocean_menu_typo_font_size":0,"ocean_menu_typo_font_size_tablet":0,"ocean_menu_typo_font_size_mobile":0,"ocean_menu_typo_font_size_unit":"px","ocean_menu_typo_font_weight":"","ocean_menu_typo_font_weight_tablet":"","ocean_menu_typo_font_weight_mobile":"","ocean_menu_typo_transform":"","ocean_menu_typo_transform_tablet":"","ocean_menu_typo_transform_mobile":"","ocean_menu_typo_line_height":0,"ocean_menu_typo_line_height_tablet":0,"ocean_menu_typo_line_height_mobile":0,"ocean_menu_typo_line_height_unit":"","ocean_menu_typo_spacing":0,"ocean_menu_typo_spacing_tablet":0,"ocean_menu_typo_spacing_mobile":0,"ocean_menu_typo_spacing_unit":"","ocean_menu_link_color":"","ocean_menu_link_color_hover":"","ocean_menu_link_color_active":"","ocean_menu_link_background":"","ocean_menu_link_hover_background":"","ocean_menu_link_active_background":"","ocean_menu_social_links_bg":"","ocean_menu_social_hover_links_bg":"","ocean_menu_social_links_color":"","ocean_menu_social_hover_links_color":"","ocean_disable_title":"default","ocean_disable_heading":"default","ocean_post_title":"","ocean_post_subheading":"","ocean_post_title_style":"","ocean_post_title_background_color":"","ocean_post_title_background":0,"ocean_post_title_bg_image_position":"","ocean_post_title_bg_image_attachment":"","ocean_post_title_bg_image_repeat":"","ocean_post_title_bg_image_size":"","ocean_post_title_height":0,"ocean_post_title_bg_overlay":0.5,"ocean_post_title_bg_overlay_color":"","ocean_disable_breadcrumbs":"default","ocean_breadcrumbs_color":"","ocean_breadcrumbs_separator_color":"","ocean_breadcrumbs_links_color":"","ocean_breadcrumbs_links_hover_color":"","ocean_display_footer_widgets":"default","ocean_display_footer_bottom":"default","ocean_custom_footer_template":"0","osh_disable_topbar_sticky":"default","osh_disable_header_sticky":"default","osh_sticky_header_style":"default","osh_sticky_header_effect":"","osh_custom_sticky_logo":0,"osh_custom_retina_sticky_logo":0,"osh_custom_sticky_logo_height":0,"osh_background_color":"","osh_links_color":"","osh_links_hover_color":"","osh_links_active_color":"","osh_links_bg_color":"","osh_links_hover_bg_color":"","osh_links_active_bg_color":"","osh_menu_social_links_color":"","osh_menu_social_hover_links_color":""},"product_brand":[],"product_cat":[7030,7014,6994,6874,6846,7016,6996,6876,6848,7018,7004,6878,6856],"product_tag":[],"class_list":{"0":"post-42028","1":"product","2":"type-product","3":"status-publish","4":"has-post-thumbnail","6":"product_cat-abbigliamento","7":"product_cat-bloomer-short-pantaloni-nascita","8":"product_cat-bloomer-short-pantaloni-nascita-ragazzo","9":"product_cat-bloomer-short-pantaloni-neonati","10":"product_cat-bloomer-short-pantaloni-neonato","11":"product_cat-blusa-camicia-nascita","12":"product_cat-blusa-camicia-nascita-ragazzo","13":"product_cat-blusa-camicia-neonati","14":"product_cat-blusa-camicia-neonato","15":"product_cat-completi-nascita","16":"product_cat-completi-nascita-ragazzo","17":"product_cat-completi-neonati","18":"product_cat-completi-neonato","20":"entry","21":"has-media","23":"first","24":"instock","25":"taxable","26":"shipping-taxable","27":"purchasable","28":"product-type-variable","29":"has-default-attributes","30":"col","31":"span_1_of_3","32":"owp-content-center","33":"owp-thumbs-layout-vertical","34":"owp-btn-big","35":"owp-tabs-layout-vertical","36":"circle-sale"},"yoast_head":"<!-- This site is optimized with the Yoast SEO plugin v27.1.1 - https:\/\/yoast.com\/product\/yoast-seo-wordpress\/ -->\n<title>Completo beb\u00e8 elegante camicetta con colletto e bloomer - Blu - Voyage de la Baleine<\/title>\n<meta name=\"description\" content=\"Il nostro completo beb\u00e8 elegante camicetta con colletto e bloomer \u2013 blu incarna un guardaroba curato e delicato per i pi\u00f9 piccoli. Prodotto in Spagna.\" \/>\n<meta name=\"robots\" content=\"index, follow, max-snippet:-1, max-image-preview:large, max-video-preview:-1\" \/>\n<link rel=\"canonical\" href=\"https:\/\/voyagedelabaleine.fr\/it\/prodotto\/completo-bebe-elegante-camicetta-con-colletto-e-bloomer-blu\/\" \/>\n<meta property=\"og:locale\" content=\"it_IT\" \/>\n<meta property=\"og:type\" content=\"article\" \/>\n<meta property=\"og:title\" content=\"Completo beb\u00e8 elegante camicetta con colletto e bloomer - Blu - Voyage de la Baleine\" \/>\n<meta property=\"og:description\" content=\"Il nostro completo beb\u00e8 elegante camicetta con colletto e bloomer \u2013 blu incarna un guardaroba curato e delicato per i pi\u00f9 piccoli. Prodotto in Spagna.\" \/>\n<meta property=\"og:url\" content=\"https:\/\/voyagedelabaleine.fr\/it\/prodotto\/completo-bebe-elegante-camicetta-con-colletto-e-bloomer-blu\/\" \/>\n<meta property=\"og:site_name\" content=\"Voyage de la Baleine\" \/>\n<meta property=\"article:publisher\" content=\"https:\/\/www.facebook.com\/voyagedelabaleine\/\" \/>\n<meta property=\"og:image\" content=\"https:\/\/voyagedelabaleine.fr\/wp-content\/uploads\/2026\/02\/Capture-decran-2026-02-06-a-20.19.27-fotor-2026020620204.jpg\" \/>\n\t<meta property=\"og:image:width\" content=\"1101\" \/>\n\t<meta property=\"og:image:height\" content=\"1468\" \/>\n\t<meta property=\"og:image:type\" content=\"image\/jpeg\" \/>\n<meta name=\"twitter:card\" content=\"summary_large_image\" \/>\n<meta name=\"twitter:label1\" content=\"Tempo di lettura stimato\" \/>\n\t<meta name=\"twitter:data1\" content=\"2 minuto\" \/>\n<script type=\"application\/ld+json\" class=\"yoast-schema-graph\">{\"@context\":\"https:\/\/schema.org\",\"@graph\":[{\"@type\":\"WebPage\",\"@id\":\"https:\/\/voyagedelabaleine.fr\/it\/prodotto\/completo-bebe-elegante-camicetta-con-colletto-e-bloomer-blu\/\",\"url\":\"https:\/\/voyagedelabaleine.fr\/it\/prodotto\/completo-bebe-elegante-camicetta-con-colletto-e-bloomer-blu\/\",\"name\":\"Completo beb\u00e8 elegante camicetta con colletto e bloomer - Blu - Voyage de la Baleine\",\"isPartOf\":{\"@id\":\"https:\/\/voyagedelabaleine.fr\/it\/#website\"},\"primaryImageOfPage\":{\"@id\":\"https:\/\/voyagedelabaleine.fr\/it\/prodotto\/completo-bebe-elegante-camicetta-con-colletto-e-bloomer-blu\/#primaryimage\"},\"image\":{\"@id\":\"https:\/\/voyagedelabaleine.fr\/it\/prodotto\/completo-bebe-elegante-camicetta-con-colletto-e-bloomer-blu\/#primaryimage\"},\"thumbnailUrl\":\"https:\/\/voyagedelabaleine.fr\/wp-content\/uploads\/2026\/02\/Capture-decran-2026-02-06-a-20.19.27-fotor-2026020620204.jpg\",\"datePublished\":\"2026-03-18T15:05:39+00:00\",\"description\":\"Il nostro completo beb\u00e8 elegante camicetta con colletto e bloomer \u2013 blu incarna un guardaroba curato e delicato per i pi\u00f9 piccoli. Prodotto in Spagna.\",\"breadcrumb\":{\"@id\":\"https:\/\/voyagedelabaleine.fr\/it\/prodotto\/completo-bebe-elegante-camicetta-con-colletto-e-bloomer-blu\/#breadcrumb\"},\"inLanguage\":\"it-IT\",\"potentialAction\":[{\"@type\":\"ReadAction\",\"target\":[\"https:\/\/voyagedelabaleine.fr\/it\/prodotto\/completo-bebe-elegante-camicetta-con-colletto-e-bloomer-blu\/\"]}]},{\"@type\":\"ImageObject\",\"inLanguage\":\"it-IT\",\"@id\":\"https:\/\/voyagedelabaleine.fr\/it\/prodotto\/completo-bebe-elegante-camicetta-con-colletto-e-bloomer-blu\/#primaryimage\",\"url\":\"https:\/\/voyagedelabaleine.fr\/wp-content\/uploads\/2026\/02\/Capture-decran-2026-02-06-a-20.19.27-fotor-2026020620204.jpg\",\"contentUrl\":\"https:\/\/voyagedelabaleine.fr\/wp-content\/uploads\/2026\/02\/Capture-decran-2026-02-06-a-20.19.27-fotor-2026020620204.jpg\",\"width\":1101,\"height\":1468},{\"@type\":\"BreadcrumbList\",\"@id\":\"https:\/\/voyagedelabaleine.fr\/it\/prodotto\/completo-bebe-elegante-camicetta-con-colletto-e-bloomer-blu\/#breadcrumb\",\"itemListElement\":[{\"@type\":\"ListItem\",\"position\":1,\"name\":\"Accueil\",\"item\":\"https:\/\/voyagedelabaleine.fr\/it\/homepage\/\"},{\"@type\":\"ListItem\",\"position\":2,\"name\":\"Tutta la collezione\",\"item\":\"https:\/\/voyagedelabaleine.fr\/it\/tutta-la-collezione\/\"},{\"@type\":\"ListItem\",\"position\":3,\"name\":\"Completo beb\u00e8 elegante camicetta con colletto e bloomer &#8211; Blu\"}]},{\"@type\":\"WebSite\",\"@id\":\"https:\/\/voyagedelabaleine.fr\/it\/#website\",\"url\":\"https:\/\/voyagedelabaleine.fr\/it\/\",\"name\":\"Voyage de la Baleine\",\"description\":\"V\u00eatements intemporels et raffin\u00e9s pour b\u00e9b\u00e9s et enfants\",\"publisher\":{\"@id\":\"https:\/\/voyagedelabaleine.fr\/it\/#organization\"},\"potentialAction\":[{\"@type\":\"SearchAction\",\"target\":{\"@type\":\"EntryPoint\",\"urlTemplate\":\"https:\/\/voyagedelabaleine.fr\/it\/?s={search_term_string}\"},\"query-input\":{\"@type\":\"PropertyValueSpecification\",\"valueRequired\":true,\"valueName\":\"search_term_string\"}}],\"inLanguage\":\"it-IT\"},{\"@type\":\"Organization\",\"@id\":\"https:\/\/voyagedelabaleine.fr\/it\/#organization\",\"name\":\"Voyage de la Baleine\",\"url\":\"https:\/\/voyagedelabaleine.fr\/it\/\",\"logo\":{\"@type\":\"ImageObject\",\"inLanguage\":\"it-IT\",\"@id\":\"https:\/\/voyagedelabaleine.fr\/it\/#\/schema\/logo\/image\/\",\"url\":\"https:\/\/voyagedelabaleine.fr\/wp-content\/uploads\/2025\/06\/logo.webp\",\"contentUrl\":\"https:\/\/voyagedelabaleine.fr\/wp-content\/uploads\/2025\/06\/logo.webp\",\"width\":153,\"height\":64,\"caption\":\"Voyage de la Baleine\"},\"image\":{\"@id\":\"https:\/\/voyagedelabaleine.fr\/it\/#\/schema\/logo\/image\/\"},\"sameAs\":[\"https:\/\/www.facebook.com\/voyagedelabaleine\/\",\"https:\/\/www.instagram.com\/voyagedelabaleine\/\",\"https:\/\/www.pinterest.fr\/Voyagedelabaleine\/\"]}]}<\/script>\n<!-- \/ Yoast SEO plugin. -->","yoast_head_json":{"title":"Completo beb\u00e8 elegante camicetta con colletto e bloomer - Blu - Voyage de la Baleine","description":"Il nostro completo beb\u00e8 elegante camicetta con colletto e bloomer \u2013 blu incarna un guardaroba curato e delicato per i pi\u00f9 piccoli. Prodotto in Spagna.","robots":{"index":"index","follow":"follow","max-snippet":"max-snippet:-1","max-image-preview":"max-image-preview:large","max-video-preview":"max-video-preview:-1"},"canonical":"https:\/\/voyagedelabaleine.fr\/it\/prodotto\/completo-bebe-elegante-camicetta-con-colletto-e-bloomer-blu\/","og_locale":"it_IT","og_type":"article","og_title":"Completo beb\u00e8 elegante camicetta con colletto e bloomer - Blu - Voyage de la Baleine","og_description":"Il nostro completo beb\u00e8 elegante camicetta con colletto e bloomer \u2013 blu incarna un guardaroba curato e delicato per i pi\u00f9 piccoli. Prodotto in Spagna.","og_url":"https:\/\/voyagedelabaleine.fr\/it\/prodotto\/completo-bebe-elegante-camicetta-con-colletto-e-bloomer-blu\/","og_site_name":"Voyage de la Baleine","article_publisher":"https:\/\/www.facebook.com\/voyagedelabaleine\/","og_image":[{"width":1101,"height":1468,"url":"https:\/\/voyagedelabaleine.fr\/wp-content\/uploads\/2026\/02\/Capture-decran-2026-02-06-a-20.19.27-fotor-2026020620204.jpg","type":"image\/jpeg"}],"twitter_card":"summary_large_image","twitter_misc":{"Tempo di lettura stimato":"2 minuto"},"schema":{"@context":"https:\/\/schema.org","@graph":[{"@type":"WebPage","@id":"https:\/\/voyagedelabaleine.fr\/it\/prodotto\/completo-bebe-elegante-camicetta-con-colletto-e-bloomer-blu\/","url":"https:\/\/voyagedelabaleine.fr\/it\/prodotto\/completo-bebe-elegante-camicetta-con-colletto-e-bloomer-blu\/","name":"Completo beb\u00e8 elegante camicetta con colletto e bloomer - Blu - Voyage de la Baleine","isPartOf":{"@id":"https:\/\/voyagedelabaleine.fr\/it\/#website"},"primaryImageOfPage":{"@id":"https:\/\/voyagedelabaleine.fr\/it\/prodotto\/completo-bebe-elegante-camicetta-con-colletto-e-bloomer-blu\/#primaryimage"},"image":{"@id":"https:\/\/voyagedelabaleine.fr\/it\/prodotto\/completo-bebe-elegante-camicetta-con-colletto-e-bloomer-blu\/#primaryimage"},"thumbnailUrl":"https:\/\/voyagedelabaleine.fr\/wp-content\/uploads\/2026\/02\/Capture-decran-2026-02-06-a-20.19.27-fotor-2026020620204.jpg","datePublished":"2026-03-18T15:05:39+00:00","description":"Il nostro completo beb\u00e8 elegante camicetta con colletto e bloomer \u2013 blu incarna un guardaroba curato e delicato per i pi\u00f9 piccoli. Prodotto in Spagna.","breadcrumb":{"@id":"https:\/\/voyagedelabaleine.fr\/it\/prodotto\/completo-bebe-elegante-camicetta-con-colletto-e-bloomer-blu\/#breadcrumb"},"inLanguage":"it-IT","potentialAction":[{"@type":"ReadAction","target":["https:\/\/voyagedelabaleine.fr\/it\/prodotto\/completo-bebe-elegante-camicetta-con-colletto-e-bloomer-blu\/"]}]},{"@type":"ImageObject","inLanguage":"it-IT","@id":"https:\/\/voyagedelabaleine.fr\/it\/prodotto\/completo-bebe-elegante-camicetta-con-colletto-e-bloomer-blu\/#primaryimage","url":"https:\/\/voyagedelabaleine.fr\/wp-content\/uploads\/2026\/02\/Capture-decran-2026-02-06-a-20.19.27-fotor-2026020620204.jpg","contentUrl":"https:\/\/voyagedelabaleine.fr\/wp-content\/uploads\/2026\/02\/Capture-decran-2026-02-06-a-20.19.27-fotor-2026020620204.jpg","width":1101,"height":1468},{"@type":"BreadcrumbList","@id":"https:\/\/voyagedelabaleine.fr\/it\/prodotto\/completo-bebe-elegante-camicetta-con-colletto-e-bloomer-blu\/#breadcrumb","itemListElement":[{"@type":"ListItem","position":1,"name":"Accueil","item":"https:\/\/voyagedelabaleine.fr\/it\/homepage\/"},{"@type":"ListItem","position":2,"name":"Tutta la collezione","item":"https:\/\/voyagedelabaleine.fr\/it\/tutta-la-collezione\/"},{"@type":"ListItem","position":3,"name":"Completo beb\u00e8 elegante camicetta con colletto e bloomer &#8211; Blu"}]},{"@type":"WebSite","@id":"https:\/\/voyagedelabaleine.fr\/it\/#website","url":"https:\/\/voyagedelabaleine.fr\/it\/","name":"Voyage de la Baleine","description":"V\u00eatements intemporels et raffin\u00e9s pour b\u00e9b\u00e9s et enfants","publisher":{"@id":"https:\/\/voyagedelabaleine.fr\/it\/#organization"},"potentialAction":[{"@type":"SearchAction","target":{"@type":"EntryPoint","urlTemplate":"https:\/\/voyagedelabaleine.fr\/it\/?s={search_term_string}"},"query-input":{"@type":"PropertyValueSpecification","valueRequired":true,"valueName":"search_term_string"}}],"inLanguage":"it-IT"},{"@type":"Organization","@id":"https:\/\/voyagedelabaleine.fr\/it\/#organization","name":"Voyage de la Baleine","url":"https:\/\/voyagedelabaleine.fr\/it\/","logo":{"@type":"ImageObject","inLanguage":"it-IT","@id":"https:\/\/voyagedelabaleine.fr\/it\/#\/schema\/logo\/image\/","url":"https:\/\/voyagedelabaleine.fr\/wp-content\/uploads\/2025\/06\/logo.webp","contentUrl":"https:\/\/voyagedelabaleine.fr\/wp-content\/uploads\/2025\/06\/logo.webp","width":153,"height":64,"caption":"Voyage de la Baleine"},"image":{"@id":"https:\/\/voyagedelabaleine.fr\/it\/#\/schema\/logo\/image\/"},"sameAs":["https:\/\/www.facebook.com\/voyagedelabaleine\/","https:\/\/www.instagram.com\/voyagedelabaleine\/","https:\/\/www.pinterest.fr\/Voyagedelabaleine\/"]}]}},"_links":{"self":[{"href":"https:\/\/voyagedelabaleine.fr\/it\/wp-json\/wp\/v2\/product\/42028","targetHints":{"allow":["GET"]}}],"collection":[{"href":"https:\/\/voyagedelabaleine.fr\/it\/wp-json\/wp\/v2\/product"}],"about":[{"href":"https:\/\/voyagedelabaleine.fr\/it\/wp-json\/wp\/v2\/types\/product"}],"replies":[{"embeddable":true,"href":"https:\/\/voyagedelabaleine.fr\/it\/wp-json\/wp\/v2\/comments?post=42028"}],"wp:featuredmedia":[{"embeddable":true,"href":"https:\/\/voyagedelabaleine.fr\/it\/wp-json\/wp\/v2\/media\/39852"}],"wp:attachment":[{"href":"https:\/\/voyagedelabaleine.fr\/it\/wp-json\/wp\/v2\/media?parent=42028"}],"wp:term":[{"taxonomy":"product_brand","embeddable":true,"href":"https:\/\/voyagedelabaleine.fr\/it\/wp-json\/wp\/v2\/product_brand?post=42028"},{"taxonomy":"product_cat","embeddable":true,"href":"https:\/\/voyagedelabaleine.fr\/it\/wp-json\/wp\/v2\/product_cat?post=42028"},{"taxonomy":"product_tag","embeddable":true,"href":"https:\/\/voyagedelabaleine.fr\/it\/wp-json\/wp\/v2\/product_tag?post=42028"}],"curies":[{"name":"wp","href":"https:\/\/api.w.org\/{rel}","templated":true}]}}